{"id":245,"date":"2016-05-17T14:12:52","date_gmt":"2016-05-17T14:12:52","guid":{"rendered":"http:\/\/fotonanobio.ct.utfpr.edu.br\/?page_id=245"},"modified":"2020-05-15T01:50:46","modified_gmt":"2020-05-15T01:50:46","slug":"congressos-e-simposios","status":"publish","type":"page","link":"https:\/\/utfpr.curitiba.br\/fotonanobio\/?page_id=245","title":{"rendered":"Publica\u00e7\u00f5es, Congressos e Simp\u00f3sios"},"content":{"rendered":"<ul>\n<li><a href=\"http:\/\/utfpr-ct-static-content.s3.amazonaws.com\/utfpr.curitiba.br\/wp-content\/uploads\/sites\/78\/Photomedicine-and-Laser-Surgery_PublishedPaper_2017.pdf\">Photomedicine and Laser Surgery_PublishedPaper_2017<\/a><\/li>\n<li><a href=\"http:\/\/utfpr-ct-static-content.s3.amazonaws.com\/utfpr.curitiba.br\/wp-content\/uploads\/sites\/78\/Toxicological-interactions-of-silver-nanoparticles-and-non-essential-metals-in-human-hepatocarcinoma-cell-line_2017.pdf\">Toxicological interactions of silver nanoparticles and non-essential metals in human hepatocarcinoma cell line_2017<\/a><\/li>\n<li><a href=\"http:\/\/utfpr-ct-static-content.s3.amazonaws.com\/utfpr.curitiba.br\/wp-content\/uploads\/sites\/78\/Nanomaterials-via-Laser-Ablation_AdvFuncMat_2012.pdf\">Nanomaterials via Laser Ablation_AdvFuncMat_2012<\/a><\/li>\n<li><a href=\"http:\/\/utfpr-ct-static-content.s3.amazonaws.com\/utfpr.curitiba.br\/wp-content\/uploads\/sites\/78\/Amendola-Meneghetti_Phys-Chem-Chem-Phys-2013.pdf\">Amendola-Meneghetti_Phys Chem Chem Phys 2013<\/a><\/li>\n<li><a href=\"http:\/\/utfpr-ct-static-content.s3.amazonaws.com\/utfpr.curitiba.br\/wp-content\/uploads\/sites\/78\/Pulsed-Laser-Ablation-in-Liquid_2012_publishdVersion.pdf\">Pulsed Laser Ablation in Liquid_2012_publishdVersion<\/a><\/li>\n<li><a href=\"http:\/\/utfpr-ct-static-content.s3.amazonaws.com\/utfpr.curitiba.br\/wp-content\/uploads\/sites\/78\/Lasis_Artigo.pdf\">Lasis_Artigo<\/a><\/li>\n<li>Controle de tamanho de nanopart\u00edculas de ouro por abla\u00e7\u00e3o com laser &#8211; \u00a0<a href=\"http:\/\/utfpr-ct-static-content.s3.amazonaws.com\/utfpr.curitiba.br\/wp-content\/uploads\/sites\/78\/2016\/03\/apresentacaoFranciele_enfmc.pdf\">apresentacaoFranciele_enfmc<\/a><\/li>\n<li><a href=\"http:\/\/utfpr-ct-static-content.s3.amazonaws.com\/utfpr.curitiba.br\/wp-content\/uploads\/sites\/78\/Artigo_Conem2012_Final.pdf\">Artigo_Conem2012_Final<\/a>&#8211;\u00a0S\u00edntese Verde de\u00a0Nanopart\u00edculas\u00a0por Abla\u00e7\u00e3o a Laser: Controle da Produ\u00e7\u00e3o de \u00d3xido de Van\u00e1dio Coloidal para\u00a0Aplica\u00e7\u00f5es em Bioensaios<\/li>\n<li><a href=\"http:\/\/utfpr-ct-static-content.s3.amazonaws.com\/utfpr.curitiba.br\/wp-content\/uploads\/sites\/78\/Artigo_Joinvile-2009_Final.pdf\">Artigo_Joinvile-2009_Final<\/a>\u00a0&#8211;\u00a0Produ\u00e7\u00e3o de Nanopart\u00edculas Met\u00e1licas por Abla\u00e7\u00e3o a Laser<\/li>\n<li><a href=\"http:\/\/utfpr-ct-static-content.s3.amazonaws.com\/utfpr.curitiba.br\/wp-content\/uploads\/sites\/78\/BiNPs_Colloids-and-Surfaces-A_2014-1.pdf\">BiNPs_Colloids and Surfaces A_2014<\/a><\/li>\n<li><a href=\"http:\/\/utfpr-ct-static-content.s3.amazonaws.com\/utfpr.curitiba.br\/wp-content\/uploads\/sites\/78\/CLEO-S-and-I-2012-JTh2A.47.pdf\">CLEO S and I-2012-JTh2A.47<\/a>&#8211; Green Synthesis of Sub-10 nm Gold Nanoparticles by \u00a0two-step Laser Irradiation<\/li>\n<li><a href=\"http:\/\/utfpr-ct-static-content.s3.amazonaws.com\/utfpr.curitiba.br\/wp-content\/uploads\/sites\/78\/NanoCysteineDetection_J-Nanopart-Res_2012.pdf\">NanoCysteineDetection_J Nanopart Res_2012<\/a><\/li>\n<li><a href=\"http:\/\/utfpr-ct-static-content.s3.amazonaws.com\/utfpr.curitiba.br\/wp-content\/uploads\/sites\/78\/2016\/05\/PaperV2O5_JournalOfNanoscienceAndNanotechnology_2011.pdf\">PaperV2O5_Journal Of Nanoscience And Nanotechnology_2011<\/a>\u00a0&#8211; Vanadium Oxide Nanoparticles as\u00a0Optical Sensors of Cysteine<\/li>\n<li><a href=\"http:\/\/utfpr-ct-static-content.s3.amazonaws.com\/utfpr.curitiba.br\/wp-content\/uploads\/sites\/78\/Syngonanthus-nitens-Why-it-looks-like-spun-gold_IndCropsAndProducts_2014.pdf\">Syngonanthus nitens Why it looks like spun gold_IndCropsAndProducts_2014<\/a><\/li>\n<\/ul>\n","protected":false},"excerpt":{"rendered":"<p>Photomedicine and Laser Surgery_PublishedPaper_2017 Toxicological interactions of silver nanoparticles and non-essential metals in human hepatocarcinoma cell line_2017 Nanomaterials via Laser Ablation_AdvFuncMat_2012 Amendola-Meneghetti_Phys Chem Chem Phys 2013 Pulsed Laser Ablation in Liquid_2012_publishdVersion Lasis_Artigo Controle de tamanho de nanopart\u00edculas de ouro por abla\u00e7\u00e3o com laser &#8211; \u00a0apresentacaoFranciele_enfmc Artigo_Conem2012_Final&#8211;\u00a0S\u00edntese Verde de\u00a0Nanopart\u00edculas\u00a0por Abla\u00e7\u00e3o a Laser: Controle da Produ\u00e7\u00e3o de [&hellip;]<\/p>\n","protected":false},"author":111,"featured_media":0,"parent":0,"menu_order":0,"comment_status":"closed","ping_status":"closed","template":"","meta":{"footnotes":""},"class_list":["post-245","page","type-page","status-publish","hentry"],"_links":{"self":[{"href":"https:\/\/utfpr.curitiba.br\/fotonanobio\/index.php?rest_route=\/wp\/v2\/pages\/245","targetHints":{"allow":["GET"]}}],"collection":[{"href":"https:\/\/utfpr.curitiba.br\/fotonanobio\/index.php?rest_route=\/wp\/v2\/pages"}],"about":[{"href":"https:\/\/utfpr.curitiba.br\/fotonanobio\/index.php?rest_route=\/wp\/v2\/types\/page"}],"author":[{"embeddable":true,"href":"https:\/\/utfpr.curitiba.br\/fotonanobio\/index.php?rest_route=\/wp\/v2\/users\/111"}],"replies":[{"embeddable":true,"href":"https:\/\/utfpr.curitiba.br\/fotonanobio\/index.php?rest_route=%2Fwp%2Fv2%2Fcomments&post=245"}],"version-history":[{"count":28,"href":"https:\/\/utfpr.curitiba.br\/fotonanobio\/index.php?rest_route=\/wp\/v2\/pages\/245\/revisions"}],"predecessor-version":[{"id":614,"href":"https:\/\/utfpr.curitiba.br\/fotonanobio\/index.php?rest_route=\/wp\/v2\/pages\/245\/revisions\/614"}],"wp:attachment":[{"href":"https:\/\/utfpr.curitiba.br\/fotonanobio\/index.php?rest_route=%2Fwp%2Fv2%2Fmedia&parent=245"}],"curies":[{"name":"wp","href":"https:\/\/api.w.org\/{rel}","templated":true}]}}