{"id":239,"date":"2016-05-13T15:18:40","date_gmt":"2016-05-13T15:18:40","guid":{"rendered":"http:\/\/fotonanobio.ct.utfpr.edu.br\/?page_id=239"},"modified":"2020-05-15T01:50:46","modified_gmt":"2020-05-15T01:50:46","slug":"instituto-nacional-de-ciencia-e-tecnologia-para-diagnostico-em-saude-publica-inct-indi-saude","status":"publish","type":"page","link":"https:\/\/utfpr.curitiba.br\/fotonanobio\/?page_id=239","title":{"rendered":"Instituto Nacional de Ci\u00eancia e Tecnologia para Diagn\u00f3stico em Sa\u00fade P\u00fablica &#8211; INCT-INDI-SA\u00daDE"},"content":{"rendered":"<p><a href=\"http:\/\/inct.cnpq.br\/web\/inct-indi\/home\/\">O Instituto<\/a><\/p>\n","protected":false},"excerpt":{"rendered":"<p>O Instituto<\/p>\n","protected":false},"author":111,"featured_media":0,"parent":0,"menu_order":0,"comment_status":"closed","ping_status":"closed","template":"","meta":{"footnotes":""},"class_list":["post-239","page","type-page","status-publish","hentry"],"_links":{"self":[{"href":"https:\/\/utfpr.curitiba.br\/fotonanobio\/index.php?rest_route=\/wp\/v2\/pages\/239","targetHints":{"allow":["GET"]}}],"collection":[{"href":"https:\/\/utfpr.curitiba.br\/fotonanobio\/index.php?rest_route=\/wp\/v2\/pages"}],"about":[{"href":"https:\/\/utfpr.curitiba.br\/fotonanobio\/index.php?rest_route=\/wp\/v2\/types\/page"}],"author":[{"embeddable":true,"href":"https:\/\/utfpr.curitiba.br\/fotonanobio\/index.php?rest_route=\/wp\/v2\/users\/111"}],"replies":[{"embeddable":true,"href":"https:\/\/utfpr.curitiba.br\/fotonanobio\/index.php?rest_route=%2Fwp%2Fv2%2Fcomments&post=239"}],"version-history":[{"count":1,"href":"https:\/\/utfpr.curitiba.br\/fotonanobio\/index.php?rest_route=\/wp\/v2\/pages\/239\/revisions"}],"predecessor-version":[{"id":240,"href":"https:\/\/utfpr.curitiba.br\/fotonanobio\/index.php?rest_route=\/wp\/v2\/pages\/239\/revisions\/240"}],"wp:attachment":[{"href":"https:\/\/utfpr.curitiba.br\/fotonanobio\/index.php?rest_route=%2Fwp%2Fv2%2Fmedia&parent=239"}],"curies":[{"name":"wp","href":"https:\/\/api.w.org\/{rel}","templated":true}]}}