{"id":867,"date":"2024-04-12T11:56:06","date_gmt":"2024-04-12T14:56:06","guid":{"rendered":"https:\/\/utfpr.curitiba.br\/fabtech\/?page_id=867"},"modified":"2024-11-18T15:30:17","modified_gmt":"2024-11-18T18:30:17","slug":"sobre","status":"publish","type":"page","link":"https:\/\/utfpr.curitiba.br\/fabtech\/sobre\/","title":{"rendered":"Sobre"},"content":{"rendered":"\t\t<div data-elementor-type=\"wp-page\" data-elementor-id=\"867\" class=\"elementor elementor-867\">\n\t\t\t\t\t\t<section class=\"elementor-section elementor-top-section elementor-element elementor-element-791579f elementor-section-height-min-height elementor-section-boxed elementor-section-height-default elementor-section-items-middle\" data-id=\"791579f\" data-element_type=\"section\" data-e-type=\"section\" data-settings=\"{&quot;background_background&quot;:&quot;classic&quot;}\">\n\t\t\t\t\t\t\t<div class=\"elementor-background-overlay\"><\/div>\n\t\t\t\t\t\t\t<div class=\"elementor-container elementor-column-gap-default\">\n\t\t\t\t\t<div class=\"elementor-column elementor-col-100 elementor-top-column elementor-element elementor-element-adfad7d\" data-id=\"adfad7d\" data-element_type=\"column\" data-e-type=\"column\">\n\t\t\t<div class=\"elementor-widget-wrap\">\n\t\t\t\t\t\t\t<\/div>\n\t\t<\/div>\n\t\t\t\t\t<\/div>\n\t\t<\/section>\n\t\t\t\t<section class=\"elementor-section elementor-top-section elementor-element elementor-element-e04b2ec elementor-section-boxed elementor-section-height-default elementor-section-height-default\" data-id=\"e04b2ec\" data-element_type=\"section\" data-e-type=\"section\">\n\t\t\t\t\t\t<div class=\"elementor-container elementor-column-gap-default\">\n\t\t\t\t\t<div class=\"elementor-column elementor-col-100 elementor-top-column elementor-element elementor-element-02065b5\" data-id=\"02065b5\" data-element_type=\"column\" data-e-type=\"column\">\n\t\t\t<div class=\"elementor-widget-wrap elementor-element-populated\">\n\t\t\t\t\t\t<div class=\"elementor-element elementor-element-8c41e0c elementor-widget elementor-widget-text-editor\" data-id=\"8c41e0c\" data-element_type=\"widget\" data-e-type=\"widget\" data-widget_type=\"text-editor.default\">\n\t\t\t\t<div class=\"elementor-widget-container\">\n\t\t\t\t\t\t\t\t\t<p class=\"p1\">O FabTech \u00e9 um Espa\u00e7o Maker (FabLab) que atua como promotor do empreendedorismo, inova\u00e7\u00e3o, pesquisa e desenvolvimento tecnol\u00f3gico junto ao Parque Cient\u00edfico e Tecnol\u00f3gico (PCT) da UTFPR &#8211; Campus Curitiba.<\/p>\n<p class=\"p1\">Atrav\u00e9s da disponibiliza\u00e7\u00e3o de seus equipamentos, especialistas e estrutura, fomenta a criatividade, a educa\u00e7\u00e3o, a inova\u00e7\u00e3o e o empreendedorismo.<\/p>\n<p class=\"p1\">Desta forma o FabTech contribui na orienta\u00e7\u00e3o e materializa\u00e7\u00e3o desde simples ideias at\u00e9 projetos complexos em qualquer uma de suas fases.<\/p>\n<p class=\"p1\">Este ambiente colabora com o PCT no crescimento e desenvolvimento de startups, empresas, empreendedores individuais e ind\u00fastrias, bem como auxilia institui\u00e7\u00f5es<span class=\"Apple-converted-space\">&nbsp; <\/span>e suas pesquisas cient\u00edfica, tornando o Ecossistema de Inova\u00e7\u00e3o da regi\u00e3o, mais forte, flex\u00edvel e preparado para as demandas existentes na sociedade Curitibana e Paranaense.<\/p>\n<p class=\"p1\">O FabTech, tamb\u00e9m proporciona mentorias especializadas por meio do seu corpo pr\u00f3prio de especialistas, dos especialistas do PCT e ainda os especialistas das diversas \u00e1reas do conhecimento do Campus Curitiba da UTFPR. Tais mentorias estar\u00e3o comprometidas em apoiar a troca de conhecimentos, o crescimento de startups, empresas ou ainda empreendimentos inovadores.<\/p>\n<p class=\"p1\">Por meio de cursos de forma\u00e7\u00e3o e atualiza\u00e7\u00e3o, treinamentos, capacita\u00e7\u00f5es e workshops, tanto em tecnologias iniciais como nas avan\u00e7adas, atenderemos estudantes ou profissionais que precisam se aprimorar frente as demandas do mercado de trabalho.<\/p>\n<p class=\"p1\">Atendendo toda a comunidade de nossa Cidade (fazemos parte do Vale do Pinh\u00e3o), o FabTech<span class=\"Apple-converted-space\">&nbsp; <\/span>incentiva a Cultura Maker, o empreendedorismo e a Inova\u00e7\u00e3o no seu pr\u00f3prio ambiente e fora dele.<\/p>\n<p class=\"p1\">Reconhecendo a import\u00e2ncia de continuo aprimoramento e crescimento para o seu sucesso como Espa\u00e7o Maker, o FabTech est\u00e1 sempre aberto para parcerias e colabora\u00e7\u00f5es . Estamos comprometidos em continuar aprimorando nossa infraestrutura e servi\u00e7os, bem como em expandir nossas parcerias estrat\u00e9gicas.<\/p>\n<p class=\"p3\"><span class=\"s1\">Por meio da materializa\u00e7\u00e3o de ideias, o FabTech promove sinergicamente os desenvolvimentos social e econ\u00f4mico, servindo como catalisador de atitudes inovadoras e empreendedoras, sempre de maneira sustent\u00e1vel em todas suas nuances.<\/span><\/p>\n<p class=\"p1\">Viva a Cultura Maker!<\/p><p class=\"p1\">FabTech &#8211; Rua Pedro Gusso 2601 &#8211; Neoville &#8211; Curitiba &#8211; Paran\u00e1 &#8211; CEP 81310-300<\/p>\t\t\t\t\t\t\t\t<\/div>\n\t\t\t\t<\/div>\n\t\t\t\t\t<\/div>\n\t\t<\/div>\n\t\t\t\t\t<\/div>\n\t\t<\/section>\n\t\t\t\t<\/div>\n\t\t","protected":false},"excerpt":{"rendered":"<p>O FabTech \u00e9 um Espa\u00e7o Maker (FabLab) que atua como promotor do empreendedorismo, inova\u00e7\u00e3o, pesquisa e desenvolvimento tecnol\u00f3gico junto ao Parque Cient\u00edfico e Tecnol\u00f3gico (PCT) da UTFPR &#8211; Campus Curitiba. Atrav\u00e9s da disponibiliza\u00e7\u00e3o de seus equipamentos, especialistas e estrutura, fomenta a criatividade, a educa\u00e7\u00e3o, a inova\u00e7\u00e3o e o empreendedorismo. Desta forma o FabTech contribui na [&hellip;]<\/p>\n","protected":false},"author":297,"featured_media":0,"parent":0,"menu_order":0,"comment_status":"closed","ping_status":"closed","template":"elementor_header_footer","meta":{"footnotes":""},"class_list":["post-867","page","type-page","status-publish","hentry"],"_links":{"self":[{"href":"https:\/\/utfpr.curitiba.br\/fabtech\/wp-json\/wp\/v2\/pages\/867","targetHints":{"allow":["GET"]}}],"collection":[{"href":"https:\/\/utfpr.curitiba.br\/fabtech\/wp-json\/wp\/v2\/pages"}],"about":[{"href":"https:\/\/utfpr.curitiba.br\/fabtech\/wp-json\/wp\/v2\/types\/page"}],"author":[{"embeddable":true,"href":"https:\/\/utfpr.curitiba.br\/fabtech\/wp-json\/wp\/v2\/users\/297"}],"replies":[{"embeddable":true,"href":"https:\/\/utfpr.curitiba.br\/fabtech\/wp-json\/wp\/v2\/comments?post=867"}],"version-history":[{"count":43,"href":"https:\/\/utfpr.curitiba.br\/fabtech\/wp-json\/wp\/v2\/pages\/867\/revisions"}],"predecessor-version":[{"id":1853,"href":"https:\/\/utfpr.curitiba.br\/fabtech\/wp-json\/wp\/v2\/pages\/867\/revisions\/1853"}],"wp:attachment":[{"href":"https:\/\/utfpr.curitiba.br\/fabtech\/wp-json\/wp\/v2\/media?parent=867"}],"curies":[{"name":"wp","href":"https:\/\/api.w.org\/{rel}","templated":true}]}}