{"id":865,"date":"2024-04-12T11:55:52","date_gmt":"2024-04-12T14:55:52","guid":{"rendered":"https:\/\/utfpr.curitiba.br\/fabtech\/?page_id=865"},"modified":"2025-09-26T13:40:31","modified_gmt":"2025-09-26T16:40:31","slug":"reservas","status":"publish","type":"page","link":"https:\/\/utfpr.curitiba.br\/fabtech\/reservas\/","title":{"rendered":"Reservas"},"content":{"rendered":"\t\t<div data-elementor-type=\"wp-page\" data-elementor-id=\"865\" class=\"elementor elementor-865\">\n\t\t\t\t\t\t<section class=\"elementor-section elementor-top-section elementor-element elementor-element-1c95f9b elementor-section-height-min-height elementor-section-boxed elementor-section-height-default elementor-section-items-middle\" data-id=\"1c95f9b\" data-element_type=\"section\" data-e-type=\"section\" data-settings=\"{&quot;background_background&quot;:&quot;classic&quot;}\">\n\t\t\t\t\t\t\t<div class=\"elementor-background-overlay\"><\/div>\n\t\t\t\t\t\t\t<div class=\"elementor-container elementor-column-gap-default\">\n\t\t\t\t\t<div class=\"elementor-column elementor-col-100 elementor-top-column elementor-element elementor-element-9d1da37\" data-id=\"9d1da37\" data-element_type=\"column\" data-e-type=\"column\">\n\t\t\t<div class=\"elementor-widget-wrap elementor-element-populated\">\n\t\t\t\t\t\t<div class=\"elementor-element elementor-element-4cb2b49 elementor-widget elementor-widget-heading\" data-id=\"4cb2b49\" data-element_type=\"widget\" data-e-type=\"widget\" data-widget_type=\"heading.default\">\n\t\t\t\t<div class=\"elementor-widget-container\">\n\t\t\t\t\t<h2 class=\"elementor-heading-title elementor-size-default\">Reservas de Equipamentos<\/h2>\t\t\t\t<\/div>\n\t\t\t\t<\/div>\n\t\t\t\t\t<\/div>\n\t\t<\/div>\n\t\t\t\t\t<\/div>\n\t\t<\/section>\n\t\t\t\t<section class=\"elementor-section elementor-top-section elementor-element elementor-element-97cf796 elementor-section-boxed elementor-section-height-default elementor-section-height-default\" data-id=\"97cf796\" data-element_type=\"section\" data-e-type=\"section\">\n\t\t\t\t\t\t<div class=\"elementor-container elementor-column-gap-default\">\n\t\t\t\t\t<div class=\"elementor-column elementor-col-100 elementor-top-column elementor-element elementor-element-9c1f821\" data-id=\"9c1f821\" data-element_type=\"column\" data-e-type=\"column\">\n\t\t\t<div class=\"elementor-widget-wrap elementor-element-populated\">\n\t\t\t\t\t\t<div class=\"elementor-element elementor-element-9375e63 elementor-widget elementor-widget-text-editor\" data-id=\"9375e63\" data-element_type=\"widget\" data-e-type=\"widget\" data-widget_type=\"text-editor.default\">\n\t\t\t\t<div class=\"elementor-widget-container\">\n\t\t\t\t\t\t\t\t\t<p><span style=\"color: #4268aa;font-family: 'Noticia Text', sans-serif;font-size: 18px;font-weight: 600\">Para reservar um equipamento no FabTech preencha o formul\u00e1rio do link abaixo e aguarde a confirma\u00e7\u00e3o de sua reserva.<\/span><\/p><p><span style=\"color: #4268aa;font-family: 'Noticia Text', sans-serif;font-size: 18px;font-weight: 600\">Voc\u00ea pode consultar os equipamentos dispon\u00edveis no link &#8220;Equipamentos&#8221; do menu no topo desta p\u00e1gina.<\/span><\/p>\t\t\t\t\t\t\t\t<\/div>\n\t\t\t\t<\/div>\n\t\t\t\t\t<\/div>\n\t\t<\/div>\n\t\t\t\t\t<\/div>\n\t\t<\/section>\n\t\t\t\t<section class=\"elementor-section elementor-top-section elementor-element elementor-element-017c731 elementor-section-boxed elementor-section-height-default elementor-section-height-default\" data-id=\"017c731\" data-element_type=\"section\" data-e-type=\"section\">\n\t\t\t\t\t\t<div class=\"elementor-container elementor-column-gap-default\">\n\t\t\t\t\t<div class=\"elementor-column elementor-col-100 elementor-top-column elementor-element elementor-element-5ba3565\" data-id=\"5ba3565\" data-element_type=\"column\" data-e-type=\"column\">\n\t\t\t<div class=\"elementor-widget-wrap elementor-element-populated\">\n\t\t\t\t\t\t<div class=\"elementor-element elementor-element-15d80c7 elementor-align-center elementor-widget elementor-widget-button\" data-id=\"15d80c7\" data-element_type=\"widget\" data-e-type=\"widget\" data-widget_type=\"button.default\">\n\t\t\t\t<div class=\"elementor-widget-container\">\n\t\t\t\t\t\t\t\t\t<div class=\"elementor-button-wrapper\">\n\t\t\t\t\t<a class=\"elementor-button elementor-button-link elementor-size-sm\" href=\"https:\/\/docs.google.com\/forms\/d\/e\/1FAIpQLSfJsl8UIHRsdrxb-8nUykRdbyp0xbk0ffxonVA8TeJzSD8n-A\/viewform\">\n\t\t\t\t\t\t<span class=\"elementor-button-content-wrapper\">\n\t\t\t\t\t\t<span class=\"elementor-button-icon\">\n\t\t\t\t<i aria-hidden=\"true\" class=\"far fa-calendar-check\"><\/i>\t\t\t<\/span>\n\t\t\t\t\t\t\t\t\t<span class=\"elementor-button-text\">Reservas<\/span>\n\t\t\t\t\t<\/span>\n\t\t\t\t\t<\/a>\n\t\t\t\t<\/div>\n\t\t\t\t\t\t\t\t<\/div>\n\t\t\t\t<\/div>\n\t\t\t\t\t<\/div>\n\t\t<\/div>\n\t\t\t\t\t<\/div>\n\t\t<\/section>\n\t\t\t\t<section class=\"elementor-section elementor-top-section elementor-element elementor-element-138a62d elementor-section-boxed elementor-section-height-default elementor-section-height-default\" data-id=\"138a62d\" data-element_type=\"section\" data-e-type=\"section\">\n\t\t\t\t\t\t<div class=\"elementor-container elementor-column-gap-default\">\n\t\t\t\t\t<div class=\"elementor-column elementor-col-100 elementor-top-column elementor-element elementor-element-1710a20\" data-id=\"1710a20\" data-element_type=\"column\" data-e-type=\"column\">\n\t\t\t<div class=\"elementor-widget-wrap\">\n\t\t\t\t\t\t\t<\/div>\n\t\t<\/div>\n\t\t\t\t\t<\/div>\n\t\t<\/section>\n\t\t\t\t<section class=\"elementor-section elementor-top-section elementor-element elementor-element-8576d8b elementor-section-boxed elementor-section-height-default elementor-section-height-default\" data-id=\"8576d8b\" data-element_type=\"section\" data-e-type=\"section\">\n\t\t\t\t\t\t<div class=\"elementor-container elementor-column-gap-default\">\n\t\t\t\t\t<div class=\"elementor-column elementor-col-100 elementor-top-column elementor-element elementor-element-da0e57f\" data-id=\"da0e57f\" data-element_type=\"column\" data-e-type=\"column\">\n\t\t\t<div class=\"elementor-widget-wrap elementor-element-populated\">\n\t\t\t\t\t\t<div class=\"elementor-element elementor-element-7dc8f7b elementor-widget elementor-widget-text-editor\" data-id=\"7dc8f7b\" data-element_type=\"widget\" data-e-type=\"widget\" data-widget_type=\"text-editor.default\">\n\t\t\t\t<div class=\"elementor-widget-container\">\n\t\t\t\t\t\t\t\t\t<p><strong>Nossos hor\u00e1rios de funcionamento:<\/strong><\/p>\n<p><span style=\"font-weight: bolder\">&#8211; segundas-feiras das 8:30-12 h.<\/span><\/p>\n<p><strong>&#8211; ter\u00e7as-feiras das 14:00-16:30.<\/strong><\/p>\n<p><strong>&#8211; quartas-feiras das&nbsp;<\/strong><span style=\"font-weight: bold;color: var( --e-global-color-text );font-size: 1rem\">8:30-12 h e das 14:00-16:30 h.<\/span><\/p>\n<p><strong>&#8211; quintas-feiras das&nbsp;<\/strong><span style=\"font-weight: bold;color: var( --e-global-color-text );font-size: 1rem\">8:30-12 h e das 14:00-16:30 h.<\/span><\/p>\n<p><strong style=\"color: var( --e-global-color-text );font-size: 1rem\">\u00c9 preciso marcar um hor\u00e1rio com pelo menos 48 h de anteced\u00eancia.<\/strong><\/p>\n<p><strong style=\"color: var( --e-global-color-text );font-size: 1rem\">N\u00e3o atendemos fora destes hor\u00e1rios.<\/strong><\/p>\t\t\t\t\t\t\t\t<\/div>\n\t\t\t\t<\/div>\n\t\t\t\t\t<\/div>\n\t\t<\/div>\n\t\t\t\t\t<\/div>\n\t\t<\/section>\n\t\t\t\t<\/div>\n\t\t","protected":false},"excerpt":{"rendered":"<p>Reservas de Equipamentos Para reservar um equipamento no FabTech preencha o formul\u00e1rio do link abaixo e aguarde a confirma\u00e7\u00e3o de sua reserva. Voc\u00ea pode consultar os equipamentos dispon\u00edveis no link &#8220;Equipamentos&#8221; do menu no topo desta p\u00e1gina. Reservas Nossos hor\u00e1rios de funcionamento: &#8211; segundas-feiras das 8:30-12 h. &#8211; ter\u00e7as-feiras das 14:00-16:30. &#8211; quartas-feiras das&nbsp;8:30-12 h [&hellip;]<\/p>\n","protected":false},"author":297,"featured_media":0,"parent":0,"menu_order":0,"comment_status":"closed","ping_status":"closed","template":"","meta":{"footnotes":""},"class_list":["post-865","page","type-page","status-publish","hentry"],"_links":{"self":[{"href":"https:\/\/utfpr.curitiba.br\/fabtech\/wp-json\/wp\/v2\/pages\/865","targetHints":{"allow":["GET"]}}],"collection":[{"href":"https:\/\/utfpr.curitiba.br\/fabtech\/wp-json\/wp\/v2\/pages"}],"about":[{"href":"https:\/\/utfpr.curitiba.br\/fabtech\/wp-json\/wp\/v2\/types\/page"}],"author":[{"embeddable":true,"href":"https:\/\/utfpr.curitiba.br\/fabtech\/wp-json\/wp\/v2\/users\/297"}],"replies":[{"embeddable":true,"href":"https:\/\/utfpr.curitiba.br\/fabtech\/wp-json\/wp\/v2\/comments?post=865"}],"version-history":[{"count":47,"href":"https:\/\/utfpr.curitiba.br\/fabtech\/wp-json\/wp\/v2\/pages\/865\/revisions"}],"predecessor-version":[{"id":2036,"href":"https:\/\/utfpr.curitiba.br\/fabtech\/wp-json\/wp\/v2\/pages\/865\/revisions\/2036"}],"wp:attachment":[{"href":"https:\/\/utfpr.curitiba.br\/fabtech\/wp-json\/wp\/v2\/media?parent=865"}],"curies":[{"name":"wp","href":"https:\/\/api.w.org\/{rel}","templated":true}]}}