{"id":1631,"date":"2024-09-13T12:59:43","date_gmt":"2024-09-13T15:59:43","guid":{"rendered":"https:\/\/utfpr.curitiba.br\/fabtech\/?page_id=1631"},"modified":"2025-03-19T09:54:54","modified_gmt":"2025-03-19T12:54:54","slug":"equipamentos","status":"publish","type":"page","link":"https:\/\/utfpr.curitiba.br\/fabtech\/equipamentos\/","title":{"rendered":"Equipamentos"},"content":{"rendered":"\t\t<div data-elementor-type=\"wp-page\" data-elementor-id=\"1631\" class=\"elementor elementor-1631\">\n\t\t\t\t\t\t<section class=\"elementor-section elementor-top-section elementor-element elementor-element-f0dc40a elementor-section-height-min-height elementor-section-content-middle elementor-section-boxed elementor-section-height-default elementor-section-items-middle\" data-id=\"f0dc40a\" data-element_type=\"section\" data-e-type=\"section\" data-settings=\"{&quot;background_background&quot;:&quot;classic&quot;}\">\n\t\t\t\t\t\t\t<div class=\"elementor-background-overlay\"><\/div>\n\t\t\t\t\t\t\t<div class=\"elementor-container elementor-column-gap-default\">\n\t\t\t\t\t<div class=\"elementor-column elementor-col-100 elementor-top-column elementor-element elementor-element-e9a2929\" data-id=\"e9a2929\" data-element_type=\"column\" data-e-type=\"column\">\n\t\t\t<div class=\"elementor-widget-wrap elementor-element-populated\">\n\t\t\t\t\t\t<div class=\"elementor-element elementor-element-21bf82b elementor-widget elementor-widget-heading\" data-id=\"21bf82b\" data-element_type=\"widget\" data-e-type=\"widget\" data-widget_type=\"heading.default\">\n\t\t\t\t<div class=\"elementor-widget-container\">\n\t\t\t\t\t<h2 class=\"elementor-heading-title elementor-size-medium\">EQUIPAMENTOS<\/h2>\t\t\t\t<\/div>\n\t\t\t\t<\/div>\n\t\t\t\t\t<\/div>\n\t\t<\/div>\n\t\t\t\t\t<\/div>\n\t\t<\/section>\n\t\t\t\t<section class=\"elementor-section elementor-top-section elementor-element elementor-element-88ffdaa elementor-section-boxed elementor-section-height-default elementor-section-height-default\" data-id=\"88ffdaa\" data-element_type=\"section\" data-e-type=\"section\">\n\t\t\t\t\t\t<div class=\"elementor-container elementor-column-gap-default\">\n\t\t\t\t\t<div class=\"elementor-column elementor-col-50 elementor-top-column elementor-element elementor-element-295bca5\" data-id=\"295bca5\" data-element_type=\"column\" data-e-type=\"column\" data-settings=\"{&quot;background_background&quot;:&quot;classic&quot;}\">\n\t\t\t<div class=\"elementor-widget-wrap\">\n\t\t\t\t\t\t\t<\/div>\n\t\t<\/div>\n\t\t\t\t<div class=\"elementor-column elementor-col-50 elementor-top-column elementor-element elementor-element-102a4d3\" data-id=\"102a4d3\" data-element_type=\"column\" data-e-type=\"column\">\n\t\t\t<div class=\"elementor-widget-wrap elementor-element-populated\">\n\t\t\t\t\t\t<div class=\"elementor-element elementor-element-a536e4c elementor-widget elementor-widget-text-editor\" data-id=\"a536e4c\" data-element_type=\"widget\" data-e-type=\"widget\" data-widget_type=\"text-editor.default\">\n\t\t\t\t<div class=\"elementor-widget-container\">\n\t\t\t\t\t\t\t\t\t<h5><strong>M\u00e1quina Cortadora e Gravadora Laser Mafran modelo MF-1390.<\/strong><\/h5><h6>\u00c1rea de corte m\u00e1xima de 1300 x 900 mm;<br \/>Pot\u00eancia m\u00e1xima de corte 100 W;<br \/>Pot\u00eancia m\u00ednima de Corte 20 W;<br \/>N\u00e3o realiza cortes em metais.<br \/>\u00c9 indicada para madeira, acr\u00edlico, couros e tecidos em geral.<\/h6>\t\t\t\t\t\t\t\t<\/div>\n\t\t\t\t<\/div>\n\t\t\t\t\t<\/div>\n\t\t<\/div>\n\t\t\t\t\t<\/div>\n\t\t<\/section>\n\t\t\t\t<section class=\"elementor-section elementor-top-section elementor-element elementor-element-db2391b elementor-section-boxed elementor-section-height-default elementor-section-height-default\" data-id=\"db2391b\" data-element_type=\"section\" data-e-type=\"section\">\n\t\t\t\t\t\t<div class=\"elementor-container elementor-column-gap-default\">\n\t\t\t\t\t<div class=\"elementor-column elementor-col-50 elementor-top-column elementor-element elementor-element-4737679\" data-id=\"4737679\" data-element_type=\"column\" data-e-type=\"column\">\n\t\t\t<div class=\"elementor-widget-wrap elementor-element-populated\">\n\t\t\t\t\t\t<div class=\"elementor-element elementor-element-d2ad833 elementor-widget elementor-widget-text-editor\" data-id=\"d2ad833\" data-element_type=\"widget\" data-e-type=\"widget\" data-widget_type=\"text-editor.default\">\n\t\t\t\t<div class=\"elementor-widget-container\">\n\t\t\t\t\t\t\t\t\t<h5><strong>Plotter de Recorte ULTRA-CAM MC 350 CCD.<\/strong><\/h5><h6>Tamanho m\u00e1ximo do Papel 350 mm; <br \/>press\u00e3o de corte de 10 a 100 g; <br \/>velocidade de Corte de 10 a 1000 mm\/s; <br \/>Realiza cortes em pap\u00e9is e vinil.<\/h6>\t\t\t\t\t\t\t\t<\/div>\n\t\t\t\t<\/div>\n\t\t\t\t\t<\/div>\n\t\t<\/div>\n\t\t\t\t<div class=\"elementor-column elementor-col-50 elementor-top-column elementor-element elementor-element-9de4fab\" data-id=\"9de4fab\" data-element_type=\"column\" data-e-type=\"column\" data-settings=\"{&quot;background_background&quot;:&quot;classic&quot;}\">\n\t\t\t<div class=\"elementor-widget-wrap\">\n\t\t\t\t\t\t\t<\/div>\n\t\t<\/div>\n\t\t\t\t\t<\/div>\n\t\t<\/section>\n\t\t\t\t<section class=\"elementor-section elementor-top-section elementor-element elementor-element-3682c13 elementor-section-boxed elementor-section-height-default elementor-section-height-default\" data-id=\"3682c13\" data-element_type=\"section\" data-e-type=\"section\">\n\t\t\t\t\t\t<div class=\"elementor-container elementor-column-gap-default\">\n\t\t\t\t\t<div class=\"elementor-column elementor-col-50 elementor-top-column elementor-element elementor-element-698ec9e\" data-id=\"698ec9e\" data-element_type=\"column\" data-e-type=\"column\" data-settings=\"{&quot;background_background&quot;:&quot;classic&quot;}\">\n\t\t\t<div class=\"elementor-widget-wrap\">\n\t\t\t\t\t\t\t<\/div>\n\t\t<\/div>\n\t\t\t\t<div class=\"elementor-column elementor-col-50 elementor-top-column elementor-element elementor-element-c4bfdcd\" data-id=\"c4bfdcd\" data-element_type=\"column\" data-e-type=\"column\">\n\t\t\t<div class=\"elementor-widget-wrap elementor-element-populated\">\n\t\t\t\t\t\t<div class=\"elementor-element elementor-element-388b6f7 elementor-widget elementor-widget-text-editor\" data-id=\"388b6f7\" data-element_type=\"widget\" data-e-type=\"widget\" data-widget_type=\"text-editor.default\">\n\t\t\t\t<div class=\"elementor-widget-container\">\n\t\t\t\t\t\t\t\t\t<h5><strong>Oscilosc\u00f3pio Digital Politerm modelo POL-15DE de dois canais;<\/strong><br \/><strong>Gerador de Sinais ICEL modelo GV-2015;<\/strong><br \/><strong>Mult\u00edmetro Digital Politerm modelo POL-41; <\/strong><br \/><strong>Esta\u00e7\u00e3o de Solda Hikari modelo HK930, com temperatura ajust\u00e1vel de 160 a 520 graus Celsius.<\/strong><\/h5>\t\t\t\t\t\t\t\t<\/div>\n\t\t\t\t<\/div>\n\t\t\t\t\t<\/div>\n\t\t<\/div>\n\t\t\t\t\t<\/div>\n\t\t<\/section>\n\t\t\t\t<section class=\"elementor-section elementor-top-section elementor-element elementor-element-1ce815b elementor-section-boxed elementor-section-height-default elementor-section-height-default\" data-id=\"1ce815b\" data-element_type=\"section\" data-e-type=\"section\">\n\t\t\t\t\t\t<div class=\"elementor-container elementor-column-gap-default\">\n\t\t\t\t\t<div class=\"elementor-column elementor-col-50 elementor-top-column elementor-element elementor-element-3b1d704\" data-id=\"3b1d704\" data-element_type=\"column\" data-e-type=\"column\">\n\t\t\t<div class=\"elementor-widget-wrap elementor-element-populated\">\n\t\t\t\t\t\t<div class=\"elementor-element elementor-element-0605ab8 elementor-widget elementor-widget-text-editor\" data-id=\"0605ab8\" data-element_type=\"widget\" data-e-type=\"widget\" data-widget_type=\"text-editor.default\">\n\t\t\t\t<div class=\"elementor-widget-container\">\n\t\t\t\t\t\t\t\t\t<h5><strong>Lixadeira Combinada Lynus modelo LCM-750;<\/strong><\/h5><h6>Pot\u00eancia de 550 W e rota\u00e7\u00e3o do motor de 1700 rpm;<br \/>Tamanho da lixa de disco de 9&#8221;e da lixa de cinta 6&#8221;x 24&#8221;; <br \/>Inclina\u00e7\u00e3o do apoio cinta 0-90 graus.<\/h6>\t\t\t\t\t\t\t\t<\/div>\n\t\t\t\t<\/div>\n\t\t\t\t\t<\/div>\n\t\t<\/div>\n\t\t\t\t<div class=\"elementor-column elementor-col-50 elementor-top-column elementor-element elementor-element-8a6e247\" data-id=\"8a6e247\" data-element_type=\"column\" data-e-type=\"column\" data-settings=\"{&quot;background_background&quot;:&quot;classic&quot;}\">\n\t\t\t<div class=\"elementor-widget-wrap\">\n\t\t\t\t\t\t\t<\/div>\n\t\t<\/div>\n\t\t\t\t\t<\/div>\n\t\t<\/section>\n\t\t\t\t<section class=\"elementor-section elementor-top-section elementor-element elementor-element-78a733f elementor-section-boxed elementor-section-height-default elementor-section-height-default\" data-id=\"78a733f\" data-element_type=\"section\" data-e-type=\"section\">\n\t\t\t\t\t\t<div class=\"elementor-container elementor-column-gap-default\">\n\t\t\t\t\t<div class=\"elementor-column elementor-col-50 elementor-top-column elementor-element elementor-element-1d4845d\" data-id=\"1d4845d\" data-element_type=\"column\" data-e-type=\"column\" data-settings=\"{&quot;background_background&quot;:&quot;classic&quot;}\">\n\t\t\t<div class=\"elementor-widget-wrap\">\n\t\t\t\t\t\t\t<\/div>\n\t\t<\/div>\n\t\t\t\t<div class=\"elementor-column elementor-col-50 elementor-top-column elementor-element elementor-element-496b0b6\" data-id=\"496b0b6\" data-element_type=\"column\" data-e-type=\"column\">\n\t\t\t<div class=\"elementor-widget-wrap elementor-element-populated\">\n\t\t\t\t\t\t<div class=\"elementor-element elementor-element-98aae76 elementor-widget elementor-widget-text-editor\" data-id=\"98aae76\" data-element_type=\"widget\" data-e-type=\"widget\" data-widget_type=\"text-editor.default\">\n\t\t\t\t<div class=\"elementor-widget-container\">\n\t\t\t\t\t\t\t\t\t<h5><strong>M\u00e1quina de Costura Industrial Mafran modelo MS-6150 de 01 agulha.<\/strong><\/h5><h6>Altura calcador de 5,50mm\/13,0mm;<br \/>Tipo agulha DB\u00d71;<br \/>Comprimento m\u00e1ximo do ponto 5,00mm;<br \/>Rota\u00e7\u00e3o m\u00e1xima 5000 RPM;<br \/>Motor 3450 RPM, Pot\u00eancia 400watt;<br \/>Polia motor \u00d890mm.<\/h6>\t\t\t\t\t\t\t\t<\/div>\n\t\t\t\t<\/div>\n\t\t\t\t\t<\/div>\n\t\t<\/div>\n\t\t\t\t\t<\/div>\n\t\t<\/section>\n\t\t\t\t<section class=\"elementor-section elementor-top-section elementor-element elementor-element-1f534c2 elementor-section-boxed elementor-section-height-default elementor-section-height-default\" data-id=\"1f534c2\" data-element_type=\"section\" data-e-type=\"section\">\n\t\t\t\t\t\t<div class=\"elementor-container elementor-column-gap-default\">\n\t\t\t\t\t<div class=\"elementor-column elementor-col-50 elementor-top-column elementor-element elementor-element-1c0576f\" data-id=\"1c0576f\" data-element_type=\"column\" data-e-type=\"column\">\n\t\t\t<div class=\"elementor-widget-wrap elementor-element-populated\">\n\t\t\t\t\t\t<div class=\"elementor-element elementor-element-7ef99e4 elementor-widget elementor-widget-text-editor\" data-id=\"7ef99e4\" data-element_type=\"widget\" data-e-type=\"widget\" data-widget_type=\"text-editor.default\">\n\t\t\t\t<div class=\"elementor-widget-container\">\n\t\t\t\t\t\t\t\t\t<h5><strong>Oficina Geral<\/strong><\/h5><h6>Serras, alicates, chaves de fenda, philips e allen;<br \/>Chaves de boca, moto-esmeril, torno; <br \/>Martelos, furadeiras, parafusadeiras, rebitadeiras;<br \/>Soprador t\u00e9rmico, paqu\u00edmetros, brocas;<br \/>Esmerilhadeira e lixadeiras el\u00e9tricas.<\/h6>\t\t\t\t\t\t\t\t<\/div>\n\t\t\t\t<\/div>\n\t\t\t\t\t<\/div>\n\t\t<\/div>\n\t\t\t\t<div class=\"elementor-column elementor-col-50 elementor-top-column elementor-element elementor-element-abfd207\" data-id=\"abfd207\" data-element_type=\"column\" data-e-type=\"column\" data-settings=\"{&quot;background_background&quot;:&quot;classic&quot;}\">\n\t\t\t<div class=\"elementor-widget-wrap\">\n\t\t\t\t\t\t\t<\/div>\n\t\t<\/div>\n\t\t\t\t\t<\/div>\n\t\t<\/section>\n\t\t\t\t<section class=\"elementor-section elementor-top-section elementor-element elementor-element-52b4322 elementor-section-boxed elementor-section-height-default elementor-section-height-default\" data-id=\"52b4322\" data-element_type=\"section\" data-e-type=\"section\">\n\t\t\t\t\t\t<div class=\"elementor-container elementor-column-gap-default\">\n\t\t\t\t\t<div class=\"elementor-column elementor-col-50 elementor-top-column elementor-element elementor-element-b393bca\" data-id=\"b393bca\" data-element_type=\"column\" data-e-type=\"column\" data-settings=\"{&quot;background_background&quot;:&quot;classic&quot;}\">\n\t\t\t<div class=\"elementor-widget-wrap\">\n\t\t\t\t\t\t\t<\/div>\n\t\t<\/div>\n\t\t\t\t<div class=\"elementor-column elementor-col-50 elementor-top-column elementor-element elementor-element-c9fb225\" data-id=\"c9fb225\" data-element_type=\"column\" data-e-type=\"column\">\n\t\t\t<div class=\"elementor-widget-wrap elementor-element-populated\">\n\t\t\t\t\t\t<div class=\"elementor-element elementor-element-23d24eb elementor-widget elementor-widget-text-editor\" data-id=\"23d24eb\" data-element_type=\"widget\" data-e-type=\"widget\" data-widget_type=\"text-editor.default\">\n\t\t\t\t<div class=\"elementor-widget-container\">\n\t\t\t\t\t\t\t\t\t<h5><strong>Impressora 3D BambuLab X1 Carbon com AMS<\/strong><\/h5><h6>\u00c1rea de Impress\u00e3o 256 x 256 x 256 mm;<br \/>Di\u00e2metros de impress\u00e3o (noozle) de 0.4 mm;<br \/>Velocidade M\u00e1xima de impress\u00e3o 300 mm\/s;<br \/>Recomendadas para impress\u00f5es em PETG, ABS e Nylon.<\/h6>\t\t\t\t\t\t\t\t<\/div>\n\t\t\t\t<\/div>\n\t\t\t\t\t<\/div>\n\t\t<\/div>\n\t\t\t\t\t<\/div>\n\t\t<\/section>\n\t\t\t\t<section class=\"elementor-section elementor-top-section elementor-element elementor-element-aafca2b elementor-section-boxed elementor-section-height-default elementor-section-height-default\" data-id=\"aafca2b\" data-element_type=\"section\" data-e-type=\"section\">\n\t\t\t\t\t\t<div class=\"elementor-container elementor-column-gap-default\">\n\t\t\t\t\t<div class=\"elementor-column elementor-col-50 elementor-top-column elementor-element elementor-element-4d0f9e1\" data-id=\"4d0f9e1\" data-element_type=\"column\" data-e-type=\"column\">\n\t\t\t<div class=\"elementor-widget-wrap elementor-element-populated\">\n\t\t\t\t\t\t<div class=\"elementor-element elementor-element-b8a0e8b elementor-widget elementor-widget-text-editor\" data-id=\"b8a0e8b\" data-element_type=\"widget\" data-e-type=\"widget\" data-widget_type=\"text-editor.default\">\n\t\t\t\t<div class=\"elementor-widget-container\">\n\t\t\t\t\t\t\t\t\t<h5><strong>Impressora 3D AnyCubic Kobra 03 com AMS<\/strong><\/h5><h6>\u00c1rea de Impress\u00e3o 250 x 250 x 260 mm;<br \/>Di\u00e2metros de impress\u00e3o (noozle) de 0.4 mm;<br \/>Velocidade M\u00e1xima de impress\u00e3o 300 mm\/s;<br \/>Recomendadas para impress\u00f5es em PLA e PETG.<\/h6>\t\t\t\t\t\t\t\t<\/div>\n\t\t\t\t<\/div>\n\t\t\t\t\t<\/div>\n\t\t<\/div>\n\t\t\t\t<div class=\"elementor-column elementor-col-50 elementor-top-column elementor-element elementor-element-864956e\" data-id=\"864956e\" data-element_type=\"column\" data-e-type=\"column\" data-settings=\"{&quot;background_background&quot;:&quot;classic&quot;}\">\n\t\t\t<div class=\"elementor-widget-wrap\">\n\t\t\t\t\t\t\t<\/div>\n\t\t<\/div>\n\t\t\t\t\t<\/div>\n\t\t<\/section>\n\t\t\t\t<section class=\"elementor-section elementor-top-section elementor-element elementor-element-c906207 elementor-section-boxed elementor-section-height-default elementor-section-height-default\" data-id=\"c906207\" data-element_type=\"section\" data-e-type=\"section\">\n\t\t\t\t\t\t<div class=\"elementor-container elementor-column-gap-default\">\n\t\t\t\t\t<div class=\"elementor-column elementor-col-50 elementor-top-column elementor-element elementor-element-98b0794\" data-id=\"98b0794\" data-element_type=\"column\" data-e-type=\"column\" data-settings=\"{&quot;background_background&quot;:&quot;classic&quot;}\">\n\t\t\t<div class=\"elementor-widget-wrap\">\n\t\t\t\t\t\t\t<\/div>\n\t\t<\/div>\n\t\t\t\t<div class=\"elementor-column elementor-col-50 elementor-top-column elementor-element elementor-element-1b770a0\" data-id=\"1b770a0\" data-element_type=\"column\" data-e-type=\"column\">\n\t\t\t<div class=\"elementor-widget-wrap elementor-element-populated\">\n\t\t\t\t\t\t<div class=\"elementor-element elementor-element-79aac9f elementor-widget elementor-widget-text-editor\" data-id=\"79aac9f\" data-element_type=\"widget\" data-e-type=\"widget\" data-widget_type=\"text-editor.default\">\n\t\t\t\t<div class=\"elementor-widget-container\">\n\t\t\t\t\t\t\t\t\t<h5><strong>Impressora 3D Creality K1 Max<\/strong><\/h5><h6>\u00c1rea de Impress\u00e3o 300 x 300 x 300 mm;<br \/>Di\u00e2metros de impress\u00e3o (noozle) de 0.4 mm;<br \/>Velocidade M\u00e1xima de impress\u00e3o 300 mm\/s;<br \/>Recomendadas para impress\u00f5es em PETG, ABS e Nylon;<\/h6>\t\t\t\t\t\t\t\t<\/div>\n\t\t\t\t<\/div>\n\t\t\t\t\t<\/div>\n\t\t<\/div>\n\t\t\t\t\t<\/div>\n\t\t<\/section>\n\t\t\t\t<section class=\"elementor-section elementor-top-section elementor-element elementor-element-a4152fa elementor-section-boxed elementor-section-height-default elementor-section-height-default\" data-id=\"a4152fa\" data-element_type=\"section\" data-e-type=\"section\">\n\t\t\t\t\t\t<div class=\"elementor-container elementor-column-gap-default\">\n\t\t\t\t\t<div class=\"elementor-column elementor-col-50 elementor-top-column elementor-element elementor-element-92fbb93\" data-id=\"92fbb93\" data-element_type=\"column\" data-e-type=\"column\">\n\t\t\t<div class=\"elementor-widget-wrap elementor-element-populated\">\n\t\t\t\t\t\t<div class=\"elementor-element elementor-element-7c58889 elementor-widget elementor-widget-text-editor\" data-id=\"7c58889\" data-element_type=\"widget\" data-e-type=\"widget\" data-widget_type=\"text-editor.default\">\n\t\t\t\t<div class=\"elementor-widget-container\">\n\t\t\t\t\t\t\t\t\t<h5><strong>Impressora 3D Elegoo Neptune 4 Pro<\/strong><\/h5><h6>\u00c1rea de Impress\u00e3o 225 x 225 x 265 mm;<br \/>Di\u00e2metros de impress\u00e3o (noozle) de 0.4 mm;<br \/>Velocidade M\u00e1xima de impress\u00e3o 300 mm\/s;<br \/>Recomendadas para impress\u00f5es em PLA e PETG.<\/h6>\t\t\t\t\t\t\t\t<\/div>\n\t\t\t\t<\/div>\n\t\t\t\t\t<\/div>\n\t\t<\/div>\n\t\t\t\t<div class=\"elementor-column elementor-col-50 elementor-top-column elementor-element elementor-element-f6b13e3\" data-id=\"f6b13e3\" data-element_type=\"column\" data-e-type=\"column\" data-settings=\"{&quot;background_background&quot;:&quot;classic&quot;}\">\n\t\t\t<div class=\"elementor-widget-wrap\">\n\t\t\t\t\t\t\t<\/div>\n\t\t<\/div>\n\t\t\t\t\t<\/div>\n\t\t<\/section>\n\t\t\t\t<\/div>\n\t\t","protected":false},"excerpt":{"rendered":"<p>EQUIPAMENTOS M\u00e1quina Cortadora e Gravadora Laser Mafran modelo MF-1390. \u00c1rea de corte m\u00e1xima de 1300 x 900 mm;Pot\u00eancia m\u00e1xima de corte 100 W;Pot\u00eancia m\u00ednima de Corte 20 W;N\u00e3o realiza cortes em metais.\u00c9 indicada para madeira, acr\u00edlico, couros e tecidos em geral. Plotter de Recorte ULTRA-CAM MC 350 CCD. Tamanho m\u00e1ximo do Papel 350 mm; press\u00e3o [&hellip;]<\/p>\n","protected":false},"author":297,"featured_media":0,"parent":0,"menu_order":0,"comment_status":"closed","ping_status":"closed","template":"elementor_header_footer","meta":{"footnotes":""},"class_list":["post-1631","page","type-page","status-publish","hentry"],"_links":{"self":[{"href":"https:\/\/utfpr.curitiba.br\/fabtech\/wp-json\/wp\/v2\/pages\/1631","targetHints":{"allow":["GET"]}}],"collection":[{"href":"https:\/\/utfpr.curitiba.br\/fabtech\/wp-json\/wp\/v2\/pages"}],"about":[{"href":"https:\/\/utfpr.curitiba.br\/fabtech\/wp-json\/wp\/v2\/types\/page"}],"author":[{"embeddable":true,"href":"https:\/\/utfpr.curitiba.br\/fabtech\/wp-json\/wp\/v2\/users\/297"}],"replies":[{"embeddable":true,"href":"https:\/\/utfpr.curitiba.br\/fabtech\/wp-json\/wp\/v2\/comments?post=1631"}],"version-history":[{"count":139,"href":"https:\/\/utfpr.curitiba.br\/fabtech\/wp-json\/wp\/v2\/pages\/1631\/revisions"}],"predecessor-version":[{"id":1970,"href":"https:\/\/utfpr.curitiba.br\/fabtech\/wp-json\/wp\/v2\/pages\/1631\/revisions\/1970"}],"wp:attachment":[{"href":"https:\/\/utfpr.curitiba.br\/fabtech\/wp-json\/wp\/v2\/media?parent=1631"}],"curies":[{"name":"wp","href":"https:\/\/api.w.org\/{rel}","templated":true}]}}