{"id":956,"date":"2019-08-16T15:34:46","date_gmt":"2019-08-16T18:34:46","guid":{"rendered":"http:\/\/www.novodepex.ct.utfpr.edu.br\/?page_id=956"},"modified":"2025-06-05T11:30:08","modified_gmt":"2025-06-05T14:30:08","slug":"documentos-importantes","status":"publish","type":"page","link":"https:\/\/utfpr.curitiba.br\/extensao\/area-do-coordenador\/documentos-importantes\/","title":{"rendered":"Documentos Importantes"},"content":{"rendered":"\n<h4 class=\"wp-block-heading\">Planilha para emiss\u00e3o das declara\u00e7\u00f5es:<\/h4>\n\n\n\n<p>Ap\u00f3s a realiza\u00e7\u00e3o de um evento, ou finaliza\u00e7\u00e3o de um projeto ou de uma etapa deste, preencha o relat\u00f3rio parcial ou final no SAP\/Sistema de Extens\u00e3o anexando ao relat\u00f3rio essa planilha preenchida para a emiss\u00e3o das declara\u00e7\u00f5es aos envolvidos na atividade. Se preferir, envie a planilha para o email <a href=\"mailto:depex-ct@utfpr.edu.br\">depex-ct@utfpr.edu.br<\/a>.<\/p>\n\n\n\n<p>\nPodem receber declara\u00e7\u00e3o:<\/p>\n\n\n\n<ul class=\"wp-block-list\">\n<li>Equipe executora \u2013 internos ou externos \u00e0 UTFPR<\/li>\n\n\n\n<li>Bolsistas \u2013 apenas alunos UTFPR <\/li>\n\n\n\n<li>Volunt\u00e1rios \u2013 internos ou externos \u00e0 UTFPR <\/li>\n\n\n\n<li>Participantes\/ouvintes dos eventos <\/li>\n\n\n\n<li>Coordena\u00e7\u00e3o \u2013 apenas servidores da UTFPR <\/li>\n<\/ul>\n\n\n\n<div class=\"wp-block-file\"><a id=\"wp-block-file--media-8f713060-9e54-42bb-a9f0-387dfd4f9bf4\" href=\"https:\/\/utfpr-ct-static-content.s3.amazonaws.com\/utfpr.curitiba.br\/wp-content\/uploads\/sites\/26\/2021\/12\/PLANILHA-GERAL-PARA-EMISSAO-DE-DECLARACAO-EXCEL-sem-CPF.xlsx\">PLANILHA GERAL PARA EMISS\u00c3O DE DECLARA\u00c7\u00c3O EXCEL<\/a><a href=\"https:\/\/utfpr-ct-static-content.s3.amazonaws.com\/utfpr.curitiba.br\/wp-content\/uploads\/sites\/26\/2021\/12\/PLANILHA-GERAL-PARA-EMISSAO-DE-DECLARACAO-EXCEL-sem-CPF.xlsx\" class=\"wp-block-file__button wp-element-button\" download aria-describedby=\"wp-block-file--media-8f713060-9e54-42bb-a9f0-387dfd4f9bf4\">Baixar<\/a><\/div>\n\n\n\n<p><\/p>\n\n\n\n<h4 class=\"wp-block-heading\">Acordo de parceria (modelo 2024):<\/h4>\n\n\n\n<p>\nFirmado com outras institui\u00e7\u00f5es\npara realiza\u00e7\u00e3o de atividades de extens\u00e3o.<\/p>\n\n\n\n<p> O n\u00ba do acordo ser\u00e1 preenchido pelo DEPEX-CT ap\u00f3s an\u00e1lise do Acordo e do Projeto apresentados.<\/p>\n\n\n\n<p><strong>Modelo de Acordo de Parceria:<\/strong><\/p>\n\n\n\n<div class=\"wp-block-file\"><a id=\"wp-block-file--media-361cf4ef-8805-41d7-b479-add1ff84044c\" href=\"https:\/\/utfpr-ct-static-content.s3.amazonaws.com\/utfpr.curitiba.br\/wp-content\/uploads\/sites\/26\/2025\/06\/MODELO-AcordoParceriaExtensao-05jun2025.docx\">MODELO-AcordoParceriaExtensao-05jun2025<\/a><a href=\"https:\/\/utfpr-ct-static-content.s3.amazonaws.com\/utfpr.curitiba.br\/wp-content\/uploads\/sites\/26\/2025\/06\/MODELO-AcordoParceriaExtensao-05jun2025.docx\" class=\"wp-block-file__button wp-element-button\" download aria-describedby=\"wp-block-file--media-361cf4ef-8805-41d7-b479-add1ff84044c\">Baixar<\/a><\/div>\n\n\n\n<p><\/p>\n\n\n\n<p>IMPORTANTE: Tutorial para tramita\u00e7\u00e3o de ACORDO DE PARCERIA PARA REALIZA\u00c7\u00c3O DE ATIVIDADES DE EXTENS\u00c3O<\/p>\n\n\n\n<div class=\"wp-block-file\"><a id=\"wp-block-file--media-8f713060-9e54-42bb-a9f0-387dfd4f9bf4\" href=\"https:\/\/utfpr-ct-static-content.s3.amazonaws.com\/utfpr.curitiba.br\/wp-content\/uploads\/sites\/26\/2024\/08\/Tutorial-para-tramitacao-de-ACORDO-DE-PARCERIA-PARA-REALIZACAO-DE-ATIVIDADES-DE-EXTENSAO.pdf\" target=\"_blank\" rel=\"noreferrer noopener\">Tutorial-para-tramitacao-de-ACORDO-DE-PARCERIA-PARA-REALIZACAO-DE-ATIVIDADES-DE-EXTENSAO<\/a><a href=\"https:\/\/utfpr-ct-static-content.s3.amazonaws.com\/utfpr.curitiba.br\/wp-content\/uploads\/sites\/26\/2024\/08\/Tutorial-para-tramitacao-de-ACORDO-DE-PARCERIA-PARA-REALIZACAO-DE-ATIVIDADES-DE-EXTENSAO.pdf\" class=\"wp-block-file__button wp-element-button\" download aria-describedby=\"wp-block-file--media-8f713060-9e54-42bb-a9f0-387dfd4f9bf4\">Baixar<\/a><\/div>\n\n\n\n<p><\/p>\n\n\n\n<h4 class=\"wp-block-heading\">Termo de volunt\u00e1rio:<\/h4>\n\n\n\n<p>Os volunt\u00e1rios <strong>EXTERNOS<\/strong> \u00e0 UTFPR t\u00eam direito ao seguro de vida quando permanecem atuando no projeto.<\/p>\n\n\n\n<p>Para oficializar os volunt\u00e1rios de seu projeto basta entregar esse termo devidamente preenchido e assinado no DEPEX (pessoalmente ou via e-mail) para que os envolvidos sejam cobertos pelo seguro.<\/p>\n\n\n\n<p>Com o plano de seguro atualmente contratado pela UTFPR, todos os alunos de gradua\u00e7\u00e3o regularmente matriculados j\u00e1 est\u00e3o automaticamente inclu\u00eddos no seguro, n\u00e3o precisando do termo.<\/p>\n\n\n\n<p>Formul\u00e1rio dispon\u00edvel <a aria-label=\" (abre numa nova aba)\" href=\"http:\/\/www.utfpr.edu.br\/documentos\/relacoes-empresariais-e-comunitarias\/dirext\/formularios\" target=\"_blank\" rel=\"noreferrer noopener\">aqui<\/a>.<\/p>\n\n\n\n<p style=\"font-size:26px\">Planilha de gerenciamento de custos para eventos de extens\u00e3o pagos (cobran\u00e7a de inscri\u00e7\u00e3o via FUNTEF):<\/p>\n\n\n\n<p>Caso o evento de extens\u00e3o seja pago, \u00e9 necess\u00e1rio incluir o texto&nbsp;<strong>[Evento pago]<\/strong>&nbsp;no t\u00edtulo ou objetivo geral do registro no SAP.<\/p>\n\n\n\n<p>Nesses casos, \u00e9 preciso tamb\u00e9m enviar a planilha de custos ao e-mail do DEPEX, que ira fazer a verifica\u00e7\u00e3o e tramitar o processo via SEI.<\/p>\n\n\n\n<p>Modelo de planilha de custos:<\/p>\n\n\n\n<div class=\"wp-block-file\"><a id=\"wp-block-file--media-01fd4500-2f9e-49c3-81c4-d45d1456e984\" href=\"https:\/\/utfpr-ct-static-content.s3.amazonaws.com\/utfpr.curitiba.br\/wp-content\/uploads\/sites\/26\/2024\/03\/Planilha-FUNTEF_Sugestao-Eventos-de-Extensao_Vfinal.xlsx\">Planilha-FUNTEF_Sugestao-Eventos-de-Extensao_Vfinal<\/a><a href=\"https:\/\/utfpr-ct-static-content.s3.amazonaws.com\/utfpr.curitiba.br\/wp-content\/uploads\/sites\/26\/2024\/03\/Planilha-FUNTEF_Sugestao-Eventos-de-Extensao_Vfinal.xlsx\" class=\"wp-block-file__button wp-element-button\" download aria-describedby=\"wp-block-file--media-01fd4500-2f9e-49c3-81c4-d45d1456e984\">Baixar<\/a><\/div>\n\n\n\n<p><\/p>\n\n\n\n<h4 class=\"wp-block-heading\">Manual SAP\/Sistema de Extens\u00e3o:<\/h4>\n\n\n\n<p>Coordenadores: <a href=\"http:\/\/portal.utfpr.edu.br\/documentos\/relacoes-empresariais-e-comunitarias\/dirext\/formularios\/documentos-da-homologacao-de-projetos\" target=\"_blank\" rel=\"noreferrer noopener\" aria-label=\" (abre numa nova aba)\">acesse aqui<\/a>.<\/p>\n\n\n\n<p>Chefias: <a href=\"http:\/\/portal.utfpr.edu.br\/documentos\/relacoes-empresariais-e-comunitarias\/dirext\/formularios\/documentos-da-homologacao-de-projetos\" target=\"_blank\" rel=\"noreferrer noopener\" aria-label=\" (abre numa nova aba)\">acesse aqui<\/a>.<\/p>\n\n\n\n<h4 class=\"wp-block-heading\">Regulamentos e outros documentos de extens\u00e3o:<\/h4>\n\n\n\n<p>Portal da UTFPR: <a href=\"https:\/\/www.utfpr.edu.br\/extensao\/normas-e-legislacao?activeAccordion=c0f206d9-6561-4725-bdb0-ee1c36037b1a\" title=\"\">acesse aqui<\/a>.<\/p>\n","protected":false},"excerpt":{"rendered":"<p>Planilha para emiss\u00e3o das declara\u00e7\u00f5es: Ap\u00f3s a realiza\u00e7\u00e3o de um evento, ou finaliza\u00e7\u00e3o de um projeto ou de uma etapa<\/p>\n","protected":false},"author":27,"featured_media":0,"parent":555,"menu_order":0,"comment_status":"closed","ping_status":"closed","template":"","meta":{"colormag_page_container_layout":"default_layout","colormag_page_sidebar_layout":"default_layout","footnotes":""},"class_list":["post-956","page","type-page","status-publish","hentry"],"aioseo_notices":[],"_links":{"self":[{"href":"https:\/\/utfpr.curitiba.br\/extensao\/wp-json\/wp\/v2\/pages\/956","targetHints":{"allow":["GET"]}}],"collection":[{"href":"https:\/\/utfpr.curitiba.br\/extensao\/wp-json\/wp\/v2\/pages"}],"about":[{"href":"https:\/\/utfpr.curitiba.br\/extensao\/wp-json\/wp\/v2\/types\/page"}],"author":[{"embeddable":true,"href":"https:\/\/utfpr.curitiba.br\/extensao\/wp-json\/wp\/v2\/users\/27"}],"replies":[{"embeddable":true,"href":"https:\/\/utfpr.curitiba.br\/extensao\/wp-json\/wp\/v2\/comments?post=956"}],"version-history":[{"count":51,"href":"https:\/\/utfpr.curitiba.br\/extensao\/wp-json\/wp\/v2\/pages\/956\/revisions"}],"predecessor-version":[{"id":2015,"href":"https:\/\/utfpr.curitiba.br\/extensao\/wp-json\/wp\/v2\/pages\/956\/revisions\/2015"}],"up":[{"embeddable":true,"href":"https:\/\/utfpr.curitiba.br\/extensao\/wp-json\/wp\/v2\/pages\/555"}],"wp:attachment":[{"href":"https:\/\/utfpr.curitiba.br\/extensao\/wp-json\/wp\/v2\/media?parent=956"}],"curies":[{"name":"wp","href":"https:\/\/api.w.org\/{rel}","templated":true}]}}