{"id":951,"date":"2019-08-16T15:20:55","date_gmt":"2019-08-16T18:20:55","guid":{"rendered":"http:\/\/www.novodepex.ct.utfpr.edu.br\/?page_id=951"},"modified":"2023-11-08T15:35:17","modified_gmt":"2023-11-08T18:35:17","slug":"coordenar-projeto-de-extensao","status":"publish","type":"page","link":"https:\/\/utfpr.curitiba.br\/extensao\/area-do-coordenador\/coordenar-projeto-de-extensao\/","title":{"rendered":"Coordenar Projeto de Extens\u00e3o"},"content":{"rendered":"\n<p>Todos projetos de extens\u00e3o devem ser registrados no Sistema de Acompanhamento de Projetos \u2013 SAP e dependem de homologa\u00e7\u00e3o (comit\u00ea avaliador e departamento de extens\u00e3o), ap\u00f3s aprova\u00e7\u00e3o da chefia, dada diretamente no mesmo sistema.<\/p>\n\n\n\n<div id=\"http:\/\/portal.utfpr.edu.br\/documentos\/relacoes-empresariais-e-comunitarias\/dirext\/formularios\/documentos-da-homologacao-de-projetos\" class=\"wp-block-file\"><a id=\"wp-block-file--media-e28138c6-f2cf-4166-9340-cdada4afcdc1\" href=\"https:\/\/utfpr-ct-static-content.s3.amazonaws.com\/utfpr.curitiba.br\/wp-content\/uploads\/sites\/26\/2020\/02\/Crit\u00e9rios-de-Avalia\u00e7\u00e3o.pdf\">Conhe\u00e7a os crit\u00e9rios de avalia\u00e7\u00e3o dos Projetos de Extens\u00e3o<\/a><\/div>\n\n\n\n<p><\/p>\n\n\n\n<h4 class=\"wp-block-heading\">Conhe\u00e7a as etapas do processo de registro e homologa\u00e7\u00e3o de projetos:<\/h4>\n\n\n\n<figure class=\"wp-block-gallery has-nested-images columns-default is-cropped wp-block-gallery-1 is-layout-flex wp-block-gallery-is-layout-flex\">\n<figure class=\"wp-block-image size-large\"><img fetchpriority=\"high\" decoding=\"async\" width=\"971\" height=\"846\" data-id=\"952\" src=\"https:\/\/utfpr-ct-static-content.s3.amazonaws.com\/utfpr.curitiba.br\/wp-content\/uploads\/sites\/26\/2019\/08\/etapas_projeto.png\" alt=\"\" class=\"wp-image-952\" srcset=\"https:\/\/utfpr-ct-static-content.s3.amazonaws.com\/utfpr.curitiba.br\/wp-content\/uploads\/sites\/26\/2019\/08\/etapas_projeto.png 971w, https:\/\/utfpr-ct-static-content.s3.amazonaws.com\/utfpr.curitiba.br\/wp-content\/uploads\/sites\/26\/2019\/08\/etapas_projeto-300x261.png 300w, https:\/\/utfpr-ct-static-content.s3.amazonaws.com\/utfpr.curitiba.br\/wp-content\/uploads\/sites\/26\/2019\/08\/etapas_projeto-768x669.png 768w\" sizes=\"(max-width: 971px) 100vw, 971px\" \/><\/figure>\n<\/figure>\n\n\n\n<h4 class=\"wp-block-heading\">\nConfira o passo a passo:<\/h4>\n\n\n\n<ul class=\"wp-block-list\">\n<li>Acesso o <a href=\"https:\/\/sistemas2.utfpr.edu.br\/home\" data-type=\"URL\" data-id=\"https:\/\/sistemas2.utfpr.edu.br\/home\">SAP<\/a><\/li>\n\n\n\n<li>Login: o mesmo do sistema acad\u00eamico\/corporativo<\/li>\n\n\n\n<li>Senha: a mesma do sistema acad\u00eamico\/corporativo<\/li>\n\n\n\n<li>Clique na op\u00e7\u00e3o \u201cSistemas Corporativos Integrados\u201d<\/li>\n\n\n\n<li>Clique no \u00edcone \u201cExtens\u00e3o\u201d<\/li>\n\n\n\n<li>Clique em \u201cSAP \u2013 Coordenador\u201d<\/li>\n\n\n\n<li>Clique em \u201cNova proposta\u201d<\/li>\n\n\n\n<li>Preencha os dados selecionando a Modalidade da atividade &#8220;Projeto de Extens\u00e3o&#8221;<\/li>\n\n\n\n<li>Preencha todos os campos solicitados<\/li>\n\n\n\n<li>Salve a proposta<\/li>\n\n\n\n<li>Clique em &#8220;enviar proposta para avalia\u00e7\u00e3o&#8221;<\/li>\n\n\n\n<li>Sua chefia receber\u00e1 o registro para aprova\u00e7\u00e3o<\/li>\n\n\n\n<li>*Caso seja aprovado, o DEPEX enviar\u00e1 para avalia\u00e7\u00e3o do Comit\u00ea Avaliador e tamb\u00e9m far\u00e1 a avalia\u00e7\u00e3o do projeto<\/li>\n\n\n\n<li>**Caso a m\u00e9dia das notas das avalia\u00e7\u00f5es seja 4 ou superior, o projeto ser\u00e1 homologado<\/li>\n\n\n\n<li>O DEPEX devolver\u00e1 o registro via SAP informando da homologa\u00e7\u00e3o<\/li>\n\n\n\n<li>Execute o projeto<\/li>\n\n\n\n<li>Realize o acompanhamento do projeto (detalhes abaixo)<\/li>\n\n\n\n<li>Finalize o projeto (detalhes abaixo)<\/li>\n<\/ul>\n\n\n\n<p><em> *Se n\u00e3o for aprovado pela chefia, retornar\u00e1 diretamente \u00e0 coordena\u00e7\u00e3o<\/em><\/p>\n\n\n\n<p> <em>**Caso a nota seja inferior a 4 o projeto ser\u00e1 devolvido \u00e0 Coordena\u00e7\u00e3o para ajustes<\/em><\/p>\n\n\n\n<h4 class=\"wp-block-heading\">Campos de preenchimento no SAP:<\/h4>\n\n\n\n<ol class=\"wp-block-list\">\n<li>Cadastro b\u00e1sico: Dados Funcionais extra\u00eddos do SIAVI; T\u00edtulo da Atividade; Modalidade da Atividade; Op\u00e7\u00e3o de Fluxo de Homologa\u00e7\u00e3o; Per\u00edodo de Execu\u00e7\u00e3o; (obs: para registros retroativos o sistema solicita Justificativa).<\/li>\n\n\n\n<li>Caracteriza\u00e7\u00e3o da proposta: Objetivo Geral da Atividade; \u00c1rea Tem\u00e1tica; Objetivos de Desenvolvimento Sustent\u00e1vel &#8211; ODS; Quantidade de Pessoas Diretamente Atendidas (previs\u00e3o); Quantidade de Pessoas Indiretamente Atendidas (previs\u00e3o); P\u00fablico Alvo (g\u00eanero, faixa et\u00e1ria, ra\u00e7a, pessoa com defici\u00eancia); P\u00fablico Alvo (complemento); Local de Abrang\u00eancia.<\/li>\n\n\n\n<li>Recursos financeiros, humanos e f\u00edsicos: Parceiros; Contrapartida; Cronograma; Equipe Executora; Carga Hor\u00e1ria Total;<\/li>\n\n\n\n<li>Descri\u00e7\u00e3o detalhada: Introdu\u00e7\u00e3o; Objetivos Espec\u00edficos; Justificativa; M\u00e9todos e Procedimentos; Gera\u00e7\u00e3o de Produto(s); Resultados e\/ ou Produtos Esperados; Refer\u00eancias Bibliogr\u00e1ficas.<\/li>\n<\/ol>\n\n\n\n<h4 class=\"wp-block-heading\">Como acompanhar um projeto:<\/h4>\n\n\n\n<p>O acompanhamento dos projetos \u00e9 feito por meio de relat\u00f3rios parciais, preenchidos diretamente no Sistema de Acompanhamento de Projetos \u2013 <a rel=\"noreferrer noopener\" href=\"https:\/\/sistemas2.utfpr.edu.br\/home\" data-type=\"URL\" data-id=\"https:\/\/sistemas2.utfpr.edu.br\/home\" target=\"_blank\">SAP<\/a>, sendo obrigat\u00f3rio a cada seis meses para verifica\u00e7\u00e3o e acompanhamento dos resultados esperados.<\/p>\n\n\n\n<h4 class=\"wp-block-heading\">Como finalizar um projeto:<\/h4>\n\n\n\n<p>A finaliza\u00e7\u00e3o de um projeto \u00e9 feito por meio do relat\u00f3rio final, preenchido diretamente no Sistema de Acompanhamento de Projetos \u2013 <a href=\"https:\/\/sistemas2.utfpr.edu.br\/home\" data-type=\"URL\" data-id=\"https:\/\/sistemas2.utfpr.edu.br\/home\" target=\"_blank\" rel=\"noreferrer noopener\">SAP<\/a>, e a solicita\u00e7\u00e3o de declara\u00e7\u00e3o aos envolvidos no projeto.<\/p>\n\n\n\n<h4 class=\"wp-block-heading\">Quem pode receber declara\u00e7\u00e3o?<\/h4>\n\n\n\n<ul class=\"wp-block-list\">\n<li>Equipe executora \u2013 internos ou externos \u00e0 UTFPR<\/li>\n\n\n\n<li>Bolsistas \u2013 apenas alunos UTFPR<\/li>\n\n\n\n<li>Volunt\u00e1rios \u2013 internos ou externos \u00e0 UTFPR<\/li>\n\n\n\n<li>A coordena\u00e7\u00e3o \u2013 apenas servidores da UTFPR<\/li>\n<\/ul>\n\n\n\n<h4 class=\"wp-block-heading\"> Modelo de planilha para emiss\u00e3o das declara\u00e7\u00f5es:<\/h4>\n\n\n\n<div class=\"wp-block-file\"><a id=\"wp-block-file--media-8809b49f-0dfc-4db3-b605-79847ad918c6\" href=\"https:\/\/utfpr-ct-static-content.s3.amazonaws.com\/utfpr.curitiba.br\/wp-content\/uploads\/sites\/26\/2021\/12\/PLANILHA-GERAL-PARA-EMISSAO-DE-DECLARACAO-EXCEL-sem-CPF-1.xlsx\">PLANILHA GERAL PARA EMISS\u00c3O DE DECLARA\u00c7\u00c3O EXCEL<\/a><a href=\"https:\/\/utfpr-ct-static-content.s3.amazonaws.com\/utfpr.curitiba.br\/wp-content\/uploads\/sites\/26\/2021\/12\/PLANILHA-GERAL-PARA-EMISSAO-DE-DECLARACAO-EXCEL-sem-CPF-1.xlsx\" class=\"wp-block-file__button wp-element-button\" download aria-describedby=\"wp-block-file--media-8809b49f-0dfc-4db3-b605-79847ad918c6\">Baixar<\/a><\/div>\n\n\n\n<p>A planilha de dados para emiss\u00e3o das declara\u00e7\u00f5es pode ser anexada no SAP aos relat\u00f3rios parciais ou final, para emiss\u00e3o de declara\u00e7\u00f5es de acordo com as atividades realizadas.<\/p>\n\n\n\n<p>Caso deixe de anexar a um relat\u00f3rio no sistema, encaminhe a planilha preenchida para <a href=\"mailto:depex-ct@utfpr.edu.br\">depex-ct@utfpr.edu.br<\/a><\/p>\n","protected":false},"excerpt":{"rendered":"<p>Todos projetos de extens\u00e3o devem ser registrados no Sistema de Acompanhamento de Projetos \u2013 SAP e dependem de homologa\u00e7\u00e3o (comit\u00ea<\/p>\n","protected":false},"author":27,"featured_media":0,"parent":555,"menu_order":0,"comment_status":"closed","ping_status":"closed","template":"","meta":{"colormag_page_container_layout":"default_layout","colormag_page_sidebar_layout":"default_layout","footnotes":""},"class_list":["post-951","page","type-page","status-publish","hentry"],"aioseo_notices":[],"_links":{"self":[{"href":"https:\/\/utfpr.curitiba.br\/extensao\/wp-json\/wp\/v2\/pages\/951","targetHints":{"allow":["GET"]}}],"collection":[{"href":"https:\/\/utfpr.curitiba.br\/extensao\/wp-json\/wp\/v2\/pages"}],"about":[{"href":"https:\/\/utfpr.curitiba.br\/extensao\/wp-json\/wp\/v2\/types\/page"}],"author":[{"embeddable":true,"href":"https:\/\/utfpr.curitiba.br\/extensao\/wp-json\/wp\/v2\/users\/27"}],"replies":[{"embeddable":true,"href":"https:\/\/utfpr.curitiba.br\/extensao\/wp-json\/wp\/v2\/comments?post=951"}],"version-history":[{"count":22,"href":"https:\/\/utfpr.curitiba.br\/extensao\/wp-json\/wp\/v2\/pages\/951\/revisions"}],"predecessor-version":[{"id":1527,"href":"https:\/\/utfpr.curitiba.br\/extensao\/wp-json\/wp\/v2\/pages\/951\/revisions\/1527"}],"up":[{"embeddable":true,"href":"https:\/\/utfpr.curitiba.br\/extensao\/wp-json\/wp\/v2\/pages\/555"}],"wp:attachment":[{"href":"https:\/\/utfpr.curitiba.br\/extensao\/wp-json\/wp\/v2\/media?parent=951"}],"curies":[{"name":"wp","href":"https:\/\/api.w.org\/{rel}","templated":true}]}}