{"id":898,"date":"2019-08-16T14:01:05","date_gmt":"2019-08-16T17:01:05","guid":{"rendered":"http:\/\/www.novodepex.ct.utfpr.edu.br\/?page_id=898"},"modified":"2024-03-28T11:53:34","modified_gmt":"2024-03-28T14:53:34","slug":"areas-tematicas","status":"publish","type":"page","link":"https:\/\/utfpr.curitiba.br\/extensao\/sobre-a-extensao\/areas-tematicas\/","title":{"rendered":"\u00c1reas Tem\u00e1ticas"},"content":{"rendered":"\n<p>As \u00c1reas Tem\u00e1ticas tem por objetivo nortear a sistematiza\u00e7\u00e3o das a\u00e7\u00f5es de Extens\u00e3o Universit\u00e1ria em oito \u00e1reas correspondentes a grandes focos de pol\u00edtica social<sup>1<\/sup>. S\u00e3o elas: Comunica\u00e7\u00e3o, Cultura, Direitos Humanos e Justi\u00e7a, Educa\u00e7\u00e3o, Meio Ambiente, Sa\u00fade, Tecnologia e Produ\u00e7\u00e3o, e Trabalho.<\/p>\n\n\n\n<p>Na UTFPR, as \u00e1reas foram agrupadas de duas em duas em quatro N\u00facleos de Extens\u00e3o.<\/p>\n\n\n\n<hr class=\"wp-block-separator has-css-opacity\" \/>\n\n\n\n<hr class=\"wp-block-separator has-css-opacity\" \/>\n\n\n\n<p><em>1- F\u00f3rum de Pr\u00f3-Reitores de Extens\u00e3o das Universidades P\u00fablicas Brasileiras. <a href=\"https:\/\/www.ufmg.br\/proex\/renex\/images\/documentos\/2012-07-13-Politica-Nacional-de-Extensao.pdf\">Pol\u00edtica nacional de Extens\u00e3o Universit\u00e1ria<\/a>. Manaus: FORPROEX; 2012<\/em><\/p>\n","protected":false},"excerpt":{"rendered":"<p>As \u00c1reas Tem\u00e1ticas tem por objetivo nortear a sistematiza\u00e7\u00e3o das a\u00e7\u00f5es de Extens\u00e3o Universit\u00e1ria em oito \u00e1reas correspondentes a grandes<\/p>\n","protected":false},"author":27,"featured_media":0,"parent":444,"menu_order":0,"comment_status":"closed","ping_status":"closed","template":"","meta":{"colormag_page_container_layout":"default_layout","colormag_page_sidebar_layout":"default_layout","footnotes":""},"class_list":["post-898","page","type-page","status-publish","hentry"],"aioseo_notices":[],"_links":{"self":[{"href":"https:\/\/utfpr.curitiba.br\/extensao\/wp-json\/wp\/v2\/pages\/898","targetHints":{"allow":["GET"]}}],"collection":[{"href":"https:\/\/utfpr.curitiba.br\/extensao\/wp-json\/wp\/v2\/pages"}],"about":[{"href":"https:\/\/utfpr.curitiba.br\/extensao\/wp-json\/wp\/v2\/types\/page"}],"author":[{"embeddable":true,"href":"https:\/\/utfpr.curitiba.br\/extensao\/wp-json\/wp\/v2\/users\/27"}],"replies":[{"embeddable":true,"href":"https:\/\/utfpr.curitiba.br\/extensao\/wp-json\/wp\/v2\/comments?post=898"}],"version-history":[{"count":7,"href":"https:\/\/utfpr.curitiba.br\/extensao\/wp-json\/wp\/v2\/pages\/898\/revisions"}],"predecessor-version":[{"id":1664,"href":"https:\/\/utfpr.curitiba.br\/extensao\/wp-json\/wp\/v2\/pages\/898\/revisions\/1664"}],"up":[{"embeddable":true,"href":"https:\/\/utfpr.curitiba.br\/extensao\/wp-json\/wp\/v2\/pages\/444"}],"wp:attachment":[{"href":"https:\/\/utfpr.curitiba.br\/extensao\/wp-json\/wp\/v2\/media?parent=898"}],"curies":[{"name":"wp","href":"https:\/\/api.w.org\/{rel}","templated":true}]}}