{"id":555,"date":"2019-04-16T12:07:21","date_gmt":"2019-04-16T15:07:21","guid":{"rendered":"http:\/\/cursosdeextensao.ct.utfpr.edu.br\/?page_id=555"},"modified":"2023-03-30T08:40:12","modified_gmt":"2023-03-30T11:40:12","slug":"area-do-coordenador","status":"publish","type":"page","link":"https:\/\/utfpr.curitiba.br\/extensao\/area-do-coordenador\/","title":{"rendered":"\u00c1rea da Coordena\u00e7\u00e3o"},"content":{"rendered":"<h6 lang=\"zxx\">Orienta\u00e7\u00f5es Gerais<\/h6>\n<p lang=\"zxx\">As a\u00e7\u00f5es de extens\u00e3o das modalidades Evento, Projetos e Programas devem ser registrado no Sistema de Acompanhamento de Projetos, o SAP.<\/p>\n<p lang=\"zxx\">Siga os passos b\u00e1sicos abaixo para acessar o sistema:<\/p>\n<ol>\n<li>\n<p lang=\"zxx\"><a href=\"https:\/\/webapp.utfpr.edu.br\/sap\/coordenador\/login\" target=\"_blank\" rel=\"noopener noreferrer\">Acesse aqui<\/a> o Sistema de Acompanhamento de Projetos &#8211; SAP<\/p>\n<\/li>\n<li>\n<p lang=\"zxx\">Login: o mesmo do sistema acad\u00eamico\/corporativo<\/p>\n<\/li>\n<li>\n<p lang=\"zxx\">Senha: a mesma do sistema acad\u00eamico\/corporativo<\/p>\n<\/li>\n<li>\n<p lang=\"zxx\">Clique na aba &#8220;coordenador&#8221;<\/p>\n<\/li>\n<li>\n<p lang=\"zxx\">Clique em &#8220;nova proposta&#8221;<\/p>\n<\/li>\n<li>\n<p lang=\"zxx\">Preencha de acordo com a atividade desejada<\/p>\n<\/li>\n<li>\n<p lang=\"zxx\">Ap\u00f3s o preenchimento encaminhe para aprova\u00e7\u00e3o da chefia<\/p>\n<\/li>\n<li>\n<p lang=\"zxx\">Ap\u00f3s aprova\u00e7\u00e3o da chefia o DEPEX oficializa o registro com a numera\u00e7\u00e3o da proposta<\/p>\n<\/li>\n<li>\n<p lang=\"zxx\">Realize a a\u00e7\u00e3o<\/p>\n<\/li>\n<li>\n<p lang=\"zxx\">Solicite a emiss\u00e3o das declara\u00e7\u00f5es<\/p>\n<\/li>\n<li>\n<p lang=\"zxx\">DEPEX finaliza a proposta no SAP \u2013 Sistema de Acompanhamento de Projetos<\/p>\n<\/li>\n<\/ol>\n<p><span style=\"color: #3366ff;\"><a style=\"color: #3366ff;\" href=\"https:\/\/webapp.utfpr.edu.br\/sap\/coordenador\/login\" target=\"_blank\" rel=\"noopener noreferrer\">Sistema de Acompanhamento de Projetos &#8211; SAP<\/a><\/span><\/p>\n<p><span style=\"color: #3366ff;\"><a style=\"color: #3366ff;\" href=\"http:\/\/www.novodepex.ct.utfpr.edu.br\/area-do-coordenador\/coordenar-evento-de-extensao\/\" target=\"_blank\" rel=\"noopener noreferrer\">Registrar Evento<\/a><\/span><\/p>\n<p><span style=\"color: #3366ff;\"><a style=\"color: #3366ff;\" href=\"http:\/\/www.novodepex.ct.utfpr.edu.br\/area-do-coordenador\/coordenar-projeto-de-extensao\/\" target=\"_blank\" rel=\"noopener noreferrer\">Registrar Projeto<\/a><\/span><\/p>\n<p><span style=\"color: #000000;\"><a style=\"color: #000000;\" href=\"http:\/\/www.novodepex.ct.utfpr.edu.br\/area-do-coordenador\/propor-programa-de-extensao\/\" target=\"_blank\" rel=\"noopener noreferrer\"><span style=\"color: #3366ff;\">Propor Programa<\/span><\/a><\/span><\/p>\n<h6>Documentos importantes<\/h6>\n<p>Os formul\u00e1rios e documentos relacionados \u00e0 Extens\u00e3o Universit\u00e1ria est\u00e3o dispon\u00edveis na pagina:<\/p>\n<p><a class=\"internal-link\" title=\"\" href=\"http:\/\/www.utfpr.edu.br\/documentos\/relacoes-empresariais-e-comunitarias\/dirext\/formularios\" target=\"_blank\" rel=\"noopener noreferrer\"><span style=\"color: #3366ff;\">Formul\u00e1rios e Documentos<\/span><\/a><\/p>\n<h6>Regulamentos<\/h6>\n<p>Os regulamentos e demais documentos legais relacionados \u00e0 Extens\u00e3o Universit\u00e1ria est\u00e3o dispon\u00edveis na pagina:<\/p>\n<p><span style=\"color: #993300;\"><a class=\"internal-link\" style=\"color: #993300;\" title=\"\" href=\"http:\/\/www.utfpr.edu.br\/extensao\/apoio\" target=\"_blank\" rel=\"noopener noreferrer\"><span style=\"color: #3366ff;\">Apoio ao Extensionista<\/span><\/a><\/span><\/p>\n","protected":false},"excerpt":{"rendered":"<p>Orienta\u00e7\u00f5es Gerais As a\u00e7\u00f5es de extens\u00e3o das modalidades Evento, Projetos e Programas devem ser registrado no Sistema de Acompanhamento de<\/p>\n","protected":false},"author":27,"featured_media":0,"parent":0,"menu_order":0,"comment_status":"closed","ping_status":"closed","template":"","meta":{"colormag_page_container_layout":"default_layout","colormag_page_sidebar_layout":"default_layout","footnotes":""},"class_list":["post-555","page","type-page","status-publish","hentry"],"aioseo_notices":[],"_links":{"self":[{"href":"https:\/\/utfpr.curitiba.br\/extensao\/wp-json\/wp\/v2\/pages\/555","targetHints":{"allow":["GET"]}}],"collection":[{"href":"https:\/\/utfpr.curitiba.br\/extensao\/wp-json\/wp\/v2\/pages"}],"about":[{"href":"https:\/\/utfpr.curitiba.br\/extensao\/wp-json\/wp\/v2\/types\/page"}],"author":[{"embeddable":true,"href":"https:\/\/utfpr.curitiba.br\/extensao\/wp-json\/wp\/v2\/users\/27"}],"replies":[{"embeddable":true,"href":"https:\/\/utfpr.curitiba.br\/extensao\/wp-json\/wp\/v2\/comments?post=555"}],"version-history":[{"count":10,"href":"https:\/\/utfpr.curitiba.br\/extensao\/wp-json\/wp\/v2\/pages\/555\/revisions"}],"predecessor-version":[{"id":1127,"href":"https:\/\/utfpr.curitiba.br\/extensao\/wp-json\/wp\/v2\/pages\/555\/revisions\/1127"}],"wp:attachment":[{"href":"https:\/\/utfpr.curitiba.br\/extensao\/wp-json\/wp\/v2\/media?parent=555"}],"curies":[{"name":"wp","href":"https:\/\/api.w.org\/{rel}","templated":true}]}}