{"id":444,"date":"2019-04-16T10:53:58","date_gmt":"2019-04-16T13:53:58","guid":{"rendered":"http:\/\/cursosdeextensao.ct.utfpr.edu.br\/?page_id=444"},"modified":"2024-03-28T11:52:05","modified_gmt":"2024-03-28T14:52:05","slug":"sobre-a-extensao","status":"publish","type":"page","link":"https:\/\/utfpr.curitiba.br\/extensao\/sobre-a-extensao\/","title":{"rendered":"Sobre a Extens\u00e3o"},"content":{"rendered":"<p lang=\"zxx\" align=\"justify\">A Extens\u00e3o Universit\u00e1ria \u00e9 um processo interdisciplinar, educativo, cultural, cient\u00edfico e pol\u00edtico que promove a intera\u00e7\u00e3o transformadora entre Universidade e outros setores da sociedade.<sup>1<\/sup><\/p>\n<p lang=\"zxx\" align=\"justify\">Na UTFPR, a extens\u00e3o \u00e9 um dos eixos que permite incrementar o ensino por meio de uma pr\u00e1tica direcionada \u00e0 realidade e comprometida com a minimiza\u00e7\u00e3o dos problemas sociais visando ampliar o capital cultural da popula\u00e7\u00e3o, especialmente dos setores que n\u00e3o t\u00eam acesso a educa\u00e7\u00e3o formal.<sup>2<\/sup><\/p>\n<p lang=\"zxx\" align=\"justify\"><span style=\"color: #ffffff\">__<\/span><\/p>\n<h4>Modalidades<\/h4>\n<p lang=\"zxx\">H\u00e1 cinco Modalidades de Atividades Extensionistas<sup>1<\/sup> realizadas pelas Universidades P\u00fablicas Federais: programas, projetos, cursos e oficinas, eventos e presta\u00e7\u00e3o de servi\u00e7os.<\/p>\n<p lang=\"zxx\">No Campus Curitiba:<\/p>\n<p lang=\"zxx\">Os <strong>cursos<\/strong> s\u00e3o administrados pela Divis\u00e3o de Cursos \u2013 DICPRO e divulgados em sua p\u00e1gina. <a href=\"http:\/\/cursosdeextensao.ct.utfpr.edu.br\/\">Acesse aqui<\/a>.<\/p>\n<p lang=\"zxx\">A <strong>presta\u00e7\u00e3o de servi\u00e7os<\/strong> \u00e9 administrada pelo Departamento de Apoio e Projetos Tecnol\u00f3gicos, cujo contato pode ser realizado pelo e-mail: <a href=\"mailto:depet-ct@utfpr.edu.br\">depet-ct@utfpr.edu.br<\/a><\/p>\n<p lang=\"zxx\">As demais modalidades s\u00e3o registradas e geridas pelo Departamento de Extens\u00e3o:<\/p>\n<h6 lang=\"zxx\">Eventos<\/h6>\n<p lang=\"zxx\">A\u00e7\u00e3o de curta dura\u00e7\u00e3o, que implica na apresenta\u00e7\u00e3o e\/ou exibi\u00e7\u00e3o p\u00fablica, livre ou com clientela espec\u00edfica, do conhecimento ou produto cultural, art\u00edstico, esportivo, cient\u00edfico\/acad\u00eamico ou tecnol\u00f3gico desenvolvido, conservado ou reconhecido pela Universidade. Tipos:<\/p>\n<ul>\n<li>\n<p lang=\"zxx\">Congresso: conjunto de atividades, como mesas redondas, palestras, confer\u00eancias, apresenta\u00e7\u00e3o de trabalhos, cursos, minicursos, oficinas\/workshops.<\/p>\n<\/li>\n<li>\n<p lang=\"zxx\">Semin\u00e1rio e evento an\u00e1logo: eventos de m\u00e9dio porte, como encontro, simp\u00f3sio, jornada, col\u00f3quio, f\u00f3rum, mesa-redonda, etc.<\/p>\n<\/li>\n<li>\n<p lang=\"zxx\">Ciclo de debates: encontros sequenciais que visam \u00e0 discuss\u00e3o de um tema espec\u00edfico.<\/p>\n<\/li>\n<li>\n<p lang=\"zxx\">Exposi\u00e7\u00e3o: exibi\u00e7\u00e3o p\u00fablica de bens de car\u00e1ter cient\u00edfico, cultural, tecnol\u00f3gico, social e educativo; inclui: feira, sal\u00e3o, mostra, lan\u00e7amento, etc.<\/p>\n<\/li>\n<li>\n<p lang=\"zxx\">Espet\u00e1culo: apresenta\u00e7\u00e3o p\u00fablica de eventos art\u00edsticos; inclui: recital, concerto, show, teatro, exibi\u00e7\u00e3o de cinema, dan\u00e7a e interpreta\u00e7\u00e3o musical.<\/p>\n<\/li>\n<li>\n<p lang=\"zxx\">Evento esportivo: campeonato, torneio, olimp\u00edada, apresenta\u00e7\u00e3o esportiva.<\/p>\n<\/li>\n<li>\n<p lang=\"zxx\">Festival: s\u00e9rie de a\u00e7\u00f5es\/eventos ou espet\u00e1culos art\u00edsticos, culturais ou esportivos, realizados concomitantemente, em geral e medi\u00e7\u00f5es peri\u00f3dicas.<\/p>\n<\/li>\n<li>\n<p lang=\"zxx\">Outros: a\u00e7\u00e3o pontual de mobiliza\u00e7\u00e3o que visa a um objetivo definido; inclui campanha.<\/p>\n<\/li>\n<\/ul>\n<h6 lang=\"zxx\">Projetos<\/h6>\n<p lang=\"zxx\" align=\"justify\">A\u00e7\u00e3o de car\u00e1ter educativo, social, cultural, cient\u00edfico ou tecnol\u00f3gico, com dura\u00e7\u00e3o determinada de no m\u00ednimo 1 (um) ano, com objetivo focalizado, integrando o ensino e a pesquisa. Deve atender \u00e0s diretrizes de extens\u00e3o, podendo abranger, de forma vinculada, cursos, eventos e presta\u00e7\u00e3o de servi\u00e7os. O Projeto pode ser vinculado ou n\u00e3o a um Programa.<\/p>\n<h6 lang=\"zxx\" align=\"justify\">Programas<\/h6>\n<p lang=\"zxx\" align=\"justify\">Conjunto articulado de pelo menos dois projetos e outras a\u00e7\u00f5es de extens\u00e3o (cursos, eventos, presta\u00e7\u00e3o de servi\u00e7os e apoio tecnol\u00f3gico), de car\u00e1ter educativo, social, cultural, cient\u00edfico ou tecnol\u00f3gico, desenvolvido de forma processual e cont\u00ednua de no m\u00ednimo 4 anos, integrando o ensino e a pesquisa, que deve explicitar, necessariamente, a metodologia de articula\u00e7\u00e3o das diversas a\u00e7\u00f5es vinculadas; atender \u00e0s diretrizes de extens\u00e3o; e estar orientado por um eixo articulador voltado para um p\u00fablico, tem\u00e1tica, linha de extens\u00e3o ou recorte territorial.<\/p>\n<p lang=\"zxx\" align=\"justify\"><span style=\"color: #ffffff\">__<\/span><\/p>\n<h4>\u00c1reas Tem\u00e1ticas<em><br \/>\n<\/em><\/h4>\n<p lang=\"zxx\" align=\"justify\">As \u00c1reas Tem\u00e1ticas tem por objetivo nortear a sistematiza\u00e7\u00e3o das a\u00e7\u00f5es de Extens\u00e3o Universit\u00e1ria em oito \u00e1reas correspondentes a grandes focos de pol\u00edtica social<sup>1<\/sup>. S\u00e3o elas: Comunica\u00e7\u00e3o, Cultura, Direitos Humanos e Justi\u00e7a, Educa\u00e7\u00e3o, Meio Ambiente, Sa\u00fade, Tecnologia e Produ\u00e7\u00e3o, e Trabalho.<\/p>\n<p lang=\"zxx\" align=\"justify\">Na UTFPR, as \u00e1reas foram agrupadas de duas em duas em quatro N\u00facleos de Extens\u00e3o.<\/p>\n<p lang=\"zxx\"><span style=\"color: #ffffff\">__<\/span><\/p>\n<p><em>1- F\u00f3rum de Pr\u00f3-Reitores de Extens\u00e3o das Universidades P\u00fablicas Brasileiras. <a href=\"https:\/\/www.ufmg.br\/proex\/renex\/images\/documentos\/2012-07-13-Politica-Nacional-de-Extensao.pdf\">Pol\u00edtica nacional de Extens\u00e3o Universit\u00e1ria<\/a>. Manaus: FORPROEX; 2012<\/em><\/p>\n<p><em>2- <a href=\"http:\/\/www.utfpr.edu.br\/documentos\/relacoes-empresariais-e-comunitarias\/dirext\/regulamentos\/diretrizes-da-extensao-na-utfpr\">Diretrizes da Extens\u00e3o na UTFPR<\/a>.<\/em><\/p>\n","protected":false},"excerpt":{"rendered":"<p>A Extens\u00e3o Universit\u00e1ria \u00e9 um processo interdisciplinar, educativo, cultural, cient\u00edfico e pol\u00edtico que promove a intera\u00e7\u00e3o transformadora entre Universidade e<\/p>\n","protected":false},"author":27,"featured_media":0,"parent":0,"menu_order":0,"comment_status":"closed","ping_status":"closed","template":"","meta":{"colormag_page_container_layout":"default_layout","colormag_page_sidebar_layout":"default_layout","footnotes":""},"class_list":["post-444","page","type-page","status-publish","hentry"],"aioseo_notices":[],"_links":{"self":[{"href":"https:\/\/utfpr.curitiba.br\/extensao\/wp-json\/wp\/v2\/pages\/444","targetHints":{"allow":["GET"]}}],"collection":[{"href":"https:\/\/utfpr.curitiba.br\/extensao\/wp-json\/wp\/v2\/pages"}],"about":[{"href":"https:\/\/utfpr.curitiba.br\/extensao\/wp-json\/wp\/v2\/types\/page"}],"author":[{"embeddable":true,"href":"https:\/\/utfpr.curitiba.br\/extensao\/wp-json\/wp\/v2\/users\/27"}],"replies":[{"embeddable":true,"href":"https:\/\/utfpr.curitiba.br\/extensao\/wp-json\/wp\/v2\/comments?post=444"}],"version-history":[{"count":12,"href":"https:\/\/utfpr.curitiba.br\/extensao\/wp-json\/wp\/v2\/pages\/444\/revisions"}],"predecessor-version":[{"id":1662,"href":"https:\/\/utfpr.curitiba.br\/extensao\/wp-json\/wp\/v2\/pages\/444\/revisions\/1662"}],"wp:attachment":[{"href":"https:\/\/utfpr.curitiba.br\/extensao\/wp-json\/wp\/v2\/media?parent=444"}],"curies":[{"name":"wp","href":"https:\/\/api.w.org\/{rel}","templated":true}]}}