{"id":1789,"date":"2024-06-25T13:59:20","date_gmt":"2024-06-25T16:59:20","guid":{"rendered":"https:\/\/utfpr.curitiba.br\/extensao\/?page_id=1789"},"modified":"2025-04-04T12:41:30","modified_gmt":"2025-04-04T15:41:30","slug":"editais-de-extensao","status":"publish","type":"page","link":"https:\/\/utfpr.curitiba.br\/extensao\/editais-de-extensao\/","title":{"rendered":"EDITAIS DE EXTENS\u00c3O"},"content":{"rendered":"\n<h5 class=\"wp-block-heading\"><strong><mark style=\"background-color:#fcb900\" class=\"has-inline-color has-white-color\">Editais de extens\u00e3o vinculados ao DEPEX-CT<\/mark><\/strong><\/h5>\n\n\n\n<figure class=\"wp-block-table\"><table><tbody><tr><td><strong>EDITAL n\u00ba 8\/2025 &#8211; DIREC-CT\/DEPEX-CT &#8211; APOIO A PROJETOS DE EXTENS\u00c3O <a href=\"https:\/\/www.utfpr.edu.br\/editais\/relacoes-empresariais-e-comunitarias\/curitiba\/edital-no-8-2025-direc-ct-depex-ct-apoio-a-projetos-de-extensao\">https:\/\/www.utfpr.edu.br\/editais\/relacoes-empresariais-e-comunitarias\/curitiba\/edital-no-8-2025-direc-ct-depex-ct-apoio-a-projetos-de-extensao<\/a><\/strong><\/td><\/tr><tr><td><strong>EDITAL CONJUNTO PROREC PROGRAD N\u00ba 01\/2024 &#8211;&nbsp;SELE\u00c7\u00c3O DE PROJETOS DE EXTENS\u00c3O&nbsp;<a href=\"https:\/\/sei.utfpr.edu.br\/sei\/publicacoes\/controlador_publicacoes.php?acao=publicacao_visualizar&amp;id_documento=4598415&amp;id_orgao_publicacao=0\" target=\"_blank\" rel=\"noreferrer noopener\">https:\/\/www.utfpr.edu.br\/editais\/relacoes-empresariais-e-comunitarias\/reitoria\/edital-conjunto-prorec-prograd-no-01-2024-selecao-de-projetos-de-extensao<\/a><\/strong><\/td><\/tr><tr><td><strong>EDITAL N\u00ba 8\/2023 (DIREC\/DEPEX-CT) &#8211; APOIO A PROJETOS E PROGRAMAS DE EXTENS\u00c3O UNIVERSIT\u00c1RIA&nbsp;<a href=\"https:\/\/www.utfpr.edu.br\/editais\/relacoes-empresariais-e-comunitarias\/curitiba\/apoio-a-projetos-e-programas-de-extensao-universitaria\" target=\"_blank\" rel=\"noreferrer noopener\">https:\/\/www.utfpr.edu.br\/editais\/relacoes-empresariais-e-comunitarias\/curitiba\/apoio-a-projetos-e-programas-de-extensao-universitaria<\/a><\/strong><\/td><\/tr><tr><td><strong>EDITAL CONJUNTO PROREC PROGRAD N\u00ba 01\/2023 &#8211; SELE\u00c7\u00c3O DE PROJETOS DE EXTENS\u00c3O&nbsp;<a href=\"https:\/\/www.utfpr.edu.br\/editais\/relacoes-empresariais-e-comunitarias\/reitoria\/edital-conjunto-prorec-prograd-3\" target=\"_blank\" rel=\"noreferrer noopener\">https:\/\/www.utfpr.edu.br\/editais\/relacoes-empresariais-e-comunitarias\/reitoria\/edital-conjunto-prorec-prograd-3<\/a>&nbsp;<\/strong><\/td><\/tr><\/tbody><\/table><\/figure>\n\n\n\n<h5 class=\"wp-block-heading\"><mark style=\"background-color:#fcb900\" class=\"has-inline-color has-white-color\"><strong>&nbsp;Editais externos<\/strong><\/mark><\/h5>\n\n\n\n<figure class=\"wp-block-table\"><table><tbody><tr><td><strong>EDITAL DE PROJETOS PARA O PROGRAMA DE EXTENS\u00c3O PARA SUSTENTABILIDADE TERRITORIAL N\u00ba. 001\/2024 &#8211; PARQUE TECNOLOGICO ITAIPU&nbsp;<a href=\"https:\/\/www.pti.org.br\/links-extensao\/?utm_source=site-links-extensao&amp;utm_medium=lp-extensao\" target=\"_blank\" rel=\"noreferrer noopener\">https:\/\/www.pti.org.br\/links-extensao\/?utm_source=site-links-extensao&amp;utm_medium=lp-extensao<\/a>&nbsp;<\/strong><\/td><\/tr><\/tbody><\/table><\/figure>\n","protected":false},"excerpt":{"rendered":"<p>Editais de extens\u00e3o vinculados ao DEPEX-CT EDITAL n\u00ba 8\/2025 &#8211; DIREC-CT\/DEPEX-CT &#8211; APOIO A PROJETOS DE EXTENS\u00c3O https:\/\/www.utfpr.edu.br\/editais\/relacoes-empresariais-e-comunitarias\/curitiba\/edital-no-8-2025-direc-ct-depex-ct-apoio-a-projetos-de-extensao EDITAL CONJUNTO<\/p>\n","protected":false},"author":294,"featured_media":0,"parent":0,"menu_order":0,"comment_status":"closed","ping_status":"closed","template":"","meta":{"colormag_page_container_layout":"default_layout","colormag_page_sidebar_layout":"default_layout","footnotes":""},"class_list":["post-1789","page","type-page","status-publish","hentry"],"aioseo_notices":[],"_links":{"self":[{"href":"https:\/\/utfpr.curitiba.br\/extensao\/wp-json\/wp\/v2\/pages\/1789","targetHints":{"allow":["GET"]}}],"collection":[{"href":"https:\/\/utfpr.curitiba.br\/extensao\/wp-json\/wp\/v2\/pages"}],"about":[{"href":"https:\/\/utfpr.curitiba.br\/extensao\/wp-json\/wp\/v2\/types\/page"}],"author":[{"embeddable":true,"href":"https:\/\/utfpr.curitiba.br\/extensao\/wp-json\/wp\/v2\/users\/294"}],"replies":[{"embeddable":true,"href":"https:\/\/utfpr.curitiba.br\/extensao\/wp-json\/wp\/v2\/comments?post=1789"}],"version-history":[{"count":8,"href":"https:\/\/utfpr.curitiba.br\/extensao\/wp-json\/wp\/v2\/pages\/1789\/revisions"}],"predecessor-version":[{"id":1959,"href":"https:\/\/utfpr.curitiba.br\/extensao\/wp-json\/wp\/v2\/pages\/1789\/revisions\/1959"}],"wp:attachment":[{"href":"https:\/\/utfpr.curitiba.br\/extensao\/wp-json\/wp\/v2\/media?parent=1789"}],"curies":[{"name":"wp","href":"https:\/\/api.w.org\/{rel}","templated":true}]}}