{"id":1723,"date":"2024-06-03T16:45:56","date_gmt":"2024-06-03T19:45:56","guid":{"rendered":"https:\/\/utfpr.curitiba.br\/extensao\/?page_id=1723"},"modified":"2026-03-12T13:45:23","modified_gmt":"2026-03-12T16:45:23","slug":"catalogo-de-extensao","status":"publish","type":"page","link":"https:\/\/utfpr.curitiba.br\/extensao\/","title":{"rendered":"Extens\u00e3o UTFPR Curitiba"},"content":{"rendered":"\n<div class=\"wp-block-columns is-layout-flex wp-container-core-columns-is-layout-28f84493 wp-block-columns-is-layout-flex\">\n<div class=\"wp-block-column is-layout-flow wp-block-column-is-layout-flow\" style=\"flex-basis:100%\">\n<div class=\"wp-block-columns is-layout-flex wp-container-core-columns-is-layout-28f84493 wp-block-columns-is-layout-flex\">\n<div class=\"wp-block-column is-vertically-aligned-center is-layout-flow wp-block-column-is-layout-flow\" style=\"flex-basis:28%\">\n<figure class=\"wp-block-image size-large is-resized\"><a href=\"https:\/\/heyzine.com\/flip-book\/580df6501c.html\"><img fetchpriority=\"high\" decoding=\"async\" width=\"725\" height=\"1024\" src=\"https:\/\/utfpr-ct-static-content.s3.amazonaws.com\/utfpr.curitiba.br\/wp-content\/uploads\/sites\/26\/2025\/05\/Catalogo-de-Projetos-v2.2025-Capa-725x1024.png\" alt=\"\" class=\"wp-image-1996\" style=\"width:312px;height:auto\" srcset=\"https:\/\/utfpr-ct-static-content.s3.amazonaws.com\/utfpr.curitiba.br\/wp-content\/uploads\/sites\/26\/2025\/05\/Catalogo-de-Projetos-v2.2025-Capa-725x1024.png 725w, https:\/\/utfpr-ct-static-content.s3.amazonaws.com\/utfpr.curitiba.br\/wp-content\/uploads\/sites\/26\/2025\/05\/Catalogo-de-Projetos-v2.2025-Capa-212x300.png 212w, https:\/\/utfpr-ct-static-content.s3.amazonaws.com\/utfpr.curitiba.br\/wp-content\/uploads\/sites\/26\/2025\/05\/Catalogo-de-Projetos-v2.2025-Capa-768x1085.png 768w, https:\/\/utfpr-ct-static-content.s3.amazonaws.com\/utfpr.curitiba.br\/wp-content\/uploads\/sites\/26\/2025\/05\/Catalogo-de-Projetos-v2.2025-Capa-1087x1536.png 1087w, https:\/\/utfpr-ct-static-content.s3.amazonaws.com\/utfpr.curitiba.br\/wp-content\/uploads\/sites\/26\/2025\/05\/Catalogo-de-Projetos-v2.2025-Capa.png 1241w\" sizes=\"(max-width: 725px) 100vw, 725px\" \/><\/a><\/figure>\n<\/div>\n\n\n\n<div class=\"wp-block-column is-layout-flow wp-block-column-is-layout-flow\" style=\"flex-basis:50%\">\n<div class=\"wp-block-columns is-layout-flex wp-container-core-columns-is-layout-28f84493 wp-block-columns-is-layout-flex\">\n<div class=\"wp-block-column is-layout-flow wp-block-column-is-layout-flow\" style=\"flex-basis:100%\">\n<div class=\"wp-block-group is-layout-flow wp-block-group-is-layout-flow\">\n<div class=\"wp-block-group is-layout-constrained wp-block-group-is-layout-constrained\">\n<h6 class=\"wp-block-heading\"><strong>EVENTOS DE EXTENS\u00c3O<\/strong><\/h6>\n<\/div>\n\n\n\n<h6 class=\"wp-block-heading\"><strong>Para acessar o Cat\u00e1logo de Projetos de Extens\u00e3o,<a href=\"https:\/\/heyzine.com\/flip-book\/580df6501c.html\" title=\"\">clique aqui.<\/a><\/strong><\/h6>\n\n\n\n<h6 class=\"wp-block-heading\"><strong>CHEFIA INCORRETA NO SAP: no caso de problemas de chefia no sistema, <a href=\"https:\/\/utfpr.curitiba.br\/extensao\/2025\/04\/03\/chefias-incorretas-no-sistema-de-extensao-sap\/\" title=\"\">clique aqui.<\/a><\/strong><\/h6>\n\n\n\n<h6 class=\"wp-block-heading\"><strong>REGISTRO DE VISISTAS TECNICAS: Aviso importante do DEPEX,&nbsp;<a href=\"https:\/\/utfpr.curitiba.br\/extensao\/2024\/05\/28\/aviso-importante-do-depex-registros-de-visitas-tecnicas\/\">clique&nbsp;aqui<\/a><\/strong><\/h6>\n<\/div>\n<\/div>\n<\/div>\n\n\n\n<p><\/p>\n<\/div>\n<\/div>\n<\/div>\n<\/div>\n\n\n\n<h2 class=\"wp-block-heading\"><\/h2>\n\n\n\n<p><\/p>\n","protected":false},"excerpt":{"rendered":"<p>EVENTOS DE EXTENS\u00c3O Para acessar o Cat\u00e1logo de Projetos de Extens\u00e3o,clique aqui. CHEFIA INCORRETA NO SAP: no caso de problemas<\/p>\n","protected":false},"author":294,"featured_media":0,"parent":0,"menu_order":0,"comment_status":"closed","ping_status":"closed","template":"","meta":{"colormag_page_container_layout":"default_layout","colormag_page_sidebar_layout":"default_layout","footnotes":""},"class_list":["post-1723","page","type-page","status-publish","hentry"],"aioseo_notices":[],"_links":{"self":[{"href":"https:\/\/utfpr.curitiba.br\/extensao\/wp-json\/wp\/v2\/pages\/1723","targetHints":{"allow":["GET"]}}],"collection":[{"href":"https:\/\/utfpr.curitiba.br\/extensao\/wp-json\/wp\/v2\/pages"}],"about":[{"href":"https:\/\/utfpr.curitiba.br\/extensao\/wp-json\/wp\/v2\/types\/page"}],"author":[{"embeddable":true,"href":"https:\/\/utfpr.curitiba.br\/extensao\/wp-json\/wp\/v2\/users\/294"}],"replies":[{"embeddable":true,"href":"https:\/\/utfpr.curitiba.br\/extensao\/wp-json\/wp\/v2\/comments?post=1723"}],"version-history":[{"count":15,"href":"https:\/\/utfpr.curitiba.br\/extensao\/wp-json\/wp\/v2\/pages\/1723\/revisions"}],"predecessor-version":[{"id":2113,"href":"https:\/\/utfpr.curitiba.br\/extensao\/wp-json\/wp\/v2\/pages\/1723\/revisions\/2113"}],"wp:attachment":[{"href":"https:\/\/utfpr.curitiba.br\/extensao\/wp-json\/wp\/v2\/media?parent=1723"}],"curies":[{"name":"wp","href":"https:\/\/api.w.org\/{rel}","templated":true}]}}