{"id":15,"date":"2019-04-04T15:43:42","date_gmt":"2019-04-04T18:43:42","guid":{"rendered":"http:\/\/cursosdeextensao.ct.utfpr.edu.br\/?page_id=15"},"modified":"2025-08-07T10:35:06","modified_gmt":"2025-08-07T13:35:06","slug":"equipe","status":"publish","type":"page","link":"https:\/\/utfpr.curitiba.br\/extensao\/equipe\/","title":{"rendered":"Equipe"},"content":{"rendered":"<p lang=\"zxx\">O Departamento de Extens\u00e3o integra os departamentos da <a href=\"https:\/\/direc.ct.utfpr.edu.br\/\">Diretoria de Rela\u00e7\u00f5es Empresariais e Comunit\u00e1rias<\/a> e tem os seguintes objetivos gerais:<\/p>\n<ul>\n<li>\n<p lang=\"zxx\">Apoiar a coordena\u00e7\u00e3o de a\u00e7\u00f5es de extens\u00e3o nas atividades de registro, acompanhamento e finaliza\u00e7\u00e3o das mesmas;<\/p>\n<\/li>\n<li>\n<p lang=\"zxx\">Promover eventos para visibilidade dos projetos e programas realizados no Campus;<\/p>\n<\/li>\n<li>\n<p lang=\"zxx\">Coordenar a\u00e7\u00f5es dos n\u00facleos de extens\u00e3o do Campus buscando a integra\u00e7\u00e3o e a interdisciplinaridade de suas atua\u00e7\u00f5es;<\/p>\n<\/li>\n<li>\n<p lang=\"zxx\">Promover a parceria do Campus com institui\u00e7\u00f5es p\u00fablicas e privadas para a realiza\u00e7\u00e3o das a\u00e7\u00f5es de extens\u00e3o;<\/p>\n<\/li>\n<li>\n<p lang=\"zxx\">Atuar no acompanhamento e gest\u00e3o dos indicadores da \u00e1rea de extens\u00e3o do Campus;<\/p>\n<\/li>\n<li>\n<p lang=\"zxx\">Emitir declara\u00e7\u00f5es aos envolvidos nas atividades e demais documentos pertinentes.<\/p>\n<\/li>\n<\/ul>\n<h4 lang=\"zxx\">E-mail de contato: <strong>d<\/strong><strong>epex<\/strong><strong>-ct@utfpr.edu.b<\/strong><strong>r<\/strong><\/h4>\n<h3>__<\/h3>\n<h6>Nossa Equipe<\/h6>\n<h6 lang=\"zxx\">Chefe do Departamento:<\/h6>\n<p lang=\"zxx\"><a href=\"http:\/\/lattes.cnpq.br\/7947655435067442\" target=\"_blank\" rel=\"noopener\">Prof\u00aa\u00a0Silmara Alessi Guebur Roehrig<\/a><\/p>\n<p lang=\"zxx\">E-mail: roehrig@utfpr.edu.br<\/p>\n<p lang=\"zxx\">Fone: (41) 3310-4829 (whatsapp)<\/p>\n<p lang=\"zxx\">__<\/p>\n<h6 lang=\"zxx\">Assistente de Extens\u00e3o:<\/h6>\n<p lang=\"zxx\"><a href=\"http:\/\/lattes.cnpq.br\/4793643311063039\">Igor Mansur Beleski<\/a><\/p>\n<p lang=\"zxx\">E-mail: igorbeleski@utfpr.edu.br<\/p>\n<p lang=\"zxx\">Fone: (41) 3310-4826<\/p>\n","protected":false},"excerpt":{"rendered":"<p>O Departamento de Extens\u00e3o integra os departamentos da Diretoria de Rela\u00e7\u00f5es Empresariais e Comunit\u00e1rias e tem os seguintes objetivos gerais:<\/p>\n","protected":false},"author":27,"featured_media":0,"parent":0,"menu_order":0,"comment_status":"closed","ping_status":"closed","template":"","meta":{"colormag_page_container_layout":"default_layout","colormag_page_sidebar_layout":"default_layout","footnotes":""},"class_list":["post-15","page","type-page","status-publish","hentry"],"aioseo_notices":[],"_links":{"self":[{"href":"https:\/\/utfpr.curitiba.br\/extensao\/wp-json\/wp\/v2\/pages\/15","targetHints":{"allow":["GET"]}}],"collection":[{"href":"https:\/\/utfpr.curitiba.br\/extensao\/wp-json\/wp\/v2\/pages"}],"about":[{"href":"https:\/\/utfpr.curitiba.br\/extensao\/wp-json\/wp\/v2\/types\/page"}],"author":[{"embeddable":true,"href":"https:\/\/utfpr.curitiba.br\/extensao\/wp-json\/wp\/v2\/users\/27"}],"replies":[{"embeddable":true,"href":"https:\/\/utfpr.curitiba.br\/extensao\/wp-json\/wp\/v2\/comments?post=15"}],"version-history":[{"count":31,"href":"https:\/\/utfpr.curitiba.br\/extensao\/wp-json\/wp\/v2\/pages\/15\/revisions"}],"predecessor-version":[{"id":2034,"href":"https:\/\/utfpr.curitiba.br\/extensao\/wp-json\/wp\/v2\/pages\/15\/revisions\/2034"}],"wp:attachment":[{"href":"https:\/\/utfpr.curitiba.br\/extensao\/wp-json\/wp\/v2\/media?parent=15"}],"curies":[{"name":"wp","href":"https:\/\/api.w.org\/{rel}","templated":true}]}}