{"id":1467,"date":"2023-07-06T15:44:11","date_gmt":"2023-07-06T18:44:11","guid":{"rendered":"https:\/\/utfpr.curitiba.br\/extensao\/?page_id=1467"},"modified":"2023-07-06T16:32:27","modified_gmt":"2023-07-06T19:32:27","slug":"declaracoes","status":"publish","type":"page","link":"https:\/\/utfpr.curitiba.br\/extensao\/declaracoes\/","title":{"rendered":"Acesso \u00e0s declara\u00e7\u00f5es"},"content":{"rendered":"<p lang=\"zxx\">Ap\u00f3s a emiss\u00e3o, todas as declara\u00e7\u00f5es ficam dispon\u00edveis para acesso na <strong><em>lista p\u00fablica<\/em><\/strong>. Caso n\u00e3o tenha recebido uma declara\u00e7\u00e3o por e-mail, siga estes passos:<\/p>\n<ol>\n<li>\n<p lang=\"zxx\">Acesse <a href=\"http:\/\/apl.utfpr.edu.br\/extensao\/listaPublica\">http:\/\/apl.utfpr.edu.br\/extensao\/listaPublica<\/a>;<img fetchpriority=\"high\" decoding=\"async\" class=\" wp-image-1483 alignright\" src=\"https:\/\/utfpr-ct-static-content.s3.amazonaws.com\/utfpr.curitiba.br\/wp-content\/uploads\/sites\/26\/2023\/07\/ListaPublicaFinal-300x158.png\" alt=\"\" width=\"680\" height=\"358\" srcset=\"https:\/\/utfpr-ct-static-content.s3.amazonaws.com\/utfpr.curitiba.br\/wp-content\/uploads\/sites\/26\/2023\/07\/ListaPublicaFinal-300x158.png 300w, https:\/\/utfpr-ct-static-content.s3.amazonaws.com\/utfpr.curitiba.br\/wp-content\/uploads\/sites\/26\/2023\/07\/ListaPublicaFinal-1024x540.png 1024w, https:\/\/utfpr-ct-static-content.s3.amazonaws.com\/utfpr.curitiba.br\/wp-content\/uploads\/sites\/26\/2023\/07\/ListaPublicaFinal-768x405.png 768w, https:\/\/utfpr-ct-static-content.s3.amazonaws.com\/utfpr.curitiba.br\/wp-content\/uploads\/sites\/26\/2023\/07\/ListaPublicaFinal-390x205.png 390w, https:\/\/utfpr-ct-static-content.s3.amazonaws.com\/utfpr.curitiba.br\/wp-content\/uploads\/sites\/26\/2023\/07\/ListaPublicaFinal.png 1038w\" sizes=\"(max-width: 680px) 100vw, 680px\" \/><\/p>\n<\/li>\n<li>\n<p lang=\"zxx\">Selecione o campus <strong>Curitiba<\/strong>;<\/p>\n<\/li>\n<li>\n<p lang=\"zxx\">Selecione o <strong>Ano <\/strong>de realiza\u00e7\u00e3o da a\u00e7\u00e3o de extens\u00e3o;<\/p>\n<\/li>\n<li>\n<p lang=\"zxx\">Selecione a a\u00e7\u00e3o no campo <strong>Evento<\/strong>;<\/p>\n<\/li>\n<li>\n<p lang=\"zxx\">Identifique o seu nome na lista ou utilize o mecanismo de busca ao topo;<\/p>\n<\/li>\n<li>\n<p lang=\"zxx\">Clique no bot\u00e3o\u00a0<strong>Emitir; <\/strong><\/p>\n<\/li>\n<li>\n<p lang=\"zxx\">Confira os dados; e<\/p>\n<\/li>\n<li><strong>Clique para gerar o certificado.<\/strong><\/li>\n<\/ol>\n<p lang=\"zxx\">\n","protected":false},"excerpt":{"rendered":"<p>Ap\u00f3s a emiss\u00e3o, todas as declara\u00e7\u00f5es ficam dispon\u00edveis para acesso na lista p\u00fablica. Caso n\u00e3o tenha recebido uma declara\u00e7\u00e3o por<\/p>\n","protected":false},"author":231,"featured_media":0,"parent":0,"menu_order":0,"comment_status":"closed","ping_status":"closed","template":"","meta":{"colormag_page_container_layout":"default_layout","colormag_page_sidebar_layout":"default_layout","footnotes":""},"class_list":["post-1467","page","type-page","status-publish","hentry"],"aioseo_notices":[],"_links":{"self":[{"href":"https:\/\/utfpr.curitiba.br\/extensao\/wp-json\/wp\/v2\/pages\/1467","targetHints":{"allow":["GET"]}}],"collection":[{"href":"https:\/\/utfpr.curitiba.br\/extensao\/wp-json\/wp\/v2\/pages"}],"about":[{"href":"https:\/\/utfpr.curitiba.br\/extensao\/wp-json\/wp\/v2\/types\/page"}],"author":[{"embeddable":true,"href":"https:\/\/utfpr.curitiba.br\/extensao\/wp-json\/wp\/v2\/users\/231"}],"replies":[{"embeddable":true,"href":"https:\/\/utfpr.curitiba.br\/extensao\/wp-json\/wp\/v2\/comments?post=1467"}],"version-history":[{"count":9,"href":"https:\/\/utfpr.curitiba.br\/extensao\/wp-json\/wp\/v2\/pages\/1467\/revisions"}],"predecessor-version":[{"id":1486,"href":"https:\/\/utfpr.curitiba.br\/extensao\/wp-json\/wp\/v2\/pages\/1467\/revisions\/1486"}],"wp:attachment":[{"href":"https:\/\/utfpr.curitiba.br\/extensao\/wp-json\/wp\/v2\/media?parent=1467"}],"curies":[{"name":"wp","href":"https:\/\/api.w.org\/{rel}","templated":true}]}}