{"id":1420,"date":"2023-03-30T08:21:59","date_gmt":"2023-03-30T11:21:59","guid":{"rendered":"https:\/\/utfpr.curitiba.br\/extensao\/?page_id=1420"},"modified":"2026-04-06T09:29:54","modified_gmt":"2026-04-06T12:29:54","slug":"acoes-de-extensao","status":"publish","type":"page","link":"https:\/\/utfpr.curitiba.br\/extensao\/acoes-de-extensao\/","title":{"rendered":"A\u00e7\u00f5es de Extens\u00e3o"},"content":{"rendered":"\n<p>As planilhas a seguir apresentam as a\u00e7\u00f5es de extens\u00e3o devidamente registradas, homologadas e em andamento no Sistema de Extens\u00e3o\/SAP na data de confec\u00e7\u00e3o do arquivo.<\/p>\n\n\n\n<div class=\"wp-block-group is-horizontal is-content-justification-space-between is-nowrap is-layout-flex wp-container-core-group-is-layout-8a216e08 wp-block-group-is-layout-flex\" style=\"border-width:2px;border-radius:20px;margin-top:var(--wp--preset--spacing--20);margin-bottom:var(--wp--preset--spacing--20)\">\n<div class=\"wp-block-group is-nowrap is-layout-flex wp-container-core-group-is-layout-6c531013 wp-block-group-is-layout-flex\">\n<div class=\"wp-block-group is-layout-constrained wp-block-group-is-layout-constrained\">\n<div class=\"wp-block-group is-layout-constrained wp-block-group-is-layout-constrained\">\n<div class=\"wp-block-group is-nowrap is-layout-flex wp-container-core-group-is-layout-6c531013 wp-block-group-is-layout-flex\">\n<div class=\"wp-block-group is-nowrap is-layout-flex wp-container-core-group-is-layout-6c531013 wp-block-group-is-layout-flex\">\n<div class=\"wp-block-file\"><a id=\"wp-block-file--media-de8c5279-1189-4a3e-b605-ce21da23531f\" href=\"https:\/\/utfpr-ct-static-content.s3.amazonaws.com\/utfpr.curitiba.br\/wp-content\/uploads\/sites\/26\/2026\/04\/2026-03-MARCO.xlsx\">2026-03-30<\/a><a href=\"https:\/\/utfpr-ct-static-content.s3.amazonaws.com\/utfpr.curitiba.br\/wp-content\/uploads\/sites\/26\/2026\/04\/2026-03-MARCO.xlsx\" class=\"wp-block-file__button wp-element-button\" download aria-describedby=\"wp-block-file--media-de8c5279-1189-4a3e-b605-ce21da23531f\">Baixar<\/a><\/div>\n<\/div>\n<\/div>\n<\/div>\n<\/div>\n<\/div>\n<\/div>\n\n\n\n<div class=\"wp-block-group is-horizontal is-content-justification-space-between is-nowrap is-layout-flex wp-container-core-group-is-layout-8a216e08 wp-block-group-is-layout-flex\" style=\"border-width:2px;border-radius:20px;margin-top:var(--wp--preset--spacing--20);margin-bottom:var(--wp--preset--spacing--20)\">\n<div class=\"wp-block-group is-nowrap is-layout-flex wp-container-core-group-is-layout-6c531013 wp-block-group-is-layout-flex\">\n<div class=\"wp-block-group is-layout-constrained wp-block-group-is-layout-constrained\">\n<div class=\"wp-block-group is-layout-constrained wp-block-group-is-layout-constrained\">\n<div class=\"wp-block-group is-nowrap is-layout-flex wp-container-core-group-is-layout-6c531013 wp-block-group-is-layout-flex\">\n<div class=\"wp-block-group is-nowrap is-layout-flex wp-container-core-group-is-layout-6c531013 wp-block-group-is-layout-flex\">\n<div class=\"wp-block-file\"><a id=\"wp-block-file--media-4b6b64ad-2923-4546-bc53-f33c46290700\" href=\"https:\/\/utfpr-ct-static-content.s3.amazonaws.com\/utfpr.curitiba.br\/wp-content\/uploads\/sites\/26\/2025\/11\/2025-11-NOVEMBRO.xlsx\">2025-11-05<\/a><a href=\"https:\/\/utfpr-ct-static-content.s3.amazonaws.com\/utfpr.curitiba.br\/wp-content\/uploads\/sites\/26\/2025\/11\/2025-11-NOVEMBRO.xlsx\" class=\"wp-block-file__button wp-element-button\" download aria-describedby=\"wp-block-file--media-4b6b64ad-2923-4546-bc53-f33c46290700\">Baixar<\/a><\/div>\n\n\n\n<div class=\"wp-block-file\"><a id=\"wp-block-file--media-8cbfeb4a-c95f-45d5-a071-84916f3244f9\" href=\"https:\/\/utfpr-ct-static-content.s3.amazonaws.com\/utfpr.curitiba.br\/wp-content\/uploads\/sites\/26\/2025\/08\/2025-08-AGOSTO.xlsx\">2025-08-27<\/a><a href=\"https:\/\/utfpr-ct-static-content.s3.amazonaws.com\/utfpr.curitiba.br\/wp-content\/uploads\/sites\/26\/2025\/08\/2025-08-AGOSTO.xlsx\" class=\"wp-block-file__button wp-element-button\" download aria-describedby=\"wp-block-file--media-8cbfeb4a-c95f-45d5-a071-84916f3244f9\">Baixar<\/a><\/div>\n<\/div>\n\n\n\n<div class=\"wp-block-file\"><a id=\"wp-block-file--media-b1d3dbf0-3df9-4ffa-bdbb-adf06570cc7d\" href=\"https:\/\/utfpr-ct-static-content.s3.amazonaws.com\/utfpr.curitiba.br\/wp-content\/uploads\/sites\/26\/2025\/06\/2025-06-JUNHO.xlsx\">2025-06-27<\/a><a href=\"https:\/\/utfpr-ct-static-content.s3.amazonaws.com\/utfpr.curitiba.br\/wp-content\/uploads\/sites\/26\/2025\/06\/2025-06-JUNHO.xlsx\" class=\"wp-block-file__button wp-element-button\" download aria-describedby=\"wp-block-file--media-b1d3dbf0-3df9-4ffa-bdbb-adf06570cc7d\">Baixar<\/a><\/div>\n\n\n\n<div class=\"wp-block-file\" style=\"padding-top:0;padding-bottom:0\"><a id=\"wp-block-file--media-95098f12-1573-4c69-98dc-642319b0e03c\" href=\"https:\/\/utfpr-ct-static-content.s3.amazonaws.com\/utfpr.curitiba.br\/wp-content\/uploads\/sites\/26\/2025\/05\/2025-05-MAIO.xlsx\">2025-05-26<\/a><a href=\"https:\/\/utfpr-ct-static-content.s3.amazonaws.com\/utfpr.curitiba.br\/wp-content\/uploads\/sites\/26\/2025\/05\/2025-05-MAIO.xlsx\" class=\"wp-block-file__button wp-element-button\" download aria-describedby=\"wp-block-file--media-95098f12-1573-4c69-98dc-642319b0e03c\">Baixar<\/a><\/div>\n<\/div>\n<\/div>\n<\/div>\n\n\n\n<div class=\"wp-block-file\"><a id=\"wp-block-file--media-c3f3d6c9-a2fa-49e5-86da-542579c0e327\" href=\"https:\/\/utfpr-ct-static-content.s3.amazonaws.com\/utfpr.curitiba.br\/wp-content\/uploads\/sites\/26\/2025\/04\/2025-04-ABRIL.xlsx\">2025-04-28<\/a><a href=\"https:\/\/utfpr-ct-static-content.s3.amazonaws.com\/utfpr.curitiba.br\/wp-content\/uploads\/sites\/26\/2025\/04\/2025-04-ABRIL.xlsx\" class=\"wp-block-file__button wp-element-button\" download aria-describedby=\"wp-block-file--media-c3f3d6c9-a2fa-49e5-86da-542579c0e327\">Baixar<\/a><\/div>\n\n\n\n<div class=\"wp-block-file\"><a id=\"wp-block-file--media-02d39d9e-e310-496e-8cd9-466ecb97876f\" href=\"https:\/\/utfpr-ct-static-content.s3.amazonaws.com\/utfpr.curitiba.br\/wp-content\/uploads\/sites\/26\/2025\/03\/2025-03-MARCO.xlsx\">2025-03-28<\/a><a href=\"https:\/\/utfpr-ct-static-content.s3.amazonaws.com\/utfpr.curitiba.br\/wp-content\/uploads\/sites\/26\/2025\/03\/2025-03-MARCO.xlsx\" class=\"wp-block-file__button wp-element-button\" download aria-describedby=\"wp-block-file--media-02d39d9e-e310-496e-8cd9-466ecb97876f\">Baixar<\/a><\/div>\n<\/div>\n<\/div>\n\n\n\n<div class=\"wp-block-group is-nowrap is-layout-flex wp-container-core-group-is-layout-e6ae6926 wp-block-group-is-layout-flex\" style=\"border-width:2px;border-radius:20px;margin-top:var(--wp--preset--spacing--20);margin-bottom:var(--wp--preset--spacing--20)\">\n<div class=\"wp-block-file\"><a id=\"wp-block-file--media-55479b78-9638-4860-bc2d-eecd4c879f77\" href=\"https:\/\/utfpr-ct-static-content.s3.amazonaws.com\/utfpr.curitiba.br\/wp-content\/uploads\/sites\/26\/2025\/02\/2025-02-FEVEREIRO.xlsx\">2025-02-24<\/a><a href=\"https:\/\/utfpr-ct-static-content.s3.amazonaws.com\/utfpr.curitiba.br\/wp-content\/uploads\/sites\/26\/2025\/02\/2025-02-FEVEREIRO.xlsx\" class=\"wp-block-file__button wp-element-button\" download aria-describedby=\"wp-block-file--media-55479b78-9638-4860-bc2d-eecd4c879f77\">Baixar<\/a><\/div>\n\n\n\n<div class=\"wp-block-file\"><a id=\"wp-block-file--media-f56322a7-b367-40c5-8b45-ebc96be50d05\" href=\"https:\/\/utfpr-ct-static-content.s3.amazonaws.com\/utfpr.curitiba.br\/wp-content\/uploads\/sites\/26\/2024\/11\/2024-11-NOVEMBRO.xlsx\">2024-11-26<\/a><a href=\"https:\/\/utfpr-ct-static-content.s3.amazonaws.com\/utfpr.curitiba.br\/wp-content\/uploads\/sites\/26\/2024\/11\/2024-11-NOVEMBRO.xlsx\" class=\"wp-block-file__button wp-element-button\" download aria-describedby=\"wp-block-file--media-f56322a7-b367-40c5-8b45-ebc96be50d05\">Baixar<\/a><\/div>\n\n\n\n<div class=\"wp-block-file\"><a id=\"wp-block-file--media-49ad33ef-2e10-498f-8443-d78eefc755be\" href=\"https:\/\/utfpr-ct-static-content.s3.amazonaws.com\/utfpr.curitiba.br\/wp-content\/uploads\/sites\/26\/2024\/10\/2024-10-OUTUBRO-1.xlsx\">2024-10-25<\/a><a href=\"https:\/\/utfpr-ct-static-content.s3.amazonaws.com\/utfpr.curitiba.br\/wp-content\/uploads\/sites\/26\/2024\/10\/2024-10-OUTUBRO-1.xlsx\" class=\"wp-block-file__button wp-element-button\" download aria-describedby=\"wp-block-file--media-49ad33ef-2e10-498f-8443-d78eefc755be\">Baixar<\/a><\/div>\n\n\n\n<div class=\"wp-block-file\"><a id=\"wp-block-file--media-518170fb-735f-4da5-8450-676bf852b507\" href=\"https:\/\/utfpr-ct-static-content.s3.amazonaws.com\/utfpr.curitiba.br\/wp-content\/uploads\/sites\/26\/2024\/09\/2024-09-SETEMBRO.xlsx\">2024-09-26<\/a><a href=\"https:\/\/utfpr-ct-static-content.s3.amazonaws.com\/utfpr.curitiba.br\/wp-content\/uploads\/sites\/26\/2024\/09\/2024-09-SETEMBRO.xlsx\" class=\"wp-block-file__button wp-element-button\" download aria-describedby=\"wp-block-file--media-518170fb-735f-4da5-8450-676bf852b507\">Baixar<\/a><\/div>\n\n\n\n<div class=\"wp-block-file\"><a id=\"wp-block-file--media-aac31a7d-744e-4570-be68-f7e498a10ee9\" href=\"https:\/\/utfpr-ct-static-content.s3.amazonaws.com\/utfpr.curitiba.br\/wp-content\/uploads\/sites\/26\/2024\/08\/2024-08-AGOSTO.xlsx\">2024-08-28<\/a><a href=\"https:\/\/utfpr-ct-static-content.s3.amazonaws.com\/utfpr.curitiba.br\/wp-content\/uploads\/sites\/26\/2024\/08\/2024-08-AGOSTO.xlsx\" class=\"wp-block-file__button wp-element-button\" download aria-describedby=\"wp-block-file--media-aac31a7d-744e-4570-be68-f7e498a10ee9\">Baixar<\/a><\/div>\n\n\n\n<div class=\"wp-block-file\"><a id=\"wp-block-file--media-aac31a7d-744e-4570-be68-f7e498a10ee9\" href=\"https:\/\/utfpr-ct-static-content.s3.amazonaws.com\/utfpr.curitiba.br\/wp-content\/uploads\/sites\/26\/2024\/07\/2024-07-JULHO.xlsx\">2024-07-24<\/a><a href=\"https:\/\/utfpr-ct-static-content.s3.amazonaws.com\/utfpr.curitiba.br\/wp-content\/uploads\/sites\/26\/2024\/07\/2024-07-JULHO.xlsx\" class=\"wp-block-file__button wp-element-button\" download aria-describedby=\"wp-block-file--media-aac31a7d-744e-4570-be68-f7e498a10ee9\">Baixar<\/a><\/div>\n<\/div>\n\n\n\n<div class=\"wp-block-group is-nowrap is-layout-flex wp-container-core-group-is-layout-e6ae6926 wp-block-group-is-layout-flex\" style=\"border-width:2px;border-radius:20px;margin-top:var(--wp--preset--spacing--20);margin-bottom:var(--wp--preset--spacing--20)\">\n<div class=\"wp-block-file\"><a id=\"wp-block-file--media-aac31a7d-744e-4570-be68-f7e498a10ee9\" href=\"https:\/\/utfpr-ct-static-content.s3.amazonaws.com\/utfpr.curitiba.br\/wp-content\/uploads\/sites\/26\/2024\/05\/2024-05-MAIO-1.xlsx\">2024-05-17<\/a><a href=\"https:\/\/utfpr-ct-static-content.s3.amazonaws.com\/utfpr.curitiba.br\/wp-content\/uploads\/sites\/26\/2024\/05\/2024-05-MAIO-1.xlsx\" class=\"wp-block-file__button wp-element-button\" download aria-describedby=\"wp-block-file--media-aac31a7d-744e-4570-be68-f7e498a10ee9\">Baixar<\/a><\/div>\n\n\n\n<div class=\"wp-block-file\"><a id=\"wp-block-file--media-aac31a7d-744e-4570-be68-f7e498a10ee9\" href=\"https:\/\/utfpr-ct-static-content.s3.amazonaws.com\/utfpr.curitiba.br\/wp-content\/uploads\/sites\/26\/2024\/03\/2024-03-MARCO.xlsx\">2024-03-22<\/a><a href=\"https:\/\/utfpr-ct-static-content.s3.amazonaws.com\/utfpr.curitiba.br\/wp-content\/uploads\/sites\/26\/2024\/03\/2024-03-MARCO.xlsx\" class=\"wp-block-file__button wp-element-button\" download aria-describedby=\"wp-block-file--media-aac31a7d-744e-4570-be68-f7e498a10ee9\">Baixar<\/a><\/div>\n\n\n\n<div class=\"wp-block-file\"><a id=\"wp-block-file--media-aac31a7d-744e-4570-be68-f7e498a10ee9\" href=\"https:\/\/utfpr-ct-static-content.s3.amazonaws.com\/utfpr.curitiba.br\/wp-content\/uploads\/sites\/26\/2024\/02\/2024-02-FEVEREIRO.xlsx\">2024-02-21<\/a><a href=\"https:\/\/utfpr-ct-static-content.s3.amazonaws.com\/utfpr.curitiba.br\/wp-content\/uploads\/sites\/26\/2024\/02\/2024-02-FEVEREIRO.xlsx\" class=\"wp-block-file__button wp-element-button\" download aria-describedby=\"wp-block-file--media-aac31a7d-744e-4570-be68-f7e498a10ee9\">Baixar<\/a><\/div>\n\n\n\n<div class=\"wp-block-file\"><a id=\"wp-block-file--media-aac31a7d-744e-4570-be68-f7e498a10ee9\" href=\"https:\/\/utfpr-ct-static-content.s3.amazonaws.com\/utfpr.curitiba.br\/wp-content\/uploads\/sites\/26\/2023\/11\/2023-11-NOVEMBRO.xlsx\">2023-11-20<\/a><a href=\"https:\/\/utfpr-ct-static-content.s3.amazonaws.com\/utfpr.curitiba.br\/wp-content\/uploads\/sites\/26\/2023\/11\/2023-11-NOVEMBRO.xlsx\" class=\"wp-block-file__button wp-element-button\" download aria-describedby=\"wp-block-file--media-aac31a7d-744e-4570-be68-f7e498a10ee9\">Baixar<\/a><\/div>\n\n\n\n<div class=\"wp-block-file\"><a id=\"wp-block-file--media-aac31a7d-744e-4570-be68-f7e498a10ee9\" href=\"https:\/\/utfpr-ct-static-content.s3.amazonaws.com\/utfpr.curitiba.br\/wp-content\/uploads\/sites\/26\/2023\/10\/2023-10-OUTUBRO.xlsx\">2023-10-20<\/a><a href=\"https:\/\/utfpr-ct-static-content.s3.amazonaws.com\/utfpr.curitiba.br\/wp-content\/uploads\/sites\/26\/2023\/10\/2023-10-OUTUBRO.xlsx\" class=\"wp-block-file__button wp-element-button\" download aria-describedby=\"wp-block-file--media-aac31a7d-744e-4570-be68-f7e498a10ee9\">Baixar<\/a><\/div>\n\n\n\n<div class=\"wp-block-file\"><a id=\"wp-block-file--media-aac31a7d-744e-4570-be68-f7e498a10ee9\" href=\"https:\/\/utfpr-ct-static-content.s3.amazonaws.com\/utfpr.curitiba.br\/wp-content\/uploads\/sites\/26\/2023\/09\/2023-09-SETEMBRO.xlsx\">2023-09-20<\/a><a href=\"https:\/\/utfpr-ct-static-content.s3.amazonaws.com\/utfpr.curitiba.br\/wp-content\/uploads\/sites\/26\/2023\/09\/2023-09-SETEMBRO.xlsx\" class=\"wp-block-file__button wp-element-button\" download aria-describedby=\"wp-block-file--media-aac31a7d-744e-4570-be68-f7e498a10ee9\">Baixar<\/a><\/div>\n<\/div>\n\n\n\n<div class=\"wp-block-group is-nowrap is-layout-flex wp-container-core-group-is-layout-e6ae6926 wp-block-group-is-layout-flex\" style=\"border-width:2px;border-radius:20px;margin-top:var(--wp--preset--spacing--20);margin-bottom:var(--wp--preset--spacing--20)\">\n<div class=\"wp-block-file\"><a id=\"wp-block-file--media-aac31a7d-744e-4570-be68-f7e498a10ee9\" href=\"https:\/\/utfpr-ct-static-content.s3.amazonaws.com\/utfpr.curitiba.br\/wp-content\/uploads\/sites\/26\/2023\/08\/2023-08-AGOSTO.xlsx\">2023-08-21<\/a><a href=\"https:\/\/utfpr-ct-static-content.s3.amazonaws.com\/utfpr.curitiba.br\/wp-content\/uploads\/sites\/26\/2023\/08\/2023-08-AGOSTO.xlsx\" class=\"wp-block-file__button wp-element-button\" download aria-describedby=\"wp-block-file--media-aac31a7d-744e-4570-be68-f7e498a10ee9\">Baixar<\/a><\/div>\n\n\n\n<div class=\"wp-block-file\"><a id=\"wp-block-file--media-aac31a7d-744e-4570-be68-f7e498a10ee9\" href=\"https:\/\/utfpr-ct-static-content.s3.amazonaws.com\/utfpr.curitiba.br\/wp-content\/uploads\/sites\/26\/2023\/07\/2023-07-JULHO.xlsx\">2023-07-20<\/a><a href=\"https:\/\/utfpr-ct-static-content.s3.amazonaws.com\/utfpr.curitiba.br\/wp-content\/uploads\/sites\/26\/2023\/07\/2023-07-JULHO.xlsx\" class=\"wp-block-file__button wp-element-button\" download aria-describedby=\"wp-block-file--media-aac31a7d-744e-4570-be68-f7e498a10ee9\">Baixar<\/a><\/div>\n\n\n\n<div class=\"wp-block-file\"><a id=\"wp-block-file--media-aac31a7d-744e-4570-be68-f7e498a10ee9\" href=\"https:\/\/utfpr-ct-static-content.s3.amazonaws.com\/utfpr.curitiba.br\/wp-content\/uploads\/sites\/26\/2023\/06\/2023-06-JUNHO.xlsx\">2023-06-27<\/a><a href=\"https:\/\/utfpr-ct-static-content.s3.amazonaws.com\/utfpr.curitiba.br\/wp-content\/uploads\/sites\/26\/2023\/06\/2023-06-JUNHO.xlsx\" class=\"wp-block-file__button wp-element-button\" download aria-describedby=\"wp-block-file--media-aac31a7d-744e-4570-be68-f7e498a10ee9\">Baixar<\/a><\/div>\n\n\n\n<div class=\"wp-block-file\"><a id=\"wp-block-file--media-aac31a7d-744e-4570-be68-f7e498a10ee9\" href=\"https:\/\/utfpr-ct-static-content.s3.amazonaws.com\/utfpr.curitiba.br\/wp-content\/uploads\/sites\/26\/2023\/05\/2023-05-MAIO.xlsx\">2023-05-19<\/a><a href=\"https:\/\/utfpr-ct-static-content.s3.amazonaws.com\/utfpr.curitiba.br\/wp-content\/uploads\/sites\/26\/2023\/05\/2023-05-MAIO.xlsx\" class=\"wp-block-file__button wp-element-button\" download aria-describedby=\"wp-block-file--media-aac31a7d-744e-4570-be68-f7e498a10ee9\">Baixar<\/a><\/div>\n\n\n\n<div class=\"wp-block-file\"><a id=\"wp-block-file--media-67b3cd61-866e-4a23-bf78-82f41ca22413\" href=\"https:\/\/utfpr-ct-static-content.s3.amazonaws.com\/utfpr.curitiba.br\/wp-content\/uploads\/sites\/26\/2023\/04\/2023-04-ABRIL.xlsx\">2023-04-17<\/a><a href=\"https:\/\/utfpr-ct-static-content.s3.amazonaws.com\/utfpr.curitiba.br\/wp-content\/uploads\/sites\/26\/2023\/04\/2023-04-ABRIL.xlsx\" class=\"wp-block-file__button wp-element-button\" download aria-describedby=\"wp-block-file--media-67b3cd61-866e-4a23-bf78-82f41ca22413\">Baixar<\/a><\/div>\n\n\n\n<div class=\"wp-block-group is-layout-constrained wp-block-group-is-layout-constrained\">\n<div class=\"wp-block-file\"><a id=\"wp-block-file--media-67b3cd61-866e-4a23-bf78-82f41ca22413\" href=\"https:\/\/utfpr-ct-static-content.s3.amazonaws.com\/utfpr.curitiba.br\/wp-content\/uploads\/sites\/26\/2023\/03\/2023-03-MARCO.xlsx\">2023-03-16<\/a><a href=\"https:\/\/utfpr-ct-static-content.s3.amazonaws.com\/utfpr.curitiba.br\/wp-content\/uploads\/sites\/26\/2023\/03\/2023-03-MARCO.xlsx\" class=\"wp-block-file__button wp-element-button\" download aria-describedby=\"wp-block-file--media-67b3cd61-866e-4a23-bf78-82f41ca22413\">Baixar<\/a><\/div>\n<\/div>\n<\/div>\n\n\n\n<p><\/p>\n","protected":false},"excerpt":{"rendered":"<p>As planilhas a seguir apresentam as a\u00e7\u00f5es de extens\u00e3o devidamente registradas, homologadas e em andamento no Sistema de Extens\u00e3o\/SAP na<\/p>\n","protected":false},"author":27,"featured_media":0,"parent":0,"menu_order":0,"comment_status":"closed","ping_status":"closed","template":"","meta":{"colormag_page_container_layout":"default_layout","colormag_page_sidebar_layout":"default_layout","footnotes":""},"class_list":["post-1420","page","type-page","status-publish","hentry"],"aioseo_notices":[],"_links":{"self":[{"href":"https:\/\/utfpr.curitiba.br\/extensao\/wp-json\/wp\/v2\/pages\/1420","targetHints":{"allow":["GET"]}}],"collection":[{"href":"https:\/\/utfpr.curitiba.br\/extensao\/wp-json\/wp\/v2\/pages"}],"about":[{"href":"https:\/\/utfpr.curitiba.br\/extensao\/wp-json\/wp\/v2\/types\/page"}],"author":[{"embeddable":true,"href":"https:\/\/utfpr.curitiba.br\/extensao\/wp-json\/wp\/v2\/users\/27"}],"replies":[{"embeddable":true,"href":"https:\/\/utfpr.curitiba.br\/extensao\/wp-json\/wp\/v2\/comments?post=1420"}],"version-history":[{"count":31,"href":"https:\/\/utfpr.curitiba.br\/extensao\/wp-json\/wp\/v2\/pages\/1420\/revisions"}],"predecessor-version":[{"id":2123,"href":"https:\/\/utfpr.curitiba.br\/extensao\/wp-json\/wp\/v2\/pages\/1420\/revisions\/2123"}],"wp:attachment":[{"href":"https:\/\/utfpr.curitiba.br\/extensao\/wp-json\/wp\/v2\/media?parent=1420"}],"curies":[{"name":"wp","href":"https:\/\/api.w.org\/{rel}","templated":true}]}}