{"id":1256,"date":"2021-08-02T08:51:35","date_gmt":"2021-08-02T11:51:35","guid":{"rendered":"https:\/\/extensao.ct.utfpr.edu.br\/?page_id=1256"},"modified":"2024-09-09T08:46:43","modified_gmt":"2024-09-09T11:46:43","slug":"trabalhos-publicados","status":"publish","type":"page","link":"https:\/\/utfpr.curitiba.br\/extensao\/sobre-a-extensao\/publicacoes-de-extensao\/trabalhos-publicados\/","title":{"rendered":"Trabalhos publicados"},"content":{"rendered":"\n<p>Apresenta trabalhos extensionistas publicados pelas Coordena\u00e7\u00f5es e alunos do Campus Curitiba.<\/p>\n\n\n\n<div class=\"wp-block-columns is-layout-flex wp-container-core-columns-is-layout-28f84493 wp-block-columns-is-layout-flex\">\n<div class=\"wp-block-column is-layout-flow wp-block-column-is-layout-flow\" style=\"flex-basis:100%\"><\/div>\n<\/div>\n\n\n\n<p><span class=\"has-inline-color has-white-color\">.<\/span><\/p>\n\n\n\n<p>CRUZ DE SOUZA, A.; DE LIMA DIAS, M. S.; MOREIRA DA SILVA NETO, P.; MARIA BECKER, T.; ANTONIO DE SOUSA, E.; RODRIGUES DOS SANTOS, M. V. A EXTENS\u00c3O UNIVERSIT\u00c1RIA E O MOVIMENTO DOS TRABALHADORES RURAIS SEM TERRA:: PERSPECTIVAS E TECNOLOGIAS SOCIAIS NAS VIV\u00caNCIAS DO CAMPO. Revista Extens\u00e3o &amp; Sociedade, [S. l.], v. 16, n. 2, 2024. DOI: 10.21680\/2178-6054.2023v16n2ID34762.<\/p>\n\n\n\n<div class=\"wp-block-file\"><a id=\"wp-block-file--media-d7e0757b-b92a-40db-99e5-0b5fbe197a40\" href=\"https:\/\/utfpr-ct-static-content.s3.amazonaws.com\/utfpr.curitiba.br\/wp-content\/uploads\/sites\/26\/2024\/09\/Extensao-universitaria-Maria-Sara.pdf\">EXTENS\u00c3O UNIVERSIT\u00c1RIA E O MOVIMENTO DOS TRABALHADORES RURAIS SEM TERRA &#8211; 2024<\/a><a href=\"https:\/\/utfpr-ct-static-content.s3.amazonaws.com\/utfpr.curitiba.br\/wp-content\/uploads\/sites\/26\/2024\/09\/Extensao-universitaria-Maria-Sara.pdf\" class=\"wp-block-file__button wp-element-button\" download aria-describedby=\"wp-block-file--media-d7e0757b-b92a-40db-99e5-0b5fbe197a40\">Baixar<\/a><\/div>\n\n\n\n<p>Coord. DIAS, Maria Sara de Lima. RELATOS DE EXTENS\u00c3O: UM PROJETO ONLINE COM PR\u00c1TICAS DE YOGA. 2021. <\/p>\n\n\n\n<div class=\"wp-block-file\"><a id=\"wp-block-file--media-d7e0757b-b92a-40db-99e5-0b5fbe197a40\" href=\"https:\/\/utfpr-ct-static-content.s3.amazonaws.com\/utfpr.curitiba.br\/wp-content\/uploads\/sites\/26\/2021\/08\/RELATOS-DE-EXTENSAO-UM-PROJETO-ONLINECOM-PRATICAS-DE-YOGA-1.pdf\">RELATOS-DE-EXTENSAO-UM-PROJETO-ONLINECOM-PRATICAS-DE-YOGA-1<\/a><a href=\"https:\/\/utfpr-ct-static-content.s3.amazonaws.com\/utfpr.curitiba.br\/wp-content\/uploads\/sites\/26\/2021\/08\/RELATOS-DE-EXTENSAO-UM-PROJETO-ONLINECOM-PRATICAS-DE-YOGA-1.pdf\" class=\"wp-block-file__button wp-element-button\" download aria-describedby=\"wp-block-file--media-d7e0757b-b92a-40db-99e5-0b5fbe197a40\">Baixar<\/a><\/div>\n\n\n\n<p>Coord. DIAS, Maria Sara de Lima.  OFICINA DE FANZINE NA PANDEMIA. 2021.<\/p>\n\n\n\n<div class=\"wp-block-file\"><a id=\"wp-block-file--media-c69a4652-621b-4a87-8579-ee5b149202d2\" href=\"https:\/\/utfpr-ct-static-content.s3.amazonaws.com\/utfpr.curitiba.br\/wp-content\/uploads\/sites\/26\/2021\/08\/OFICINA-DE-FANZINE-NA-PANDEMIA.pdf\">OFICINA-DE-FANZINE-NA-PANDEMIA<\/a><a href=\"https:\/\/utfpr-ct-static-content.s3.amazonaws.com\/utfpr.curitiba.br\/wp-content\/uploads\/sites\/26\/2021\/08\/OFICINA-DE-FANZINE-NA-PANDEMIA.pdf\" class=\"wp-block-file__button wp-element-button\" download aria-describedby=\"wp-block-file--media-c69a4652-621b-4a87-8579-ee5b149202d2\">Baixar<\/a><\/div>\n\n\n\n<p>Coord. JUNIOR, Francisco Rodrigues Lima. MAPEAMENTO DOS PROCESSOS DA CASA DO ESTUDANTE LUTERANO UNIVERSIT\u00c1RIO. 2019.<\/p>\n\n\n\n<div class=\"wp-block-file\"><a id=\"wp-block-file--media-2ad6bc1e-eb29-41ee-a701-bd3a19266be3\" href=\"https:\/\/utfpr-ct-static-content.s3.amazonaws.com\/utfpr.curitiba.br\/wp-content\/uploads\/sites\/26\/2021\/08\/MAPEAMENTO-DOS-PROCESSOS-DA-CASA-DO-ESTUDANTE-LUTERANO-UNIVERSITARIO.pdf\">MAPEAMENTO-DOS-PROCESSOS-DA-CASA-DO-ESTUDANTE-LUTERANO-UNIVERSITARIO<\/a><a href=\"https:\/\/utfpr-ct-static-content.s3.amazonaws.com\/utfpr.curitiba.br\/wp-content\/uploads\/sites\/26\/2021\/08\/MAPEAMENTO-DOS-PROCESSOS-DA-CASA-DO-ESTUDANTE-LUTERANO-UNIVERSITARIO.pdf\" class=\"wp-block-file__button wp-element-button\" download aria-describedby=\"wp-block-file--media-2ad6bc1e-eb29-41ee-a701-bd3a19266be3\">Baixar<\/a><\/div>\n\n\n\n<p>Coord. JUNIOR, Francisco Rodrigues Lima.  IMPLANTA\u00c7\u00c3O DE UM SOFTWARE DE APOIO \u00c0 GEST\u00c3O DE PROJETOS NA ESCOLA DE GEST\u00c3O E ECONOMIA DA UTFPR. 2018.<\/p>\n\n\n\n<div class=\"wp-block-file\"><a id=\"wp-block-file--media-de073b73-beea-49f1-a5a4-f0f4f5a4891f\" href=\"https:\/\/utfpr-ct-static-content.s3.amazonaws.com\/utfpr.curitiba.br\/wp-content\/uploads\/sites\/26\/2021\/08\/IMPLANTACAO-DE-UM-SOFTWARE-DE-APOIO-A-GESTAO-DE-PROJETOS-NA-ESCOLA-DE-GESTAO-E-ECONOMIA-DA-UTFPR.pdf\">IMPLANTACAO-DE-UM-SOFTWARE-DE-APOIO-A-GESTAO-DE-PROJETOS-NA-ESCOLA-DE-GESTAO-E-ECONOMIA-DA-UTFPR<\/a><a href=\"https:\/\/utfpr-ct-static-content.s3.amazonaws.com\/utfpr.curitiba.br\/wp-content\/uploads\/sites\/26\/2021\/08\/IMPLANTACAO-DE-UM-SOFTWARE-DE-APOIO-A-GESTAO-DE-PROJETOS-NA-ESCOLA-DE-GESTAO-E-ECONOMIA-DA-UTFPR.pdf\" class=\"wp-block-file__button wp-element-button\" download aria-describedby=\"wp-block-file--media-de073b73-beea-49f1-a5a4-f0f4f5a4891f\">Baixar<\/a><\/div>\n\n\n\n<p>Coord. JUNIOR, Francisco Rodrigues Lima.  MAPEAMENTO E MELHORIA DOS PROCESSOS DE GEST\u00c3O DE UM PROGRAMA DE P\u00d3S-GRADUA\u00c7\u00c3O. 2020.<\/p>\n\n\n\n<div class=\"wp-block-file\"><a id=\"wp-block-file--media-4e5d5ee0-058b-49e4-8440-77c01a7dc446\" href=\"https:\/\/utfpr-ct-static-content.s3.amazonaws.com\/utfpr.curitiba.br\/wp-content\/uploads\/sites\/26\/2021\/08\/Mapeamento-e-Melhoria-dos-Processos-de-Gestao-de-um-Programa-de-Pos-Graduacao.pdf\">Mapeamento-e-Melhoria-dos-Processos-de-Gestao-de-um-Programa-de-Pos-Graduacao<\/a><a href=\"https:\/\/utfpr-ct-static-content.s3.amazonaws.com\/utfpr.curitiba.br\/wp-content\/uploads\/sites\/26\/2021\/08\/Mapeamento-e-Melhoria-dos-Processos-de-Gestao-de-um-Programa-de-Pos-Graduacao.pdf\" class=\"wp-block-file__button wp-element-button\" download aria-describedby=\"wp-block-file--media-4e5d5ee0-058b-49e4-8440-77c01a7dc446\">Baixar<\/a><\/div>\n\n\n\n<p>Coord. JUNIOR, Francisco Rodrigues Lima. LIVRO: Aplica\u00e7\u00f5es de T\u00e9cnicas de Gest\u00e3o de Processos em Pequenas Empresas: Experi\u00eancias da Extens\u00e3o Universit\u00e1ria. S\u00e3o Paulo: Novas Edi\u00e7\u00f5es Acad\u00eamicas, 2019.<\/p>\n\n\n\n<div class=\"wp-block-file\"><a id=\"wp-block-file--media-4d8ece7a-9aed-43d5-a64a-c5289eb238c7\" href=\"https:\/\/utfpr-ct-static-content.s3.amazonaws.com\/utfpr.curitiba.br\/wp-content\/uploads\/sites\/26\/2021\/08\/Aplicacoes-de-Tecnicas-de-Gestao-de-Processos-em-Pequenas-Empresas-capa.pdf\">Aplicacoes-de-Tecnicas-de-Gestao-de-Processos-em-Pequenas-Empresas-capa<\/a><a href=\"https:\/\/utfpr-ct-static-content.s3.amazonaws.com\/utfpr.curitiba.br\/wp-content\/uploads\/sites\/26\/2021\/08\/Aplicacoes-de-Tecnicas-de-Gestao-de-Processos-em-Pequenas-Empresas-capa.pdf\" class=\"wp-block-file__button wp-element-button\" download aria-describedby=\"wp-block-file--media-4d8ece7a-9aed-43d5-a64a-c5289eb238c7\">Baixar<\/a><\/div>\n\n\n\n<p>Coord. PAULO, Anderson Caetano. Ingesta\u0303o de lipi\u0301dios e risco a\u0300 sau\u0301de baseado em diferentes indicadores antropome\u0301tricos em policias militares de Curitiba, Parana\u0301. 2019<\/p>\n\n\n\n<div class=\"wp-block-file\"><a id=\"wp-block-file--media-28d6e02c-3fdb-4ae0-ad03-55dab3829dee\" href=\"https:\/\/utfpr-ct-static-content.s3.amazonaws.com\/utfpr.curitiba.br\/wp-content\/uploads\/sites\/26\/2021\/08\/Ingesta\u0303o-de-lipi\u0301dios-e-risco-a\u0300-sau\u0301de-baseado-em-diferentes-indicadores-antropome\u0301tricos-em-policias-militares-de-Curitiba-Parana\u0301.pdf\">Ingesta\u0303o-de-lipi\u0301dios-e-risco-a\u0300-sau\u0301de-baseado-em-diferentes-indicadores-antropome\u0301tricos-em-policias-militares-de-Curitiba-Parana\u0301<\/a><a href=\"https:\/\/utfpr-ct-static-content.s3.amazonaws.com\/utfpr.curitiba.br\/wp-content\/uploads\/sites\/26\/2021\/08\/Ingesta\u0303o-de-lipi\u0301dios-e-risco-a\u0300-sau\u0301de-baseado-em-diferentes-indicadores-antropome\u0301tricos-em-policias-militares-de-Curitiba-Parana\u0301.pdf\" class=\"wp-block-file__button wp-element-button\" download aria-describedby=\"wp-block-file--media-28d6e02c-3fdb-4ae0-ad03-55dab3829dee\">Baixar<\/a><\/div>\n\n\n\n<p>Coord. PAULO, Anderson Caetano.  Avalia\u00e7\u00e3o f\u00edsica e situa\u00e7\u00f5es de operacionalidade do policial militar um estudo correlacional do Teste de Aptid\u00e3o F\u00edsica e do PARE-test. 2018.<\/p>\n\n\n\n<div class=\"wp-block-file\"><a id=\"wp-block-file--media-a26e6bd5-2d8f-4030-aa21-d7ffba98dde9\" href=\"https:\/\/utfpr-ct-static-content.s3.amazonaws.com\/utfpr.curitiba.br\/wp-content\/uploads\/sites\/26\/2021\/08\/Avaliacao-fisica-e-situacoes-de-operacionalidade-do-policial-militar-um-estudo-correlacional-do-Teste-de-Aptidao-Fisica-e-do-PARE-test.pdf\">Avaliacao-fisica-e-situacoes-de-operacionalidade-do-policial-militar-um-estudo-correlacional-do-Teste-de-Aptidao-Fisica-e-do-PARE-test<\/a><a href=\"https:\/\/utfpr-ct-static-content.s3.amazonaws.com\/utfpr.curitiba.br\/wp-content\/uploads\/sites\/26\/2021\/08\/Avaliacao-fisica-e-situacoes-de-operacionalidade-do-policial-militar-um-estudo-correlacional-do-Teste-de-Aptidao-Fisica-e-do-PARE-test.pdf\" class=\"wp-block-file__button wp-element-button\" download aria-describedby=\"wp-block-file--media-a26e6bd5-2d8f-4030-aa21-d7ffba98dde9\">Baixar<\/a><\/div>\n\n\n\n<p>Coord. PAULO, Anderson Caetano. A obrigatoriedade do teste de aptid\u00e3o f\u00edsica como fator de melhora no desempenho f\u00edsico dos Oficiais da Pol\u00edcia Militar do Estado do Paran\u00e1, Brasil. 2020.<\/p>\n\n\n\n<div class=\"wp-block-file\"><a id=\"wp-block-file--media-46d1c866-219f-4440-abdb-f22dd761e671\" href=\"https:\/\/utfpr-ct-static-content.s3.amazonaws.com\/utfpr.curitiba.br\/wp-content\/uploads\/sites\/26\/2021\/08\/A-obrigatoriedade-do-teste-de-aptidao-fisica-como-fator-de-melhora-no-desempenho-fisico-dos-Oficiais-da-Policia-Militar-do-Estado-do-Parana-Brasil.pdf\">A-obrigatoriedade-do-teste-de-aptidao-fisica-como-fator-de-melhora-no-desempenho-fisico-dos-Oficiais-da-Policia-Militar-do-Estado-do-Parana-Brasil<\/a><a href=\"https:\/\/utfpr-ct-static-content.s3.amazonaws.com\/utfpr.curitiba.br\/wp-content\/uploads\/sites\/26\/2021\/08\/A-obrigatoriedade-do-teste-de-aptidao-fisica-como-fator-de-melhora-no-desempenho-fisico-dos-Oficiais-da-Policia-Militar-do-Estado-do-Parana-Brasil.pdf\" class=\"wp-block-file__button wp-element-button\" download aria-describedby=\"wp-block-file--media-46d1c866-219f-4440-abdb-f22dd761e671\">Baixar<\/a><\/div>\n\n\n\n<p>Coord. PAULO, Anderson Caetano. Physical Performance, Anthropometrics and Functional Characteristics Influence the Intensity of Nonspecific Chronic Low Back Pain in Military Police Officers. 2020.<\/p>\n\n\n\n<div class=\"wp-block-file\"><a id=\"wp-block-file--media-53009ecd-989b-4149-a9d4-b043fc1b0ae1\" href=\"https:\/\/utfpr-ct-static-content.s3.amazonaws.com\/utfpr.curitiba.br\/wp-content\/uploads\/sites\/26\/2021\/08\/Physical-Performance.pdf\">Physical-Performance<\/a><a href=\"https:\/\/utfpr-ct-static-content.s3.amazonaws.com\/utfpr.curitiba.br\/wp-content\/uploads\/sites\/26\/2021\/08\/Physical-Performance.pdf\" class=\"wp-block-file__button wp-element-button\" download aria-describedby=\"wp-block-file--media-53009ecd-989b-4149-a9d4-b043fc1b0ae1\">Baixar<\/a><\/div>\n\n\n\n<p>Coord. PAULO, Anderson Caetano. VARIABILIDADE DA FREQU\u00caNCIA CARD\u00cdACA E N\u00cdVEL DE ESTRESSE EM POLICIAIS MILITARES DO PARAN\u00c1 AP\u00d3S INTERVEN\u00c7\u00c3O EM OCORR\u00caNCIA COM EXPLOSIVOS. 2020.<\/p>\n\n\n\n<div class=\"wp-block-file\"><a id=\"wp-block-file--media-635e5e76-013c-44cc-b9a7-a9a8772ffc07\" href=\"https:\/\/utfpr-ct-static-content.s3.amazonaws.com\/utfpr.curitiba.br\/wp-content\/uploads\/sites\/26\/2021\/08\/VARIABILIDADE-DA-FREQUENCIA-CARDIACA-E-NIVEL-DE-ESTRESSE-EM-POLICIAIS-MILITARES-DO-PARANA-APOS-INTERVENCAO-EM-OCORRENCIA-COM-EXPLOSIVOS.pdf\">VARIABILIDADE-DA-FREQUENCIA-CARDIACA-E-NIVEL-DE-ESTRESSE-EM-POLICIAIS-MILITARES-DO-PARANA-APOS-INTERVENCAO-EM-OCORRENCIA-COM-EXPLOSIVOS<\/a><a href=\"https:\/\/utfpr-ct-static-content.s3.amazonaws.com\/utfpr.curitiba.br\/wp-content\/uploads\/sites\/26\/2021\/08\/VARIABILIDADE-DA-FREQUENCIA-CARDIACA-E-NIVEL-DE-ESTRESSE-EM-POLICIAIS-MILITARES-DO-PARANA-APOS-INTERVENCAO-EM-OCORRENCIA-COM-EXPLOSIVOS.pdf\" class=\"wp-block-file__button wp-element-button\" download aria-describedby=\"wp-block-file--media-635e5e76-013c-44cc-b9a7-a9a8772ffc07\">Baixar<\/a><\/div>\n\n\n\n<p>Coord. SCHEFFLER, Ismael.&nbsp;&nbsp;As m\u00e1scaras do espet\u00e1culo OCO e contribui\u00e7\u00f5es na dramaturgia visual. 2021.<\/p>\n\n\n\n<div class=\"wp-block-file\"><a id=\"wp-block-file--media-2aed7f0c-7273-4a62-b90b-492c2f7cbfbc\" href=\"https:\/\/utfpr-ct-static-content.s3.amazonaws.com\/utfpr.curitiba.br\/wp-content\/uploads\/sites\/26\/2021\/08\/As-mascaras-do-espetaculo-OCO-e-contribuicoes-na-dramaturgia-visual.pdf\">As-mascaras-do-espetaculo-OCO-e-contribuicoes-na-dramaturgia-visual<\/a><a href=\"https:\/\/utfpr-ct-static-content.s3.amazonaws.com\/utfpr.curitiba.br\/wp-content\/uploads\/sites\/26\/2021\/08\/As-mascaras-do-espetaculo-OCO-e-contribuicoes-na-dramaturgia-visual.pdf\" class=\"wp-block-file__button wp-element-button\" download aria-describedby=\"wp-block-file--media-2aed7f0c-7273-4a62-b90b-492c2f7cbfbc\">Baixar<\/a><\/div>\n\n\n\n<p>Coord. SCHEFFLER, Ismael.&nbsp;&nbsp;A Cenografia na UTFPR e a Participa\u00e7\u00e3o na Quadrienal de Praga de 2019. 2020.<\/p>\n\n\n\n<div class=\"wp-block-file\"><a id=\"wp-block-file--media-7d4bb715-17dd-4c31-b18a-c4364e6ca9f3\" href=\"https:\/\/utfpr-ct-static-content.s3.amazonaws.com\/utfpr.curitiba.br\/wp-content\/uploads\/sites\/26\/2021\/08\/A-CENOGRAFIA-NA-UTFPR-E-A-PARTICIPACAO-NA-QUADRIENAL-DE-PRAGA-DE-2019.pdf\">A-CENOGRAFIA-NA-UTFPR-E-A-PARTICIPACAO-NA-QUADRIENAL-DE-PRAGA-DE-2019<\/a><a href=\"https:\/\/utfpr-ct-static-content.s3.amazonaws.com\/utfpr.curitiba.br\/wp-content\/uploads\/sites\/26\/2021\/08\/A-CENOGRAFIA-NA-UTFPR-E-A-PARTICIPACAO-NA-QUADRIENAL-DE-PRAGA-DE-2019.pdf\" class=\"wp-block-file__button wp-element-button\" download aria-describedby=\"wp-block-file--media-7d4bb715-17dd-4c31-b18a-c4364e6ca9f3\">Baixar<\/a><\/div>\n\n\n\n<p>Coord. SCHEFFLER, Ismael (org.).&nbsp;<em>Babel<\/em>: o processo de cria\u00e7\u00e3o do espet\u00e1culo teatral &#8211; cat\u00e1logo da exposi\u00e7\u00e3o. 2013.<\/p>\n\n\n\n<div class=\"wp-block-file\"><a id=\"wp-block-file--media-bbe370b6-0b67-4ce4-89d8-edb98fc0bf3b\" href=\"https:\/\/utfpr-ct-static-content.s3.amazonaws.com\/utfpr.curitiba.br\/wp-content\/uploads\/sites\/26\/2021\/08\/Babel-o-processo-de-criacao-do-espetaculo-teatral-catalogo-da-exposicao.pdf\">Babel-o-processo-de-criacao-do-espetaculo-teatral-catalogo-da-exposicao<\/a><a href=\"https:\/\/utfpr-ct-static-content.s3.amazonaws.com\/utfpr.curitiba.br\/wp-content\/uploads\/sites\/26\/2021\/08\/Babel-o-processo-de-criacao-do-espetaculo-teatral-catalogo-da-exposicao.pdf\" class=\"wp-block-file__button wp-element-button\" download aria-describedby=\"wp-block-file--media-bbe370b6-0b67-4ce4-89d8-edb98fc0bf3b\">Baixar<\/a><\/div>\n\n\n\n<p>Coord. SCHEFFLER, Ismael (org.).&nbsp;<em>OCO<\/em>: mem\u00f3rias e olhares. 2021. Dispon\u00edvel em:&nbsp;<a rel=\"noreferrer noopener\" href=\"https:\/\/tut.ct.utfpr.edu.br\/index.php\/oco\/\" target=\"_blank\">https:\/\/tut.ct.utfpr.edu.br\/index.php\/oco\/<\/a>&nbsp;<\/p>\n\n\n\n<p>Coord. SCHIRIGATTI, Elisangela Lobo. PRODU\u00c7\u00c3O DE MATERIAL AUDIOVISUAL COMO MEIO DE CONSCIENTIZA\u00c7\u00c3O CONTRA O DESPERD\u00cdCIO DE ALIMENTOS. 2019.<\/p>\n\n\n\n<div class=\"wp-block-file\"><a id=\"wp-block-file--media-2bbfe47d-0d15-4604-b0aa-c97ca68305b3\" href=\"https:\/\/utfpr-ct-static-content.s3.amazonaws.com\/utfpr.curitiba.br\/wp-content\/uploads\/sites\/26\/2021\/08\/PRODUCAO-DE-MATERIAL-AUDIOVISUAL-COMO-MEIO-DE-CONSCIENTIZACAO-CONTRA-O-DESPERDICIO-DE-ALIMENTOS.pdf\">PRODUCAO-DE-MATERIAL-AUDIOVISUAL-COMO-MEIO-DE-CONSCIENTIZACAO-CONTRA-O-DESPERDICIO-DE-ALIMENTOS<\/a><a href=\"https:\/\/utfpr-ct-static-content.s3.amazonaws.com\/utfpr.curitiba.br\/wp-content\/uploads\/sites\/26\/2021\/08\/PRODUCAO-DE-MATERIAL-AUDIOVISUAL-COMO-MEIO-DE-CONSCIENTIZACAO-CONTRA-O-DESPERDICIO-DE-ALIMENTOS.pdf\" class=\"wp-block-file__button wp-element-button\" download aria-describedby=\"wp-block-file--media-2bbfe47d-0d15-4604-b0aa-c97ca68305b3\">Baixar<\/a><\/div>\n\n\n\n<p> Coord. SCHIRIGATTI, Elisangela Lobo (Org.). PREL\u00daDIOS FOTOGR\u00c1FICOS COLET\u00c2NEA. Curitiba: Arte Final, 2021.&nbsp;<\/p>\n\n\n\n<p><a href=\"https:\/\/issuu.com\/nucleofotografiautfpr\/docs\/prel_dios_fotogr_ficos_col_1_-compressed\">https:\/\/issuu.com\/nucleofotografiautfpr\/docs\/prel_dios_fotogr_ficos_col_1_-compressed<\/a><\/p>\n\n\n\n<p>Coord. SOUZA, Jana Magaly Tesserolli de; LIMA, D\u00e9bora. O papel dos apoiadores e das redes sociais no City Nature Challenge 2021 da regi\u00e3o metropolitana de Curitiba <\/p>\n\n\n\n<div class=\"wp-block-file\"><a id=\"wp-block-file--media-516df645-c279-437d-a14d-167d9bf7ddba\" href=\"https:\/\/utfpr-ct-static-content.s3.amazonaws.com\/utfpr.curitiba.br\/wp-content\/uploads\/sites\/26\/2021\/11\/Lima-et-al-2021.-O-PAPEL-DOS-APOIADORES-E-DAS-REDES-SOCIAIS-NO-CITY-NATURE-CHALLENGE-2021-DA-REGIAO-METROPOLITANA-DE-CURITIBA-II_COBICET_20211-1.pdf\" target=\"_blank\" rel=\"noreferrer noopener\">O PAPEL DOS APOIADORES E DAS REDES SOCIAIS NO CITY NATURE CHALLENGE 2021 DA REGIAO METROPOLITANA DE CURITIBA.<\/a><a href=\"https:\/\/utfpr-ct-static-content.s3.amazonaws.com\/utfpr.curitiba.br\/wp-content\/uploads\/sites\/26\/2021\/11\/Lima-et-al-2021.-O-PAPEL-DOS-APOIADORES-E-DAS-REDES-SOCIAIS-NO-CITY-NATURE-CHALLENGE-2021-DA-REGIAO-METROPOLITANA-DE-CURITIBA-II_COBICET_20211-1.pdf\" class=\"wp-block-file__button wp-element-button\" download aria-describedby=\"wp-block-file--media-516df645-c279-437d-a14d-167d9bf7ddba\">Baixar<\/a><\/div>\n\n\n\n<p>Coord. SOUZA, Jana Magaly Tesserolli de; RIBEIRO, Gustavo Henrique da Silva. City Nature Challenge &#8211; Curitiba: uma combina\u00e7\u00e3o entre o mundo digital e a ci\u00eancia cidad\u00e3. <\/p>\n\n\n\n<div class=\"wp-block-file\"><a id=\"wp-block-file--media-2c46f73b-38ce-4716-a58a-9894d4fd4d54\" href=\"https:\/\/utfpr-ct-static-content.s3.amazonaws.com\/utfpr.curitiba.br\/wp-content\/uploads\/sites\/26\/2021\/11\/Ribeiro-et-al-2020.-CITY-NATURE-CHALLENGE-CURITIBA-I_COBICET_20201.pdf\">CITY NATURE CHALLENGE CURITIBA: UMA COMBINA\u00c7\u00c3O ENTRE O MUNDO DIGITAL E A CI\u00caNCIA CIDAD\u00c3.<\/a><a href=\"https:\/\/utfpr-ct-static-content.s3.amazonaws.com\/utfpr.curitiba.br\/wp-content\/uploads\/sites\/26\/2021\/11\/Ribeiro-et-al-2020.-CITY-NATURE-CHALLENGE-CURITIBA-I_COBICET_20201.pdf\" class=\"wp-block-file__button wp-element-button\" download aria-describedby=\"wp-block-file--media-2c46f73b-38ce-4716-a58a-9894d4fd4d54\">Baixar<\/a><\/div>\n\n\n\n<p><\/p>\n","protected":false},"excerpt":{"rendered":"<p>Apresenta trabalhos extensionistas publicados pelas Coordena\u00e7\u00f5es e alunos do Campus Curitiba. . CRUZ DE SOUZA, A.; DE LIMA DIAS, M.<\/p>\n","protected":false},"author":1,"featured_media":0,"parent":906,"menu_order":0,"comment_status":"closed","ping_status":"closed","template":"","meta":{"colormag_page_container_layout":"no_sidebar_full_width","colormag_page_sidebar_layout":"no_sidebar","footnotes":""},"class_list":["post-1256","page","type-page","status-publish","hentry"],"aioseo_notices":[],"_links":{"self":[{"href":"https:\/\/utfpr.curitiba.br\/extensao\/wp-json\/wp\/v2\/pages\/1256","targetHints":{"allow":["GET"]}}],"collection":[{"href":"https:\/\/utfpr.curitiba.br\/extensao\/wp-json\/wp\/v2\/pages"}],"about":[{"href":"https:\/\/utfpr.curitiba.br\/extensao\/wp-json\/wp\/v2\/types\/page"}],"author":[{"embeddable":true,"href":"https:\/\/utfpr.curitiba.br\/extensao\/wp-json\/wp\/v2\/users\/1"}],"replies":[{"embeddable":true,"href":"https:\/\/utfpr.curitiba.br\/extensao\/wp-json\/wp\/v2\/comments?post=1256"}],"version-history":[{"count":32,"href":"https:\/\/utfpr.curitiba.br\/extensao\/wp-json\/wp\/v2\/pages\/1256\/revisions"}],"predecessor-version":[{"id":1842,"href":"https:\/\/utfpr.curitiba.br\/extensao\/wp-json\/wp\/v2\/pages\/1256\/revisions\/1842"}],"up":[{"embeddable":true,"href":"https:\/\/utfpr.curitiba.br\/extensao\/wp-json\/wp\/v2\/pages\/906"}],"wp:attachment":[{"href":"https:\/\/utfpr.curitiba.br\/extensao\/wp-json\/wp\/v2\/media?parent=1256"}],"curies":[{"name":"wp","href":"https:\/\/api.w.org\/{rel}","templated":true}]}}