{"id":2,"date":"2020-08-12T08:53:12","date_gmt":"2020-08-12T11:53:12","guid":{"rendered":"http:\/\/expodesigngrafico.ct.utfpr.edu.br\/?page_id=2"},"modified":"2020-11-01T17:07:45","modified_gmt":"2020-11-01T20:07:45","slug":"ficha-tecnica","status":"publish","type":"page","link":"https:\/\/utfpr.curitiba.br\/expodesigngrafico\/?page_id=2","title":{"rendered":"Ficha T\u00e9cnica"},"content":{"rendered":"<p><strong>Universidade Tecnol\u00f3gica Federal do Paran\u00e1 | UTFPR<\/strong><br \/><strong>Departamento Acad\u00eamico de Desenho Industrial | DADIN | <br \/>Evento de Extens\u00e3o: T\u00e3o longe, t\u00e3o perto<\/strong><\/p>\n<h5><strong>GRAF21 | Exposi\u00e7\u00e3o em comemora\u00e7\u00e3o aos 21 anos do curso de Tecnologia em Design Gr\u00e1fico<\/strong><\/h5>\n<p><strong>Chefia do DADIN:<\/strong> Everilton Cit<br \/><strong>Coordenador do Curso de Tecnologia em Design Gr\u00e1fico:<\/strong> Alan Witkoski<\/p>\n<p><strong>Equipe respons\u00e1vel:<\/strong> Ana Caroline de Bassi Padilha, Anna L\u00facia V\u00f6ros, Cl\u00e1udia Bordin Rodrigues e Kando Fukushima, Lucas Felipe Pereira dos Santos e Rafaela Ribeiro Silva.<br \/><strong>Curadoria:<\/strong> Ana Caroline de Bassi Padilha e Anna L\u00facia V\u00f6ros.<br \/><strong>Site e layout:<\/strong> Cl\u00e1udia Bordin Rodrigues, Kando Fukushima e Lucas Felipe Pereira dos Santos<br \/><strong>Cria\u00e7\u00e3o da marca:<\/strong> F\u00e1bio Grassi<br \/><strong>Posts de divulga\u00e7\u00e3o em redes sociais:<\/strong> Rafaela Ribeiro Silva<br \/><strong>Per\u00edodo da exposi\u00e7\u00e3o:<\/strong> 04\/11\/20 a 30\/11\/20<\/p>\n","protected":false},"excerpt":{"rendered":"<p>Universidade Tecnol\u00f3gica Federal do Paran\u00e1 | UTFPRDepartamento Acad\u00eamico de Desenho Industrial | DADIN | Evento de Extens\u00e3o: T\u00e3o longe, t\u00e3o perto GRAF21 | Exposi\u00e7\u00e3o em comemora\u00e7\u00e3o aos 21 anos do curso de Tecnologia em Design Gr\u00e1fico Chefia do DADIN: Everilton CitCoordenador do Curso de Tecnologia em Design Gr\u00e1fico: Alan Witkoski Equipe respons\u00e1vel: Ana Caroline de &hellip; <\/p>\n<p class=\"link-more\"><a href=\"https:\/\/utfpr.curitiba.br\/expodesigngrafico\/?page_id=2\" class=\"more-link\">Continue lendo<span class=\"screen-reader-text\"> &#8220;Ficha T\u00e9cnica&#8221;<\/span><\/a><\/p>\n","protected":false},"author":2,"featured_media":0,"parent":0,"menu_order":0,"comment_status":"closed","ping_status":"closed","template":"","meta":{"footnotes":""},"class_list":["post-2","page","type-page","status-publish","hentry"],"_links":{"self":[{"href":"https:\/\/utfpr.curitiba.br\/expodesigngrafico\/index.php?rest_route=\/wp\/v2\/pages\/2","targetHints":{"allow":["GET"]}}],"collection":[{"href":"https:\/\/utfpr.curitiba.br\/expodesigngrafico\/index.php?rest_route=\/wp\/v2\/pages"}],"about":[{"href":"https:\/\/utfpr.curitiba.br\/expodesigngrafico\/index.php?rest_route=\/wp\/v2\/types\/page"}],"author":[{"embeddable":true,"href":"https:\/\/utfpr.curitiba.br\/expodesigngrafico\/index.php?rest_route=\/wp\/v2\/users\/2"}],"replies":[{"embeddable":true,"href":"https:\/\/utfpr.curitiba.br\/expodesigngrafico\/index.php?rest_route=%2Fwp%2Fv2%2Fcomments&post=2"}],"version-history":[{"count":4,"href":"https:\/\/utfpr.curitiba.br\/expodesigngrafico\/index.php?rest_route=\/wp\/v2\/pages\/2\/revisions"}],"predecessor-version":[{"id":678,"href":"https:\/\/utfpr.curitiba.br\/expodesigngrafico\/index.php?rest_route=\/wp\/v2\/pages\/2\/revisions\/678"}],"wp:attachment":[{"href":"https:\/\/utfpr.curitiba.br\/expodesigngrafico\/index.php?rest_route=%2Fwp%2Fv2%2Fmedia&parent=2"}],"curies":[{"name":"wp","href":"https:\/\/api.w.org\/{rel}","templated":true}]}}