{"id":9313,"date":"2024-08-05T17:50:37","date_gmt":"2024-08-05T20:50:37","guid":{"rendered":"https:\/\/utfpr.curitiba.br\/experimentanima\/?page_id=9313"},"modified":"2024-08-06T18:39:57","modified_gmt":"2024-08-06T21:39:57","slug":"inicio","status":"publish","type":"page","link":"https:\/\/utfpr.curitiba.br\/experimentanima\/","title":{"rendered":"In\u00edcio"},"content":{"rendered":"\t\t<div data-elementor-type=\"wp-page\" data-elementor-id=\"9313\" class=\"elementor elementor-9313\">\n\t\t\t\t\t\t<section class=\"elementor-section elementor-top-section elementor-element elementor-element-a8baa31 elementor-section-boxed elementor-section-height-default elementor-section-height-default\" data-id=\"a8baa31\" data-element_type=\"section\" data-e-type=\"section\">\n\t\t\t\t\t\t<div class=\"elementor-container elementor-column-gap-default\">\n\t\t\t\t\t<div class=\"elementor-column elementor-col-100 elementor-top-column elementor-element elementor-element-0b9c115\" data-id=\"0b9c115\" data-element_type=\"column\" data-e-type=\"column\">\n\t\t\t<div class=\"elementor-widget-wrap elementor-element-populated\">\n\t\t\t\t\t\t<section class=\"elementor-section elementor-inner-section elementor-element elementor-element-a2b184e elementor-section-boxed elementor-section-height-default elementor-section-height-default\" data-id=\"a2b184e\" data-element_type=\"section\" data-e-type=\"section\">\n\t\t\t\t\t\t<div class=\"elementor-container elementor-column-gap-default\">\n\t\t\t\t\t<div class=\"elementor-column elementor-col-50 elementor-inner-column elementor-element elementor-element-16091e8\" data-id=\"16091e8\" data-element_type=\"column\" data-e-type=\"column\">\n\t\t\t<div class=\"elementor-widget-wrap elementor-element-populated\">\n\t\t\t\t\t\t<div class=\"elementor-element elementor-element-08080f8 elementor-widget elementor-widget-heading\" data-id=\"08080f8\" data-element_type=\"widget\" data-e-type=\"widget\" data-widget_type=\"heading.default\">\n\t\t\t\t<div class=\"elementor-widget-container\">\n\t\t\t\t\t<h1 class=\"elementor-heading-title elementor-size-default\">Damos as boas-vindas ao ExperimentAnima!<\/h1>\t\t\t\t<\/div>\n\t\t\t\t<\/div>\n\t\t\t\t<div class=\"elementor-element elementor-element-e9a867c elementor-widget elementor-widget-text-editor\" data-id=\"e9a867c\" data-element_type=\"widget\" data-e-type=\"widget\" data-widget_type=\"text-editor.default\">\n\t\t\t\t<div class=\"elementor-widget-container\">\n\t\t\t\t\t\t\t\t\t<p>Est\u00e1 chegando o IV Encontro Nacional de Anima\u00e7\u00e3o Experimental, o ExperimentAnima!!! Para essa quarta edi\u00e7\u00e3o, o tema deste ano \u00e9 <strong>\u201cTecnologias e tend\u00eancias para novos projetos\u201d<\/strong>. O evento ocorrer\u00e1 de forma <b>h\u00edbrida<\/b>, com palestras e atividades online e presenciais, e voc\u00ea pode j\u00e1 conferir a <strong><a href=\"https:\/\/utfpr.curitiba.br\/experimentanima\/?page_id=7199\">programa\u00e7\u00e3o das apresenta\u00e7\u00f5es<\/a><\/strong> e da <strong><a href=\"https:\/\/utfpr.curitiba.br\/experimentanima\/?page_id=8336\">mostra de anima\u00e7\u00e3o<\/a><\/strong>!<\/p><p><span style=\"font-style: inherit;font-weight: inherit;background-color: var(--ast-global-color-5);color: var(--ast-global-color-3)\">Participe oficialmente enviando seu <strong><a href=\"https:\/\/utfpr.curitiba.br\/experimentanima\/?page_id=1153\">trabalho<\/a><\/strong>!<\/span><\/p><p><span style=\"font-style: inherit;font-weight: inherit;background-color: var(--ast-global-color-5);color: var(--ast-global-color-3)\">Voc\u00ea poder\u00e1 propor, n\u00e3o apenas pesquisas, mas tamb\u00e9m palestras, se inscrever como ouvinte, ajudar na equipe t\u00e9cnica e muito mais, al\u00e9m de receber um certificado de participa\u00e7\u00e3o do evento! Veja tamb\u00e9m nossa sess\u00e3o de <strong><a href=\"https:\/\/utfpr.curitiba.br\/experimentanima\/?page_id=1241\">cadastro<\/a><\/strong>, que tem como objetivo, incentivar o compartilhamento de informa\u00e7\u00f5es e pesquisas em anima\u00e7\u00e3o.<\/span><\/p><p><span style=\"font-style: inherit;font-weight: inherit;background-color: var(--ast-global-color-5);color: var(--ast-global-color-3)\">Para saber mais sobre o evento, confira a <strong><a href=\"https:\/\/utfpr.curitiba.br\/experimentanima\/?page_id=1180\">Apresenta\u00e7\u00e3o do Evento.<\/a><\/strong><\/span><\/p>\t\t\t\t\t\t\t\t<\/div>\n\t\t\t\t<\/div>\n\t\t\t\t\t<\/div>\n\t\t<\/div>\n\t\t\t\t<div class=\"elementor-column elementor-col-50 elementor-inner-column elementor-element elementor-element-670b19a\" data-id=\"670b19a\" data-element_type=\"column\" data-e-type=\"column\">\n\t\t\t<div class=\"elementor-widget-wrap elementor-element-populated\">\n\t\t\t\t\t\t<div class=\"elementor-element elementor-element-d10d739 elementor-widget__width-initial elementor-widget elementor-widget-video\" data-id=\"d10d739\" data-element_type=\"widget\" data-e-type=\"widget\" data-settings=\"{&quot;video_type&quot;:&quot;hosted&quot;,&quot;autoplay&quot;:&quot;yes&quot;,&quot;controls&quot;:&quot;yes&quot;}\" data-widget_type=\"video.default\">\n\t\t\t\t<div class=\"elementor-widget-container\">\n\t\t\t\t\t\t\t<div class=\"e-hosted-video elementor-wrapper elementor-open-inline\">\n\t\t\t\t\t<video class=\"elementor-video\" src=\"https:\/\/utfpr-ct-static-content.s3.amazonaws.com\/utfpr.curitiba.br\/wp-content\/uploads\/sites\/76\/2024\/08\/video-apresentacao.mp4\" autoplay=\"\" controls=\"\" controlsList=\"nodownload\"><\/video>\n\t\t\t\t<\/div>\n\t\t\t\t\t\t<\/div>\n\t\t\t\t<\/div>\n\t\t\t\t\t<\/div>\n\t\t<\/div>\n\t\t\t\t\t<\/div>\n\t\t<\/section>\n\t\t\t\t\t<\/div>\n\t\t<\/div>\n\t\t\t\t\t<\/div>\n\t\t<\/section>\n\t\t\t\t<section class=\"elementor-section elementor-top-section elementor-element elementor-element-ef04824 elementor-section-boxed elementor-section-height-default elementor-section-height-default\" data-id=\"ef04824\" data-element_type=\"section\" data-e-type=\"section\">\n\t\t\t\t\t\t<div class=\"elementor-container elementor-column-gap-default\">\n\t\t\t\t\t<div class=\"elementor-column elementor-col-100 elementor-top-column elementor-element elementor-element-d69e1c4\" data-id=\"d69e1c4\" data-element_type=\"column\" data-e-type=\"column\">\n\t\t\t<div class=\"elementor-widget-wrap elementor-element-populated\">\n\t\t\t\t\t\t<div class=\"elementor-element elementor-element-0513123 elementor-widget elementor-widget-image\" data-id=\"0513123\" data-element_type=\"widget\" data-e-type=\"widget\" data-widget_type=\"image.default\">\n\t\t\t\t<div class=\"elementor-widget-container\">\n\t\t\t\t\t\t\t\t\t\t\t\t\t\t\t\t<a href=\"https:\/\/docs.google.com\/document\/d\/1afo1NPV3R7cMiymzHm5qc6PlwKoE81oQYLuze9H5oh0\/edit?usp=sharing\">\n\t\t\t\t\t\t\t<img decoding=\"async\" src=\"https:\/\/utfpr-ct-static-content.s3.amazonaws.com\/utfpr.curitiba.br\/wp-content\/uploads\/sites\/76\/elementor\/thumbs\/banner-guia-evento-2024-qs85vqnwlt88ijiq2fuz5sliti55bdsg14rn57f648.png\" title=\"banner guia evento 2024\" alt=\"banner guia evento 2024\" loading=\"lazy\" \/>\t\t\t\t\t\t\t\t<\/a>\n\t\t\t\t\t\t\t\t\t\t\t\t\t\t\t<\/div>\n\t\t\t\t<\/div>\n\t\t\t\t<div class=\"elementor-element elementor-element-e1438ca elementor-widget elementor-widget-text-editor\" data-id=\"e1438ca\" data-element_type=\"widget\" data-e-type=\"widget\" data-widget_type=\"text-editor.default\">\n\t\t\t\t<div class=\"elementor-widget-container\">\n\t\t\t\t\t\t\t\t\t<p><b>O Guia do Evento j\u00e1 est\u00e1 dispon\u00edvel para voc\u00ea acompanhar de maneira r\u00e1pida tudo o que acontece no ExperimentAnima 2024!<\/b><\/p><p>Neste documento voc\u00ea encontra informa\u00e7\u00f5es sobre: todas as lives, os hor\u00e1rios, os convidados, os links no Youtube e uma breve descri\u00e7\u00e3o do que ser\u00e1 apresentado; a V mostra de anima\u00e7\u00f5es ExperimentaLA, todas as anima\u00e7\u00f5es, curtas e longas e links para assistir os demo reels de cada sess\u00e3o; as oficinas, informa\u00e7\u00e3o de quem ir\u00e1 ministrar e o que ser\u00e1 apresentado, e link para fazer sua inscri\u00e7\u00e3o.<\/p><p>\u00c9 gratuito e de f\u00e1cil acesso! Basta clicar no <strong><a href=\"https:\/\/docs.google.com\/document\/d\/1afo1NPV3R7cMiymzHm5qc6PlwKoE81oQYLuze9H5oh0\/edit?usp=sharing\">banner<\/a><\/strong> para acessar.<\/p>\t\t\t\t\t\t\t\t<\/div>\n\t\t\t\t<\/div>\n\t\t\t\t\t<\/div>\n\t\t<\/div>\n\t\t\t\t\t<\/div>\n\t\t<\/section>\n\t\t\t\t<section class=\"elementor-section elementor-top-section elementor-element elementor-element-f97bfdd elementor-section-boxed elementor-section-height-default elementor-section-height-default\" data-id=\"f97bfdd\" data-element_type=\"section\" data-e-type=\"section\">\n\t\t\t\t\t\t<div class=\"elementor-container elementor-column-gap-default\">\n\t\t\t\t\t<div class=\"elementor-column elementor-col-50 elementor-top-column elementor-element elementor-element-97baf70\" data-id=\"97baf70\" data-element_type=\"column\" data-e-type=\"column\">\n\t\t\t<div class=\"elementor-widget-wrap elementor-element-populated\">\n\t\t\t\t\t\t<div class=\"elementor-element elementor-element-d1b9a77 elementor-widget elementor-widget-heading\" data-id=\"d1b9a77\" data-element_type=\"widget\" data-e-type=\"widget\" data-widget_type=\"heading.default\">\n\t\t\t\t<div class=\"elementor-widget-container\">\n\t\t\t\t\t<h2 class=\"elementor-heading-title elementor-size-default\">Onde acompanhar o evento?<\/h2>\t\t\t\t<\/div>\n\t\t\t\t<\/div>\n\t\t\t\t<div class=\"elementor-element elementor-element-2e0b9cd elementor-widget elementor-widget-text-editor\" data-id=\"2e0b9cd\" data-element_type=\"widget\" data-e-type=\"widget\" data-widget_type=\"text-editor.default\">\n\t\t\t\t<div class=\"elementor-widget-container\">\n\t\t\t\t\t\t\t\t\t<p>Voc\u00ea poder\u00e1 acompanhar o evento de forma gratuita e online atrav\u00e9s dos nossos <strong>canais de divulga\u00e7\u00e3o!<\/strong><\/p><p><span style=\"font-style: inherit;font-weight: inherit;background-color: var(--ast-global-color-5);color: var(--ast-global-color-3)\">A realiza\u00e7\u00e3o do evento ser\u00e1 h\u00edbrida, feita pelo <strong><a href=\"https:\/\/www.youtube.com\/c\/N%C3%BAcleoDesigndeAnima%C3%A7%C3%A3oUTFPR\">YouTube<\/a><\/strong> e presencialmente, acesse nosso canal e inscreva-se para n\u00e3o perder nenhuma transmiss\u00e3o! Voc\u00ea tamb\u00e9m poder\u00e1 conferir a edi\u00e7\u00e3o passada na integra pelo nosso canal!<\/span><\/p>\t\t\t\t\t\t\t\t<\/div>\n\t\t\t\t<\/div>\n\t\t\t\t\t<\/div>\n\t\t<\/div>\n\t\t\t\t<div class=\"elementor-column elementor-col-50 elementor-top-column elementor-element elementor-element-bfdef6c\" data-id=\"bfdef6c\" data-element_type=\"column\" data-e-type=\"column\">\n\t\t\t<div class=\"elementor-widget-wrap elementor-element-populated\">\n\t\t\t\t\t\t<div class=\"elementor-element elementor-element-685b40e elementor-widget elementor-widget-heading\" data-id=\"685b40e\" data-element_type=\"widget\" data-e-type=\"widget\" data-widget_type=\"heading.default\">\n\t\t\t\t<div class=\"elementor-widget-container\">\n\t\t\t\t\t<h2 class=\"elementor-heading-title elementor-size-default\">Confira as not\u00edcias pelas nossas Redes Sociais!<\/h2>\t\t\t\t<\/div>\n\t\t\t\t<\/div>\n\t\t\t\t<div class=\"elementor-element elementor-element-d667d55 elementor-widget elementor-widget-text-editor\" data-id=\"d667d55\" data-element_type=\"widget\" data-e-type=\"widget\" data-widget_type=\"text-editor.default\">\n\t\t\t\t<div class=\"elementor-widget-container\">\n\t\t\t\t\t\t\t\t\t<p>Siga-nos nas redes sociais para n\u00e3o perder nenhuma novidade sobre o evento! Iremos te informar sobre qualquer novidade a ser anunciada!<br><\/p>\t\t\t\t\t\t\t\t<\/div>\n\t\t\t\t<\/div>\n\t\t\t\t<section class=\"elementor-section elementor-inner-section elementor-element elementor-element-d493df5 elementor-section-boxed elementor-section-height-default elementor-section-height-default\" data-id=\"d493df5\" data-element_type=\"section\" data-e-type=\"section\">\n\t\t\t\t\t\t<div class=\"elementor-container elementor-column-gap-default\">\n\t\t\t\t\t<div class=\"elementor-column elementor-col-50 elementor-inner-column elementor-element elementor-element-e432bad\" data-id=\"e432bad\" data-element_type=\"column\" data-e-type=\"column\">\n\t\t\t<div class=\"elementor-widget-wrap elementor-element-populated\">\n\t\t\t\t\t\t<div class=\"elementor-element elementor-element-01bde3e elementor-view-default elementor-widget elementor-widget-icon\" data-id=\"01bde3e\" data-element_type=\"widget\" data-e-type=\"widget\" data-widget_type=\"icon.default\">\n\t\t\t\t<div class=\"elementor-widget-container\">\n\t\t\t\t\t\t\t<div class=\"elementor-icon-wrapper\">\n\t\t\t<a class=\"elementor-icon\" href=\"https:\/\/www.instagram.com\/nucleo.designanimacao\/\">\n\t\t\t<i aria-hidden=\"true\" class=\"icon icon-instagram-1\"><\/i>\t\t\t<\/a>\n\t\t<\/div>\n\t\t\t\t\t\t<\/div>\n\t\t\t\t<\/div>\n\t\t\t\t\t<\/div>\n\t\t<\/div>\n\t\t\t\t<div class=\"elementor-column elementor-col-50 elementor-inner-column elementor-element elementor-element-580b819\" data-id=\"580b819\" data-element_type=\"column\" data-e-type=\"column\">\n\t\t\t<div class=\"elementor-widget-wrap elementor-element-populated\">\n\t\t\t\t\t\t<div class=\"elementor-element elementor-element-ebf687f elementor-view-default elementor-widget elementor-widget-icon\" data-id=\"ebf687f\" data-element_type=\"widget\" data-e-type=\"widget\" data-widget_type=\"icon.default\">\n\t\t\t\t<div class=\"elementor-widget-container\">\n\t\t\t\t\t\t\t<div class=\"elementor-icon-wrapper\">\n\t\t\t<a class=\"elementor-icon\" href=\"https:\/\/www.youtube.com\/c\/N%C3%BAcleoDesigndeAnima%C3%A7%C3%A3oUTFPR\">\n\t\t\t<i aria-hidden=\"true\" class=\"fab fa-youtube\"><\/i>\t\t\t<\/a>\n\t\t<\/div>\n\t\t\t\t\t\t<\/div>\n\t\t\t\t<\/div>\n\t\t\t\t\t<\/div>\n\t\t<\/div>\n\t\t\t\t\t<\/div>\n\t\t<\/section>\n\t\t\t\t\t<\/div>\n\t\t<\/div>\n\t\t\t\t\t<\/div>\n\t\t<\/section>\n\t\t\t\t<\/div>\n\t\t","protected":false},"excerpt":{"rendered":"<p>Damos as boas-vindas ao ExperimentAnima! Est\u00e1 chegando o IV Encontro Nacional de Anima\u00e7\u00e3o Experimental, o ExperimentAnima!!! Para essa quarta edi\u00e7\u00e3o, o tema deste ano \u00e9 \u201cTecnologias e tend\u00eancias para novos projetos\u201d. O evento ocorrer\u00e1 de forma h\u00edbrida, com palestras e atividades online e presenciais, e voc\u00ea pode j\u00e1 conferir a programa\u00e7\u00e3o das apresenta\u00e7\u00f5es e da [&hellip;]<\/p>\n","protected":false},"author":219,"featured_media":0,"parent":0,"menu_order":0,"comment_status":"closed","ping_status":"closed","template":"","meta":{"site-sidebar-layout":"no-sidebar","site-content-layout":"page-builder","ast-site-content-layout":"default","site-content-style":"default","site-sidebar-style":"default","ast-global-header-display":"","ast-banner-title-visibility":"","ast-main-header-display":"","ast-hfb-above-header-display":"","ast-hfb-below-header-display":"","ast-hfb-mobile-header-display":"","site-post-title":"disabled","ast-breadcrumbs-content":"","ast-featured-img":"disabled","footer-sml-layout":"","ast-disable-related-posts":"","theme-transparent-header-meta":"","adv-header-id-meta":"","stick-header-meta":"","header-above-stick-meta":"","header-main-stick-meta":"","header-below-stick-meta":"","astra-migrate-meta-layouts":"default","ast-page-background-enabled":"default","ast-page-background-meta":{"desktop":{"background-color":"var(--ast-global-color-4)","background-image":"","background-repeat":"repeat","background-position":"center center","background-size":"auto","background-attachment":"scroll","background-type":"","background-media":"","overlay-type":"","overlay-color":"","overlay-opacity":"","overlay-gradient":""},"tablet":{"background-color":"","background-image":"","background-repeat":"repeat","background-position":"center center","background-size":"auto","background-attachment":"scroll","background-type":"","background-media":"","overlay-type":"","overlay-color":"","overlay-opacity":"","overlay-gradient":""},"mobile":{"background-color":"","background-image":"","background-repeat":"repeat","background-position":"center center","background-size":"auto","background-attachment":"scroll","background-type":"","background-media":"","overlay-type":"","overlay-color":"","overlay-opacity":"","overlay-gradient":""}},"ast-content-background-meta":{"desktop":{"background-color":"var(--ast-global-color-5)","background-image":"","background-repeat":"repeat","background-position":"center center","background-size":"auto","background-attachment":"scroll","background-type":"","background-media":"","overlay-type":"","overlay-color":"","overlay-opacity":"","overlay-gradient":""},"tablet":{"background-color":"var(--ast-global-color-5)","background-image":"","background-repeat":"repeat","background-position":"center center","background-size":"auto","background-attachment":"scroll","background-type":"","background-media":"","overlay-type":"","overlay-color":"","overlay-opacity":"","overlay-gradient":""},"mobile":{"background-color":"var(--ast-global-color-5)","background-image":"","background-repeat":"repeat","background-position":"center center","background-size":"auto","background-attachment":"scroll","background-type":"","background-media":"","overlay-type":"","overlay-color":"","overlay-opacity":"","overlay-gradient":""}},"footnotes":""},"class_list":["post-9313","page","type-page","status-publish","hentry"],"_links":{"self":[{"href":"https:\/\/utfpr.curitiba.br\/experimentanima\/index.php?rest_route=\/wp\/v2\/pages\/9313","targetHints":{"allow":["GET"]}}],"collection":[{"href":"https:\/\/utfpr.curitiba.br\/experimentanima\/index.php?rest_route=\/wp\/v2\/pages"}],"about":[{"href":"https:\/\/utfpr.curitiba.br\/experimentanima\/index.php?rest_route=\/wp\/v2\/types\/page"}],"author":[{"embeddable":true,"href":"https:\/\/utfpr.curitiba.br\/experimentanima\/index.php?rest_route=\/wp\/v2\/users\/219"}],"replies":[{"embeddable":true,"href":"https:\/\/utfpr.curitiba.br\/experimentanima\/index.php?rest_route=%2Fwp%2Fv2%2Fcomments&post=9313"}],"version-history":[{"count":21,"href":"https:\/\/utfpr.curitiba.br\/experimentanima\/index.php?rest_route=\/wp\/v2\/pages\/9313\/revisions"}],"predecessor-version":[{"id":9623,"href":"https:\/\/utfpr.curitiba.br\/experimentanima\/index.php?rest_route=\/wp\/v2\/pages\/9313\/revisions\/9623"}],"wp:attachment":[{"href":"https:\/\/utfpr.curitiba.br\/experimentanima\/index.php?rest_route=%2Fwp%2Fv2%2Fmedia&parent=9313"}],"curies":[{"name":"wp","href":"https:\/\/api.w.org\/{rel}","templated":true}]}}