{"id":2217,"date":"2021-07-16T16:23:24","date_gmt":"2021-07-16T19:23:24","guid":{"rendered":"https:\/\/experimentanima.ct.utfpr.edu.br\/?page_id=2217"},"modified":"2024-04-09T14:29:30","modified_gmt":"2024-04-09T17:29:30","slug":"rede-nacional","status":"publish","type":"page","link":"https:\/\/utfpr.curitiba.br\/experimentanima\/?page_id=2217","title":{"rendered":"Rede"},"content":{"rendered":"\t\t<div data-elementor-type=\"wp-page\" data-elementor-id=\"2217\" class=\"elementor elementor-2217\">\n\t\t\t\t\t\t<section class=\"elementor-section elementor-top-section elementor-element elementor-element-b501d9e elementor-section-boxed elementor-section-height-default elementor-section-height-default\" data-id=\"b501d9e\" data-element_type=\"section\" data-e-type=\"section\">\n\t\t\t\t\t\t<div class=\"elementor-container elementor-column-gap-default\">\n\t\t\t\t\t<div class=\"elementor-column elementor-col-100 elementor-top-column elementor-element elementor-element-e3ba8b1\" data-id=\"e3ba8b1\" data-element_type=\"column\" data-e-type=\"column\">\n\t\t\t<div class=\"elementor-widget-wrap elementor-element-populated\">\n\t\t\t\t\t\t<div class=\"elementor-element elementor-element-226886d elementor-widget elementor-widget-heading\" data-id=\"226886d\" data-element_type=\"widget\" data-e-type=\"widget\" data-widget_type=\"heading.default\">\n\t\t\t\t<div class=\"elementor-widget-container\">\n\t\t\t\t\t<h1 class=\"elementor-heading-title elementor-size-default\">Rede<\/h1>\t\t\t\t<\/div>\n\t\t\t\t<\/div>\n\t\t\t\t<div class=\"elementor-element elementor-element-f193ca6 elementor-widget elementor-widget-text-editor\" data-id=\"f193ca6\" data-element_type=\"widget\" data-e-type=\"widget\" data-widget_type=\"text-editor.default\">\n\t\t\t\t<div class=\"elementor-widget-container\">\n\t\t\t\t\t\t\t\t\t<p>Voc\u00ea \u00e9 professor ou pesquisador em anima\u00e7\u00e3o? Ent\u00e3o cadastre-se <strong><a href=\"https:\/\/docs.google.com\/forms\/d\/e\/1FAIpQLSeLgKJ8Ms1ulot4jvcoyWZU3QA9e19DQeaO_rUTPpjoBLtIpg\/viewform\">aqui<\/a><\/strong> e divulgue sua pesquisa e \u00e1rea de interesse!<\/p>\t\t\t\t\t\t\t\t<\/div>\n\t\t\t\t<\/div>\n\t\t\t\t\t<\/div>\n\t\t<\/div>\n\t\t\t\t\t<\/div>\n\t\t<\/section>\n\t\t\t\t<section class=\"elementor-section elementor-top-section elementor-element elementor-element-cbb2379 elementor-section-boxed elementor-section-height-default elementor-section-height-default\" data-id=\"cbb2379\" data-element_type=\"section\" data-e-type=\"section\">\n\t\t\t\t\t\t<div class=\"elementor-container elementor-column-gap-default\">\n\t\t\t\t\t<div class=\"elementor-column elementor-col-100 elementor-top-column elementor-element elementor-element-8580b1a\" data-id=\"8580b1a\" data-element_type=\"column\" data-e-type=\"column\">\n\t\t\t<div class=\"elementor-widget-wrap elementor-element-populated\">\n\t\t\t\t\t\t<div class=\"elementor-element elementor-element-24bbba5 elementor-widget elementor-widget-heading\" data-id=\"24bbba5\" data-element_type=\"widget\" data-e-type=\"widget\" data-widget_type=\"heading.default\">\n\t\t\t\t<div class=\"elementor-widget-container\">\n\t\t\t\t\t<h2 class=\"elementor-heading-title elementor-size-default\">Rede Nacional de professores e pesquisadores em anima\u00e7\u00e3o:<\/h2>\t\t\t\t<\/div>\n\t\t\t\t<\/div>\n\t\t\t\t<div class=\"elementor-element elementor-element-175bf22 elementor-widget elementor-widget-text-editor\" data-id=\"175bf22\" data-element_type=\"widget\" data-e-type=\"widget\" data-widget_type=\"text-editor.default\">\n\t\t\t\t<div class=\"elementor-widget-container\">\n\t\t\t\t\t\t\t\t\t<p><strong>Eliane M. Gordeeff<\/strong><br \/>Professora e Pesquisadora &#8211;\u00a0FBAUL-CIEBA<br \/><span style=\"font-weight: 400\">Pesquisa na \u00e1rea de &#8220;Cultura Opensource&#8221; e &#8220;Narrativas visuais para a educa\u00e7\u00e3o&#8221;;<br \/><\/span><span style=\"font-weight: 400\">Leciona as disciplinas Princ\u00edpios de Anima\u00e7\u00e3o \/ Roteiro e Storyboard \/ Hist\u00f3ria da Anima\u00e7\u00e3o\/ Dire\u00e7\u00e3o de Arte \/ Dire\u00e7\u00e3o de Anima\u00e7\u00e3o \/ Projeto de Curta de Anima\u00e7\u00e3o (TCC)<\/span><\/p>\t\t\t\t\t\t\t\t<\/div>\n\t\t\t\t<\/div>\n\t\t\t\t<div class=\"elementor-element elementor-element-2fa7cb2 elementor-widget elementor-widget-text-editor\" data-id=\"2fa7cb2\" data-element_type=\"widget\" data-e-type=\"widget\" data-widget_type=\"text-editor.default\">\n\t\t\t\t<div class=\"elementor-widget-container\">\n\t\t\t\t\t\t\t\t\t<p><strong>Fernanda Aiub<br \/><\/strong>Pesquisadora &#8211; UNESP\/USP<br \/>Participa do Projeto: Zootropo: Grupo de pesquisa em anima\u00e7\u00e3o<\/p>\t\t\t\t\t\t\t\t<\/div>\n\t\t\t\t<\/div>\n\t\t\t\t<div class=\"elementor-element elementor-element-dd1f5df elementor-widget elementor-widget-text-editor\" data-id=\"dd1f5df\" data-element_type=\"widget\" data-e-type=\"widget\" data-widget_type=\"text-editor.default\">\n\t\t\t\t<div class=\"elementor-widget-container\">\n\t\t\t\t\t\t\t\t\t<p><strong>Ivanildo Lubarino Piccoli dos Santos<\/strong><br \/>Professor &#8211; UFAL<br \/>Participa do projeto: P\u00f3s doutorado em pedagogias das m\u00e1scaras;\u00a0<br \/>Leciona as disciplinas: Pedagogia das m\u00e1scaras c\u00eanicas, Commedia dell&#8217;arte, confec\u00e7\u00e3o de m\u00e1scaras c\u00eanicas;<\/p>\t\t\t\t\t\t\t\t<\/div>\n\t\t\t\t<\/div>\n\t\t\t\t<div class=\"elementor-element elementor-element-70a7ddf elementor-widget elementor-widget-text-editor\" data-id=\"70a7ddf\" data-element_type=\"widget\" data-e-type=\"widget\" data-widget_type=\"text-editor.default\">\n\t\t\t\t<div class=\"elementor-widget-container\">\n\t\t\t\t\t\t\t\t\t<p><strong>Leonardo Rocha Dutra<\/strong><br \/>Professor, Pesquisador e Doutorando &#8211; EBA &#8211; UFMG<br \/>Participa do projeto: Express\u00f5es Art\u00edsticas em Anima\u00e7\u00e3o;<br \/>Leciona as disciplinas: Design Gr\u00e1fico-Movente I e II no bacharelado em Design Gr\u00e1fico da ED-UEMG (2001 a 2017);<\/p>\t\t\t\t\t\t\t\t<\/div>\n\t\t\t\t<\/div>\n\t\t\t\t<div class=\"elementor-element elementor-element-84d5f31 elementor-widget elementor-widget-text-editor\" data-id=\"84d5f31\" data-element_type=\"widget\" data-e-type=\"widget\" data-widget_type=\"text-editor.default\">\n\t\t\t\t<div class=\"elementor-widget-container\">\n\t\t\t\t\t\t\t\t\t<p><strong>Marcia Maria Alves<br \/><\/strong>Professora\u00a0 e Pesquisadora &#8211; UNICURITIBA<br \/>Participa do projeto: Design de Anima\u00e7\u00e3o: elementos de cria\u00e7\u00e3o, desenvolvimento e processos de produ\u00e7\u00e3o audiovisual;<br \/>Leciona as disciplinas: Projeto em Anima\u00e7\u00e3o, Projeto Integrados, Viabilidade em projetos, pareceres e laudos e Meios de Express\u00e3o e Ilustra\u00e7\u00e3o;<\/p>\t\t\t\t\t\t\t\t<\/div>\n\t\t\t\t<\/div>\n\t\t\t\t<div class=\"elementor-element elementor-element-1c1b473 elementor-widget elementor-widget-text-editor\" data-id=\"1c1b473\" data-element_type=\"widget\" data-e-type=\"widget\" data-widget_type=\"text-editor.default\">\n\t\t\t\t<div class=\"elementor-widget-container\">\n\t\t\t\t\t\t\t\t\t<p><strong>Marina Moraes de Araujo<\/strong><br \/>Professora &#8211; PUCPR<br \/>Leciona as disciplinas: Finaliza\u00e7\u00e3o e Mixagem, Montagem e Composi\u00e7\u00e3o Visual, Dire\u00e7\u00e3o de Arte;<\/p>\t\t\t\t\t\t\t\t<\/div>\n\t\t\t\t<\/div>\n\t\t\t\t<div class=\"elementor-element elementor-element-bb438d1 elementor-widget elementor-widget-text-editor\" data-id=\"bb438d1\" data-element_type=\"widget\" data-e-type=\"widget\" data-widget_type=\"text-editor.default\">\n\t\t\t\t<div class=\"elementor-widget-container\">\n\t\t\t\t\t\t\t\t\t<p><strong>P\u00e2mela Peregrino da Cruz<\/strong><br \/>Professora e Pesquisadora &#8211; UFSB<br \/>Participa do projeto: &#8220;\u00c0w\u00f2r\u00e1n: experi\u00eancias na cria\u00e7\u00e3o de imagens para filmes de anima\u00e7\u00e3o com hist\u00f3rias de \u00d2r\u00ec\u1e63\u00e0s&#8221;<br \/>Leciona as disciplinas: T\u00e9cnicas de Anima\u00e7\u00e3o<\/p>\t\t\t\t\t\t\t\t<\/div>\n\t\t\t\t<\/div>\n\t\t\t\t<div class=\"elementor-element elementor-element-e27ee03 elementor-widget elementor-widget-text-editor\" data-id=\"e27ee03\" data-element_type=\"widget\" data-e-type=\"widget\" data-widget_type=\"text-editor.default\">\n\t\t\t\t<div class=\"elementor-widget-container\">\n\t\t\t\t\t\t\t\t\t<p><strong>Rodrigo Faustini dos Santos<\/strong><br \/>Pesquisador &#8211; USP<br \/>Participa do projeto: Ruidologia: intensidade, percep\u00e7\u00e3o e po\u00e9ticas audiovisuais ruidosas;<\/p>\t\t\t\t\t\t\t\t<\/div>\n\t\t\t\t<\/div>\n\t\t\t\t<div class=\"elementor-element elementor-element-32c9a52 elementor-widget elementor-widget-text-editor\" data-id=\"32c9a52\" data-element_type=\"widget\" data-e-type=\"widget\" data-widget_type=\"text-editor.default\">\n\t\t\t\t<div class=\"elementor-widget-container\">\n\t\t\t\t\t\t\t\t\t<p><strong>Raphael Guaran\u00e1 Sagatio<\/strong><br \/>Professor e Pesquisador &#8211; UFPE<br \/>Participa do projeto: O motion graphics e a narrativa nas aberturas f\u00edlmicas: hist\u00f3ria, t\u00e9cnica, est\u00e9tica e linguagem;<br \/>Leciona as disciplinas: Cinema de Anima\u00e7\u00e3o, Anima\u00e7\u00e3o 2D, Anima\u00e7\u00e3o 3D, Motion Graphics para Jogos Digitais;<\/p>\t\t\t\t\t\t\t\t<\/div>\n\t\t\t\t<\/div>\n\t\t\t\t<div class=\"elementor-element elementor-element-55532ac elementor-widget elementor-widget-text-editor\" data-id=\"55532ac\" data-element_type=\"widget\" data-e-type=\"widget\" data-widget_type=\"text-editor.default\">\n\t\t\t\t<div class=\"elementor-widget-container\">\n\t\t\t\t\t\t\t\t\t<p><strong>Simon Pedro Breth\u00e9<\/strong><br>Professor &#8211; EBA-UFMG<br><span style=\"font-weight: 400\">Participa do Projeto Levantamento filmogr\u00e1fico da anima\u00e7\u00e3o brasileira entre os anos de 1900 a 2017;<br><\/span><span style=\"font-weight: 400\">Leciona as disciplinas: Roteiro Visual, Stop Motion.<\/span><br><\/p>\t\t\t\t\t\t\t\t<\/div>\n\t\t\t\t<\/div>\n\t\t\t\t\t<\/div>\n\t\t<\/div>\n\t\t\t\t\t<\/div>\n\t\t<\/section>\n\t\t\t\t<\/div>\n\t\t","protected":false},"excerpt":{"rendered":"<p>Rede Voc\u00ea \u00e9 professor ou pesquisador em anima\u00e7\u00e3o? Ent\u00e3o cadastre-se aqui e divulgue sua pesquisa e \u00e1rea de interesse! Rede Nacional de professores e pesquisadores em anima\u00e7\u00e3o: Eliane M. GordeeffProfessora e Pesquisadora &#8211;\u00a0FBAUL-CIEBAPesquisa na \u00e1rea de &#8220;Cultura Opensource&#8221; e &#8220;Narrativas visuais para a educa\u00e7\u00e3o&#8221;;Leciona as disciplinas Princ\u00edpios de Anima\u00e7\u00e3o \/ Roteiro e Storyboard \/ Hist\u00f3ria [&hellip;]<\/p>\n","protected":false},"author":11,"featured_media":0,"parent":0,"menu_order":0,"comment_status":"closed","ping_status":"closed","template":"","meta":{"site-sidebar-layout":"default","site-content-layout":"","ast-site-content-layout":"default","site-content-style":"default","site-sidebar-style":"default","ast-global-header-display":"","ast-banner-title-visibility":"","ast-main-header-display":"","ast-hfb-above-header-display":"","ast-hfb-below-header-display":"","ast-hfb-mobile-header-display":"","site-post-title":"disabled","ast-breadcrumbs-content":"","ast-featured-img":"","footer-sml-layout":"","ast-disable-related-posts":"","theme-transparent-header-meta":"","adv-header-id-meta":"","stick-header-meta":"","header-above-stick-meta":"","header-main-stick-meta":"","header-below-stick-meta":"","astra-migrate-meta-layouts":"default","ast-page-background-enabled":"default","ast-page-background-meta":{"desktop":{"background-color":"var(--ast-global-color-4)","background-image":"","background-repeat":"repeat","background-position":"center center","background-size":"auto","background-attachment":"scroll","background-type":"","background-media":"","overlay-type":"","overlay-color":"","overlay-opacity":"","overlay-gradient":""},"tablet":{"background-color":"","background-image":"","background-repeat":"repeat","background-position":"center center","background-size":"auto","background-attachment":"scroll","background-type":"","background-media":"","overlay-type":"","overlay-color":"","overlay-opacity":"","overlay-gradient":""},"mobile":{"background-color":"","background-image":"","background-repeat":"repeat","background-position":"center center","background-size":"auto","background-attachment":"scroll","background-type":"","background-media":"","overlay-type":"","overlay-color":"","overlay-opacity":"","overlay-gradient":""}},"ast-content-background-meta":{"desktop":{"background-color":"var(--ast-global-color-5)","background-image":"","background-repeat":"repeat","background-position":"center center","background-size":"auto","background-attachment":"scroll","background-type":"","background-media":"","overlay-type":"","overlay-color":"","overlay-opacity":"","overlay-gradient":""},"tablet":{"background-color":"var(--ast-global-color-5)","background-image":"","background-repeat":"repeat","background-position":"center center","background-size":"auto","background-attachment":"scroll","background-type":"","background-media":"","overlay-type":"","overlay-color":"","overlay-opacity":"","overlay-gradient":""},"mobile":{"background-color":"var(--ast-global-color-5)","background-image":"","background-repeat":"repeat","background-position":"center center","background-size":"auto","background-attachment":"scroll","background-type":"","background-media":"","overlay-type":"","overlay-color":"","overlay-opacity":"","overlay-gradient":""}},"footnotes":""},"class_list":["post-2217","page","type-page","status-publish","hentry"],"_links":{"self":[{"href":"https:\/\/utfpr.curitiba.br\/experimentanima\/index.php?rest_route=\/wp\/v2\/pages\/2217","targetHints":{"allow":["GET"]}}],"collection":[{"href":"https:\/\/utfpr.curitiba.br\/experimentanima\/index.php?rest_route=\/wp\/v2\/pages"}],"about":[{"href":"https:\/\/utfpr.curitiba.br\/experimentanima\/index.php?rest_route=\/wp\/v2\/types\/page"}],"author":[{"embeddable":true,"href":"https:\/\/utfpr.curitiba.br\/experimentanima\/index.php?rest_route=\/wp\/v2\/users\/11"}],"replies":[{"embeddable":true,"href":"https:\/\/utfpr.curitiba.br\/experimentanima\/index.php?rest_route=%2Fwp%2Fv2%2Fcomments&post=2217"}],"version-history":[{"count":49,"href":"https:\/\/utfpr.curitiba.br\/experimentanima\/index.php?rest_route=\/wp\/v2\/pages\/2217\/revisions"}],"predecessor-version":[{"id":7194,"href":"https:\/\/utfpr.curitiba.br\/experimentanima\/index.php?rest_route=\/wp\/v2\/pages\/2217\/revisions\/7194"}],"wp:attachment":[{"href":"https:\/\/utfpr.curitiba.br\/experimentanima\/index.php?rest_route=%2Fwp%2Fv2%2Fmedia&parent=2217"}],"curies":[{"name":"wp","href":"https:\/\/api.w.org\/{rel}","templated":true}]}}