{"id":126,"date":"2024-06-13T15:55:05","date_gmt":"2024-06-13T18:55:05","guid":{"rendered":"https:\/\/utfpr.curitiba.br\/especializacaointeduc\/?page_id=126"},"modified":"2025-01-31T10:46:47","modified_gmt":"2025-01-31T13:46:47","slug":"inscreva-se","status":"publish","type":"page","link":"https:\/\/utfpr.curitiba.br\/especializacaointeduc\/inscreva-se\/","title":{"rendered":"Inscreva-se"},"content":{"rendered":"\t\t<div data-elementor-type=\"wp-page\" data-elementor-id=\"126\" class=\"elementor elementor-126\">\n\t\t\t\t\t\t<section class=\"elementor-section elementor-top-section elementor-element elementor-element-e203804 elementor-section-boxed elementor-section-height-default elementor-section-height-default\" data-id=\"e203804\" data-element_type=\"section\" data-e-type=\"section\">\n\t\t\t\t\t\t<div class=\"elementor-container elementor-column-gap-default\">\n\t\t\t\t\t<div class=\"elementor-column elementor-col-100 elementor-top-column elementor-element elementor-element-71dd6f4\" data-id=\"71dd6f4\" data-element_type=\"column\" data-e-type=\"column\">\n\t\t\t<div class=\"elementor-widget-wrap elementor-element-populated\">\n\t\t\t\t\t\t<div class=\"elementor-element elementor-element-e9aa36f elementor-widget elementor-widget-spacer\" data-id=\"e9aa36f\" data-element_type=\"widget\" data-e-type=\"widget\" data-widget_type=\"spacer.default\">\n\t\t\t\t<div class=\"elementor-widget-container\">\n\t\t\t\t\t\t\t<div class=\"elementor-spacer\">\n\t\t\t<div class=\"elementor-spacer-inner\"><\/div>\n\t\t<\/div>\n\t\t\t\t\t\t<\/div>\n\t\t\t\t<\/div>\n\t\t\t\t<div class=\"elementor-element elementor-element-6494bbf elementor-widget elementor-widget-heading\" data-id=\"6494bbf\" data-element_type=\"widget\" data-e-type=\"widget\" data-widget_type=\"heading.default\">\n\t\t\t\t<div class=\"elementor-widget-container\">\n\t\t\t\t\t<h2 class=\"elementor-heading-title elementor-size-default\">Datas para inscri\u00e7\u00e3o, classifica\u00e7\u00e3o e matr\u00edcula<\/h2>\t\t\t\t<\/div>\n\t\t\t\t<\/div>\n\t\t\t\t<div class=\"elementor-element elementor-element-bb48406 elementor-widget elementor-widget-spacer\" data-id=\"bb48406\" data-element_type=\"widget\" data-e-type=\"widget\" data-widget_type=\"spacer.default\">\n\t\t\t\t<div class=\"elementor-widget-container\">\n\t\t\t\t\t\t\t<div class=\"elementor-spacer\">\n\t\t\t<div class=\"elementor-spacer-inner\"><\/div>\n\t\t<\/div>\n\t\t\t\t\t\t<\/div>\n\t\t\t\t<\/div>\n\t\t\t\t\t<\/div>\n\t\t<\/div>\n\t\t\t\t\t<\/div>\n\t\t<\/section>\n\t\t\t\t<section class=\"elementor-section elementor-top-section elementor-element elementor-element-2d7277e elementor-section-boxed elementor-section-height-default elementor-section-height-default\" data-id=\"2d7277e\" data-element_type=\"section\" data-e-type=\"section\">\n\t\t\t\t\t\t<div class=\"elementor-container elementor-column-gap-default\">\n\t\t\t\t\t<div class=\"elementor-column elementor-col-50 elementor-top-column elementor-element elementor-element-799ee60\" data-id=\"799ee60\" data-element_type=\"column\" data-e-type=\"column\">\n\t\t\t<div class=\"elementor-widget-wrap elementor-element-populated\">\n\t\t\t\t\t\t<section class=\"elementor-section elementor-inner-section elementor-element elementor-element-085c603 elementor-section-boxed elementor-section-height-default elementor-section-height-default\" data-id=\"085c603\" data-element_type=\"section\" data-e-type=\"section\">\n\t\t\t\t\t\t<div class=\"elementor-container elementor-column-gap-default\">\n\t\t\t\t\t<div class=\"elementor-column elementor-col-50 elementor-inner-column elementor-element elementor-element-b79b5d8\" data-id=\"b79b5d8\" data-element_type=\"column\" data-e-type=\"column\">\n\t\t\t<div class=\"elementor-widget-wrap elementor-element-populated\">\n\t\t\t\t\t\t<div class=\"elementor-element elementor-element-17c0915 elementor-widget elementor-widget-heading\" data-id=\"17c0915\" data-element_type=\"widget\" data-e-type=\"widget\" data-widget_type=\"heading.default\">\n\t\t\t\t<div class=\"elementor-widget-container\">\n\t\t\t\t\t<h3 class=\"elementor-heading-title elementor-size-default\">Per\u00edodo de inscri\u00e7\u00e3o<\/h3>\t\t\t\t<\/div>\n\t\t\t\t<\/div>\n\t\t\t\t\t<\/div>\n\t\t<\/div>\n\t\t\t\t<div class=\"elementor-column elementor-col-50 elementor-inner-column elementor-element elementor-element-6385e38\" data-id=\"6385e38\" data-element_type=\"column\" data-e-type=\"column\">\n\t\t\t<div class=\"elementor-widget-wrap elementor-element-populated\">\n\t\t\t\t\t\t<div class=\"elementor-element elementor-element-ae2483b elementor-widget elementor-widget-heading\" data-id=\"ae2483b\" data-element_type=\"widget\" data-e-type=\"widget\" data-widget_type=\"heading.default\">\n\t\t\t\t<div class=\"elementor-widget-container\">\n\t\t\t\t\t<h3 class=\"elementor-heading-title elementor-size-default\">06\/01\/2025 a 28\/02\/2025<\/h3>\t\t\t\t<\/div>\n\t\t\t\t<\/div>\n\t\t\t\t\t<\/div>\n\t\t<\/div>\n\t\t\t\t\t<\/div>\n\t\t<\/section>\n\t\t\t\t<section class=\"elementor-section elementor-inner-section elementor-element elementor-element-8977908 elementor-section-boxed elementor-section-height-default elementor-section-height-default\" data-id=\"8977908\" data-element_type=\"section\" data-e-type=\"section\">\n\t\t\t\t\t\t<div class=\"elementor-container elementor-column-gap-default\">\n\t\t\t\t\t<div class=\"elementor-column elementor-col-50 elementor-inner-column elementor-element elementor-element-2e86021\" data-id=\"2e86021\" data-element_type=\"column\" data-e-type=\"column\">\n\t\t\t<div class=\"elementor-widget-wrap elementor-element-populated\">\n\t\t\t\t\t\t<div class=\"elementor-element elementor-element-68cb4f9 elementor-widget elementor-widget-heading\" data-id=\"68cb4f9\" data-element_type=\"widget\" data-e-type=\"widget\" data-widget_type=\"heading.default\">\n\t\t\t\t<div class=\"elementor-widget-container\">\n\t\t\t\t\t<h3 class=\"elementor-heading-title elementor-size-default\">Resultado da classifica\u00e7\u00e3o<\/h3>\t\t\t\t<\/div>\n\t\t\t\t<\/div>\n\t\t\t\t\t<\/div>\n\t\t<\/div>\n\t\t\t\t<div class=\"elementor-column elementor-col-50 elementor-inner-column elementor-element elementor-element-e540274\" data-id=\"e540274\" data-element_type=\"column\" data-e-type=\"column\">\n\t\t\t<div class=\"elementor-widget-wrap elementor-element-populated\">\n\t\t\t\t\t\t<div class=\"elementor-element elementor-element-fe95e4e elementor-widget elementor-widget-heading\" data-id=\"fe95e4e\" data-element_type=\"widget\" data-e-type=\"widget\" data-widget_type=\"heading.default\">\n\t\t\t\t<div class=\"elementor-widget-container\">\n\t\t\t\t\t<h3 class=\"elementor-heading-title elementor-size-default\">03\/03\/2025<\/h3>\t\t\t\t<\/div>\n\t\t\t\t<\/div>\n\t\t\t\t\t<\/div>\n\t\t<\/div>\n\t\t\t\t\t<\/div>\n\t\t<\/section>\n\t\t\t\t<section class=\"elementor-section elementor-inner-section elementor-element elementor-element-5946ac8 elementor-section-boxed elementor-section-height-default elementor-section-height-default\" data-id=\"5946ac8\" data-element_type=\"section\" data-e-type=\"section\">\n\t\t\t\t\t\t<div class=\"elementor-container elementor-column-gap-default\">\n\t\t\t\t\t<div class=\"elementor-column elementor-col-50 elementor-inner-column elementor-element elementor-element-206f010\" data-id=\"206f010\" data-element_type=\"column\" data-e-type=\"column\">\n\t\t\t<div class=\"elementor-widget-wrap elementor-element-populated\">\n\t\t\t\t\t\t<div class=\"elementor-element elementor-element-02d1ccf elementor-widget elementor-widget-heading\" data-id=\"02d1ccf\" data-element_type=\"widget\" data-e-type=\"widget\" data-widget_type=\"heading.default\">\n\t\t\t\t<div class=\"elementor-widget-container\">\n\t\t\t\t\t<h3 class=\"elementor-heading-title elementor-size-default\">Vencimento do boleto de matr\u00edcula<\/h3>\t\t\t\t<\/div>\n\t\t\t\t<\/div>\n\t\t\t\t\t<\/div>\n\t\t<\/div>\n\t\t\t\t<div class=\"elementor-column elementor-col-50 elementor-inner-column elementor-element elementor-element-ed5c4b9\" data-id=\"ed5c4b9\" data-element_type=\"column\" data-e-type=\"column\">\n\t\t\t<div class=\"elementor-widget-wrap elementor-element-populated\">\n\t\t\t\t\t\t<div class=\"elementor-element elementor-element-c310165 elementor-widget elementor-widget-heading\" data-id=\"c310165\" data-element_type=\"widget\" data-e-type=\"widget\" data-widget_type=\"heading.default\">\n\t\t\t\t<div class=\"elementor-widget-container\">\n\t\t\t\t\t<h3 class=\"elementor-heading-title elementor-size-default\">05\/03\/2025<\/h3>\t\t\t\t<\/div>\n\t\t\t\t<\/div>\n\t\t\t\t\t<\/div>\n\t\t<\/div>\n\t\t\t\t\t<\/div>\n\t\t<\/section>\n\t\t\t\t<section class=\"elementor-section elementor-inner-section elementor-element elementor-element-da3a8de elementor-section-boxed elementor-section-height-default elementor-section-height-default\" data-id=\"da3a8de\" data-element_type=\"section\" data-e-type=\"section\">\n\t\t\t\t\t\t<div class=\"elementor-container elementor-column-gap-default\">\n\t\t\t\t\t<div class=\"elementor-column elementor-col-50 elementor-inner-column elementor-element elementor-element-f6e963d\" data-id=\"f6e963d\" data-element_type=\"column\" data-e-type=\"column\">\n\t\t\t<div class=\"elementor-widget-wrap elementor-element-populated\">\n\t\t\t\t\t\t<div class=\"elementor-element elementor-element-45fa1f7 elementor-widget elementor-widget-heading\" data-id=\"45fa1f7\" data-element_type=\"widget\" data-e-type=\"widget\" data-widget_type=\"heading.default\">\n\t\t\t\t<div class=\"elementor-widget-container\">\n\t\t\t\t\t<h3 class=\"elementor-heading-title elementor-size-default\">Matr\u00edcula<\/h3>\t\t\t\t<\/div>\n\t\t\t\t<\/div>\n\t\t\t\t\t<\/div>\n\t\t<\/div>\n\t\t\t\t<div class=\"elementor-column elementor-col-50 elementor-inner-column elementor-element elementor-element-5e4dbcd\" data-id=\"5e4dbcd\" data-element_type=\"column\" data-e-type=\"column\">\n\t\t\t<div class=\"elementor-widget-wrap elementor-element-populated\">\n\t\t\t\t\t\t<div class=\"elementor-element elementor-element-9edfd90 elementor-widget elementor-widget-heading\" data-id=\"9edfd90\" data-element_type=\"widget\" data-e-type=\"widget\" data-widget_type=\"heading.default\">\n\t\t\t\t<div class=\"elementor-widget-container\">\n\t\t\t\t\t<h3 class=\"elementor-heading-title elementor-size-default\">06\/03\/2025 e 07\/03\/2025<\/h3>\t\t\t\t<\/div>\n\t\t\t\t<\/div>\n\t\t\t\t\t<\/div>\n\t\t<\/div>\n\t\t\t\t\t<\/div>\n\t\t<\/section>\n\t\t\t\t\t<\/div>\n\t\t<\/div>\n\t\t\t\t<div class=\"elementor-column elementor-col-50 elementor-top-column elementor-element elementor-element-fcd4b48\" data-id=\"fcd4b48\" data-element_type=\"column\" data-e-type=\"column\" data-settings=\"{&quot;background_background&quot;:&quot;slideshow&quot;,&quot;background_slideshow_gallery&quot;:[{&quot;id&quot;:&quot;135&quot;,&quot;url&quot;:&quot;https:\\\/\\\/utfpr-ct-static-content.s3.amazonaws.com\\\/utfpr.curitiba.br\\\/wp-content\\\/uploads\\\/sites\\\/176\\\/2024\\\/06\\\/Modulo2-01-7.png&quot;},{&quot;id&quot;:&quot;35&quot;,&quot;url&quot;:&quot;https:\\\/\\\/utfpr-ct-static-content.s3.amazonaws.com\\\/utfpr.curitiba.br\\\/wp-content\\\/uploads\\\/sites\\\/176\\\/2024\\\/03\\\/Modulo3-01.png&quot;},{&quot;id&quot;:&quot;36&quot;,&quot;url&quot;:&quot;https:\\\/\\\/utfpr-ct-static-content.s3.amazonaws.com\\\/utfpr.curitiba.br\\\/wp-content\\\/uploads\\\/sites\\\/176\\\/2024\\\/03\\\/Modulo4-01.png&quot;},{&quot;id&quot;:&quot;15&quot;,&quot;url&quot;:&quot;https:\\\/\\\/utfpr-ct-static-content.s3.amazonaws.com\\\/utfpr.curitiba.br\\\/wp-content\\\/uploads\\\/sites\\\/176\\\/2024\\\/03\\\/Modulo1-01.png&quot;}],&quot;background_slideshow_transition_duration&quot;:&quot;2000&quot;,&quot;background_slideshow_lazyload&quot;:&quot;yes&quot;,&quot;background_slideshow_ken_burns&quot;:&quot;yes&quot;,&quot;background_slideshow_ken_burns_zoom_direction&quot;:&quot;out&quot;,&quot;background_slideshow_loop&quot;:&quot;yes&quot;,&quot;background_slideshow_slide_duration&quot;:5000,&quot;background_slideshow_slide_transition&quot;:&quot;fade&quot;}\">\n\t\t\t<div class=\"elementor-widget-wrap elementor-element-populated\">\n\t\t\t\t\t\t<div class=\"elementor-element elementor-element-09f5ff4 elementor-align-center elementor-widget elementor-widget-button\" data-id=\"09f5ff4\" data-element_type=\"widget\" data-e-type=\"widget\" data-settings=\"{&quot;_animation&quot;:&quot;none&quot;}\" data-widget_type=\"button.default\">\n\t\t\t\t<div class=\"elementor-widget-container\">\n\t\t\t\t\t\t\t\t\t<div class=\"elementor-button-wrapper\">\n\t\t\t\t\t<a class=\"elementor-button elementor-button-link elementor-size-xl\" href=\"http:\/\/conveniar.funtefpr.org.br\/eventos\/\">\n\t\t\t\t\t\t<span class=\"elementor-button-content-wrapper\">\n\t\t\t\t\t\t\t\t\t<span class=\"elementor-button-text\">Realizar Inscri\u00e7\u00e3o<\/span>\n\t\t\t\t\t<\/span>\n\t\t\t\t\t<\/a>\n\t\t\t\t<\/div>\n\t\t\t\t\t\t\t\t<\/div>\n\t\t\t\t<\/div>\n\t\t\t\t\t<\/div>\n\t\t<\/div>\n\t\t\t\t\t<\/div>\n\t\t<\/section>\n\t\t\t\t<section class=\"elementor-section elementor-top-section elementor-element elementor-element-77cd166 elementor-section-boxed elementor-section-height-default elementor-section-height-default\" data-id=\"77cd166\" data-element_type=\"section\" data-e-type=\"section\">\n\t\t\t\t\t\t<div class=\"elementor-container elementor-column-gap-default\">\n\t\t\t\t\t<div class=\"elementor-column elementor-col-100 elementor-top-column elementor-element elementor-element-5641373\" data-id=\"5641373\" data-element_type=\"column\" data-e-type=\"column\">\n\t\t\t<div class=\"elementor-widget-wrap elementor-element-populated\">\n\t\t\t\t\t\t<div class=\"elementor-element elementor-element-b466212 elementor-widget elementor-widget-spacer\" data-id=\"b466212\" data-element_type=\"widget\" data-e-type=\"widget\" data-widget_type=\"spacer.default\">\n\t\t\t\t<div class=\"elementor-widget-container\">\n\t\t\t\t\t\t\t<div class=\"elementor-spacer\">\n\t\t\t<div class=\"elementor-spacer-inner\"><\/div>\n\t\t<\/div>\n\t\t\t\t\t\t<\/div>\n\t\t\t\t<\/div>\n\t\t\t\t<div class=\"elementor-element elementor-element-04c203c elementor-widget elementor-widget-heading\" data-id=\"04c203c\" data-element_type=\"widget\" data-e-type=\"widget\" data-widget_type=\"heading.default\">\n\t\t\t\t<div class=\"elementor-widget-container\">\n\t\t\t\t\t<h3 class=\"elementor-heading-title elementor-size-default\">Condi\u00e7\u00f5es para inscri\u00e7\u00e3o<\/h3>\t\t\t\t<\/div>\n\t\t\t\t<\/div>\n\t\t\t\t<div class=\"elementor-element elementor-element-561ea3c elementor-widget elementor-widget-text-editor\" data-id=\"561ea3c\" data-element_type=\"widget\" data-e-type=\"widget\" data-widget_type=\"text-editor.default\">\n\t\t\t\t<div class=\"elementor-widget-container\">\n\t\t\t\t\t\t\t\t\t<p><span style=\"font-weight: 400\">Os interessados em participar do processo de sele\u00e7\u00e3o dever\u00e3o:\u00a0<\/span><\/p><ol><li><span style=\"font-weight: 400\"> Efetuar a inscri\u00e7\u00e3o no site http:\/\/conveniar.funtefpr.org.br\/eventos\/\u00a0<\/span><\/li><li><span style=\"font-weight: 400\"> Efetuar o pagamento da taxa de inscri\u00e7\u00e3o no valor de R$ 60,00 (sessenta reais).\u00a0<\/span><\/li><li><span style=\"font-weight: 400\"> Encaminhar atrav\u00e9s do site da inscri\u00e7\u00e3o, at\u00e9 o dia 28\/02\/2025, c\u00f3pia dos seguintes documentos:\u00a0<\/span><\/li><\/ol><ul><li><span style=\"font-weight: 400\"> Documento de identidade e CPF;\u00a0<\/span><\/li><li><span style=\"font-weight: 400\"> Diploma ou certificado de conclus\u00e3o do curso de gradua\u00e7\u00e3o contendo a data de cola\u00e7\u00e3o de grau do aluno;\u00a0 <\/span>Obs.: O certificado de conclus\u00e3o \u00e9 aceito apenas para inscri\u00e7\u00e3o e matr\u00edcula. Para fazer jus ao Certificado da Especializa\u00e7\u00e3o, al\u00e9m de cumprir os requisitos acad\u00eamicos do curso, o estudante dever\u00e1 obrigatoriamente entregar c\u00f3pia do Diploma de Gradua\u00e7\u00e3o e apresentar o documento original para autentica\u00e7\u00e3o<\/li><li><span style=\"font-weight: 400\">Hist\u00f3rico escolar do curso de gradua\u00e7\u00e3o;\u00a0<\/span><\/li><li><span style=\"font-weight: 400\"> Curriculum Vitae;\u00a0<\/span><\/li><li><span style=\"font-weight: 400\"> Comprovante de Resid\u00eancia;\u00a0<\/span><\/li><li><span style=\"font-weight: 400\"> Para o candidato estrangeiro, poder\u00e1 ser solicitada documenta\u00e7\u00e3o complementar, ap\u00f3s an\u00e1lise inicial. Os documentos necess\u00e1rios para esta situa\u00e7\u00e3o ser\u00e3o requeridos pela secretaria do curso, em atendimento \u00e0 legisla\u00e7\u00e3o vigente;\u00a0<\/span><\/li><\/ul><ol start=\"4\"><li><span style=\"font-weight: 400\"> O candidato, ao se inscrever, aceita as condi\u00e7\u00f5es constantes no presente edital, delas n\u00e3o podendo alegar desconhecimento.\u00a0<\/span><\/li><li><span style=\"font-weight: 400\"> O candidato deve armazenar o n\u00famero do protocolo e c\u00f3digo de acesso, gerados no momento da inscri\u00e7\u00e3o no sistema. Essas informa\u00e7\u00f5es ser\u00e3o necess\u00e1rias para acompanhar os processos de inscri\u00e7\u00e3o e classifica\u00e7\u00e3o.<\/span><\/li><\/ol>\t\t\t\t\t\t\t\t<\/div>\n\t\t\t\t<\/div>\n\t\t\t\t\t<\/div>\n\t\t<\/div>\n\t\t\t\t\t<\/div>\n\t\t<\/section>\n\t\t\t\t<\/div>\n\t\t","protected":false},"excerpt":{"rendered":"<p>Datas para inscri\u00e7\u00e3o, classifica\u00e7\u00e3o e matr\u00edcula Per\u00edodo de inscri\u00e7\u00e3o 06\/01\/2025 a 28\/02\/2025 Resultado da classifica\u00e7\u00e3o 03\/03\/2025 Vencimento do boleto de matr\u00edcula 05\/03\/2025 Matr\u00edcula 06\/03\/2025 e 07\/03\/2025 Realizar Inscri\u00e7\u00e3o Condi\u00e7\u00f5es para inscri\u00e7\u00e3o Os interessados em participar do processo de sele\u00e7\u00e3o dever\u00e3o:\u00a0 Efetuar a inscri\u00e7\u00e3o no site http:\/\/conveniar.funtefpr.org.br\/eventos\/\u00a0 Efetuar o pagamento da taxa de inscri\u00e7\u00e3o no valor [&hellip;]<\/p>\n","protected":false},"author":282,"featured_media":0,"parent":0,"menu_order":0,"comment_status":"closed","ping_status":"closed","template":"","meta":{"site-sidebar-layout":"no-sidebar","site-content-layout":"page-builder","ast-site-content-layout":"default","site-content-style":"default","site-sidebar-style":"default","ast-global-header-display":"","ast-banner-title-visibility":"","ast-main-header-display":"","ast-hfb-above-header-display":"","ast-hfb-below-header-display":"","ast-hfb-mobile-header-display":"","site-post-title":"disabled","ast-breadcrumbs-content":"","ast-featured-img":"disabled","footer-sml-layout":"","ast-disable-related-posts":"","theme-transparent-header-meta":"","adv-header-id-meta":"","stick-header-meta":"","header-above-stick-meta":"","header-main-stick-meta":"","header-below-stick-meta":"","astra-migrate-meta-layouts":"default","ast-page-background-enabled":"default","ast-page-background-meta":{"desktop":{"background-color":"var(--ast-global-color-4)","background-image":"","background-repeat":"repeat","background-position":"center center","background-size":"auto","background-attachment":"scroll","background-type":"","background-media":"","overlay-type":"","overlay-color":"","overlay-opacity":"","overlay-gradient":""},"tablet":{"background-color":"","background-image":"","background-repeat":"repeat","background-position":"center center","background-size":"auto","background-attachment":"scroll","background-type":"","background-media":"","overlay-type":"","overlay-color":"","overlay-opacity":"","overlay-gradient":""},"mobile":{"background-color":"","background-image":"","background-repeat":"repeat","background-position":"center center","background-size":"auto","background-attachment":"scroll","background-type":"","background-media":"","overlay-type":"","overlay-color":"","overlay-opacity":"","overlay-gradient":""}},"ast-content-background-meta":{"desktop":{"background-color":"var(--ast-global-color-5)","background-image":"","background-repeat":"repeat","background-position":"center center","background-size":"auto","background-attachment":"scroll","background-type":"","background-media":"","overlay-type":"","overlay-color":"","overlay-opacity":"","overlay-gradient":""},"tablet":{"background-color":"var(--ast-global-color-5)","background-image":"","background-repeat":"repeat","background-position":"center center","background-size":"auto","background-attachment":"scroll","background-type":"","background-media":"","overlay-type":"","overlay-color":"","overlay-opacity":"","overlay-gradient":""},"mobile":{"background-color":"var(--ast-global-color-5)","background-image":"","background-repeat":"repeat","background-position":"center center","background-size":"auto","background-attachment":"scroll","background-type":"","background-media":"","overlay-type":"","overlay-color":"","overlay-opacity":"","overlay-gradient":""}},"footnotes":""},"class_list":["post-126","page","type-page","status-publish","hentry"],"_links":{"self":[{"href":"https:\/\/utfpr.curitiba.br\/especializacaointeduc\/wp-json\/wp\/v2\/pages\/126","targetHints":{"allow":["GET"]}}],"collection":[{"href":"https:\/\/utfpr.curitiba.br\/especializacaointeduc\/wp-json\/wp\/v2\/pages"}],"about":[{"href":"https:\/\/utfpr.curitiba.br\/especializacaointeduc\/wp-json\/wp\/v2\/types\/page"}],"author":[{"embeddable":true,"href":"https:\/\/utfpr.curitiba.br\/especializacaointeduc\/wp-json\/wp\/v2\/users\/282"}],"replies":[{"embeddable":true,"href":"https:\/\/utfpr.curitiba.br\/especializacaointeduc\/wp-json\/wp\/v2\/comments?post=126"}],"version-history":[{"count":22,"href":"https:\/\/utfpr.curitiba.br\/especializacaointeduc\/wp-json\/wp\/v2\/pages\/126\/revisions"}],"predecessor-version":[{"id":289,"href":"https:\/\/utfpr.curitiba.br\/especializacaointeduc\/wp-json\/wp\/v2\/pages\/126\/revisions\/289"}],"wp:attachment":[{"href":"https:\/\/utfpr.curitiba.br\/especializacaointeduc\/wp-json\/wp\/v2\/media?parent=126"}],"curies":[{"name":"wp","href":"https:\/\/api.w.org\/{rel}","templated":true}]}}