{"id":162,"date":"2024-09-13T18:52:02","date_gmt":"2024-09-13T21:52:02","guid":{"rendered":"https:\/\/utfpr.curitiba.br\/engprod\/?page_id=162"},"modified":"2024-09-17T22:40:29","modified_gmt":"2024-09-18T01:40:29","slug":"home","status":"publish","type":"page","link":"https:\/\/utfpr.curitiba.br\/engprod\/","title":{"rendered":"Home"},"content":{"rendered":"\t\t<div data-elementor-type=\"wp-page\" data-elementor-id=\"162\" class=\"elementor elementor-162\">\n\t\t\t\t\t\t<section class=\"elementor-section elementor-top-section elementor-element elementor-element-e35a3b8 elementor-section-boxed elementor-section-height-default elementor-section-height-default\" data-id=\"e35a3b8\" data-element_type=\"section\" data-e-type=\"section\">\n\t\t\t\t\t\t<div class=\"elementor-container elementor-column-gap-default\">\n\t\t\t\t\t<div class=\"elementor-column elementor-col-100 elementor-top-column elementor-element elementor-element-d92d7ef\" data-id=\"d92d7ef\" data-element_type=\"column\" data-e-type=\"column\">\n\t\t\t<div class=\"elementor-widget-wrap elementor-element-populated\">\n\t\t\t\t\t\t<div class=\"elementor-element elementor-element-c5e7cbe elementor-widget elementor-widget-image\" data-id=\"c5e7cbe\" data-element_type=\"widget\" data-e-type=\"widget\" data-widget_type=\"image.default\">\n\t\t\t\t<div class=\"elementor-widget-container\">\n\t\t\t\t\t\t\t\t\t\t\t\t\t\t\t<img fetchpriority=\"high\" decoding=\"async\" width=\"612\" height=\"359\" src=\"https:\/\/utfpr-ct-static-content.s3.amazonaws.com\/utfpr.curitiba.br\/wp-content\/uploads\/sites\/180\/2024\/09\/istockphoto-1154341677-612x612-1.jpg\" class=\"attachment-large size-large wp-image-157\" alt=\"\" srcset=\"https:\/\/utfpr-ct-static-content.s3.amazonaws.com\/utfpr.curitiba.br\/wp-content\/uploads\/sites\/180\/2024\/09\/istockphoto-1154341677-612x612-1.jpg 612w, https:\/\/utfpr-ct-static-content.s3.amazonaws.com\/utfpr.curitiba.br\/wp-content\/uploads\/sites\/180\/2024\/09\/istockphoto-1154341677-612x612-1-300x176.jpg 300w\" sizes=\"(max-width: 612px) 100vw, 612px\" \/>\t\t\t\t\t\t\t\t\t\t\t\t\t\t\t<\/div>\n\t\t\t\t<\/div>\n\t\t\t\t\t<\/div>\n\t\t<\/div>\n\t\t\t\t\t<\/div>\n\t\t<\/section>\n\t\t\t\t<section class=\"elementor-section elementor-top-section elementor-element elementor-element-73a9027 elementor-section-boxed elementor-section-height-default elementor-section-height-default\" data-id=\"73a9027\" data-element_type=\"section\" data-e-type=\"section\">\n\t\t\t\t\t\t<div class=\"elementor-container elementor-column-gap-default\">\n\t\t\t\t\t<div class=\"elementor-column elementor-col-100 elementor-top-column elementor-element elementor-element-45afd61\" data-id=\"45afd61\" data-element_type=\"column\" data-e-type=\"column\">\n\t\t\t<div class=\"elementor-widget-wrap elementor-element-populated\">\n\t\t\t\t\t\t<div class=\"elementor-element elementor-element-bc28f02 elementor-widget elementor-widget-heading\" data-id=\"bc28f02\" data-element_type=\"widget\" data-e-type=\"widget\" data-widget_type=\"heading.default\">\n\t\t\t\t<div class=\"elementor-widget-container\">\n\t\t\t\t\t<h2 class=\"elementor-heading-title elementor-size-default\">Fonte: https:\/\/www.istockphoto.com\/br\/fotos\/engenharia-de-produ%C3%A7%C3%A3o<\/h2>\t\t\t\t<\/div>\n\t\t\t\t<\/div>\n\t\t\t\t\t<\/div>\n\t\t<\/div>\n\t\t\t\t\t<\/div>\n\t\t<\/section>\n\t\t\t\t<section class=\"elementor-section elementor-top-section elementor-element elementor-element-3554f74 elementor-section-boxed elementor-section-height-default elementor-section-height-default\" data-id=\"3554f74\" data-element_type=\"section\" data-e-type=\"section\">\n\t\t\t\t\t\t<div class=\"elementor-container elementor-column-gap-default\">\n\t\t\t\t\t<div class=\"elementor-column elementor-col-100 elementor-top-column elementor-element elementor-element-4c18a54\" data-id=\"4c18a54\" data-element_type=\"column\" data-e-type=\"column\">\n\t\t\t<div class=\"elementor-widget-wrap elementor-element-populated\">\n\t\t\t\t\t\t<div class=\"elementor-element elementor-element-516f9da elementor-widget elementor-widget-heading\" data-id=\"516f9da\" data-element_type=\"widget\" data-e-type=\"widget\" data-widget_type=\"heading.default\">\n\t\t\t\t<div class=\"elementor-widget-container\">\n\t\t\t\t\t<h2 class=\"elementor-heading-title elementor-size-default\">Sobre o curso<\/h2>\t\t\t\t<\/div>\n\t\t\t\t<\/div>\n\t\t\t\t\t<\/div>\n\t\t<\/div>\n\t\t\t\t\t<\/div>\n\t\t<\/section>\n\t\t\t\t<section class=\"elementor-section elementor-top-section elementor-element elementor-element-fd38733 elementor-section-boxed elementor-section-height-default elementor-section-height-default\" data-id=\"fd38733\" data-element_type=\"section\" data-e-type=\"section\">\n\t\t\t\t\t\t<div class=\"elementor-container elementor-column-gap-default\">\n\t\t\t\t\t<div class=\"elementor-column elementor-col-100 elementor-top-column elementor-element elementor-element-b1a7563\" data-id=\"b1a7563\" data-element_type=\"column\" data-e-type=\"column\">\n\t\t\t<div class=\"elementor-widget-wrap elementor-element-populated\">\n\t\t\t\t\t\t<div class=\"elementor-element elementor-element-ad8eae9 elementor-widget elementor-widget-text-editor\" data-id=\"ad8eae9\" data-element_type=\"widget\" data-e-type=\"widget\" data-widget_type=\"text-editor.default\">\n\t\t\t\t<div class=\"elementor-widget-container\">\n\t\t\t\t\t\t\t\t\t<p><strong>O curso de Engenharia de Produ\u00e7\u00e3o, o mais novo da UTFPR, Campus Curitiba, ter\u00e1 in\u00edcio no primeiro semestre de 2025. <\/strong>Ele \u00e9 oferecido pelo Departamento Acad\u00eamico de Mec\u00e2nica (DAMEC) da UTFPR-CT, conhecido por seu perfil pr\u00e1tico e industrial.<\/p><p>O curso de Engenharia de Produ\u00e7\u00e3o (EP) proporciona uma forma\u00e7\u00e3o focada na otimiza\u00e7\u00e3o de processos e sistemas de produ\u00e7\u00e3o. Em ess\u00eancia, \u201cCabe \u00e0 Engenharia de Produ\u00e7\u00e3o o projeto, a implementa\u00e7\u00e3o, a opera\u00e7\u00e3o, a melhoria e a manuten\u00e7\u00e3o de sistemas produtivos integrados de bens e servi\u00e7os, envolvendo pessoas, materiais, tecnologia, informa\u00e7\u00e3o e energia\u201d (1).<\/p><p>Inicialmente, o curso ter\u00e1 22 vagas para o per\u00edodo tarde\/noite, permitindo que os alunos possam conciliar trabalho e estudo. As aulas ocorrer\u00e3o 100% na sede Ecoville, o que reduz custos para os estudantes e ajuda a prevenir a evas\u00e3o.<\/p><p>O objetivo \u00e9 garantir a conson\u00e2ncia da EP da UTFPR com os principais modelos deste curso no pa\u00eds e no exterior e seu enquadramento nas Diretrizes Curriculares Nacionais. O curso tem dura\u00e7\u00e3o de 5 anos e est\u00e1 entre os dois cursos ofertados na \u00e1rea em Curitiba e Regi\u00e3o Metropolitana (CRM) de forma gratuita (institui\u00e7\u00e3o p\u00fablica), pois as demais s\u00e3o privadas (2).<\/p><p>Desenvolvido para proporcionar uma forma\u00e7\u00e3o abrangente, equipando os alunos com compet\u00eancias b\u00e1sicas de engenharia e espec\u00edficas da EP para resolver problemas pr\u00e1ticos. O objetivo \u00e9 formar profissionais capacitados para gerenciar, projetar e melhorar sistemas de produ\u00e7\u00e3o, considerando aspectos humanos, econ\u00f4micos, sociais e ambientais.<\/p><p>Ao longo das 3600 horas totais do curso, os alunos estudam tanto \u00e1reas fundamentais da engenharia, como Mec\u00e2nica, F\u00edsica, Qu\u00edmica Geral e Desenho por Computador, quanto \u00e1reas aplicadas, incluindo Automa\u00e7\u00e3o, Engenharia da Qualidade, Engenharia de Opera\u00e7\u00f5es, Engenharia da Sustentabilidade e Engenharia do Trabalho. O curso enfatiza a interdisciplinaridade das unidades curriculares e a resolu\u00e7\u00e3o de problemas reais enfrentados por ind\u00fastrias, empresas, comunidade e sociedade, preparando os graduados para atuar de forma abrangente em organiza\u00e7\u00f5es industriais, comerciais e de servi\u00e7os.<\/p><p>Um diferencial do curso \u00e9 seu desenvolvimento voltado para atender \u00e0s necessidades e oportunidades do Brasil, com foco especial em Curitiba e regi\u00e3o. O curso foi projetado com base em dados sobre cursos existentes, economia e mercado de trabalho, aproveitando a estrutura e o corpo docente do DAMEC-CT. Os dados regionais indicam que o curso de Engenharia de Produ\u00e7\u00e3o enriquecer\u00e1 o conhecimento na \u00e1rea e complementar\u00e1 o ensino atual com uma grade curricular adaptada ao dinamismo da regi\u00e3o, especialmente no setor metalmec\u00e2nico. Al\u00e9m disso, a metodologia de ensino \u00e9 baseada na abordagem internacional CDIO (Conceive, Design, Implement, Operate), que enfatiza a cria\u00e7\u00e3o, o projeto, a implementa\u00e7\u00e3o e a opera\u00e7\u00e3o de solu\u00e7\u00f5es pr\u00e1ticas.<\/p><p>FONTE:<\/p><ol><li>ABEPRO, Associa\u00e7\u00e3o Brasileira de Engenharia de Produ\u00e7\u00e3o (2024).<\/li><li>E-MEC, Cadastro Nacional de Cursos e Institui\u00e7\u00f5es de Educa\u00e7\u00e3o Superior (2024).<\/li><\/ol>\t\t\t\t\t\t\t\t<\/div>\n\t\t\t\t<\/div>\n\t\t\t\t\t<\/div>\n\t\t<\/div>\n\t\t\t\t\t<\/div>\n\t\t<\/section>\n\t\t\t\t<section class=\"elementor-section elementor-top-section elementor-element elementor-element-197780f elementor-section-boxed elementor-section-height-default elementor-section-height-default\" data-id=\"197780f\" data-element_type=\"section\" data-e-type=\"section\" data-settings=\"{&quot;background_background&quot;:&quot;classic&quot;}\">\n\t\t\t\t\t\t<div class=\"elementor-container elementor-column-gap-default\">\n\t\t\t\t\t<div class=\"elementor-column elementor-col-100 elementor-top-column elementor-element elementor-element-bd3eaec\" data-id=\"bd3eaec\" data-element_type=\"column\" data-e-type=\"column\">\n\t\t\t<div class=\"elementor-widget-wrap elementor-element-populated\">\n\t\t\t\t\t\t<div class=\"elementor-element elementor-element-cee5b93 elementor-widget elementor-widget-heading\" data-id=\"cee5b93\" data-element_type=\"widget\" data-e-type=\"widget\" data-widget_type=\"heading.default\">\n\t\t\t\t<div class=\"elementor-widget-container\">\n\t\t\t\t\t<h2 class=\"elementor-heading-title elementor-size-default\"><a href=\"https:\/\/www.utfpr.edu.br\/cursos\/coordenacoes\/graduacao\/curitiba\/engenharia-de-producao\">Mais informa\u00e7\u00f5es do Curso de Engenharia de Produ\u00e7\u00e3o Curitiba no Portal da UTFPR <\/a><\/h2>\t\t\t\t<\/div>\n\t\t\t\t<\/div>\n\t\t\t\t\t<\/div>\n\t\t<\/div>\n\t\t\t\t\t<\/div>\n\t\t<\/section>\n\t\t\t\t<\/div>\n\t\t","protected":false},"excerpt":{"rendered":"<p>\/*! elementor &#8211; v3.15.0 &#8211; 20-08-2023 *\/ .elementor-widget-image{text-align:center}.elementor-widget-image a{display:inline-block}.elementor-widget-image a img[src$=&#8221;.svg&#8221;]{width:48px}.elementor-widget-image img{vertical-align:middle;display:inline-block} \/*! elementor &#8211; v3.15.0 &#8211; 20-08-2023 *\/ .elementor-heading-title{padding:0;margin:0;line-height:1}.elementor-widget-heading .elementor-heading-title[class*=elementor-size-]&gt;a{color:inherit;font-size:inherit;line-height:inherit}.elementor-widget-heading .elementor-heading-title.elementor-size-small{font-size:15px}.elementor-widget-heading .elementor-heading-title.elementor-size-medium{font-size:19px}.elementor-widget-heading .elementor-heading-title.elementor-size-large{font-size:29px}.elementor-widget-heading .elementor-heading-title.elementor-size-xl{font-size:39px}.elementor-widget-heading .elementor-heading-title.elementor-size-xxl{font-size:59px} Fonte: https:\/\/www.istockphoto.com\/br\/fotos\/engenharia-de-produ%C3%A7%C3%A3o Sobre o curso O curso de Engenharia de Produ\u00e7\u00e3o, o mais novo da UTFPR, Campus Curitiba, ter\u00e1 in\u00edcio no primeiro semestre de 2025. Ele \u00e9 oferecido pelo [&hellip;]<\/p>\n","protected":false},"author":108,"featured_media":0,"parent":0,"menu_order":0,"comment_status":"closed","ping_status":"closed","template":"elementor_header_footer","meta":{"footnotes":""},"class_list":["post-162","page","type-page","status-publish","hentry"],"_links":{"self":[{"href":"https:\/\/utfpr.curitiba.br\/engprod\/wp-json\/wp\/v2\/pages\/162","targetHints":{"allow":["GET"]}}],"collection":[{"href":"https:\/\/utfpr.curitiba.br\/engprod\/wp-json\/wp\/v2\/pages"}],"about":[{"href":"https:\/\/utfpr.curitiba.br\/engprod\/wp-json\/wp\/v2\/types\/page"}],"author":[{"embeddable":true,"href":"https:\/\/utfpr.curitiba.br\/engprod\/wp-json\/wp\/v2\/users\/108"}],"replies":[{"embeddable":true,"href":"https:\/\/utfpr.curitiba.br\/engprod\/wp-json\/wp\/v2\/comments?post=162"}],"version-history":[{"count":25,"href":"https:\/\/utfpr.curitiba.br\/engprod\/wp-json\/wp\/v2\/pages\/162\/revisions"}],"predecessor-version":[{"id":612,"href":"https:\/\/utfpr.curitiba.br\/engprod\/wp-json\/wp\/v2\/pages\/162\/revisions\/612"}],"wp:attachment":[{"href":"https:\/\/utfpr.curitiba.br\/engprod\/wp-json\/wp\/v2\/media?parent=162"}],"curies":[{"name":"wp","href":"https:\/\/api.w.org\/{rel}","templated":true}]}}