{"id":28,"date":"2022-11-12T22:37:20","date_gmt":"2022-11-13T01:37:20","guid":{"rendered":"https:\/\/utfpr.curitiba.br\/energiasrenovaveis\/?page_id=28"},"modified":"2025-11-11T10:02:30","modified_gmt":"2025-11-11T13:02:30","slug":"cronograma","status":"publish","type":"page","link":"https:\/\/utfpr.curitiba.br\/energiasrenovaveis\/cronograma\/","title":{"rendered":"Cronograma"},"content":{"rendered":"\t\t<div data-elementor-type=\"wp-page\" data-elementor-id=\"28\" class=\"elementor elementor-28\">\n\t\t\t\t\t\t<section class=\"elementor-section elementor-top-section elementor-element elementor-element-f85ae6e elementor-section-boxed elementor-section-height-default elementor-section-height-default\" data-id=\"f85ae6e\" data-element_type=\"section\" data-e-type=\"section\">\n\t\t\t\t\t\t<div class=\"elementor-container elementor-column-gap-default\">\n\t\t\t\t\t<div class=\"elementor-column elementor-col-100 elementor-top-column elementor-element elementor-element-733d767\" data-id=\"733d767\" data-element_type=\"column\" data-e-type=\"column\">\n\t\t\t<div class=\"elementor-widget-wrap elementor-element-populated\">\n\t\t\t\t\t\t<div class=\"elementor-element elementor-element-ed4a64d elementor-widget elementor-widget-spacer\" data-id=\"ed4a64d\" data-element_type=\"widget\" data-e-type=\"widget\" data-widget_type=\"spacer.default\">\n\t\t\t\t<div class=\"elementor-widget-container\">\n\t\t\t\t\t\t\t<div class=\"elementor-spacer\">\n\t\t\t<div class=\"elementor-spacer-inner\"><\/div>\n\t\t<\/div>\n\t\t\t\t\t\t<\/div>\n\t\t\t\t<\/div>\n\t\t\t\t<div class=\"elementor-element elementor-element-46a8019 elementor-widget elementor-widget-heading\" data-id=\"46a8019\" data-element_type=\"widget\" data-e-type=\"widget\" data-widget_type=\"heading.default\">\n\t\t\t\t<div class=\"elementor-widget-container\">\n\t\t\t\t\t<h1 class=\"elementor-heading-title elementor-size-default\">Modalidade do curso<\/h1>\t\t\t\t<\/div>\n\t\t\t\t<\/div>\n\t\t\t\t<div class=\"elementor-element elementor-element-f1ee558 elementor-widget elementor-widget-text-editor\" data-id=\"f1ee558\" data-element_type=\"widget\" data-e-type=\"widget\" data-widget_type=\"text-editor.default\">\n\t\t\t\t<div class=\"elementor-widget-container\">\n\t\t\t\t\t\t\t\t\t<p>1. O curso ter\u00e1 suas aulas ministradas na modalidade a dist\u00e2ncia (com aulas ao vivo).<br \/>2. O curso ser\u00e1 ministrado por meio de Ambiente Virtual de Ensino e Aprendizagem (AVEA), Moodle Institucional da UTFPR, e de servi\u00e7o de confer\u00eancia web. A plataforma Google Meet ser\u00e1 utilizada, preferencialmente, para realiza\u00e7\u00e3o das aulas online. A sede f\u00edsica do curso se localiza na Universidade Tecnol\u00f3gica Federal do Paran\u00e1 (UTFPR), Campus Curitiba, situada \u00e0 Av. Sete de Setembro, 3165, CEP 80230-901 \u2013 Curitiba \u2013 Paran\u00e1.<\/p>\t\t\t\t\t\t\t\t<\/div>\n\t\t\t\t<\/div>\n\t\t\t\t\t<\/div>\n\t\t<\/div>\n\t\t\t\t\t<\/div>\n\t\t<\/section>\n\t\t\t\t<section class=\"elementor-section elementor-top-section elementor-element elementor-element-ee909d7 elementor-section-boxed elementor-section-height-default elementor-section-height-default\" data-id=\"ee909d7\" data-element_type=\"section\" data-e-type=\"section\">\n\t\t\t\t\t\t<div class=\"elementor-container elementor-column-gap-default\">\n\t\t\t\t\t<div class=\"elementor-column elementor-col-100 elementor-top-column elementor-element elementor-element-13a8bcb\" data-id=\"13a8bcb\" data-element_type=\"column\" data-e-type=\"column\">\n\t\t\t<div class=\"elementor-widget-wrap elementor-element-populated\">\n\t\t\t\t\t\t<div class=\"elementor-element elementor-element-5951b94 elementor-widget elementor-widget-heading\" data-id=\"5951b94\" data-element_type=\"widget\" data-e-type=\"widget\" data-widget_type=\"heading.default\">\n\t\t\t\t<div class=\"elementor-widget-container\">\n\t\t\t\t\t<h1 class=\"elementor-heading-title elementor-size-default\">DURA\u00c7\u00c3O, TURNO E HOR\u00c1RIO DE FUNCIONAMENTO DO CURSO<\/h1>\t\t\t\t<\/div>\n\t\t\t\t<\/div>\n\t\t\t\t<div class=\"elementor-element elementor-element-d80adb2 elementor-widget elementor-widget-text-editor\" data-id=\"d80adb2\" data-element_type=\"widget\" data-e-type=\"widget\" data-widget_type=\"text-editor.default\">\n\t\t\t\t<div class=\"elementor-widget-container\">\n\t\t\t\t\t\t\t\t\t<p>1. A carga hor\u00e1ria total do curso \u00e9 de 360 horas, sendo que as aulas s\u00e3o ministradas as sextas-feiras \u00e0 noite (19h as 23h) e aos s\u00e1bados manh\u00e3 (8h as 12h) e tarde (13h as 17h), preferencialmente de forma quinzenal (obedecendo o cronograma de aulas).<\/p>\t\t\t\t\t\t\t\t<\/div>\n\t\t\t\t<\/div>\n\t\t\t\t\t<\/div>\n\t\t<\/div>\n\t\t\t\t\t<\/div>\n\t\t<\/section>\n\t\t\t\t<section class=\"elementor-section elementor-top-section elementor-element elementor-element-d3bbe46 elementor-section-boxed elementor-section-height-default elementor-section-height-default\" data-id=\"d3bbe46\" data-element_type=\"section\" data-e-type=\"section\">\n\t\t\t\t\t\t<div class=\"elementor-container elementor-column-gap-default\">\n\t\t\t\t\t<div class=\"elementor-column elementor-col-100 elementor-top-column elementor-element elementor-element-547e58f\" data-id=\"547e58f\" data-element_type=\"column\" data-e-type=\"column\">\n\t\t\t<div class=\"elementor-widget-wrap elementor-element-populated\">\n\t\t\t\t\t\t<div class=\"elementor-element elementor-element-f9b130f elementor-widget elementor-widget-heading\" data-id=\"f9b130f\" data-element_type=\"widget\" data-e-type=\"widget\" data-widget_type=\"heading.default\">\n\t\t\t\t<div class=\"elementor-widget-container\">\n\t\t\t\t\t<h1 class=\"elementor-heading-title elementor-size-default\">CRONOGRAMA DE EXECU\u00c7\u00c3O DO CURSO<\/h1>\t\t\t\t<\/div>\n\t\t\t\t<\/div>\n\t\t\t\t<div class=\"elementor-element elementor-element-7a2827a elementor-widget elementor-widget-text-editor\" data-id=\"7a2827a\" data-element_type=\"widget\" data-e-type=\"widget\" data-widget_type=\"text-editor.default\">\n\t\t\t\t<div class=\"elementor-widget-container\">\n\t\t\t\t\t\t\t\t\t<p><strong>In\u00edcio das atividades letivas<\/strong> | 02\/03\/2026<br \/><strong>Recesso das atividades letivas |\u00a0<\/strong> 13\/12\/2026<br \/><strong>Rein\u00edcio das atividades letivas |<\/strong>05\/03\/2027<br \/><strong>T\u00e9rmino das atividades letivas |<\/strong> 18\/09\/2027<br \/><strong>Data limite para entrega do Projeto de Pesquisa |<\/strong> 30\/10\/2027<\/p>\t\t\t\t\t\t\t\t<\/div>\n\t\t\t\t<\/div>\n\t\t\t\t\t<\/div>\n\t\t<\/div>\n\t\t\t\t\t<\/div>\n\t\t<\/section>\n\t\t\t\t<section class=\"elementor-section elementor-top-section elementor-element elementor-element-121dae9 elementor-section-boxed elementor-section-height-default elementor-section-height-default\" data-id=\"121dae9\" data-element_type=\"section\" data-e-type=\"section\">\n\t\t\t\t\t\t<div class=\"elementor-container elementor-column-gap-default\">\n\t\t\t\t\t<div class=\"elementor-column elementor-col-100 elementor-top-column elementor-element elementor-element-71a2d3d\" data-id=\"71a2d3d\" data-element_type=\"column\" data-e-type=\"column\">\n\t\t\t<div class=\"elementor-widget-wrap\">\n\t\t\t\t\t\t\t<\/div>\n\t\t<\/div>\n\t\t\t\t\t<\/div>\n\t\t<\/section>\n\t\t\t\t<\/div>\n\t\t","protected":false},"excerpt":{"rendered":"<p>Modalidade do curso 1. O curso ter\u00e1 suas aulas ministradas na modalidade a dist\u00e2ncia (com aulas ao vivo).2. O curso ser\u00e1 ministrado por meio de Ambiente Virtual de Ensino e Aprendizagem (AVEA), Moodle Institucional da UTFPR, e de servi\u00e7o de confer\u00eancia web. A plataforma Google Meet ser\u00e1 utilizada, preferencialmente, para realiza\u00e7\u00e3o das aulas online. A [&hellip;]<\/p>\n","protected":false},"author":85,"featured_media":0,"parent":0,"menu_order":4,"comment_status":"closed","ping_status":"closed","template":"","meta":{"site-sidebar-layout":"no-sidebar","site-content-layout":"page-builder","ast-site-content-layout":"default","site-content-style":"default","site-sidebar-style":"default","ast-global-header-display":"","ast-banner-title-visibility":"","ast-main-header-display":"","ast-hfb-above-header-display":"","ast-hfb-below-header-display":"","ast-hfb-mobile-header-display":"","site-post-title":"disabled","ast-breadcrumbs-content":"","ast-featured-img":"disabled","footer-sml-layout":"","ast-disable-related-posts":"","theme-transparent-header-meta":"","adv-header-id-meta":"","stick-header-meta":"","header-above-stick-meta":"","header-main-stick-meta":"","header-below-stick-meta":"","astra-migrate-meta-layouts":"default","ast-page-background-enabled":"default","ast-page-background-meta":{"desktop":{"background-color":"var(--ast-global-color-4)","background-image":"","background-repeat":"repeat","background-position":"center center","background-size":"auto","background-attachment":"scroll","background-type":"","background-media":"","overlay-type":"","overlay-color":"","overlay-opacity":"","overlay-gradient":""},"tablet":{"background-color":"","background-image":"","background-repeat":"repeat","background-position":"center center","background-size":"auto","background-attachment":"scroll","background-type":"","background-media":"","overlay-type":"","overlay-color":"","overlay-opacity":"","overlay-gradient":""},"mobile":{"background-color":"","background-image":"","background-repeat":"repeat","background-position":"center center","background-size":"auto","background-attachment":"scroll","background-type":"","background-media":"","overlay-type":"","overlay-color":"","overlay-opacity":"","overlay-gradient":""}},"ast-content-background-meta":{"desktop":{"background-color":"var(--ast-global-color-5)","background-image":"","background-repeat":"repeat","background-position":"center center","background-size":"auto","background-attachment":"scroll","background-type":"","background-media":"","overlay-type":"","overlay-color":"","overlay-opacity":"","overlay-gradient":""},"tablet":{"background-color":"var(--ast-global-color-5)","background-image":"","background-repeat":"repeat","background-position":"center center","background-size":"auto","background-attachment":"scroll","background-type":"","background-media":"","overlay-type":"","overlay-color":"","overlay-opacity":"","overlay-gradient":""},"mobile":{"background-color":"var(--ast-global-color-5)","background-image":"","background-repeat":"repeat","background-position":"center center","background-size":"auto","background-attachment":"scroll","background-type":"","background-media":"","overlay-type":"","overlay-color":"","overlay-opacity":"","overlay-gradient":""}},"footnotes":""},"class_list":["post-28","page","type-page","status-publish","hentry"],"yoast_head":"<!-- This site is optimized with the Yoast SEO plugin v27.2 - https:\/\/yoast.com\/product\/yoast-seo-wordpress\/ -->\n<title>Cronograma - Energias Renov\u00e1veis<\/title>\n<meta name=\"robots\" content=\"index, follow, max-snippet:-1, max-image-preview:large, max-video-preview:-1\" \/>\n<link rel=\"canonical\" href=\"https:\/\/utfpr.curitiba.br\/energiasrenovaveis\/cronograma\/\" \/>\n<meta property=\"og:locale\" content=\"pt_BR\" \/>\n<meta property=\"og:type\" content=\"article\" \/>\n<meta property=\"og:title\" content=\"Cronograma - Energias Renov\u00e1veis\" \/>\n<meta property=\"og:description\" content=\"Modalidade do curso 1. O curso ter\u00e1 suas aulas ministradas na modalidade a dist\u00e2ncia (com aulas ao vivo).2. O curso ser\u00e1 ministrado por meio de Ambiente Virtual de Ensino e Aprendizagem (AVEA), Moodle Institucional da UTFPR, e de servi\u00e7o de confer\u00eancia web. A plataforma Google Meet ser\u00e1 utilizada, preferencialmente, para realiza\u00e7\u00e3o das aulas online. A [&hellip;]\" \/>\n<meta property=\"og:url\" content=\"https:\/\/utfpr.curitiba.br\/energiasrenovaveis\/cronograma\/\" \/>\n<meta property=\"og:site_name\" content=\"Energias Renov\u00e1veis\" \/>\n<meta property=\"article:modified_time\" content=\"2025-11-11T13:02:30+00:00\" \/>\n<meta name=\"twitter:card\" content=\"summary_large_image\" \/>\n<meta name=\"twitter:label1\" content=\"Est. reading time\" \/>\n\t<meta name=\"twitter:data1\" content=\"2 minutos\" \/>\n<script type=\"application\/ld+json\" class=\"yoast-schema-graph\">{\"@context\":\"https:\/\/schema.org\",\"@graph\":[{\"@type\":\"WebPage\",\"@id\":\"https:\/\/utfpr.curitiba.br\/energiasrenovaveis\/cronograma\/\",\"url\":\"https:\/\/utfpr.curitiba.br\/energiasrenovaveis\/cronograma\/\",\"name\":\"Cronograma - Energias Renov\u00e1veis\",\"isPartOf\":{\"@id\":\"https:\/\/utfpr.curitiba.br\/energiasrenovaveis\/#website\"},\"datePublished\":\"2022-11-13T01:37:20+00:00\",\"dateModified\":\"2025-11-11T13:02:30+00:00\",\"breadcrumb\":{\"@id\":\"https:\/\/utfpr.curitiba.br\/energiasrenovaveis\/cronograma\/#breadcrumb\"},\"inLanguage\":\"pt-BR\",\"potentialAction\":[{\"@type\":\"ReadAction\",\"target\":[\"https:\/\/utfpr.curitiba.br\/energiasrenovaveis\/cronograma\/\"]}]},{\"@type\":\"BreadcrumbList\",\"@id\":\"https:\/\/utfpr.curitiba.br\/energiasrenovaveis\/cronograma\/#breadcrumb\",\"itemListElement\":[{\"@type\":\"ListItem\",\"position\":1,\"name\":\"Home\",\"item\":\"https:\/\/utfpr.curitiba.br\/energiasrenovaveis\/\"},{\"@type\":\"ListItem\",\"position\":2,\"name\":\"Cronograma\"}]},{\"@type\":\"WebSite\",\"@id\":\"https:\/\/utfpr.curitiba.br\/energiasrenovaveis\/#website\",\"url\":\"https:\/\/utfpr.curitiba.br\/energiasrenovaveis\/\",\"name\":\"Especializa\u00e7\u00e3o em Energias Renov\u00e1veis\",\"description\":\"S\u00f3 mais um site UTFPR Curitiba\",\"publisher\":{\"@id\":\"https:\/\/utfpr.curitiba.br\/energiasrenovaveis\/#organization\"},\"potentialAction\":[{\"@type\":\"SearchAction\",\"target\":{\"@type\":\"EntryPoint\",\"urlTemplate\":\"https:\/\/utfpr.curitiba.br\/energiasrenovaveis\/?s={search_term_string}\"},\"query-input\":{\"@type\":\"PropertyValueSpecification\",\"valueRequired\":true,\"valueName\":\"search_term_string\"}}],\"inLanguage\":\"pt-BR\"},{\"@type\":\"Organization\",\"@id\":\"https:\/\/utfpr.curitiba.br\/energiasrenovaveis\/#organization\",\"name\":\"CEER UTFPR universidade tecnol\u00f3gica federal do paran\u00e1\",\"url\":\"https:\/\/utfpr.curitiba.br\/energiasrenovaveis\/\",\"logo\":{\"@type\":\"ImageObject\",\"inLanguage\":\"pt-BR\",\"@id\":\"https:\/\/utfpr.curitiba.br\/energiasrenovaveis\/#\/schema\/logo\/image\/\",\"url\":\"https:\/\/utfpr-ct-static-content.s3.amazonaws.com\/utfpr.curitiba.br\/wp-content\/uploads\/sites\/137\/2022\/11\/LogotipoEnergiasRenovaveis.svg\",\"contentUrl\":\"https:\/\/utfpr-ct-static-content.s3.amazonaws.com\/utfpr.curitiba.br\/wp-content\/uploads\/sites\/137\/2022\/11\/LogotipoEnergiasRenovaveis.svg\",\"width\":654,\"height\":172,\"caption\":\"CEER UTFPR universidade tecnol\u00f3gica federal do paran\u00e1\"},\"image\":{\"@id\":\"https:\/\/utfpr.curitiba.br\/energiasrenovaveis\/#\/schema\/logo\/image\/\"}}]}<\/script>\n<!-- \/ Yoast SEO plugin. -->","yoast_head_json":{"title":"Cronograma - Energias Renov\u00e1veis","robots":{"index":"index","follow":"follow","max-snippet":"max-snippet:-1","max-image-preview":"max-image-preview:large","max-video-preview":"max-video-preview:-1"},"canonical":"https:\/\/utfpr.curitiba.br\/energiasrenovaveis\/cronograma\/","og_locale":"pt_BR","og_type":"article","og_title":"Cronograma - Energias Renov\u00e1veis","og_description":"Modalidade do curso 1. O curso ter\u00e1 suas aulas ministradas na modalidade a dist\u00e2ncia (com aulas ao vivo).2. O curso ser\u00e1 ministrado por meio de Ambiente Virtual de Ensino e Aprendizagem (AVEA), Moodle Institucional da UTFPR, e de servi\u00e7o de confer\u00eancia web. A plataforma Google Meet ser\u00e1 utilizada, preferencialmente, para realiza\u00e7\u00e3o das aulas online. A [&hellip;]","og_url":"https:\/\/utfpr.curitiba.br\/energiasrenovaveis\/cronograma\/","og_site_name":"Energias Renov\u00e1veis","article_modified_time":"2025-11-11T13:02:30+00:00","twitter_card":"summary_large_image","twitter_misc":{"Est. reading time":"2 minutos"},"schema":{"@context":"https:\/\/schema.org","@graph":[{"@type":"WebPage","@id":"https:\/\/utfpr.curitiba.br\/energiasrenovaveis\/cronograma\/","url":"https:\/\/utfpr.curitiba.br\/energiasrenovaveis\/cronograma\/","name":"Cronograma - Energias Renov\u00e1veis","isPartOf":{"@id":"https:\/\/utfpr.curitiba.br\/energiasrenovaveis\/#website"},"datePublished":"2022-11-13T01:37:20+00:00","dateModified":"2025-11-11T13:02:30+00:00","breadcrumb":{"@id":"https:\/\/utfpr.curitiba.br\/energiasrenovaveis\/cronograma\/#breadcrumb"},"inLanguage":"pt-BR","potentialAction":[{"@type":"ReadAction","target":["https:\/\/utfpr.curitiba.br\/energiasrenovaveis\/cronograma\/"]}]},{"@type":"BreadcrumbList","@id":"https:\/\/utfpr.curitiba.br\/energiasrenovaveis\/cronograma\/#breadcrumb","itemListElement":[{"@type":"ListItem","position":1,"name":"Home","item":"https:\/\/utfpr.curitiba.br\/energiasrenovaveis\/"},{"@type":"ListItem","position":2,"name":"Cronograma"}]},{"@type":"WebSite","@id":"https:\/\/utfpr.curitiba.br\/energiasrenovaveis\/#website","url":"https:\/\/utfpr.curitiba.br\/energiasrenovaveis\/","name":"Especializa\u00e7\u00e3o em Energias Renov\u00e1veis","description":"S\u00f3 mais um site UTFPR Curitiba","publisher":{"@id":"https:\/\/utfpr.curitiba.br\/energiasrenovaveis\/#organization"},"potentialAction":[{"@type":"SearchAction","target":{"@type":"EntryPoint","urlTemplate":"https:\/\/utfpr.curitiba.br\/energiasrenovaveis\/?s={search_term_string}"},"query-input":{"@type":"PropertyValueSpecification","valueRequired":true,"valueName":"search_term_string"}}],"inLanguage":"pt-BR"},{"@type":"Organization","@id":"https:\/\/utfpr.curitiba.br\/energiasrenovaveis\/#organization","name":"CEER UTFPR universidade tecnol\u00f3gica federal do paran\u00e1","url":"https:\/\/utfpr.curitiba.br\/energiasrenovaveis\/","logo":{"@type":"ImageObject","inLanguage":"pt-BR","@id":"https:\/\/utfpr.curitiba.br\/energiasrenovaveis\/#\/schema\/logo\/image\/","url":"https:\/\/utfpr-ct-static-content.s3.amazonaws.com\/utfpr.curitiba.br\/wp-content\/uploads\/sites\/137\/2022\/11\/LogotipoEnergiasRenovaveis.svg","contentUrl":"https:\/\/utfpr-ct-static-content.s3.amazonaws.com\/utfpr.curitiba.br\/wp-content\/uploads\/sites\/137\/2022\/11\/LogotipoEnergiasRenovaveis.svg","width":654,"height":172,"caption":"CEER UTFPR universidade tecnol\u00f3gica federal do paran\u00e1"},"image":{"@id":"https:\/\/utfpr.curitiba.br\/energiasrenovaveis\/#\/schema\/logo\/image\/"}}]}},"_links":{"self":[{"href":"https:\/\/utfpr.curitiba.br\/energiasrenovaveis\/wp-json\/wp\/v2\/pages\/28","targetHints":{"allow":["GET"]}}],"collection":[{"href":"https:\/\/utfpr.curitiba.br\/energiasrenovaveis\/wp-json\/wp\/v2\/pages"}],"about":[{"href":"https:\/\/utfpr.curitiba.br\/energiasrenovaveis\/wp-json\/wp\/v2\/types\/page"}],"author":[{"embeddable":true,"href":"https:\/\/utfpr.curitiba.br\/energiasrenovaveis\/wp-json\/wp\/v2\/users\/85"}],"replies":[{"embeddable":true,"href":"https:\/\/utfpr.curitiba.br\/energiasrenovaveis\/wp-json\/wp\/v2\/comments?post=28"}],"version-history":[{"count":52,"href":"https:\/\/utfpr.curitiba.br\/energiasrenovaveis\/wp-json\/wp\/v2\/pages\/28\/revisions"}],"predecessor-version":[{"id":844,"href":"https:\/\/utfpr.curitiba.br\/energiasrenovaveis\/wp-json\/wp\/v2\/pages\/28\/revisions\/844"}],"wp:attachment":[{"href":"https:\/\/utfpr.curitiba.br\/energiasrenovaveis\/wp-json\/wp\/v2\/media?parent=28"}],"curies":[{"name":"wp","href":"https:\/\/api.w.org\/{rel}","templated":true}]}}