{"id":26,"date":"2022-11-12T22:37:03","date_gmt":"2022-11-13T01:37:03","guid":{"rendered":"https:\/\/utfpr.curitiba.br\/energiasrenovaveis\/?page_id=26"},"modified":"2022-11-13T16:16:36","modified_gmt":"2022-11-13T19:16:36","slug":"ementas","status":"publish","type":"page","link":"https:\/\/utfpr.curitiba.br\/energiasrenovaveis\/ementas\/","title":{"rendered":"Ementas"},"content":{"rendered":"\t\t<div data-elementor-type=\"wp-page\" data-elementor-id=\"26\" class=\"elementor elementor-26\">\n\t\t\t\t\t\t<section class=\"elementor-section elementor-top-section elementor-element elementor-element-5eb58ad elementor-section-boxed elementor-section-height-default elementor-section-height-default\" data-id=\"5eb58ad\" data-element_type=\"section\" data-e-type=\"section\">\n\t\t\t\t\t\t<div class=\"elementor-container elementor-column-gap-default\">\n\t\t\t\t\t<div class=\"elementor-column elementor-col-100 elementor-top-column elementor-element elementor-element-4c2b1c9\" data-id=\"4c2b1c9\" data-element_type=\"column\" data-e-type=\"column\">\n\t\t\t<div class=\"elementor-widget-wrap elementor-element-populated\">\n\t\t\t\t\t\t<div class=\"elementor-element elementor-element-e5ca852 elementor-widget elementor-widget-heading\" data-id=\"e5ca852\" data-element_type=\"widget\" data-e-type=\"widget\" data-widget_type=\"heading.default\">\n\t\t\t\t<div class=\"elementor-widget-container\">\n\t\t\t\t\t<h1 class=\"elementor-heading-title elementor-size-default\">Ementas<\/h1>\t\t\t\t<\/div>\n\t\t\t\t<\/div>\n\t\t\t\t\t<\/div>\n\t\t<\/div>\n\t\t\t\t\t<\/div>\n\t\t<\/section>\n\t\t\t\t<\/div>\n\t\t","protected":false},"excerpt":{"rendered":"<p>Ementas<\/p>\n","protected":false},"author":85,"featured_media":0,"parent":0,"menu_order":3,"comment_status":"closed","ping_status":"closed","template":"","meta":{"site-sidebar-layout":"no-sidebar","site-content-layout":"page-builder","ast-site-content-layout":"default","site-content-style":"default","site-sidebar-style":"default","ast-global-header-display":"","ast-banner-title-visibility":"","ast-main-header-display":"","ast-hfb-above-header-display":"","ast-hfb-below-header-display":"","ast-hfb-mobile-header-display":"","site-post-title":"disabled","ast-breadcrumbs-content":"","ast-featured-img":"disabled","footer-sml-layout":"","ast-disable-related-posts":"","theme-transparent-header-meta":"","adv-header-id-meta":"","stick-header-meta":"","header-above-stick-meta":"","header-main-stick-meta":"","header-below-stick-meta":"","astra-migrate-meta-layouts":"default","ast-page-background-enabled":"default","ast-page-background-meta":{"desktop":{"background-color":"var(--ast-global-color-4)","background-image":"","background-repeat":"repeat","background-position":"center center","background-size":"auto","background-attachment":"scroll","background-type":"","background-media":"","overlay-type":"","overlay-color":"","overlay-opacity":"","overlay-gradient":""},"tablet":{"background-color":"","background-image":"","background-repeat":"repeat","background-position":"center center","background-size":"auto","background-attachment":"scroll","background-type":"","background-media":"","overlay-type":"","overlay-color":"","overlay-opacity":"","overlay-gradient":""},"mobile":{"background-color":"","background-image":"","background-repeat":"repeat","background-position":"center center","background-size":"auto","background-attachment":"scroll","background-type":"","background-media":"","overlay-type":"","overlay-color":"","overlay-opacity":"","overlay-gradient":""}},"ast-content-background-meta":{"desktop":{"background-color":"var(--ast-global-color-5)","background-image":"","background-repeat":"repeat","background-position":"center center","background-size":"auto","background-attachment":"scroll","background-type":"","background-media":"","overlay-type":"","overlay-color":"","overlay-opacity":"","overlay-gradient":""},"tablet":{"background-color":"var(--ast-global-color-5)","background-image":"","background-repeat":"repeat","background-position":"center center","background-size":"auto","background-attachment":"scroll","background-type":"","background-media":"","overlay-type":"","overlay-color":"","overlay-opacity":"","overlay-gradient":""},"mobile":{"background-color":"var(--ast-global-color-5)","background-image":"","background-repeat":"repeat","background-position":"center center","background-size":"auto","background-attachment":"scroll","background-type":"","background-media":"","overlay-type":"","overlay-color":"","overlay-opacity":"","overlay-gradient":""}},"footnotes":""},"class_list":["post-26","page","type-page","status-publish","hentry"],"yoast_head":"<!-- This site is optimized with the Yoast SEO plugin v27.2 - https:\/\/yoast.com\/product\/yoast-seo-wordpress\/ -->\n<title>Ementas - Energias Renov\u00e1veis<\/title>\n<meta name=\"robots\" content=\"index, follow, max-snippet:-1, max-image-preview:large, max-video-preview:-1\" \/>\n<link rel=\"canonical\" href=\"https:\/\/utfpr.curitiba.br\/energiasrenovaveis\/ementas\/\" \/>\n<meta property=\"og:locale\" content=\"pt_BR\" \/>\n<meta property=\"og:type\" content=\"article\" \/>\n<meta property=\"og:title\" content=\"Ementas - Energias Renov\u00e1veis\" \/>\n<meta property=\"og:description\" content=\"Ementas\" \/>\n<meta property=\"og:url\" content=\"https:\/\/utfpr.curitiba.br\/energiasrenovaveis\/ementas\/\" \/>\n<meta property=\"og:site_name\" content=\"Energias Renov\u00e1veis\" \/>\n<meta property=\"article:modified_time\" content=\"2022-11-13T19:16:36+00:00\" \/>\n<meta name=\"twitter:card\" content=\"summary_large_image\" \/>\n<script type=\"application\/ld+json\" class=\"yoast-schema-graph\">{\"@context\":\"https:\/\/schema.org\",\"@graph\":[{\"@type\":\"WebPage\",\"@id\":\"https:\/\/utfpr.curitiba.br\/energiasrenovaveis\/ementas\/\",\"url\":\"https:\/\/utfpr.curitiba.br\/energiasrenovaveis\/ementas\/\",\"name\":\"Ementas - Energias Renov\u00e1veis\",\"isPartOf\":{\"@id\":\"https:\/\/utfpr.curitiba.br\/energiasrenovaveis\/#website\"},\"datePublished\":\"2022-11-13T01:37:03+00:00\",\"dateModified\":\"2022-11-13T19:16:36+00:00\",\"breadcrumb\":{\"@id\":\"https:\/\/utfpr.curitiba.br\/energiasrenovaveis\/ementas\/#breadcrumb\"},\"inLanguage\":\"pt-BR\",\"potentialAction\":[{\"@type\":\"ReadAction\",\"target\":[\"https:\/\/utfpr.curitiba.br\/energiasrenovaveis\/ementas\/\"]}]},{\"@type\":\"BreadcrumbList\",\"@id\":\"https:\/\/utfpr.curitiba.br\/energiasrenovaveis\/ementas\/#breadcrumb\",\"itemListElement\":[{\"@type\":\"ListItem\",\"position\":1,\"name\":\"Home\",\"item\":\"https:\/\/utfpr.curitiba.br\/energiasrenovaveis\/\"},{\"@type\":\"ListItem\",\"position\":2,\"name\":\"Ementas\"}]},{\"@type\":\"WebSite\",\"@id\":\"https:\/\/utfpr.curitiba.br\/energiasrenovaveis\/#website\",\"url\":\"https:\/\/utfpr.curitiba.br\/energiasrenovaveis\/\",\"name\":\"Especializa\u00e7\u00e3o em Energias Renov\u00e1veis\",\"description\":\"S\u00f3 mais um site UTFPR Curitiba\",\"publisher\":{\"@id\":\"https:\/\/utfpr.curitiba.br\/energiasrenovaveis\/#organization\"},\"potentialAction\":[{\"@type\":\"SearchAction\",\"target\":{\"@type\":\"EntryPoint\",\"urlTemplate\":\"https:\/\/utfpr.curitiba.br\/energiasrenovaveis\/?s={search_term_string}\"},\"query-input\":{\"@type\":\"PropertyValueSpecification\",\"valueRequired\":true,\"valueName\":\"search_term_string\"}}],\"inLanguage\":\"pt-BR\"},{\"@type\":\"Organization\",\"@id\":\"https:\/\/utfpr.curitiba.br\/energiasrenovaveis\/#organization\",\"name\":\"CEER UTFPR universidade tecnol\u00f3gica federal do paran\u00e1\",\"url\":\"https:\/\/utfpr.curitiba.br\/energiasrenovaveis\/\",\"logo\":{\"@type\":\"ImageObject\",\"inLanguage\":\"pt-BR\",\"@id\":\"https:\/\/utfpr.curitiba.br\/energiasrenovaveis\/#\/schema\/logo\/image\/\",\"url\":\"https:\/\/utfpr-ct-static-content.s3.amazonaws.com\/utfpr.curitiba.br\/wp-content\/uploads\/sites\/137\/2022\/11\/LogotipoEnergiasRenovaveis.svg\",\"contentUrl\":\"https:\/\/utfpr-ct-static-content.s3.amazonaws.com\/utfpr.curitiba.br\/wp-content\/uploads\/sites\/137\/2022\/11\/LogotipoEnergiasRenovaveis.svg\",\"width\":654,\"height\":172,\"caption\":\"CEER UTFPR universidade tecnol\u00f3gica federal do paran\u00e1\"},\"image\":{\"@id\":\"https:\/\/utfpr.curitiba.br\/energiasrenovaveis\/#\/schema\/logo\/image\/\"}}]}<\/script>\n<!-- \/ Yoast SEO plugin. -->","yoast_head_json":{"title":"Ementas - Energias Renov\u00e1veis","robots":{"index":"index","follow":"follow","max-snippet":"max-snippet:-1","max-image-preview":"max-image-preview:large","max-video-preview":"max-video-preview:-1"},"canonical":"https:\/\/utfpr.curitiba.br\/energiasrenovaveis\/ementas\/","og_locale":"pt_BR","og_type":"article","og_title":"Ementas - Energias Renov\u00e1veis","og_description":"Ementas","og_url":"https:\/\/utfpr.curitiba.br\/energiasrenovaveis\/ementas\/","og_site_name":"Energias Renov\u00e1veis","article_modified_time":"2022-11-13T19:16:36+00:00","twitter_card":"summary_large_image","schema":{"@context":"https:\/\/schema.org","@graph":[{"@type":"WebPage","@id":"https:\/\/utfpr.curitiba.br\/energiasrenovaveis\/ementas\/","url":"https:\/\/utfpr.curitiba.br\/energiasrenovaveis\/ementas\/","name":"Ementas - Energias Renov\u00e1veis","isPartOf":{"@id":"https:\/\/utfpr.curitiba.br\/energiasrenovaveis\/#website"},"datePublished":"2022-11-13T01:37:03+00:00","dateModified":"2022-11-13T19:16:36+00:00","breadcrumb":{"@id":"https:\/\/utfpr.curitiba.br\/energiasrenovaveis\/ementas\/#breadcrumb"},"inLanguage":"pt-BR","potentialAction":[{"@type":"ReadAction","target":["https:\/\/utfpr.curitiba.br\/energiasrenovaveis\/ementas\/"]}]},{"@type":"BreadcrumbList","@id":"https:\/\/utfpr.curitiba.br\/energiasrenovaveis\/ementas\/#breadcrumb","itemListElement":[{"@type":"ListItem","position":1,"name":"Home","item":"https:\/\/utfpr.curitiba.br\/energiasrenovaveis\/"},{"@type":"ListItem","position":2,"name":"Ementas"}]},{"@type":"WebSite","@id":"https:\/\/utfpr.curitiba.br\/energiasrenovaveis\/#website","url":"https:\/\/utfpr.curitiba.br\/energiasrenovaveis\/","name":"Especializa\u00e7\u00e3o em Energias Renov\u00e1veis","description":"S\u00f3 mais um site UTFPR Curitiba","publisher":{"@id":"https:\/\/utfpr.curitiba.br\/energiasrenovaveis\/#organization"},"potentialAction":[{"@type":"SearchAction","target":{"@type":"EntryPoint","urlTemplate":"https:\/\/utfpr.curitiba.br\/energiasrenovaveis\/?s={search_term_string}"},"query-input":{"@type":"PropertyValueSpecification","valueRequired":true,"valueName":"search_term_string"}}],"inLanguage":"pt-BR"},{"@type":"Organization","@id":"https:\/\/utfpr.curitiba.br\/energiasrenovaveis\/#organization","name":"CEER UTFPR universidade tecnol\u00f3gica federal do paran\u00e1","url":"https:\/\/utfpr.curitiba.br\/energiasrenovaveis\/","logo":{"@type":"ImageObject","inLanguage":"pt-BR","@id":"https:\/\/utfpr.curitiba.br\/energiasrenovaveis\/#\/schema\/logo\/image\/","url":"https:\/\/utfpr-ct-static-content.s3.amazonaws.com\/utfpr.curitiba.br\/wp-content\/uploads\/sites\/137\/2022\/11\/LogotipoEnergiasRenovaveis.svg","contentUrl":"https:\/\/utfpr-ct-static-content.s3.amazonaws.com\/utfpr.curitiba.br\/wp-content\/uploads\/sites\/137\/2022\/11\/LogotipoEnergiasRenovaveis.svg","width":654,"height":172,"caption":"CEER UTFPR universidade tecnol\u00f3gica federal do paran\u00e1"},"image":{"@id":"https:\/\/utfpr.curitiba.br\/energiasrenovaveis\/#\/schema\/logo\/image\/"}}]}},"_links":{"self":[{"href":"https:\/\/utfpr.curitiba.br\/energiasrenovaveis\/wp-json\/wp\/v2\/pages\/26","targetHints":{"allow":["GET"]}}],"collection":[{"href":"https:\/\/utfpr.curitiba.br\/energiasrenovaveis\/wp-json\/wp\/v2\/pages"}],"about":[{"href":"https:\/\/utfpr.curitiba.br\/energiasrenovaveis\/wp-json\/wp\/v2\/types\/page"}],"author":[{"embeddable":true,"href":"https:\/\/utfpr.curitiba.br\/energiasrenovaveis\/wp-json\/wp\/v2\/users\/85"}],"replies":[{"embeddable":true,"href":"https:\/\/utfpr.curitiba.br\/energiasrenovaveis\/wp-json\/wp\/v2\/comments?post=26"}],"version-history":[{"count":4,"href":"https:\/\/utfpr.curitiba.br\/energiasrenovaveis\/wp-json\/wp\/v2\/pages\/26\/revisions"}],"predecessor-version":[{"id":116,"href":"https:\/\/utfpr.curitiba.br\/energiasrenovaveis\/wp-json\/wp\/v2\/pages\/26\/revisions\/116"}],"wp:attachment":[{"href":"https:\/\/utfpr.curitiba.br\/energiasrenovaveis\/wp-json\/wp\/v2\/media?parent=26"}],"curies":[{"name":"wp","href":"https:\/\/api.w.org\/{rel}","templated":true}]}}