{"id":171,"date":"2021-03-20T18:10:54","date_gmt":"2021-03-20T18:10:54","guid":{"rendered":"http:\/\/emilias.dainf.ct.utfpr.edu.br\/?page_id=171"},"modified":"2023-03-24T11:00:42","modified_gmt":"2023-03-24T14:00:42","slug":"sobre","status":"publish","type":"page","link":"https:\/\/utfpr.curitiba.br\/emilias\/sobre\/","title":{"rendered":"Sobre"},"content":{"rendered":"\t\t<div data-elementor-type=\"wp-post\" data-elementor-id=\"171\" class=\"elementor elementor-171\">\n\t\t\t\t\t\t<section class=\"elementor-section elementor-top-section elementor-element elementor-element-8bca67a elementor-section-boxed elementor-section-height-default elementor-section-height-default\" data-id=\"8bca67a\" data-element_type=\"section\" data-e-type=\"section\" data-settings=\"{&quot;shape_divider_top&quot;:&quot;mountains&quot;}\">\n\t\t\t\t\t<div class=\"elementor-shape elementor-shape-top\" aria-hidden=\"true\" data-negative=\"false\">\n\t\t\t<svg xmlns=\"http:\/\/www.w3.org\/2000\/svg\" viewBox=\"0 0 1000 100\" preserveAspectRatio=\"none\">\n\t<path class=\"elementor-shape-fill\" opacity=\"0.33\" d=\"M473,67.3c-203.9,88.3-263.1-34-320.3,0C66,119.1,0,59.7,0,59.7V0h1000v59.7 c0,0-62.1,26.1-94.9,29.3c-32.8,3.3-62.8-12.3-75.8-22.1C806,49.6,745.3,8.7,694.9,4.7S492.4,59,473,67.3z\"\/>\n\t<path class=\"elementor-shape-fill\" opacity=\"0.66\" d=\"M734,67.3c-45.5,0-77.2-23.2-129.1-39.1c-28.6-8.7-150.3-10.1-254,39.1 s-91.7-34.4-149.2,0C115.7,118.3,0,39.8,0,39.8V0h1000v36.5c0,0-28.2-18.5-92.1-18.5C810.2,18.1,775.7,67.3,734,67.3z\"\/>\n\t<path class=\"elementor-shape-fill\" d=\"M766.1,28.9c-200-57.5-266,65.5-395.1,19.5C242,1.8,242,5.4,184.8,20.6C128,35.8,132.3,44.9,89.9,52.5C28.6,63.7,0,0,0,0 h1000c0,0-9.9,40.9-83.6,48.1S829.6,47,766.1,28.9z\"\/>\n<\/svg>\t\t<\/div>\n\t\t\t\t\t<div class=\"elementor-container elementor-column-gap-default\">\n\t\t\t\t\t<div class=\"elementor-column elementor-col-100 elementor-top-column elementor-element elementor-element-4e8a282\" data-id=\"4e8a282\" data-element_type=\"column\" data-e-type=\"column\">\n\t\t\t<div class=\"elementor-widget-wrap elementor-element-populated\">\n\t\t\t\t\t\t<div class=\"elementor-element elementor-element-d46d9c7 elementor-widget elementor-widget-text-editor\" data-id=\"d46d9c7\" data-element_type=\"widget\" data-e-type=\"widget\" data-widget_type=\"text-editor.default\">\n\t\t\t\t<div class=\"elementor-widget-container\">\n\t\t\t\t\t\t\t\t\t<p>SOBRE N\u00d3S<\/p>\t\t\t\t\t\t\t\t<\/div>\n\t\t\t\t<\/div>\n\t\t\t\t\t<\/div>\n\t\t<\/div>\n\t\t\t\t\t<\/div>\n\t\t<\/section>\n\t\t\t\t<section class=\"elementor-section elementor-top-section elementor-element elementor-element-90b13a8 elementor-section-boxed elementor-section-height-default elementor-section-height-default\" data-id=\"90b13a8\" data-element_type=\"section\" data-e-type=\"section\">\n\t\t\t\t\t\t<div class=\"elementor-container elementor-column-gap-default\">\n\t\t\t\t\t<div class=\"elementor-column elementor-col-33 elementor-top-column elementor-element elementor-element-5bda275\" data-id=\"5bda275\" data-element_type=\"column\" data-e-type=\"column\">\n\t\t\t<div class=\"elementor-widget-wrap elementor-element-populated\">\n\t\t\t\t\t\t<div class=\"elementor-element elementor-element-csd1437 elementor-widget elementor-widget-image\" data-id=\"csd1437\" data-element_type=\"widget\" data-e-type=\"widget\" data-widget_type=\"image.default\">\n\t\t\t\t<div class=\"elementor-widget-container\">\n\t\t\t\t\t\t\t\t\t\t\t\t\t\t\t<img decoding=\"async\" src=\"https:\/\/utfpr-ct-static-content.s3.amazonaws.com\/utfpr.curitiba.br\/wp-content\/uploads\/sites\/72\/elementor\/thumbs\/logo-final-q2n868c7zaih4x19usy1dxnu3eugrtoyg2q0bizaww.png\" title=\"logo-final\" alt=\"logo-final\" loading=\"lazy\" \/>\t\t\t\t\t\t\t\t\t\t\t\t\t\t\t<\/div>\n\t\t\t\t<\/div>\n\t\t\t\t\t<\/div>\n\t\t<\/div>\n\t\t\t\t<div class=\"elementor-column elementor-col-66 elementor-top-column elementor-element elementor-element-bcdc44e\" data-id=\"bcdc44e\" data-element_type=\"column\" data-e-type=\"column\">\n\t\t\t<div class=\"elementor-widget-wrap elementor-element-populated\">\n\t\t\t\t\t\t<section class=\"elementor-section elementor-inner-section elementor-element elementor-element-p6ve6tw elementor-section-boxed elementor-section-height-default elementor-section-height-default\" data-id=\"p6ve6tw\" data-element_type=\"section\" data-e-type=\"section\">\n\t\t\t\t\t\t<div class=\"elementor-container elementor-column-gap-default\">\n\t\t\t\t\t<div class=\"elementor-column elementor-col-100 elementor-inner-column elementor-element elementor-element-el0v1ej\" data-id=\"el0v1ej\" data-element_type=\"column\" data-e-type=\"column\">\n\t\t\t<div class=\"elementor-widget-wrap elementor-element-populated\">\n\t\t\t\t\t\t<div class=\"elementor-element elementor-element-u0m231i elementor-widget elementor-widget-text-editor\" data-id=\"u0m231i\" data-element_type=\"widget\" data-e-type=\"widget\" data-widget_type=\"text-editor.default\">\n\t\t\t\t<div class=\"elementor-widget-container\">\n\t\t\t\t\t\t\t\t\t<p>O projeto <strong>Em\u00edli@s \u2013 Arma\u00e7\u00e3o em Bits<\/strong> \u00e9 um projeto de Extens\u00e3o do Departamento Acad\u00eamico de Inform\u00e1tica (DAINF) da Universidade Tecnol\u00f3gica Federal do Paran\u00e1 (UTFPR) c\u00e2mpus Curitiba.<\/p><p>O objetivo do projeto \u00e9 realizar a\u00e7\u00f5es para aumentar a representatividade das mulheres na \u00e1rea da Computa\u00e7\u00e3o, despertando o interesse de futuras estudantes e mantendo a motiva\u00e7\u00e3o daquelas j\u00e1 inseridas nos cursos de Engenharia de Computa\u00e7\u00e3o e Sistemas de Informa\u00e7\u00e3o.<\/p>\t\t\t\t\t\t\t\t<\/div>\n\t\t\t\t<\/div>\n\t\t\t\t\t<\/div>\n\t\t<\/div>\n\t\t\t\t\t<\/div>\n\t\t<\/section>\n\t\t\t\t\t<\/div>\n\t\t<\/div>\n\t\t\t\t\t<\/div>\n\t\t<\/section>\n\t\t\t\t<section class=\"elementor-section elementor-top-section elementor-element elementor-element-ojtnfly elementor-section-boxed elementor-section-height-default elementor-section-height-default\" data-id=\"ojtnfly\" data-element_type=\"section\" data-e-type=\"section\" data-settings=\"{&quot;background_background&quot;:&quot;gradient&quot;}\">\n\t\t\t\t\t\t<div class=\"elementor-container elementor-column-gap-default\">\n\t\t\t\t\t<div class=\"elementor-column elementor-col-100 elementor-top-column elementor-element elementor-element-puznlbh\" data-id=\"puznlbh\" data-element_type=\"column\" data-e-type=\"column\">\n\t\t\t<div class=\"elementor-widget-wrap elementor-element-populated\">\n\t\t\t\t\t\t<div class=\"elementor-element elementor-element-aa07b59 elementor-widget elementor-widget-text-editor\" data-id=\"aa07b59\" data-element_type=\"widget\" data-e-type=\"widget\" data-widget_type=\"text-editor.default\">\n\t\t\t\t<div class=\"elementor-widget-container\">\n\t\t\t\t\t\t\t\t\t<p>UM POUCO DA NOSSA HIST\u00d3RIA&#8230;<\/p>\t\t\t\t\t\t\t\t<\/div>\n\t\t\t\t<\/div>\n\t\t\t\t<div class=\"elementor-element elementor-element-ojqkdvh elementor-widget elementor-widget-text-editor\" data-id=\"ojqkdvh\" data-element_type=\"widget\" data-e-type=\"widget\" data-widget_type=\"text-editor.default\">\n\t\t\t\t<div class=\"elementor-widget-container\">\n\t\t\t\t\t\t\t\t\t<p style=\"text-align: left;\">Dia 08 de mar\u00e7o de 2013, uma primeira atividade foi realizada para discutir o assunto com estudantes do sexo feminino dos cursos de Engenharia da Computa\u00e7\u00e3o e Sistemas de Informa\u00e7\u00e3o da UTFPR Curitiba. Cinco mulheres, profissionais e de diferentes \u00e1reas da Computa\u00e7\u00e3o na cidade de Curitiba, compartilharam suas trajet\u00f3rias de vida com elas.<\/p><p style=\"text-align: left;\">A partir desta iniciativa o ent\u00e3o Centro Acad\u00eamico de BSI (Bacharelado em Sistemas de Informa\u00e7\u00e3o) criou a Diretoria Feminina. Quatro estudantes fizeram pesquisas sobre o tema no contexto da disciplina de Metodologia de Pesquisa. E assim, outros eventos foram realizados.<\/p><p style=\"text-align: left;\">Era necess\u00e1rio nomear o conjunto de a\u00e7\u00f5es!<\/p><p style=\"text-align: left;\">Os professores Luiz Ernesto Merkle, Mar\u00edlia Abrah\u00e3o Amaral e S\u00edlvia Am\u00e9lia Bim, inspirados pelo nome da produ\u00e7\u00e3o da\u00a0C\u00e1tedra Regional UNESCO Mujer, Ciencia y Tecnolog\u00eda en Am\u00e9rica Latina para a edi\u00e7\u00e3o de 2013 da Campanha Internacional do Dia das Meninas nas TIC: <span style=\"color: #000000;\"><a style=\"color: #000000;\" href=\"http:\/\/segib.org\/es\/node\/8636\" target=\"_blank\" rel=\"noopener\">&#8220;Alicia en el Pa\u00eds de la Tecnolog\u00eda: Descubre, Participa, Crea&#8221;<\/a><\/span>\u00a0<strong>\u00a0<\/strong>buscaram uma personagem brasileira para representar o projeto do DAINF.<\/p><p style=\"text-align: left;\">Foi ent\u00e3o que surgiu o &#8220;<strong>Em\u00edli@s &#8211; Arma\u00e7\u00e3o em Bits<\/strong>&#8220;.<\/p><p style=\"text-align: left;\">A Em\u00edlia que inspirou o nome do projeto \u00e9 personagem do escritor brasileiro Monteiro Lobato, uma boneca muito esperta que faz diversas arma\u00e7\u00f5es e aprende a falar. Assim, esperamos que o projeto desenvolva a\u00e7\u00f5es que permitam que as mulheres\u00a0&#8211; futuras e atuais estudantes e profissionais da \u00e1rea de Computa\u00e7\u00e3o &#8211; tenham voz e vez e fa\u00e7am arma\u00e7\u00f5es, mas arma\u00e7\u00f5es sempre para o bem comum, e arma\u00e7\u00f5es em bits.<\/p><p style=\"text-align: left;\">No final de 2013, o projeto foi contemplado pela Chamada No 18\/2013 MCTI\/CNPq\/SPM-PR\/Petrobras &#8211; Meninas e Jovens Fazendo Ci\u00eancias Exatas, Engenharias e Computa\u00e7\u00e3o &#8211; e, consequentemente, muitas a\u00e7\u00f5es realizadas em 2014 foram financiadas com os recursos recebidos atrav\u00e9s desta chamada.<\/p><p style=\"text-align: left;\">Em raz\u00e3o da aprova\u00e7\u00e3o neste edital, o projeto fez uma parceria com o Col\u00e9gio Estadual Dr Xavier da Silva, vizinho da UTFPR, e algumas estudantes do primeiro ano do ensino m\u00e9dio al\u00e9m de uma das coordenadoras pedag\u00f3gicas, participaram diretamente das atividades do projeto. O principal objetivo das atividades realizadas em 2014 foi apresentar a \u00e1rea de Computa\u00e7\u00e3o atrav\u00e9s de suas diversas facetas, oferecendo oficinas de Banco de Dados, Intera\u00e7\u00e3o Humano-Computador, entre outras. Al\u00e9m disto, algumas profissionais da \u00e1rea compartilharam suas experi\u00eancias como forma de incentivar a participa\u00e7\u00e3o de mais mulheres na Computa\u00e7\u00e3o.<\/p>\t\t\t\t\t\t\t\t<\/div>\n\t\t\t\t<\/div>\n\t\t\t\t<div class=\"elementor-element elementor-element-127bf0c elementor-shape-rounded elementor-grid-0 e-grid-align-center elementor-widget elementor-widget-social-icons\" data-id=\"127bf0c\" data-element_type=\"widget\" data-e-type=\"widget\" data-widget_type=\"social-icons.default\">\n\t\t\t\t<div class=\"elementor-widget-container\">\n\t\t\t\t\t\t\t<div class=\"elementor-social-icons-wrapper elementor-grid\" role=\"list\">\n\t\t\t\t\t\t\t<span class=\"elementor-grid-item\" role=\"listitem\">\n\t\t\t\t\t<a class=\"elementor-icon elementor-social-icon elementor-social-icon-facebook elementor-animation-bounce-in elementor-repeater-item-31d7a68\" href=\"https:\/\/www.facebook.com\/emiliasarmacaoembits\/\" target=\"_blank\">\n\t\t\t\t\t\t<span class=\"elementor-screen-only\">Facebook<\/span>\n\t\t\t\t\t\t<i aria-hidden=\"true\" class=\"fab fa-facebook\"><\/i>\t\t\t\t\t<\/a>\n\t\t\t\t<\/span>\n\t\t\t\t\t\t\t<span class=\"elementor-grid-item\" role=\"listitem\">\n\t\t\t\t\t<a class=\"elementor-icon elementor-social-icon elementor-social-icon-twitter elementor-animation-bounce-in elementor-repeater-item-c8ada44\" href=\"https:\/\/twitter.com\/emilias_utfpr\" target=\"_blank\">\n\t\t\t\t\t\t<span class=\"elementor-screen-only\">Twitter<\/span>\n\t\t\t\t\t\t<i aria-hidden=\"true\" class=\"fab fa-twitter\"><\/i>\t\t\t\t\t<\/a>\n\t\t\t\t<\/span>\n\t\t\t\t\t\t\t<span class=\"elementor-grid-item\" role=\"listitem\">\n\t\t\t\t\t<a class=\"elementor-icon elementor-social-icon elementor-social-icon-youtube elementor-animation-bounce-in elementor-repeater-item-aaed26a\" href=\"https:\/\/www.youtube.com\/channel\/UC8wKNEOF0xWuArNB0ffeVZg\" target=\"_blank\">\n\t\t\t\t\t\t<span class=\"elementor-screen-only\">Youtube<\/span>\n\t\t\t\t\t\t<i aria-hidden=\"true\" class=\"fab fa-youtube\"><\/i>\t\t\t\t\t<\/a>\n\t\t\t\t<\/span>\n\t\t\t\t\t\t\t<span class=\"elementor-grid-item\" role=\"listitem\">\n\t\t\t\t\t<a class=\"elementor-icon elementor-social-icon elementor-social-icon-spotify elementor-animation-bounce-in elementor-repeater-item-8302186\" href=\"https:\/\/open.spotify.com\/show\/1Pm95WtrS8ZqBqRCUprQDq\" target=\"_blank\">\n\t\t\t\t\t\t<span class=\"elementor-screen-only\">Spotify<\/span>\n\t\t\t\t\t\t<i aria-hidden=\"true\" class=\"fab fa-spotify\"><\/i>\t\t\t\t\t<\/a>\n\t\t\t\t<\/span>\n\t\t\t\t\t\t\t<span class=\"elementor-grid-item\" role=\"listitem\">\n\t\t\t\t\t<a class=\"elementor-icon elementor-social-icon elementor-social-icon-instagram elementor-animation-bounce-in elementor-repeater-item-bd3ee5f\" href=\"https:\/\/www.instagram.com\/emilias_utfpr\/\" target=\"_blank\">\n\t\t\t\t\t\t<span class=\"elementor-screen-only\">Instagram<\/span>\n\t\t\t\t\t\t<i aria-hidden=\"true\" class=\"fab fa-instagram\"><\/i>\t\t\t\t\t<\/a>\n\t\t\t\t<\/span>\n\t\t\t\t\t<\/div>\n\t\t\t\t\t\t<\/div>\n\t\t\t\t<\/div>\n\t\t\t\t\t<\/div>\n\t\t<\/div>\n\t\t\t\t\t<\/div>\n\t\t<\/section>\n\t\t\t\t<\/div>\n\t\t","protected":false},"excerpt":{"rendered":"<p>SOBRE N\u00d3S O projeto Em\u00edli@s \u2013 Arma\u00e7\u00e3o em Bits \u00e9 um projeto de Extens\u00e3o do Departamento Acad\u00eamico de Inform\u00e1tica (DAINF) da Universidade Tecnol\u00f3gica Federal do Paran\u00e1 (UTFPR) c\u00e2mpus Curitiba. O objetivo do projeto \u00e9 realizar a\u00e7\u00f5es para aumentar a representatividade das mulheres na \u00e1rea da Computa\u00e7\u00e3o, despertando o interesse de futuras estudantes e mantendo a [&hellip;]<\/p>\n","protected":false},"author":16,"featured_media":0,"parent":0,"menu_order":0,"comment_status":"closed","ping_status":"closed","template":"","meta":{"site-sidebar-layout":"default","site-content-layout":"","ast-site-content-layout":"default","site-content-style":"default","site-sidebar-style":"default","ast-global-header-display":"","ast-banner-title-visibility":"","ast-main-header-display":"","ast-hfb-above-header-display":"","ast-hfb-below-header-display":"","ast-hfb-mobile-header-display":"","site-post-title":"disabled","ast-breadcrumbs-content":"","ast-featured-img":"","footer-sml-layout":"","ast-disable-related-posts":"","theme-transparent-header-meta":"","adv-header-id-meta":"","stick-header-meta":"","header-above-stick-meta":"","header-main-stick-meta":"","header-below-stick-meta":"","astra-migrate-meta-layouts":"default","ast-page-background-enabled":"default","ast-page-background-meta":{"desktop":{"background-color":"var(--ast-global-color-4)","background-image":"","background-repeat":"repeat","background-position":"center center","background-size":"auto","background-attachment":"scroll","background-type":"","background-media":"","overlay-type":"","overlay-color":"","overlay-opacity":"","overlay-gradient":""},"tablet":{"background-color":"","background-image":"","background-repeat":"repeat","background-position":"center center","background-size":"auto","background-attachment":"scroll","background-type":"","background-media":"","overlay-type":"","overlay-color":"","overlay-opacity":"","overlay-gradient":""},"mobile":{"background-color":"","background-image":"","background-repeat":"repeat","background-position":"center center","background-size":"auto","background-attachment":"scroll","background-type":"","background-media":"","overlay-type":"","overlay-color":"","overlay-opacity":"","overlay-gradient":""}},"ast-content-background-meta":{"desktop":{"background-color":"var(--ast-global-color-5)","background-image":"","background-repeat":"repeat","background-position":"center center","background-size":"auto","background-attachment":"scroll","background-type":"","background-media":"","overlay-type":"","overlay-color":"","overlay-opacity":"","overlay-gradient":""},"tablet":{"background-color":"var(--ast-global-color-5)","background-image":"","background-repeat":"repeat","background-position":"center center","background-size":"auto","background-attachment":"scroll","background-type":"","background-media":"","overlay-type":"","overlay-color":"","overlay-opacity":"","overlay-gradient":""},"mobile":{"background-color":"var(--ast-global-color-5)","background-image":"","background-repeat":"repeat","background-position":"center center","background-size":"auto","background-attachment":"scroll","background-type":"","background-media":"","overlay-type":"","overlay-color":"","overlay-opacity":"","overlay-gradient":""}},"footnotes":""},"class_list":["post-171","page","type-page","status-publish","hentry"],"_links":{"self":[{"href":"https:\/\/utfpr.curitiba.br\/emilias\/wp-json\/wp\/v2\/pages\/171","targetHints":{"allow":["GET"]}}],"collection":[{"href":"https:\/\/utfpr.curitiba.br\/emilias\/wp-json\/wp\/v2\/pages"}],"about":[{"href":"https:\/\/utfpr.curitiba.br\/emilias\/wp-json\/wp\/v2\/types\/page"}],"author":[{"embeddable":true,"href":"https:\/\/utfpr.curitiba.br\/emilias\/wp-json\/wp\/v2\/users\/16"}],"replies":[{"embeddable":true,"href":"https:\/\/utfpr.curitiba.br\/emilias\/wp-json\/wp\/v2\/comments?post=171"}],"version-history":[{"count":59,"href":"https:\/\/utfpr.curitiba.br\/emilias\/wp-json\/wp\/v2\/pages\/171\/revisions"}],"predecessor-version":[{"id":2133,"href":"https:\/\/utfpr.curitiba.br\/emilias\/wp-json\/wp\/v2\/pages\/171\/revisions\/2133"}],"wp:attachment":[{"href":"https:\/\/utfpr.curitiba.br\/emilias\/wp-json\/wp\/v2\/media?parent=171"}],"curies":[{"name":"wp","href":"https:\/\/api.w.org\/{rel}","templated":true}]}}