{"id":1578,"date":"2023-02-26T12:04:24","date_gmt":"2023-02-26T15:04:24","guid":{"rendered":"https:\/\/utfpr.curitiba.br\/emilias\/?page_id=1578"},"modified":"2023-04-17T21:23:43","modified_gmt":"2023-04-18T00:23:43","slug":"cursos-de-graduacao-utfpr","status":"publish","type":"page","link":"https:\/\/utfpr.curitiba.br\/emilias\/cursos-de-graduacao-utfpr\/","title":{"rendered":"Cursos de Gradua\u00e7\u00e3o UTFPR"},"content":{"rendered":"\t\t<div data-elementor-type=\"wp-page\" data-elementor-id=\"1578\" class=\"elementor elementor-1578\">\n\t\t\t\t\t\t<section class=\"elementor-section elementor-top-section elementor-element elementor-element-732da71 elementor-section-boxed elementor-section-height-default elementor-section-height-default\" data-id=\"732da71\" data-element_type=\"section\" data-e-type=\"section\" data-settings=\"{&quot;shape_divider_top&quot;:&quot;mountains&quot;}\">\n\t\t\t\t\t<div class=\"elementor-shape elementor-shape-top\" aria-hidden=\"true\" data-negative=\"false\">\n\t\t\t<svg xmlns=\"http:\/\/www.w3.org\/2000\/svg\" viewBox=\"0 0 1000 100\" preserveAspectRatio=\"none\">\n\t<path class=\"elementor-shape-fill\" opacity=\"0.33\" d=\"M473,67.3c-203.9,88.3-263.1-34-320.3,0C66,119.1,0,59.7,0,59.7V0h1000v59.7 c0,0-62.1,26.1-94.9,29.3c-32.8,3.3-62.8-12.3-75.8-22.1C806,49.6,745.3,8.7,694.9,4.7S492.4,59,473,67.3z\"\/>\n\t<path class=\"elementor-shape-fill\" opacity=\"0.66\" d=\"M734,67.3c-45.5,0-77.2-23.2-129.1-39.1c-28.6-8.7-150.3-10.1-254,39.1 s-91.7-34.4-149.2,0C115.7,118.3,0,39.8,0,39.8V0h1000v36.5c0,0-28.2-18.5-92.1-18.5C810.2,18.1,775.7,67.3,734,67.3z\"\/>\n\t<path class=\"elementor-shape-fill\" d=\"M766.1,28.9c-200-57.5-266,65.5-395.1,19.5C242,1.8,242,5.4,184.8,20.6C128,35.8,132.3,44.9,89.9,52.5C28.6,63.7,0,0,0,0 h1000c0,0-9.9,40.9-83.6,48.1S829.6,47,766.1,28.9z\"\/>\n<\/svg>\t\t<\/div>\n\t\t\t\t\t<div class=\"elementor-container elementor-column-gap-default\">\n\t\t\t\t\t<div class=\"elementor-column elementor-col-100 elementor-top-column elementor-element elementor-element-7ceb325\" data-id=\"7ceb325\" data-element_type=\"column\" data-e-type=\"column\">\n\t\t\t<div class=\"elementor-widget-wrap elementor-element-populated\">\n\t\t\t\t\t\t<div class=\"elementor-element elementor-element-6dea854 elementor-widget elementor-widget-heading\" data-id=\"6dea854\" data-element_type=\"widget\" data-e-type=\"widget\" data-widget_type=\"heading.default\">\n\t\t\t\t<div class=\"elementor-widget-container\">\n\t\t\t\t\t<h2 class=\"elementor-heading-title elementor-size-default\">Gradua\u00e7\u00f5es em TI na UTFPR - CT<\/h2>\t\t\t\t<\/div>\n\t\t\t\t<\/div>\n\t\t\t\t\t<\/div>\n\t\t<\/div>\n\t\t\t\t\t<\/div>\n\t\t<\/section>\n\t\t\t\t<section class=\"elementor-section elementor-top-section elementor-element elementor-element-6d058ed elementor-section-boxed elementor-section-height-default elementor-section-height-default\" data-id=\"6d058ed\" data-element_type=\"section\" data-e-type=\"section\">\n\t\t\t\t\t\t<div class=\"elementor-container elementor-column-gap-default\">\n\t\t\t\t\t<div class=\"elementor-column elementor-col-100 elementor-top-column elementor-element elementor-element-fbbff36\" data-id=\"fbbff36\" data-element_type=\"column\" data-e-type=\"column\">\n\t\t\t<div class=\"elementor-widget-wrap elementor-element-populated\">\n\t\t\t\t\t\t<div class=\"elementor-element elementor-element-70bc7dc elementor-widget elementor-widget-heading\" data-id=\"70bc7dc\" data-element_type=\"widget\" data-e-type=\"widget\" data-widget_type=\"heading.default\">\n\t\t\t\t<div class=\"elementor-widget-container\">\n\t\t\t\t\t<h2 class=\"elementor-heading-title elementor-size-default\"><b><h2>Engenharia de Computa\u00e7\u00e3o<\/h2><\/b>O curso de Engenharia de Computa\u00e7\u00e3o da UTFPR Curitiba \u00e9 o primeiro desta modalidade a ser oferecido por uma Institui\u00e7\u00e3o P\u00fablica Federal de Ensino Superior no Paran\u00e1, desde 2007. O curso oferece uma s\u00f3lida forma\u00e7\u00e3o que permite a atua\u00e7\u00e3o em sistemas de hardware e software. Esta forma\u00e7\u00e3o vai desde os conceitos mais b\u00e1sicos em programa\u00e7\u00e3o, matem\u00e1tica, f\u00edsica, estrutura de dados e eletr\u00f4nica; at\u00e9 t\u00f3picos espec\u00edficos em \u00e1reas como bancos de dados, sistemas embarcados, intelig\u00eancia artificial, controle, vis\u00e3o computacional, redes de computadores, engenharia de software, simula\u00e7\u00e3o e intera\u00e7\u00e3o humano-computador. A forma\u00e7\u00e3o com foco em projetos pr\u00e1ticos e integradores desenvolve nos egressos uma vis\u00e3o generalista e contextualizada dos seus conhecimentos, al\u00e9m da capacidade de ser autodidata, criativo e inovador. <br><br>Coordena\u00e7\u00e3o: coenc-ct@utfpr.edu.br <br>Contato: (41) 3310-4964<br> \n<br><br> <\/h2>\t\t\t\t<\/div>\n\t\t\t\t<\/div>\n\t\t\t\t<div class=\"elementor-element elementor-element-aef207b elementor-widget elementor-widget-button\" data-id=\"aef207b\" data-element_type=\"widget\" data-e-type=\"widget\" data-widget_type=\"button.default\">\n\t\t\t\t<div class=\"elementor-widget-container\">\n\t\t\t\t\t\t\t\t\t<div class=\"elementor-button-wrapper\">\n\t\t\t\t\t<a class=\"elementor-button elementor-button-link elementor-size-sm\" href=\"http:\/\/portal.utfpr.edu.br\/cursos\/coordenacoes\/graduacao\/curitiba\/ct-engenharia-de-computacao\" target=\"_blank\">\n\t\t\t\t\t\t<span class=\"elementor-button-content-wrapper\">\n\t\t\t\t\t\t\t\t\t<span class=\"elementor-button-text\">Mais informa\u00e7\u00f5es<\/span>\n\t\t\t\t\t<\/span>\n\t\t\t\t\t<\/a>\n\t\t\t\t<\/div>\n\t\t\t\t\t\t\t\t<\/div>\n\t\t\t\t<\/div>\n\t\t\t\t<div class=\"elementor-element elementor-element-0962727 elementor-widget elementor-widget-text-editor\" data-id=\"0962727\" data-element_type=\"widget\" data-e-type=\"widget\" data-widget_type=\"text-editor.default\">\n\t\t\t\t<div class=\"elementor-widget-container\">\n\t\t\t\t\t\t\t\t\t<h2><b>Sistemas de Informa\u00e7\u00e3o<\/b><\/h2><h2 class=\"elementor-heading-title elementor-size-default elementor-inline-editing pen\" style=\"font-size: 17px; font-style: normal; margin-bottom: 0px; outline-style: initial; outline-width: 0px; color: #000000; line-height: 30px; font-family: Poppins, sans-serif; letter-spacing: -0.4px; -webkit-text-stroke-color: #000000; stroke: #000000; text-align: justify; font-weight: 400;\" data-elementor-setting-key=\"title\" data-pen-placeholder=\"Digite aqui...\">O foco do curso \u00e9 a aplica\u00e7\u00e3o direta da inform\u00e1tica em empresas e institui\u00e7\u00f5es p\u00fablicas e privadas. Nos quatro primeiros semestres, as aulas s\u00e3o realizadas no per\u00edodo da tarde, e a partir do quinto semestre, as aulas s\u00e3o distribu\u00eddas no per\u00edodo da tarde e da noite. Os profissionais formados nessa \u00e1rea s\u00e3o altamente valorizados no mercado por sua s\u00f3lida forma\u00e7\u00e3o t\u00e9cnica e habilidade em serem vers\u00e1teis. A atua\u00e7\u00e3o desse profissional abrange uma ampla gama de \u00e1reas, como desenvolvimento, gerenciamento, projeto, instala\u00e7\u00e3o e administra\u00e7\u00e3o de sistemas, redes de computadores, bancos de dados, sites e portais para a Internet, com\u00e9rcio e marketing eletr\u00f4nicos, sistemas m\u00f3veis, sem fio e outras tecnologias emergentes.<\/h2><h2 class=\"elementor-heading-title elementor-size-default elementor-inline-editing pen\" style=\"font-size: 17px; font-style: normal; margin-bottom: 0px; outline-style: initial; outline-width: 0px; color: #000000; line-height: 30px; font-family: Poppins, sans-serif; letter-spacing: -0.4px; -webkit-text-stroke-color: #000000; stroke: #000000; text-align: justify; font-weight: 400;\" data-elementor-setting-key=\"title\" data-pen-placeholder=\"Digite aqui...\">Coordena\u00e7\u00e3o: (41) 3310-4743<\/h2>\t\t\t\t\t\t\t\t<\/div>\n\t\t\t\t<\/div>\n\t\t\t\t<div class=\"elementor-element elementor-element-de316a7 elementor-widget elementor-widget-button\" data-id=\"de316a7\" data-element_type=\"widget\" data-e-type=\"widget\" data-widget_type=\"button.default\">\n\t\t\t\t<div class=\"elementor-widget-container\">\n\t\t\t\t\t\t\t\t\t<div class=\"elementor-button-wrapper\">\n\t\t\t\t\t<a class=\"elementor-button elementor-button-link elementor-size-sm\" href=\"https:\/\/portal.utfpr.edu.br\/cursos\/coordenacoes\/graduacao\/curitiba\/ct-sistemas-de-informacao\/home\" target=\"_blank\">\n\t\t\t\t\t\t<span class=\"elementor-button-content-wrapper\">\n\t\t\t\t\t\t\t\t\t<span class=\"elementor-button-text\">Mais informa\u00e7\u00f5es<\/span>\n\t\t\t\t\t<\/span>\n\t\t\t\t\t<\/a>\n\t\t\t\t<\/div>\n\t\t\t\t\t\t\t\t<\/div>\n\t\t\t\t<\/div>\n\t\t\t\t<div class=\"elementor-element elementor-element-d6deca5 elementor-shape-rounded elementor-grid-0 e-grid-align-center elementor-widget elementor-widget-social-icons\" data-id=\"d6deca5\" data-element_type=\"widget\" data-e-type=\"widget\" data-widget_type=\"social-icons.default\">\n\t\t\t\t<div class=\"elementor-widget-container\">\n\t\t\t\t\t\t\t<div class=\"elementor-social-icons-wrapper elementor-grid\" role=\"list\">\n\t\t\t\t\t\t\t<span class=\"elementor-grid-item\" role=\"listitem\">\n\t\t\t\t\t<a class=\"elementor-icon elementor-social-icon elementor-social-icon-facebook elementor-animation-bounce-in elementor-repeater-item-31d7a68\" href=\"https:\/\/www.facebook.com\/emiliasarmacaoembits\/\" target=\"_blank\">\n\t\t\t\t\t\t<span class=\"elementor-screen-only\">Facebook<\/span>\n\t\t\t\t\t\t<i aria-hidden=\"true\" class=\"fab fa-facebook\"><\/i>\t\t\t\t\t<\/a>\n\t\t\t\t<\/span>\n\t\t\t\t\t\t\t<span class=\"elementor-grid-item\" role=\"listitem\">\n\t\t\t\t\t<a class=\"elementor-icon elementor-social-icon elementor-social-icon-twitter elementor-animation-bounce-in elementor-repeater-item-c8ada44\" href=\"https:\/\/twitter.com\/emilias_utfpr\" target=\"_blank\">\n\t\t\t\t\t\t<span class=\"elementor-screen-only\">Twitter<\/span>\n\t\t\t\t\t\t<i aria-hidden=\"true\" class=\"fab fa-twitter\"><\/i>\t\t\t\t\t<\/a>\n\t\t\t\t<\/span>\n\t\t\t\t\t\t\t<span class=\"elementor-grid-item\" role=\"listitem\">\n\t\t\t\t\t<a class=\"elementor-icon elementor-social-icon elementor-social-icon-youtube elementor-animation-bounce-in elementor-repeater-item-aaed26a\" href=\"https:\/\/www.youtube.com\/channel\/UC8wKNEOF0xWuArNB0ffeVZg\" target=\"_blank\">\n\t\t\t\t\t\t<span class=\"elementor-screen-only\">Youtube<\/span>\n\t\t\t\t\t\t<i aria-hidden=\"true\" class=\"fab fa-youtube\"><\/i>\t\t\t\t\t<\/a>\n\t\t\t\t<\/span>\n\t\t\t\t\t\t\t<span class=\"elementor-grid-item\" role=\"listitem\">\n\t\t\t\t\t<a class=\"elementor-icon elementor-social-icon elementor-social-icon-spotify elementor-animation-bounce-in elementor-repeater-item-8302186\" href=\"https:\/\/open.spotify.com\/show\/1Pm95WtrS8ZqBqRCUprQDq\" target=\"_blank\">\n\t\t\t\t\t\t<span class=\"elementor-screen-only\">Spotify<\/span>\n\t\t\t\t\t\t<i aria-hidden=\"true\" class=\"fab fa-spotify\"><\/i>\t\t\t\t\t<\/a>\n\t\t\t\t<\/span>\n\t\t\t\t\t\t\t<span class=\"elementor-grid-item\" role=\"listitem\">\n\t\t\t\t\t<a class=\"elementor-icon elementor-social-icon elementor-social-icon-instagram elementor-animation-bounce-in elementor-repeater-item-bd3ee5f\" href=\"https:\/\/www.instagram.com\/emilias_utfpr\/\" target=\"_blank\">\n\t\t\t\t\t\t<span class=\"elementor-screen-only\">Instagram<\/span>\n\t\t\t\t\t\t<i aria-hidden=\"true\" class=\"fab fa-instagram\"><\/i>\t\t\t\t\t<\/a>\n\t\t\t\t<\/span>\n\t\t\t\t\t<\/div>\n\t\t\t\t\t\t<\/div>\n\t\t\t\t<\/div>\n\t\t\t\t\t<\/div>\n\t\t<\/div>\n\t\t\t\t\t<\/div>\n\t\t<\/section>\n\t\t\t\t<\/div>\n\t\t","protected":false},"excerpt":{"rendered":"<p>Gradua\u00e7\u00f5es em TI na UTFPR &#8211; CT Engenharia de Computa\u00e7\u00e3o O curso de Engenharia de Computa\u00e7\u00e3o da UTFPR Curitiba \u00e9 o primeiro desta modalidade a ser oferecido por uma Institui\u00e7\u00e3o P\u00fablica Federal de Ensino Superior no Paran\u00e1, desde 2007. O curso oferece uma s\u00f3lida forma\u00e7\u00e3o que permite a atua\u00e7\u00e3o em sistemas de hardware e software. [&hellip;]<\/p>\n","protected":false},"author":168,"featured_media":0,"parent":0,"menu_order":0,"comment_status":"closed","ping_status":"closed","template":"","meta":{"site-sidebar-layout":"no-sidebar","site-content-layout":"page-builder","ast-site-content-layout":"default","site-content-style":"default","site-sidebar-style":"default","ast-global-header-display":"","ast-banner-title-visibility":"","ast-main-header-display":"","ast-hfb-above-header-display":"","ast-hfb-below-header-display":"","ast-hfb-mobile-header-display":"","site-post-title":"disabled","ast-breadcrumbs-content":"","ast-featured-img":"disabled","footer-sml-layout":"","ast-disable-related-posts":"","theme-transparent-header-meta":"","adv-header-id-meta":"","stick-header-meta":"","header-above-stick-meta":"","header-main-stick-meta":"","header-below-stick-meta":"","astra-migrate-meta-layouts":"default","ast-page-background-enabled":"default","ast-page-background-meta":{"desktop":{"background-color":"var(--ast-global-color-4)","background-image":"","background-repeat":"repeat","background-position":"center center","background-size":"auto","background-attachment":"scroll","background-type":"","background-media":"","overlay-type":"","overlay-color":"","overlay-opacity":"","overlay-gradient":""},"tablet":{"background-color":"","background-image":"","background-repeat":"repeat","background-position":"center center","background-size":"auto","background-attachment":"scroll","background-type":"","background-media":"","overlay-type":"","overlay-color":"","overlay-opacity":"","overlay-gradient":""},"mobile":{"background-color":"","background-image":"","background-repeat":"repeat","background-position":"center center","background-size":"auto","background-attachment":"scroll","background-type":"","background-media":"","overlay-type":"","overlay-color":"","overlay-opacity":"","overlay-gradient":""}},"ast-content-background-meta":{"desktop":{"background-color":"var(--ast-global-color-5)","background-image":"","background-repeat":"repeat","background-position":"center center","background-size":"auto","background-attachment":"scroll","background-type":"","background-media":"","overlay-type":"","overlay-color":"","overlay-opacity":"","overlay-gradient":""},"tablet":{"background-color":"var(--ast-global-color-5)","background-image":"","background-repeat":"repeat","background-position":"center center","background-size":"auto","background-attachment":"scroll","background-type":"","background-media":"","overlay-type":"","overlay-color":"","overlay-opacity":"","overlay-gradient":""},"mobile":{"background-color":"var(--ast-global-color-5)","background-image":"","background-repeat":"repeat","background-position":"center center","background-size":"auto","background-attachment":"scroll","background-type":"","background-media":"","overlay-type":"","overlay-color":"","overlay-opacity":"","overlay-gradient":""}},"footnotes":""},"class_list":["post-1578","page","type-page","status-publish","hentry"],"_links":{"self":[{"href":"https:\/\/utfpr.curitiba.br\/emilias\/wp-json\/wp\/v2\/pages\/1578","targetHints":{"allow":["GET"]}}],"collection":[{"href":"https:\/\/utfpr.curitiba.br\/emilias\/wp-json\/wp\/v2\/pages"}],"about":[{"href":"https:\/\/utfpr.curitiba.br\/emilias\/wp-json\/wp\/v2\/types\/page"}],"author":[{"embeddable":true,"href":"https:\/\/utfpr.curitiba.br\/emilias\/wp-json\/wp\/v2\/users\/168"}],"replies":[{"embeddable":true,"href":"https:\/\/utfpr.curitiba.br\/emilias\/wp-json\/wp\/v2\/comments?post=1578"}],"version-history":[{"count":58,"href":"https:\/\/utfpr.curitiba.br\/emilias\/wp-json\/wp\/v2\/pages\/1578\/revisions"}],"predecessor-version":[{"id":2242,"href":"https:\/\/utfpr.curitiba.br\/emilias\/wp-json\/wp\/v2\/pages\/1578\/revisions\/2242"}],"wp:attachment":[{"href":"https:\/\/utfpr.curitiba.br\/emilias\/wp-json\/wp\/v2\/media?parent=1578"}],"curies":[{"name":"wp","href":"https:\/\/api.w.org\/{rel}","templated":true}]}}