{"id":433,"date":"2023-02-01T13:45:30","date_gmt":"2023-02-01T16:45:30","guid":{"rendered":"https:\/\/utfpr.curitiba.br\/elaanima\/?page_id=433"},"modified":"2023-02-03T15:28:59","modified_gmt":"2023-02-03T18:28:59","slug":"objetivos","status":"publish","type":"page","link":"https:\/\/utfpr.curitiba.br\/elaanima\/objetivos\/","title":{"rendered":"Objetivos"},"content":{"rendered":"\t\t<div data-elementor-type=\"wp-page\" data-elementor-id=\"433\" class=\"elementor elementor-433\">\n\t\t\t\t\t\t<section class=\"elementor-section elementor-top-section elementor-element elementor-element-155b9e66 elementor-section-content-middle elementor-section-boxed elementor-section-height-default elementor-section-height-default\" data-id=\"155b9e66\" data-element_type=\"section\" data-e-type=\"section\">\n\t\t\t\t\t\t<div class=\"elementor-container elementor-column-gap-no\">\n\t\t\t\t\t<div class=\"elementor-column elementor-col-100 elementor-top-column elementor-element elementor-element-686fd4fa\" data-id=\"686fd4fa\" data-element_type=\"column\" data-e-type=\"column\">\n\t\t\t<div class=\"elementor-widget-wrap elementor-element-populated\">\n\t\t\t\t\t\t<div class=\"elementor-element elementor-element-1b98a344 elementor-widget-divider--view-line elementor-widget elementor-widget-divider\" data-id=\"1b98a344\" data-element_type=\"widget\" data-e-type=\"widget\" data-widget_type=\"divider.default\">\n\t\t\t\t<div class=\"elementor-widget-container\">\n\t\t\t\t\t\t\t<div class=\"elementor-divider\">\n\t\t\t<span class=\"elementor-divider-separator\">\n\t\t\t\t\t\t<\/span>\n\t\t<\/div>\n\t\t\t\t\t\t<\/div>\n\t\t\t\t<\/div>\n\t\t\t\t<div class=\"elementor-element elementor-element-4afb1f29 elementor-widget elementor-widget-heading\" data-id=\"4afb1f29\" data-element_type=\"widget\" data-e-type=\"widget\" data-widget_type=\"heading.default\">\n\t\t\t\t<div class=\"elementor-widget-container\">\n\t\t\t\t\t<h4 class=\"elementor-heading-title elementor-size-default\">Objetivos do ela.anima<\/h4>\t\t\t\t<\/div>\n\t\t\t\t<\/div>\n\t\t\t\t\t<\/div>\n\t\t<\/div>\n\t\t\t\t\t<\/div>\n\t\t<\/section>\n\t\t\t\t<section class=\"elementor-section elementor-top-section elementor-element elementor-element-66a758c3 elementor-section-content-middle elementor-section-boxed elementor-section-height-default elementor-section-height-default\" data-id=\"66a758c3\" data-element_type=\"section\" data-e-type=\"section\">\n\t\t\t\t\t\t<div class=\"elementor-container elementor-column-gap-no\">\n\t\t\t\t\t<div class=\"elementor-column elementor-col-50 elementor-top-column elementor-element elementor-element-3f0ab790\" data-id=\"3f0ab790\" data-element_type=\"column\" data-e-type=\"column\">\n\t\t\t<div class=\"elementor-widget-wrap elementor-element-populated\">\n\t\t\t\t\t\t<div class=\"elementor-element elementor-element-5bc644f1 elementor-widget elementor-widget-text-editor\" data-id=\"5bc644f1\" data-element_type=\"widget\" data-e-type=\"widget\" data-widget_type=\"text-editor.default\">\n\t\t\t\t<div class=\"elementor-widget-container\">\n\t\t\t\t\t\t\t\t\t<p>A iniciativa Ela.Anima foi originalmente uma sess\u00e3o criada no evento t\u00e9cnico-cient\u00edfico ExperimentAnima voltada para o reconhecimento e divulga\u00e7\u00e3o do trabalho realizado por mulheres na \u00e1rea de anima\u00e7\u00e3o.<\/p><p>O prop\u00f3sito \u00e9 destacar a import\u00e2ncia da atua\u00e7\u00e3o dessas profissionais nas mais diversas \u00e1reas da anima\u00e7\u00e3o, inclusive na gest\u00e3o e educa\u00e7\u00e3o, o que abrange tamb\u00e9m a pesquisa e extens\u00e3o. Desta forma, queremos incentivar jovens mulheres e mulheres a serem protagonistas na cadeia produtiva da \u00e1rea.<\/p><p>Al\u00e9m de promover a visibilidade das mulheres que se dedicam \u00e0 anima\u00e7\u00e3o, as a\u00e7\u00f5es do projeto visam fortalecer as conex\u00f5es sociais e empresariais, contribuindo para uma sociedade igualit\u00e1ria.<\/p><p><\/p><p>Para isso, o projeto busca pesquisar e fichar referenciais te\u00f3ricos em base de dados sobre avan\u00e7os tecnol\u00f3gicos e novas oportunidades: a atua\u00e7\u00e3o da mulher na \u00e1rea da anima\u00e7\u00e3o; desenvolver um estudo bibliom\u00e9trico sobre avan\u00e7os tecnol\u00f3gicos e novas oportunidades: a atua\u00e7\u00e3o da mulher na \u00e1rea da anima\u00e7\u00e3o; coletar e compilar dados obtidos em pesquisa; elaborar e analisar conte\u00fado; desenvolver resumos de resultados e artigo para o SICITE 2023.<\/p>\t\t\t\t\t\t\t\t<\/div>\n\t\t\t\t<\/div>\n\t\t\t\t\t<\/div>\n\t\t<\/div>\n\t\t\t\t<div class=\"elementor-column elementor-col-50 elementor-top-column elementor-element elementor-element-7371931e\" data-id=\"7371931e\" data-element_type=\"column\" data-e-type=\"column\">\n\t\t\t<div class=\"elementor-widget-wrap\">\n\t\t\t\t\t\t\t<\/div>\n\t\t<\/div>\n\t\t\t\t\t<\/div>\n\t\t<\/section>\n\t\t\t\t<\/div>\n\t\t","protected":false},"excerpt":{"rendered":"<p>Objetivos do ela.anima A iniciativa Ela.Anima foi originalmente uma sess\u00e3o criada no evento t\u00e9cnico-cient\u00edfico ExperimentAnima voltada para o reconhecimento e divulga\u00e7\u00e3o do trabalho realizado por mulheres na \u00e1rea de anima\u00e7\u00e3o. O prop\u00f3sito \u00e9 destacar a import\u00e2ncia da atua\u00e7\u00e3o dessas profissionais nas mais diversas \u00e1reas da anima\u00e7\u00e3o, inclusive na gest\u00e3o e [&hellip;]<\/p>\n","protected":false},"author":167,"featured_media":0,"parent":0,"menu_order":0,"comment_status":"closed","ping_status":"closed","template":"","meta":{"footnotes":""},"class_list":["post-433","page","type-page","status-publish","hentry"],"_links":{"self":[{"href":"https:\/\/utfpr.curitiba.br\/elaanima\/wp-json\/wp\/v2\/pages\/433","targetHints":{"allow":["GET"]}}],"collection":[{"href":"https:\/\/utfpr.curitiba.br\/elaanima\/wp-json\/wp\/v2\/pages"}],"about":[{"href":"https:\/\/utfpr.curitiba.br\/elaanima\/wp-json\/wp\/v2\/types\/page"}],"author":[{"embeddable":true,"href":"https:\/\/utfpr.curitiba.br\/elaanima\/wp-json\/wp\/v2\/users\/167"}],"replies":[{"embeddable":true,"href":"https:\/\/utfpr.curitiba.br\/elaanima\/wp-json\/wp\/v2\/comments?post=433"}],"version-history":[{"count":35,"href":"https:\/\/utfpr.curitiba.br\/elaanima\/wp-json\/wp\/v2\/pages\/433\/revisions"}],"predecessor-version":[{"id":1024,"href":"https:\/\/utfpr.curitiba.br\/elaanima\/wp-json\/wp\/v2\/pages\/433\/revisions\/1024"}],"wp:attachment":[{"href":"https:\/\/utfpr.curitiba.br\/elaanima\/wp-json\/wp\/v2\/media?parent=433"}],"curies":[{"name":"wp","href":"https:\/\/api.w.org\/{rel}","templated":true}]}}