{"id":1241,"date":"2023-08-24T10:19:34","date_gmt":"2023-08-24T13:19:34","guid":{"rendered":"https:\/\/utfpr.curitiba.br\/dirppg\/?page_id=1241"},"modified":"2023-09-11T09:12:43","modified_gmt":"2023-09-11T12:12:43","slug":"pagamento-de-inscricao-em-evento-internacional","status":"publish","type":"page","link":"https:\/\/utfpr.curitiba.br\/dirppg\/area-do-professor-secretaria\/financeiro\/pagamento-de-inscricao-em-evento-internacional\/","title":{"rendered":"Pagamento de Inscri\u00e7\u00e3o em Evento internacional"},"content":{"rendered":"\t\t<div data-elementor-type=\"wp-page\" data-elementor-id=\"1241\" class=\"elementor elementor-1241\">\n\t\t\t\t\t\t<section class=\"elementor-section elementor-top-section elementor-element elementor-element-21530d7 elementor-section-boxed elementor-section-height-default elementor-section-height-default\" data-id=\"21530d7\" data-element_type=\"section\" data-e-type=\"section\">\n\t\t\t\t\t\t<div class=\"elementor-container elementor-column-gap-default\">\n\t\t\t\t\t<div class=\"elementor-column elementor-col-100 elementor-top-column elementor-element elementor-element-1fef521\" data-id=\"1fef521\" data-element_type=\"column\" data-e-type=\"column\">\n\t\t\t<div class=\"elementor-widget-wrap elementor-element-populated\">\n\t\t\t\t\t\t<div class=\"elementor-element elementor-element-1db9564 elementor-widget elementor-widget-spacer\" data-id=\"1db9564\" data-element_type=\"widget\" data-e-type=\"widget\" data-widget_type=\"spacer.default\">\n\t\t\t\t<div class=\"elementor-widget-container\">\n\t\t\t\t\t\t\t<div class=\"elementor-spacer\">\n\t\t\t<div class=\"elementor-spacer-inner\"><\/div>\n\t\t<\/div>\n\t\t\t\t\t\t<\/div>\n\t\t\t\t<\/div>\n\t\t\t\t\t<\/div>\n\t\t<\/div>\n\t\t\t\t\t<\/div>\n\t\t<\/section>\n\t\t\t\t<section class=\"elementor-section elementor-top-section elementor-element elementor-element-a13e41c elementor-section-boxed elementor-section-height-default elementor-section-height-default\" data-id=\"a13e41c\" data-element_type=\"section\" data-e-type=\"section\">\n\t\t\t\t\t\t<div class=\"elementor-container elementor-column-gap-default\">\n\t\t\t\t\t<div class=\"elementor-column elementor-col-100 elementor-top-column elementor-element elementor-element-a0e29ba\" data-id=\"a0e29ba\" data-element_type=\"column\" data-e-type=\"column\">\n\t\t\t<div class=\"elementor-widget-wrap elementor-element-populated\">\n\t\t\t\t\t\t<div class=\"elementor-element elementor-element-700a7c6 elementor-widget elementor-widget-heading\" data-id=\"700a7c6\" data-element_type=\"widget\" data-e-type=\"widget\" data-widget_type=\"heading.default\">\n\t\t\t\t<div class=\"elementor-widget-container\">\n\t\t\t\t\t<h2 class=\"elementor-heading-title elementor-size-default\">Pagamento de Inscri\u00e7\u00e3o em Evento Internacional<\/h2>\t\t\t\t<\/div>\n\t\t\t\t<\/div>\n\t\t\t\t\t<\/div>\n\t\t<\/div>\n\t\t\t\t\t<\/div>\n\t\t<\/section>\n\t\t\t\t<section class=\"elementor-section elementor-top-section elementor-element elementor-element-977e603 elementor-section-boxed elementor-section-height-default elementor-section-height-default\" data-id=\"977e603\" data-element_type=\"section\" data-e-type=\"section\">\n\t\t\t\t\t\t<div class=\"elementor-container elementor-column-gap-default\">\n\t\t\t\t\t<div class=\"elementor-column elementor-col-100 elementor-top-column elementor-element elementor-element-d33788a\" data-id=\"d33788a\" data-element_type=\"column\" data-e-type=\"column\">\n\t\t\t<div class=\"elementor-widget-wrap elementor-element-populated\">\n\t\t\t\t\t\t<div class=\"elementor-element elementor-element-fc9bc45 elementor-widget elementor-widget-spacer\" data-id=\"fc9bc45\" data-element_type=\"widget\" data-e-type=\"widget\" data-widget_type=\"spacer.default\">\n\t\t\t\t<div class=\"elementor-widget-container\">\n\t\t\t\t\t\t\t<div class=\"elementor-spacer\">\n\t\t\t<div class=\"elementor-spacer-inner\"><\/div>\n\t\t<\/div>\n\t\t\t\t\t\t<\/div>\n\t\t\t\t<\/div>\n\t\t\t\t\t<\/div>\n\t\t<\/div>\n\t\t\t\t\t<\/div>\n\t\t<\/section>\n\t\t\t\t<section class=\"elementor-section elementor-top-section elementor-element elementor-element-edbad48 elementor-section-boxed elementor-section-height-default elementor-section-height-default\" data-id=\"edbad48\" data-element_type=\"section\" data-e-type=\"section\">\n\t\t\t\t\t\t<div class=\"elementor-container elementor-column-gap-default\">\n\t\t\t\t\t<div class=\"elementor-column elementor-col-50 elementor-top-column elementor-element elementor-element-23f1299\" data-id=\"23f1299\" data-element_type=\"column\" data-e-type=\"column\">\n\t\t\t<div class=\"elementor-widget-wrap elementor-element-populated\">\n\t\t\t\t\t\t<div class=\"elementor-element elementor-element-066746b elementor-widget elementor-widget-text-editor\" data-id=\"066746b\" data-element_type=\"widget\" data-e-type=\"widget\" data-widget_type=\"text-editor.default\">\n\t\t\t\t<div class=\"elementor-widget-container\">\n\t\t\t\t\t\t\t\t\t<ol class=\"n8H08c BKnRcf \"><li class=\"zfr3Q TYR86d lsiHE \" dir=\"ltr\"><p class=\"zfr3Q CDt4Ke \" dir=\"ltr\" role=\"presentation\"><span class=\"C9DxTc \">Os eventos internacionais (<\/span><strong><span class=\"C9DxTc \">pagos em moeda estrangeira<\/span><\/strong><span class=\"C9DxTc \">) podem ser restitu\u00eddos, desde que seja formalizado o pedido de autoriza\u00e7\u00e3o de restitui\u00e7\u00e3o antecipadamente (processo SEI &#8211; &#8220;Financeiro: Autoriza\u00e7\u00e3o de Despesa Pr\u00e9via&#8221;). Esse documento deve ser preenchido e o processo enviado ao Coordenador do Programa, DIRPPG-CT, DIRPLAD-CT e DEOFI-CT. O DEOFI em conjunto dar\u00e1 um parecer a respeito.\u00a0<\/span><\/p><\/li><\/ol><ol class=\"n8H08c BKnRcf \" start=\"2\"><li class=\"zfr3Q TYR86d lsiHE \" dir=\"ltr\"><p class=\"zfr3Q CDt4Ke \" dir=\"ltr\" role=\"presentation\"><span class=\"C9DxTc \">Apenas ap\u00f3s a assinatura da autoriza\u00e7\u00e3o (DIRPLAD, DIRPPG e DEOFI), o interessado pode realizar o pagamento da despesa.<\/span><\/p><\/li><\/ol><ol class=\"n8H08c BKnRcf \" start=\"3\"><li class=\"zfr3Q TYR86d lsiHE \" dir=\"ltr\"><p class=\"zfr3Q CDt4Ke \" dir=\"ltr\" role=\"presentation\"><span class=\"C9DxTc \">Os eventos internacionais tamb\u00e9m podem ser pagos por meio de processo de importa\u00e7\u00e3o (maiores informa\u00e7\u00f5es consulte o DEMIMP-RT).<\/span><\/p><\/li><\/ol><ul><li>Cosulte o <a href=\"https:\/\/utfpr-ct-static-content.s3.amazonaws.com\/utfpr.curitiba.br\/wp-content\/uploads\/sites\/144\/2023\/08\/Tutorial-Processo-Restituicao.pdf\">Tutorial &#8211; Processo Restitui\u00e7\u00e3o<\/a><\/li><\/ul>\t\t\t\t\t\t\t\t<\/div>\n\t\t\t\t<\/div>\n\t\t\t\t\t<\/div>\n\t\t<\/div>\n\t\t\t\t<div class=\"elementor-column elementor-col-50 elementor-top-column elementor-element elementor-element-975c29c\" data-id=\"975c29c\" data-element_type=\"column\" data-e-type=\"column\">\n\t\t\t<div class=\"elementor-widget-wrap elementor-element-populated\">\n\t\t\t\t\t\t<div class=\"elementor-element elementor-element-5494b33 elementor-widget elementor-widget-image\" data-id=\"5494b33\" data-element_type=\"widget\" data-e-type=\"widget\" data-widget_type=\"image.default\">\n\t\t\t\t<div class=\"elementor-widget-container\">\n\t\t\t\t\t\t\t\t\t\t\t\t\t\t\t<img fetchpriority=\"high\" decoding=\"async\" width=\"722\" height=\"489\" src=\"https:\/\/utfpr-ct-static-content.s3.amazonaws.com\/utfpr.curitiba.br\/wp-content\/uploads\/sites\/144\/2023\/08\/Codigos-materiais-Sistema-Corporativo.png\" class=\"attachment-large size-large wp-image-1243\" alt=\"\" srcset=\"https:\/\/utfpr-ct-static-content.s3.amazonaws.com\/utfpr.curitiba.br\/wp-content\/uploads\/sites\/144\/2023\/08\/Codigos-materiais-Sistema-Corporativo.png 722w, https:\/\/utfpr-ct-static-content.s3.amazonaws.com\/utfpr.curitiba.br\/wp-content\/uploads\/sites\/144\/2023\/08\/Codigos-materiais-Sistema-Corporativo-300x203.png 300w\" sizes=\"(max-width: 722px) 100vw, 722px\" \/>\t\t\t\t\t\t\t\t\t\t\t\t\t\t\t<\/div>\n\t\t\t\t<\/div>\n\t\t\t\t\t<\/div>\n\t\t<\/div>\n\t\t\t\t\t<\/div>\n\t\t<\/section>\n\t\t\t\t<section class=\"elementor-section elementor-top-section elementor-element elementor-element-860fd4e elementor-section-boxed elementor-section-height-default elementor-section-height-default\" data-id=\"860fd4e\" data-element_type=\"section\" data-e-type=\"section\">\n\t\t\t\t\t\t<div class=\"elementor-container elementor-column-gap-default\">\n\t\t\t\t\t<div class=\"elementor-column elementor-col-100 elementor-top-column elementor-element elementor-element-0f8853d\" data-id=\"0f8853d\" data-element_type=\"column\" data-e-type=\"column\">\n\t\t\t<div class=\"elementor-widget-wrap elementor-element-populated\">\n\t\t\t\t\t\t<div class=\"elementor-element elementor-element-5242d15 elementor-widget elementor-widget-spacer\" data-id=\"5242d15\" data-element_type=\"widget\" data-e-type=\"widget\" data-widget_type=\"spacer.default\">\n\t\t\t\t<div class=\"elementor-widget-container\">\n\t\t\t\t\t\t\t<div class=\"elementor-spacer\">\n\t\t\t<div class=\"elementor-spacer-inner\"><\/div>\n\t\t<\/div>\n\t\t\t\t\t\t<\/div>\n\t\t\t\t<\/div>\n\t\t\t\t\t<\/div>\n\t\t<\/div>\n\t\t\t\t\t<\/div>\n\t\t<\/section>\n\t\t\t\t<\/div>\n\t\t","protected":false},"excerpt":{"rendered":"<p>Pagamento de Inscri\u00e7\u00e3o em Evento Internacional Os eventos internacionais (pagos em moeda estrangeira) podem ser restitu\u00eddos, desde que seja formalizado o pedido de autoriza\u00e7\u00e3o de restitui\u00e7\u00e3o antecipadamente (processo SEI &#8211; &#8220;Financeiro: Autoriza\u00e7\u00e3o de Despesa Pr\u00e9via&#8221;). Esse documento deve ser preenchido e o processo enviado ao Coordenador do Programa, DIRPPG-CT, DIRPLAD-CT e DEOFI-CT. O DEOFI em [&hellip;]<\/p>\n","protected":false},"author":238,"featured_media":0,"parent":1489,"menu_order":0,"comment_status":"closed","ping_status":"closed","template":"","meta":{"site-sidebar-layout":"no-sidebar","site-content-layout":"page-builder","ast-site-content-layout":"default","site-content-style":"default","site-sidebar-style":"default","ast-global-header-display":"","ast-banner-title-visibility":"","ast-main-header-display":"","ast-hfb-above-header-display":"","ast-hfb-below-header-display":"","ast-hfb-mobile-header-display":"","site-post-title":"disabled","ast-breadcrumbs-content":"","ast-featured-img":"disabled","footer-sml-layout":"","ast-disable-related-posts":"","theme-transparent-header-meta":"","adv-header-id-meta":"","stick-header-meta":"","header-above-stick-meta":"","header-main-stick-meta":"","header-below-stick-meta":"","astra-migrate-meta-layouts":"default","ast-page-background-enabled":"default","ast-page-background-meta":{"desktop":{"background-color":"var(--ast-global-color-4)","background-image":"","background-repeat":"repeat","background-position":"center center","background-size":"auto","background-attachment":"scroll","background-type":"","background-media":"","overlay-type":"","overlay-color":"","overlay-opacity":"","overlay-gradient":""},"tablet":{"background-color":"","background-image":"","background-repeat":"repeat","background-position":"center center","background-size":"auto","background-attachment":"scroll","background-type":"","background-media":"","overlay-type":"","overlay-color":"","overlay-opacity":"","overlay-gradient":""},"mobile":{"background-color":"","background-image":"","background-repeat":"repeat","background-position":"center center","background-size":"auto","background-attachment":"scroll","background-type":"","background-media":"","overlay-type":"","overlay-color":"","overlay-opacity":"","overlay-gradient":""}},"ast-content-background-meta":{"desktop":{"background-color":"var(--ast-global-color-5)","background-image":"","background-repeat":"repeat","background-position":"center center","background-size":"auto","background-attachment":"scroll","background-type":"","background-media":"","overlay-type":"","overlay-color":"","overlay-opacity":"","overlay-gradient":""},"tablet":{"background-color":"var(--ast-global-color-5)","background-image":"","background-repeat":"repeat","background-position":"center center","background-size":"auto","background-attachment":"scroll","background-type":"","background-media":"","overlay-type":"","overlay-color":"","overlay-opacity":"","overlay-gradient":""},"mobile":{"background-color":"var(--ast-global-color-5)","background-image":"","background-repeat":"repeat","background-position":"center center","background-size":"auto","background-attachment":"scroll","background-type":"","background-media":"","overlay-type":"","overlay-color":"","overlay-opacity":"","overlay-gradient":""}},"footnotes":""},"class_list":["post-1241","page","type-page","status-publish","hentry"],"_links":{"self":[{"href":"https:\/\/utfpr.curitiba.br\/dirppg\/wp-json\/wp\/v2\/pages\/1241","targetHints":{"allow":["GET"]}}],"collection":[{"href":"https:\/\/utfpr.curitiba.br\/dirppg\/wp-json\/wp\/v2\/pages"}],"about":[{"href":"https:\/\/utfpr.curitiba.br\/dirppg\/wp-json\/wp\/v2\/types\/page"}],"author":[{"embeddable":true,"href":"https:\/\/utfpr.curitiba.br\/dirppg\/wp-json\/wp\/v2\/users\/238"}],"replies":[{"embeddable":true,"href":"https:\/\/utfpr.curitiba.br\/dirppg\/wp-json\/wp\/v2\/comments?post=1241"}],"version-history":[{"count":8,"href":"https:\/\/utfpr.curitiba.br\/dirppg\/wp-json\/wp\/v2\/pages\/1241\/revisions"}],"predecessor-version":[{"id":1735,"href":"https:\/\/utfpr.curitiba.br\/dirppg\/wp-json\/wp\/v2\/pages\/1241\/revisions\/1735"}],"up":[{"embeddable":true,"href":"https:\/\/utfpr.curitiba.br\/dirppg\/wp-json\/wp\/v2\/pages\/1489"}],"wp:attachment":[{"href":"https:\/\/utfpr.curitiba.br\/dirppg\/wp-json\/wp\/v2\/media?parent=1241"}],"curies":[{"name":"wp","href":"https:\/\/api.w.org\/{rel}","templated":true}]}}