{"id":552,"date":"2020-11-30T09:42:23","date_gmt":"2020-11-30T12:42:23","guid":{"rendered":"https:\/\/dirplad.ct.utfpr.edu.br\/?page_id=552"},"modified":"2020-12-01T23:02:44","modified_gmt":"2020-12-02T02:02:44","slug":"legislacao-de-apoio","status":"publish","type":"page","link":"https:\/\/utfpr.curitiba.br\/dirplad\/procedimentos\/demap\/dipat\/legislacao-de-apoio\/","title":{"rendered":"Legisla\u00e7\u00e3o de Apoio"},"content":{"rendered":"\n<ul class=\"wp-block-list\"><li><a href=\"https:\/\/utfpr-ct-static-content.s3.amazonaws.com\/utfpr.curitiba.br\/wp-content\/uploads\/sites\/27\/2020\/11\/ON-01_20220-PROPLAD-Manual-do-Patrimonio.pdf\" data-type=\"URL\" data-id=\"https:\/\/utfpr-ct-static-content.s3.amazonaws.com\/utfpr.curitiba.br\/wp-content\/uploads\/sites\/27\/2020\/11\/ON-01_20220-PROPLAD-Manual-do-Patrimonio.pdf\">MANUAL DE PATRIM\u00d4NIO<\/a><\/li><li><a href=\"https:\/\/utfpr-ct-static-content.s3.amazonaws.com\/utfpr.curitiba.br\/wp-content\/uploads\/sites\/27\/2020\/11\/TCA-INSTRUCAO-NORMATIVA-No-17-DE-20-DE-DEZEMBRO-DE-2019.pdf\" data-type=\"URL\" data-id=\"https:\/\/utfpr-ct-static-content.s3.amazonaws.com\/utfpr.curitiba.br\/wp-content\/uploads\/sites\/27\/2020\/11\/TCA-INSTRUCAO-NORMATIVA-No-17-DE-20-DE-DEZEMBRO-DE-2019.pdf\">TAC (TERMO DE AJUSTAMENTO DE CONDUTA) INSTRU\u00c7\u00c3O NORMATIVA N\u00ba 17, DE 20 DE DEZEMBRO DE 2019<\/a><\/li><li><a href=\"https:\/\/pesquisa.in.gov.br\/imprensa\/jsp\/visualiza\/index.jsp?jornal=1&amp;pagina=6&amp;data=06\/03\/2009\">TCA (TERMO CIRCUNSTANCIADO ADMINISTRATIVO) Instru\u00e7\u00e3o Normativa CGU no 04, de 17 de fevereiro de 2009<\/a><\/li><li><a href=\"http:\/\/www.planalto.gov.br\/ccivil_03\/_Ato2004-2006\/2006\/Decreto\/D5940.htm\">Separa\u00e7\u00e3o dos res\u00edduos recicl\u00e1veis. Decreto no 5.940, de 25 de outubro de 2006<\/a><\/li><li><a href=\"https:\/\/www.planalto.gov.br\/ccivil_03\/_ato2015-2018\/2018\/decreto\/d9373.htm\" data-type=\"URL\" data-id=\"https:\/\/www.planalto.gov.br\/ccivil_03\/_ato2015-2018\/2018\/decreto\/d9373.htm\">Aliena\u00e7\u00e3o, a cess\u00e3o, a transfer\u00eancia, a destina\u00e7\u00e3o e a disposi\u00e7\u00e3o final ambientalmente. Decreto no 9.373, de 11 de maio de 2018<\/a><\/li><li><a href=\"http:\/\/www.planalto.gov.br\/ccivil_03\/_ato2019-2022\/2019\/decreto\/D9764.htm\">Recebimento de doa\u00e7\u00f5es de bens m\u00f3veis e de servi\u00e7os, sem \u00f4nus ou encargos, de pessoas f\u00edsicas ou jur\u00eddicas de direito privado. Decreto no 9.764, de 11 de abril de 2019<\/a><\/li><li><a href=\"https:\/\/pesquisa.in.gov.br\/imprensa\/jsp\/visualiza\/index.jsp?jornal=515&amp;pagina=2&amp;data=31\/05\/2019\">Aliena\u00e7\u00e3o, a cess\u00e3o, a transfer\u00eancia, a destina\u00e7\u00e3o e a disposi\u00e7\u00e3o final ambientalmente adequadas de bens m\u00f3veis. Decreto no 9.813, de 30 de maio de 2019. Altera o Decreto no 9.373, de 11 de maio de 2018<\/a><\/li><li><a href=\"http:\/\/www.planalto.gov.br\/ccivil_03\/Leis\/L4320.htm\">Normas Gerais de Direito Financeiro. Lei no 4.320, de 17 de mar\u00e7o de 1964<\/a><\/li><li><a href=\"http:\/\/www.planalto.gov.br\/ccivil_03\/LEIS\/L8112cons.htm\">Regime jur\u00eddico dos servidores p\u00fablicos civis da Uni\u00e3o, das autarquias e das funda\u00e7\u00f5es p\u00fablicas federais. Lei no 8.112, de 11 de dezembro de 1990<\/a><\/li><li><a href=\"http:\/\/www.planalto.gov.br\/ccivil_03\/Leis\/L8666cons.htm\">Lei de licita\u00e7\u00f5es. Lei no 8.666, de 21 de junho de 1993<\/a><\/li><li><a href=\"http:\/\/www.planalto.gov.br\/CCIVIL_03\/Leis\/L9790.htm\">Qualifica\u00e7\u00e3o de pessoas jur\u00eddicas de direito privado, sem fins lucrativos, como Organiza\u00e7\u00f5es da Sociedade Civil de Interesse P\u00fablico. Lei no 9.790, de 23 de mar\u00e7o de 1999<\/a><\/li><li><a href=\"https:\/\/www.gov.br\/compras\/pt-br\/\" data-type=\"URL\" data-id=\"https:\/\/www.gov.br\/compras\/pt-br\/\">ferramenta informatizada de disponibiliza\u00e7\u00e3o de bens m\u00f3veis inserv\u00edveis para fins de aliena\u00e7\u00e3o, de cess\u00e3o e de transfer\u00eancia no \u00e2mbito da Administra\u00e7\u00e3o P\u00fablica federal. Instru\u00e7\u00e3o Normativa no 11, de 29 de novembro de 2018<\/a><\/li><li><a href=\"http:\/\/www.comprasnet.gov.br\/legislacao\/in\/in205_88.htm\">Patrim\u00f4nio e Almoxarifado. Instru\u00e7\u00e3o Normativa no 205, de 8 de abril de 1988<\/a><\/li><li><a href=\"http:\/\/www.saude.sp.gov.br\/resources\/ses\/perfil\/profissional-da-saude\/grupo-tecnico-de-acoes-estrategicas-gtae\/programa-sorria-sp-2015\/orientacoes-gerais-e-informacoes-correlatadas\/portaria_n_448.pdf\" data-type=\"URL\" data-id=\"http:\/\/www.saude.sp.gov.br\/resources\/ses\/perfil\/profissional-da-saude\/grupo-tecnico-de-acoes-estrategicas-gtae\/programa-sorria-sp-2015\/orientacoes-gerais-e-informacoes-correlatadas\/portaria_n_448.pdf\">Detalhamento das naturezas de despesas 339030, 339036, 339039 e 449052. Portaria no 448, de 13 de setembro de 2002<\/a><\/li><\/ul>\n\n\n\n<p><\/p>\n","protected":false},"excerpt":{"rendered":"<p>MANUAL DE PATRIM\u00d4NIO TAC (TERMO DE AJUSTAMENTO DE CONDUTA) INSTRU\u00c7\u00c3O NORMATIVA N\u00ba 17, DE 20 DE DEZEMBRO DE 2019 TCA<\/p>\n","protected":false},"author":3,"featured_media":0,"parent":461,"menu_order":0,"comment_status":"closed","ping_status":"closed","template":"","meta":{"colormag_page_container_layout":"default_layout","colormag_page_sidebar_layout":"default_layout","footnotes":""},"class_list":["post-552","page","type-page","status-publish","hentry"],"_links":{"self":[{"href":"https:\/\/utfpr.curitiba.br\/dirplad\/wp-json\/wp\/v2\/pages\/552","targetHints":{"allow":["GET"]}}],"collection":[{"href":"https:\/\/utfpr.curitiba.br\/dirplad\/wp-json\/wp\/v2\/pages"}],"about":[{"href":"https:\/\/utfpr.curitiba.br\/dirplad\/wp-json\/wp\/v2\/types\/page"}],"author":[{"embeddable":true,"href":"https:\/\/utfpr.curitiba.br\/dirplad\/wp-json\/wp\/v2\/users\/3"}],"replies":[{"embeddable":true,"href":"https:\/\/utfpr.curitiba.br\/dirplad\/wp-json\/wp\/v2\/comments?post=552"}],"version-history":[{"count":15,"href":"https:\/\/utfpr.curitiba.br\/dirplad\/wp-json\/wp\/v2\/pages\/552\/revisions"}],"predecessor-version":[{"id":575,"href":"https:\/\/utfpr.curitiba.br\/dirplad\/wp-json\/wp\/v2\/pages\/552\/revisions\/575"}],"up":[{"embeddable":true,"href":"https:\/\/utfpr.curitiba.br\/dirplad\/wp-json\/wp\/v2\/pages\/461"}],"wp:attachment":[{"href":"https:\/\/utfpr.curitiba.br\/dirplad\/wp-json\/wp\/v2\/media?parent=552"}],"curies":[{"name":"wp","href":"https:\/\/api.w.org\/{rel}","templated":true}]}}