{"id":368,"date":"2020-09-25T07:54:14","date_gmt":"2020-09-25T10:54:14","guid":{"rendered":"https:\/\/dirplad.ct.utfpr.edu.br\/?page_id=368"},"modified":"2020-11-10T09:24:38","modified_gmt":"2020-11-10T12:24:38","slug":"diomai","status":"publish","type":"page","link":"https:\/\/utfpr.curitiba.br\/dirplad\/estrutura\/departamentos\/depro\/diomai\/","title":{"rendered":"Divis\u00e3o de Obras e Manuten\u00e7\u00e3o de Im\u00f3veis &#8211; DIOMAI"},"content":{"rendered":"\n<p><a href=\"https:\/\/dirplad.ct.utfpr.edu.br\/procedimentos\/depro\/diomai\/\" data-type=\"URL\" data-id=\"https:\/\/dirplad.ct.utfpr.edu.br\/procedimentos\/depro\/diomai\/\">Procedimentos<\/a><\/p>\n","protected":false},"excerpt":{"rendered":"<p>Procedimentos<\/p>\n","protected":false},"author":3,"featured_media":0,"parent":251,"menu_order":0,"comment_status":"closed","ping_status":"closed","template":"","meta":{"colormag_page_container_layout":"default_layout","colormag_page_sidebar_layout":"default_layout","footnotes":""},"class_list":["post-368","page","type-page","status-publish","hentry"],"_links":{"self":[{"href":"https:\/\/utfpr.curitiba.br\/dirplad\/wp-json\/wp\/v2\/pages\/368","targetHints":{"allow":["GET"]}}],"collection":[{"href":"https:\/\/utfpr.curitiba.br\/dirplad\/wp-json\/wp\/v2\/pages"}],"about":[{"href":"https:\/\/utfpr.curitiba.br\/dirplad\/wp-json\/wp\/v2\/types\/page"}],"author":[{"embeddable":true,"href":"https:\/\/utfpr.curitiba.br\/dirplad\/wp-json\/wp\/v2\/users\/3"}],"replies":[{"embeddable":true,"href":"https:\/\/utfpr.curitiba.br\/dirplad\/wp-json\/wp\/v2\/comments?post=368"}],"version-history":[{"count":2,"href":"https:\/\/utfpr.curitiba.br\/dirplad\/wp-json\/wp\/v2\/pages\/368\/revisions"}],"predecessor-version":[{"id":496,"href":"https:\/\/utfpr.curitiba.br\/dirplad\/wp-json\/wp\/v2\/pages\/368\/revisions\/496"}],"up":[{"embeddable":true,"href":"https:\/\/utfpr.curitiba.br\/dirplad\/wp-json\/wp\/v2\/pages\/251"}],"wp:attachment":[{"href":"https:\/\/utfpr.curitiba.br\/dirplad\/wp-json\/wp\/v2\/media?parent=368"}],"curies":[{"name":"wp","href":"https:\/\/api.w.org\/{rel}","templated":true}]}}