{"id":240,"date":"2020-09-16T10:27:29","date_gmt":"2020-09-16T13:27:29","guid":{"rendered":"https:\/\/dirplad.ct.utfpr.edu.br\/?page_id=240"},"modified":"2020-11-10T11:49:07","modified_gmt":"2020-11-10T14:49:07","slug":"procedimentos","status":"publish","type":"page","link":"https:\/\/utfpr.curitiba.br\/dirplad\/procedimentos\/","title":{"rendered":"Procedimentos"},"content":{"rendered":"\n<h6 class=\"wp-block-heading\"><a href=\"https:\/\/dirplad.ct.utfpr.edu.br\/procedimentos\/deseg\/\">Departamento de Servi\u00e7os Gerais \u2013 DESEG<\/a><\/h6>\n\n\n\n<p><a href=\"https:\/\/dirplad.ct.utfpr.edu.br\/procedimentos\/deseg\/dicobem\/\">Divis\u00e3o de Conserva\u00e7\u00e3o e Bens M\u00f3veis \u2013 DICOBEM<\/a><\/p>\n\n\n\n<p><a href=\"https:\/\/dirplad.ct.utfpr.edu.br\/procedimentos\/deseg\/disau\/\">Divis\u00e3o de Servi\u00e7os Auxiliares \u2013 DISAU<\/a><\/p>\n\n\n\n<h6 class=\"wp-block-heading\"><a href=\"https:\/\/dirplad.ct.utfpr.edu.br\/procedimentos\/depro\/\">Departamento de Projetos e Obras \u2013 DEPRO<\/a><\/h6>\n\n\n\n<p><a href=\"https:\/\/dirplad.ct.utfpr.edu.br\/procedimentos\/depro\/diomai\/\">Divis\u00e3o de Obras e Manuten\u00e7\u00e3o de Im\u00f3veis \u2013 DIOMAI<\/a><\/p>\n\n\n\n<h6 class=\"wp-block-heading\"><a href=\"https:\/\/dirplad.ct.utfpr.edu.br\/procedimentos\/demap\/\">Departamento de materiais e patrim\u00f4nio &#8211; DEMAP<\/a><\/h6>\n\n\n\n<p><a href=\"https:\/\/dirplad.ct.utfpr.edu.br\/procedimentos\/demap\/dialm\/\">Divis\u00e3o de Almoxarifado \u2013 DIALM<\/a><\/p>\n\n\n\n<p><a href=\"https:\/\/dirplad.ct.utfpr.edu.br\/procedimentos\/demap\/dicom\/\">Divis\u00e3o de Compras \u2013 DICOM<\/a><\/p>\n\n\n\n<p><a href=\"https:\/\/dirplad.ct.utfpr.edu.br\/procedimentos\/demap\/dipat\/\">Divis\u00e3o de Patrim\u00f4nio \u2013 DIPAT<\/a><\/p>\n\n\n\n<h6 class=\"wp-block-heading\"><a href=\"https:\/\/dirplad.ct.utfpr.edu.br\/procedimentos\/deofi\/\">Departamento de Or\u00e7amento e Finan\u00e7as \u2013 DEOFI<\/a><\/h6>\n\n\n\n<p><a href=\"https:\/\/dirplad.ct.utfpr.edu.br\/procedimentos\/deofi\/dicont\/\">Divis\u00e3o de Contabilidade \u2013 DICONT<\/a><\/p>\n\n\n\n<p><a href=\"https:\/\/dirplad.ct.utfpr.edu.br\/procedimentos\/deofi\/diofi\">Divis\u00e3o de Or\u00e7amento e Finan\u00e7as \u2013 DIOFI<\/a><\/p>\n\n\n\n<p><\/p>\n","protected":false},"excerpt":{"rendered":"<p>Departamento de Servi\u00e7os Gerais \u2013 DESEG Divis\u00e3o de Conserva\u00e7\u00e3o e Bens M\u00f3veis \u2013 DICOBEM Divis\u00e3o de Servi\u00e7os Auxiliares \u2013 DISAU<\/p>\n","protected":false},"author":3,"featured_media":0,"parent":0,"menu_order":0,"comment_status":"closed","ping_status":"closed","template":"","meta":{"colormag_page_container_layout":"default_layout","colormag_page_sidebar_layout":"default_layout","footnotes":""},"class_list":["post-240","page","type-page","status-publish","hentry"],"_links":{"self":[{"href":"https:\/\/utfpr.curitiba.br\/dirplad\/wp-json\/wp\/v2\/pages\/240","targetHints":{"allow":["GET"]}}],"collection":[{"href":"https:\/\/utfpr.curitiba.br\/dirplad\/wp-json\/wp\/v2\/pages"}],"about":[{"href":"https:\/\/utfpr.curitiba.br\/dirplad\/wp-json\/wp\/v2\/types\/page"}],"author":[{"embeddable":true,"href":"https:\/\/utfpr.curitiba.br\/dirplad\/wp-json\/wp\/v2\/users\/3"}],"replies":[{"embeddable":true,"href":"https:\/\/utfpr.curitiba.br\/dirplad\/wp-json\/wp\/v2\/comments?post=240"}],"version-history":[{"count":9,"href":"https:\/\/utfpr.curitiba.br\/dirplad\/wp-json\/wp\/v2\/pages\/240\/revisions"}],"predecessor-version":[{"id":548,"href":"https:\/\/utfpr.curitiba.br\/dirplad\/wp-json\/wp\/v2\/pages\/240\/revisions\/548"}],"wp:attachment":[{"href":"https:\/\/utfpr.curitiba.br\/dirplad\/wp-json\/wp\/v2\/media?parent=240"}],"curies":[{"name":"wp","href":"https:\/\/api.w.org\/{rel}","templated":true}]}}