{"id":128,"date":"2019-02-04T15:02:00","date_gmt":"2019-02-04T17:02:00","guid":{"rendered":"http:\/\/direc.ct.utfpr.edu.br\/?page_id=128"},"modified":"2019-06-26T14:48:18","modified_gmt":"2019-06-26T17:48:18","slug":"proem","status":"publish","type":"page","link":"https:\/\/utfpr.curitiba.br\/direc\/proem\/","title":{"rendered":"Programa de Empreendedorismo e Inova\u00e7\u00e3o"},"content":{"rendered":"\t\t<div data-elementor-type=\"wp-post\" data-elementor-id=\"128\" class=\"elementor elementor-128 elementor-bc-flex-widget\">\n\t\t\t\t\t\t<section class=\"elementor-section elementor-top-section elementor-element elementor-element-125675a elementor-section-boxed elementor-section-height-default elementor-section-height-default\" data-id=\"125675a\" data-element_type=\"section\" data-e-type=\"section\">\n\t\t\t\t\t\t<div class=\"elementor-container elementor-column-gap-default\">\n\t\t\t\t\t<div class=\"elementor-column elementor-col-100 elementor-top-column elementor-element elementor-element-185cb562\" data-id=\"185cb562\" data-element_type=\"column\" data-e-type=\"column\">\n\t\t\t<div class=\"elementor-widget-wrap\">\n\t\t\t\t\t\t\t<\/div>\n\t\t<\/div>\n\t\t\t\t\t<\/div>\n\t\t<\/section>\n\t\t\t\t<section class=\"elementor-section elementor-top-section elementor-element elementor-element-706e97fa elementor-section-full_width elementor-section-content-middle elementor-section-height-default elementor-section-height-default\" data-id=\"706e97fa\" data-element_type=\"section\" data-e-type=\"section\">\n\t\t\t\t\t\t<div class=\"elementor-container elementor-column-gap-no\">\n\t\t\t\t\t<div class=\"elementor-column elementor-col-50 elementor-top-column elementor-element elementor-element-303585c8\" data-id=\"303585c8\" data-element_type=\"column\" data-e-type=\"column\">\n\t\t\t<div class=\"elementor-widget-wrap elementor-element-populated\">\n\t\t\t\t\t\t<div class=\"elementor-element elementor-element-6c179701 elementor-widget elementor-widget-text-editor\" data-id=\"6c179701\" data-element_type=\"widget\" data-e-type=\"widget\" data-widget_type=\"text-editor.default\">\n\t\t\t\t<div class=\"elementor-widget-container\">\n\t\t\t\t\t\t\t\t\t<p>SOBRE O<\/p>\t\t\t\t\t\t\t\t<\/div>\n\t\t\t\t<\/div>\n\t\t\t\t<div class=\"elementor-element elementor-element-3ad6af7 elementor-widget elementor-widget-heading\" data-id=\"3ad6af7\" data-element_type=\"widget\" data-e-type=\"widget\" data-widget_type=\"heading.default\">\n\t\t\t\t<div class=\"elementor-widget-container\">\n\t\t\t\t\t<h3 class=\"elementor-heading-title elementor-size-default\">PROEM<\/h3>\t\t\t\t<\/div>\n\t\t\t\t<\/div>\n\t\t\t\t<div class=\"elementor-element elementor-element-2c3a4a2a elementor-widget-divider--view-line elementor-widget elementor-widget-divider\" data-id=\"2c3a4a2a\" data-element_type=\"widget\" data-e-type=\"widget\" data-widget_type=\"divider.default\">\n\t\t\t\t<div class=\"elementor-widget-container\">\n\t\t\t\t\t\t\t<div class=\"elementor-divider\">\n\t\t\t<span class=\"elementor-divider-separator\">\n\t\t\t\t\t\t<\/span>\n\t\t<\/div>\n\t\t\t\t\t\t<\/div>\n\t\t\t\t<\/div>\n\t\t\t\t\t<\/div>\n\t\t<\/div>\n\t\t\t\t<div class=\"elementor-column elementor-col-50 elementor-top-column elementor-element elementor-element-381c0f31\" data-id=\"381c0f31\" data-element_type=\"column\" data-e-type=\"column\">\n\t\t\t<div class=\"elementor-widget-wrap elementor-element-populated\">\n\t\t\t\t\t\t<div class=\"elementor-element elementor-element-5a47792d elementor-widget elementor-widget-text-editor\" data-id=\"5a47792d\" data-element_type=\"widget\" data-e-type=\"widget\" data-widget_type=\"text-editor.default\">\n\t\t\t\t<div class=\"elementor-widget-container\">\n\t\t\t\t\t\t\t\t\t<p><span style=\"font-weight: 400;\">\u00a0<\/span><\/p><p>\u00a0<\/p><p><span style=\"font-weight: 400;\">O Programa de Empreendedorismo e Inova\u00e7\u00e3o (Proem) \u00e9 ligado \u00e0 Diretoria de Rela\u00e7\u00f5es Empresariais e Comunit\u00e1rias (Direc) da Universidade Tecnol\u00f3gica Federal do Paran\u00e1 (UTFPR) &#8211; C\u00e2mpus Curitiba.<\/span><span style=\"font-weight: 400;\"><br \/><\/span><span style=\"font-weight: 400;\"><br \/><\/span><span style=\"font-weight: 400;\">Abrangendo os mais variados cursos de gradua\u00e7\u00e3o, o Proem \u00e9 destinado a alunos, ex-alunos (egressos) e servidores da UTFPR com perfil empreendedor, selecionados por editais abertos.<\/span><span style=\"font-weight: 400;\"><br \/><\/span><span style=\"font-weight: 400;\"><br \/><\/span><span style=\"font-weight: 400;\">Por meio do Hotel Tecnol\u00f3gico e da Incubadora de Inova\u00e7\u00f5es Tecnol\u00f3gicas, o Proem atua na forma\u00e7\u00e3o da cultura empresarial empreendedora e inovadora, propiciando espa\u00e7os de desenvolvimento para projetos e empresas com \u00eanfase em tecnologia.<\/span><span style=\"font-weight: 400;\"><br \/><\/span><span style=\"font-weight: 400;\"><br \/><\/span><span style=\"font-weight: 400;\">O Proem oferece espa\u00e7o f\u00edsico, computador com acesso \u00e0 Internet, impressora e telefone fixo (de uso compartilhado), material de secretaria, laborat\u00f3rios, manuten\u00e7\u00e3o de equipamentos, endere\u00e7o postal e endere\u00e7o de Correio Eletr\u00f4nico. Al\u00e9m da assessoria de gest\u00e3o, tamb\u00e9m \u00e9 viabilizada a participa\u00e7\u00e3o dos h\u00f3spedes e incubados em treinamentos, eventos, cursos e semin\u00e1rios.<\/span><span style=\"font-weight: 400;\"><br \/><\/span><span style=\"font-weight: 400;\"><br \/><\/span><span style=\"font-weight: 400;\">O Hotel Tecnol\u00f3gico \u00e9 uma pr\u00e9-incubadora, que abriga, pelo per\u00edodo de at\u00e9 dois anos, projetos e ideias com \u00eanfase em tecnologia e inova\u00e7\u00e3o. J\u00e1 a Incubadora de inova\u00e7\u00f5es apoia, por at\u00e9 tr\u00eas anos, empresas de base tecnol\u00f3gica da comunidade interna e externa.<\/span><\/p>\t\t\t\t\t\t\t\t<\/div>\n\t\t\t\t<\/div>\n\t\t\t\t\t<\/div>\n\t\t<\/div>\n\t\t\t\t\t<\/div>\n\t\t<\/section>\n\t\t\t\t<section class=\"elementor-section elementor-top-section elementor-element elementor-element-5d487029 elementor-section-content-middle elementor-section-boxed elementor-section-height-default elementor-section-height-default\" data-id=\"5d487029\" data-element_type=\"section\" data-e-type=\"section\">\n\t\t\t\t\t\t<div class=\"elementor-container elementor-column-gap-no\">\n\t\t\t\t\t<div class=\"elementor-column elementor-col-50 elementor-top-column elementor-element elementor-element-12cb9943\" data-id=\"12cb9943\" data-element_type=\"column\" data-e-type=\"column\">\n\t\t\t<div class=\"elementor-widget-wrap elementor-element-populated\">\n\t\t\t\t\t\t<div class=\"elementor-element elementor-element-44eebb6e elementor-widget elementor-widget-heading\" data-id=\"44eebb6e\" data-element_type=\"widget\" data-e-type=\"widget\" data-widget_type=\"heading.default\">\n\t\t\t\t<div class=\"elementor-widget-container\">\n\t\t\t\t\t<h4 class=\"elementor-heading-title elementor-size-default\"><a href=\"http:\/\/www.utfpr.edu.br\/curitiba\/estrutura-universitaria\/diretorias\/direc\/empresario\/consultoria-tecnologica\/consultoria-tecnologica\" target=\"_blank\">Documentos<\/a><\/h4>\t\t\t\t<\/div>\n\t\t\t\t<\/div>\n\t\t\t\t\t<\/div>\n\t\t<\/div>\n\t\t\t\t<div class=\"elementor-column elementor-col-50 elementor-top-column elementor-element elementor-element-2251adf2\" data-id=\"2251adf2\" data-element_type=\"column\" data-e-type=\"column\">\n\t\t\t<div class=\"elementor-widget-wrap elementor-element-populated\">\n\t\t\t\t\t\t<div class=\"elementor-element elementor-element-a3c9f08 elementor-widget elementor-widget-text-editor\" data-id=\"a3c9f08\" data-element_type=\"widget\" data-e-type=\"widget\" data-widget_type=\"text-editor.default\">\n\t\t\t\t<div class=\"elementor-widget-container\">\n\t\t\t\t\t\t\t\t\t<p><span style=\"font-weight: 400;\">Resultado Final Edital Proem-CT 01\/2017 &#8211; Programa de Bolsa Aux\u00edlio da UTFPR (Proem-CT)\u00a0<\/span><\/p><p><a href=\"http:\/\/www.utfpr.edu.br\/curitiba\/estrutura-universitaria\/diretorias\/direc\/conselho-empresarial\/resultado-final-do-edital-proem-ct-01-2017\/at_download\/file\"><span style=\"font-weight: 400;\">https:\/\/www.utfpr.edu.br\/curitiba\/estrutura-universitaria\/diretorias\/direc\/conselho-empresarial\/resultado-final-do-edital-proem-ct-01-2017\/at_download\/file\u00a0\u00a0<\/span><\/a><\/p><p><span style=\"font-weight: 400;\">\u00a0<\/span><span style=\"font-weight: 400;\">Resultado Edital\u00a0Programa de Bolsa Aux\u00edlio da UTFPR (PROEM-CT) 2017<\/span><\/p><p><a href=\"http:\/\/www.utfpr.edu.br\/curitiba\/estrutura-universitaria\/diretorias\/direc\/conselho-empresarial\/resultado-bolsa-proem-2017\"><span style=\"font-weight: 400;\">https:\/\/www.utfpr.edu.br\/curitiba\/estrutura-universitaria\/diretorias\/direc\/conselho-empresarial\/resultado-bolsa-proem-2017\/at_download\/file<\/span><\/a><\/p><p><span style=\"font-weight: 400;\">Cronograma de entrevistas para a Bolsa Proem 2017<\/span><\/p><p><span style=\"font-weight: 400;\">\u00a0<\/span><a href=\"http:\/\/www.utfpr.edu.br\/curitiba\/estrutura-universitaria\/diretorias\/direc\/conselho-empresarial\/cronograma-das-entrevistas-para-a-bolsa-proem-2017\/at_download\/file\"><span style=\"font-weight: 400;\">https:\/\/www.utfpr.edu.br\/curitiba\/estrutura-universitaria\/diretorias\/direc\/conselho-empresarial\/cronograma-das-entrevistas-para-a-bolsa-proem-2017\/at_download\/file<\/span><\/a><\/p><p><span style=\"font-weight: 400;\">Edital Programa de Bolsa Aux\u00edlio da UTFPR (PROEM-CT) 2017<\/span><\/p><p><a href=\"http:\/\/www.utfpr.edu.br\/curitiba\/estrutura-universitaria\/diretorias\/direc\/conselho-empresarial\/edital-programa-de-bolsa-auxilio-da-utfpr-proem-ct-2017\"><span style=\"font-weight: 400;\">https:\/\/www.utfpr.edu.br\/curitiba\/estrutura-universitaria\/diretorias\/direc\/conselho-empresarial\/edital-programa-de-bolsa-auxilio-da-utfpr-proem-ct-2017\/at_download\/file<\/span><\/a><\/p><p><b>REGULAMENTOS<\/b><\/p><p><span style=\"font-weight: 400;\">Regulamento de Funcionamento da Incubadora \u00cdcarus de Inova\u00e7\u00f5es\u00a0<\/span><\/p><p><a href=\"http:\/\/www.utfpr.edu.br\/estrutura-universitaria\/pro-reitorias\/prorec\/leis-e-regulamentos\/NORMAS_IUT_2017.pdf\"><span style=\"font-weight: 400;\">https:\/\/www.utfpr.edu.br\/estrutura-universitaria\/pro-reitorias\/prorec\/leis-e-regulamentos\/NORMAS_IUT_2017.pdf<\/span><\/a><\/p><p><span style=\"font-weight: 400;\">Regulamento de Funcionamento Hotel Tecnol\u00f3gico<\/span><\/p><p><a href=\"http:\/\/www.utfpr.edu.br\/curitiba\/estrutura-universitaria\/diretorias\/direc\/regulamentos\/resolucao0216NORMASHTFINALCOEMP.pdf\"><span style=\"font-weight: 400;\">https:\/\/www.utfpr.edu.br\/curitiba\/estrutura-universitaria\/diretorias\/direc\/regulamentos\/resolucao0216NORMASHTFINALCOEMP.pdf<\/span><\/a><\/p><p><span style=\"font-weight: 400;\">Regulamento de Propriedade Intelectual da UTFPR<\/span><\/p><p><a href=\"http:\/\/www.utfpr.edu.br\/curitiba\/estrutura-universitaria\/diretorias\/direc\/pasta-de-arquivos-download\/regulamento-da-propriedade-intelectual-utfpr\"><span style=\"font-weight: 400;\">https:\/\/www.utfpr.edu.br\/curitiba\/estrutura-universitaria\/diretorias\/direc\/pasta-de-arquivos-download\/regulamento-da-propriedade-intelectual-utfpr<\/span><\/a><\/p><p><span style=\"font-weight: 400;\">Regulamento do Programa de Empreendedorismo e Inova\u00e7\u00e3o da UTFPR<\/span><\/p><p><a href=\"http:\/\/www.utfpr.edu.br\/estrutura-universitaria\/pro-reitorias\/prorec\/leis-e-regulamentos\/Resoluo0215atualCOEMPeRegulamentodoprogramadeempreendedorismoeinovaodaProemdaUtfpr.pdf\"><span style=\"font-weight: 400;\">http:\/\/www.utfpr.edu.br\/estrutura-universitaria\/pro-reitorias\/prorec\/leis-e-regulamentos\/Resoluo0215atualCOEMPeRegulamentodoprogramadeempreendedorismoeinovaodaProemdaUtfpr.pdf<\/span><\/a><\/p><p><span style=\"font-weight: 400;\">Delibera\u00e7\u00e3o N\u00ba. 04\/2016 &#8211; Estabelece a taxa de aluguel para Incubadora e Hotel Tecnol\u00f3gico<\/span><\/p><p><a href=\"http:\/\/www.utfpr.edu.br\/estrutura-universitaria\/couni\/processos\/Deliberao04_2016_AtualizaoTabelaArrecadao_AprovadoCOUNI.pdf\"><span style=\"font-weight: 400;\">http:\/\/www.utfpr.edu.br\/estrutura-universitaria\/couni\/processos\/Deliberao04_2016_AtualizaoTabelaArrecadao_AprovadoCOUNI.pdf<\/span><\/a><b><\/b><\/p><p>\u00a0<\/p><p>\u00a0<\/p><p>\u00a0<\/p>\t\t\t\t\t\t\t\t<\/div>\n\t\t\t\t<\/div>\n\t\t\t\t\t<\/div>\n\t\t<\/div>\n\t\t\t\t\t<\/div>\n\t\t<\/section>\n\t\t\t\t<section class=\"elementor-section elementor-top-section elementor-element elementor-element-6f1df49d elementor-section-boxed elementor-section-height-default elementor-section-height-default\" data-id=\"6f1df49d\" data-element_type=\"section\" data-e-type=\"section\">\n\t\t\t\t\t\t<div class=\"elementor-container elementor-column-gap-default\">\n\t\t\t\t\t<div class=\"elementor-column elementor-col-100 elementor-top-column elementor-element elementor-element-6e0531d1\" data-id=\"6e0531d1\" data-element_type=\"column\" data-e-type=\"column\">\n\t\t\t<div class=\"elementor-widget-wrap elementor-element-populated\">\n\t\t\t\t\t\t<div class=\"elementor-element elementor-element-4116bae4 elementor-widget elementor-widget-heading\" data-id=\"4116bae4\" data-element_type=\"widget\" data-e-type=\"widget\" data-widget_type=\"heading.default\">\n\t\t\t\t<div class=\"elementor-widget-container\">\n\t\t\t\t\t<h4 class=\"elementor-heading-title elementor-size-medium\">Equipe e CONTATO<\/h4>\t\t\t\t<\/div>\n\t\t\t\t<\/div>\n\t\t\t\t<div class=\"elementor-element elementor-element-445387bb elementor-widget-divider--view-line elementor-widget elementor-widget-divider\" data-id=\"445387bb\" data-element_type=\"widget\" data-e-type=\"widget\" data-widget_type=\"divider.default\">\n\t\t\t\t<div class=\"elementor-widget-container\">\n\t\t\t\t\t\t\t<div class=\"elementor-divider\">\n\t\t\t<span class=\"elementor-divider-separator\">\n\t\t\t\t\t\t<\/span>\n\t\t<\/div>\n\t\t\t\t\t\t<\/div>\n\t\t\t\t<\/div>\n\t\t\t\t<div class=\"elementor-element elementor-element-28549a95 elementor-icon-list--layout-traditional elementor-list-item-link-full_width elementor-widget elementor-widget-icon-list\" data-id=\"28549a95\" data-element_type=\"widget\" data-e-type=\"widget\" data-widget_type=\"icon-list.default\">\n\t\t\t\t<div class=\"elementor-widget-container\">\n\t\t\t\t\t\t\t<ul class=\"elementor-icon-list-items\">\n\t\t\t\t\t\t\t<li class=\"elementor-icon-list-item\">\n\t\t\t\t\t\t\t\t\t\t\t<span class=\"elementor-icon-list-icon\">\n\t\t\t\t\t\t\t\t\t\t\t\t\t\t\t\t<i class=\"fa fa-group\" aria-hidden=\"true\"><\/i>\n\t\t\t\t\t\t\t\t\t\t\t\t\t<\/span>\n\t\t\t\t\t\t\t\t\t\t<span class=\"elementor-icon-list-text\">Prof\u00aa. Maria Lucia Figueiredo Gomes de Meza - Chefe do DEPET-CT<\/span>\n\t\t\t\t\t\t\t\t\t<\/li>\n\t\t\t\t\t\t\t\t<li class=\"elementor-icon-list-item\">\n\t\t\t\t\t\t\t\t\t\t\t<span class=\"elementor-icon-list-icon\">\n\t\t\t\t\t\t\t\t\t\t\t\t\t\t\t\t<i class=\"fa fa-group\" aria-hidden=\"true\"><\/i>\n\t\t\t\t\t\t\t\t\t\t\t\t\t<\/span>\n\t\t\t\t\t\t\t\t\t\t<span class=\"elementor-icon-list-text\">Maico Ornelas - Chefe da DIEMI<\/span>\n\t\t\t\t\t\t\t\t\t<\/li>\n\t\t\t\t\t\t\t\t<li class=\"elementor-icon-list-item\">\n\t\t\t\t\t\t\t\t\t\t\t<span class=\"elementor-icon-list-icon\">\n\t\t\t\t\t\t\t\t\t\t\t\t\t\t\t\t<i class=\"fa fa-phone-square\" aria-hidden=\"true\"><\/i>\n\t\t\t\t\t\t\t\t\t\t\t\t\t<\/span>\n\t\t\t\t\t\t\t\t\t\t<span class=\"elementor-icon-list-text\"> 41 3279-6844<\/span>\n\t\t\t\t\t\t\t\t\t<\/li>\n\t\t\t\t\t\t\t\t<li class=\"elementor-icon-list-item\">\n\t\t\t\t\t\t\t\t\t\t\t<span class=\"elementor-icon-list-icon\">\n\t\t\t\t\t\t\t\t\t\t\t\t\t\t\t\t<i class=\"fa fa-phone-square\" aria-hidden=\"true\"><\/i>\n\t\t\t\t\t\t\t\t\t\t\t\t\t<\/span>\n\t\t\t\t\t\t\t\t\t\t<span class=\"elementor-icon-list-text\">3279-6814\/44 (Hotel Tecnol\u00f3gico)<\/span>\n\t\t\t\t\t\t\t\t\t<\/li>\n\t\t\t\t\t\t\t\t<li class=\"elementor-icon-list-item\">\n\t\t\t\t\t\t\t\t\t\t\t<span class=\"elementor-icon-list-icon\">\n\t\t\t\t\t\t\t\t\t\t\t\t\t\t\t\t<i class=\"fa fa-phone-square\" aria-hidden=\"true\"><\/i>\n\t\t\t\t\t\t\t\t\t\t\t\t\t<\/span>\n\t\t\t\t\t\t\t\t\t\t<span class=\"elementor-icon-list-text\">3279-6814\/44 (Incubadora Tecnol\u00f3gica)<\/span>\n\t\t\t\t\t\t\t\t\t<\/li>\n\t\t\t\t\t\t\t\t<li class=\"elementor-icon-list-item\">\n\t\t\t\t\t\t\t\t\t\t\t<span class=\"elementor-icon-list-icon\">\n\t\t\t\t\t\t\t\t\t\t\t\t\t\t\t\t<i class=\"fa fa-envelope\" aria-hidden=\"true\"><\/i>\n\t\t\t\t\t\t\t\t\t\t\t\t\t<\/span>\n\t\t\t\t\t\t\t\t\t\t<span class=\"elementor-icon-list-text\">proem-ct@utfpr.edu.br<\/span>\n\t\t\t\t\t\t\t\t\t<\/li>\n\t\t\t\t\t\t\t\t<li class=\"elementor-icon-list-item\">\n\t\t\t\t\t\t\t\t\t\t\t<span class=\"elementor-icon-list-icon\">\n\t\t\t\t\t\t\t\t\t\t\t\t\t\t\t\t<i class=\"fa fa-map-marker\" aria-hidden=\"true\"><\/i>\n\t\t\t\t\t\t\t\t\t\t\t\t\t<\/span>\n\t\t\t\t\t\t\t\t\t\t<span class=\"elementor-icon-list-text\">Av. Sete de Setembro, 3165 - Rebou\u00e7as, Curitiba - PR, 80230-901, UTFPR - Sede Centro<\/span>\n\t\t\t\t\t\t\t\t\t<\/li>\n\t\t\t\t\t\t<\/ul>\n\t\t\t\t\t\t<\/div>\n\t\t\t\t<\/div>\n\t\t\t\t\t<\/div>\n\t\t<\/div>\n\t\t\t\t\t<\/div>\n\t\t<\/section>\n\t\t\t\t<\/div>\n\t\t","protected":false},"excerpt":{"rendered":"<p>SOBRE O PROEM O Programa de Empreendedorismo e Inova\u00e7\u00e3o (Proem) \u00e9 ligado \u00e0 Diretoria de Rela\u00e7\u00f5es Empresariais e Comunit\u00e1rias (Direc) da Universidade Tecnol\u00f3gica Federal do Paran\u00e1 (UTFPR) &#8211; C\u00e2mpus Curitiba. Abrangendo os mais variados cursos de gradua\u00e7\u00e3o, o Proem \u00e9 destinado a alunos, ex-alunos (egressos) e servidores da UTFPR com perfil empreendedor, selecionados por editais [&hellip;]<\/p>\n","protected":false},"author":5,"featured_media":0,"parent":0,"menu_order":0,"comment_status":"closed","ping_status":"closed","template":"","meta":{"site-sidebar-layout":"default","site-content-layout":"","ast-site-content-layout":"default","site-content-style":"default","site-sidebar-style":"default","ast-global-header-display":"","ast-banner-title-visibility":"","ast-main-header-display":"","ast-hfb-above-header-display":"","ast-hfb-below-header-display":"","ast-hfb-mobile-header-display":"","site-post-title":"","ast-breadcrumbs-content":"","ast-featured-img":"","footer-sml-layout":"","ast-disable-related-posts":"","theme-transparent-header-meta":"","adv-header-id-meta":"","stick-header-meta":"","header-above-stick-meta":"","header-main-stick-meta":"","header-below-stick-meta":"","astra-migrate-meta-layouts":"default","ast-page-background-enabled":"default","ast-page-background-meta":{"desktop":{"background-color":"var(--ast-global-color-4)","background-image":"","background-repeat":"repeat","background-position":"center center","background-size":"auto","background-attachment":"scroll","background-type":"","background-media":"","overlay-type":"","overlay-color":"","overlay-opacity":"","overlay-gradient":""},"tablet":{"background-color":"","background-image":"","background-repeat":"repeat","background-position":"center center","background-size":"auto","background-attachment":"scroll","background-type":"","background-media":"","overlay-type":"","overlay-color":"","overlay-opacity":"","overlay-gradient":""},"mobile":{"background-color":"","background-image":"","background-repeat":"repeat","background-position":"center center","background-size":"auto","background-attachment":"scroll","background-type":"","background-media":"","overlay-type":"","overlay-color":"","overlay-opacity":"","overlay-gradient":""}},"ast-content-background-meta":{"desktop":{"background-color":"var(--ast-global-color-5)","background-image":"","background-repeat":"repeat","background-position":"center center","background-size":"auto","background-attachment":"scroll","background-type":"","background-media":"","overlay-type":"","overlay-color":"","overlay-opacity":"","overlay-gradient":""},"tablet":{"background-color":"var(--ast-global-color-5)","background-image":"","background-repeat":"repeat","background-position":"center center","background-size":"auto","background-attachment":"scroll","background-type":"","background-media":"","overlay-type":"","overlay-color":"","overlay-opacity":"","overlay-gradient":""},"mobile":{"background-color":"var(--ast-global-color-5)","background-image":"","background-repeat":"repeat","background-position":"center center","background-size":"auto","background-attachment":"scroll","background-type":"","background-media":"","overlay-type":"","overlay-color":"","overlay-opacity":"","overlay-gradient":""}},"footnotes":""},"class_list":["post-128","page","type-page","status-publish","hentry"],"_links":{"self":[{"href":"https:\/\/utfpr.curitiba.br\/direc\/wp-json\/wp\/v2\/pages\/128","targetHints":{"allow":["GET"]}}],"collection":[{"href":"https:\/\/utfpr.curitiba.br\/direc\/wp-json\/wp\/v2\/pages"}],"about":[{"href":"https:\/\/utfpr.curitiba.br\/direc\/wp-json\/wp\/v2\/types\/page"}],"author":[{"embeddable":true,"href":"https:\/\/utfpr.curitiba.br\/direc\/wp-json\/wp\/v2\/users\/5"}],"replies":[{"embeddable":true,"href":"https:\/\/utfpr.curitiba.br\/direc\/wp-json\/wp\/v2\/comments?post=128"}],"version-history":[{"count":8,"href":"https:\/\/utfpr.curitiba.br\/direc\/wp-json\/wp\/v2\/pages\/128\/revisions"}],"predecessor-version":[{"id":393,"href":"https:\/\/utfpr.curitiba.br\/direc\/wp-json\/wp\/v2\/pages\/128\/revisions\/393"}],"wp:attachment":[{"href":"https:\/\/utfpr.curitiba.br\/direc\/wp-json\/wp\/v2\/media?parent=128"}],"curies":[{"name":"wp","href":"https:\/\/api.w.org\/{rel}","templated":true}]}}