{"id":71,"date":"2015-10-19T13:33:40","date_gmt":"2015-10-19T13:33:40","guid":{"rendered":"http:\/\/blogs.ct.utfpr.edu.br\/deped\/?page_id=71"},"modified":"2020-05-14T20:28:54","modified_gmt":"2020-05-14T20:28:54","slug":"eventos","status":"publish","type":"page","link":"https:\/\/utfpr.curitiba.br\/deped\/?page_id=71","title":{"rendered":"Eventos"},"content":{"rendered":"<h2><span style=\"color: #0000ff;\"><strong>EVENTOS ABERTOS<\/strong><\/span><\/h2>\n<p><a href=\"http:\/\/blogs.ct.utfpr.edu.br\/deped\/wp-content\/uploads\/2015\/10\/CARTAZ-III-SETEPE-DEPED-24-10116-a.png\"><img fetchpriority=\"high\" decoding=\"async\" class=\"size-large wp-image-314 aligncenter\" src=\"http:\/\/blogs.ct.utfpr.edu.br\/deped\/wp-content\/uploads\/2015\/10\/CARTAZ-III-SETEPE-DEPED-24-10116-a-724x1024.png\" alt=\"cartaz-iii-setepe-deped-24-10116-a\" width=\"670\" height=\"948\" srcset=\"https:\/\/utfpr-ct-static-content.s3.amazonaws.com\/utfpr.curitiba.br\/wp-content\/uploads\/sites\/68\/2015\/10\/CARTAZ-III-SETEPE-DEPED-24-10116-a-724x1024.png 724w, https:\/\/utfpr-ct-static-content.s3.amazonaws.com\/utfpr.curitiba.br\/wp-content\/uploads\/sites\/68\/2015\/10\/CARTAZ-III-SETEPE-DEPED-24-10116-a-212x300.png 212w, https:\/\/utfpr-ct-static-content.s3.amazonaws.com\/utfpr.curitiba.br\/wp-content\/uploads\/sites\/68\/2015\/10\/CARTAZ-III-SETEPE-DEPED-24-10116-a.png 1588w\" sizes=\"(max-width: 670px) 100vw, 670px\" \/><\/a><\/p>\n<p><a href=\"http:\/\/blogs.ct.utfpr.edu.br\/deped\/wp-content\/uploads\/2015\/10\/PALESTRANTES-FIG.jpg\"><img decoding=\"async\" class=\" wp-image-315 aligncenter\" src=\"http:\/\/blogs.ct.utfpr.edu.br\/deped\/wp-content\/uploads\/2015\/10\/PALESTRANTES-FIG-1024x318.jpg\" alt=\"palestrantes-fig\" width=\"1121\" height=\"348\" srcset=\"https:\/\/utfpr-ct-static-content.s3.amazonaws.com\/utfpr.curitiba.br\/wp-content\/uploads\/sites\/68\/2015\/10\/PALESTRANTES-FIG-1024x318.jpg 1024w, https:\/\/utfpr-ct-static-content.s3.amazonaws.com\/utfpr.curitiba.br\/wp-content\/uploads\/sites\/68\/2015\/10\/PALESTRANTES-FIG-300x93.jpg 300w, https:\/\/utfpr-ct-static-content.s3.amazonaws.com\/utfpr.curitiba.br\/wp-content\/uploads\/sites\/68\/2015\/10\/PALESTRANTES-FIG.jpg 1249w\" sizes=\"(max-width: 1121px) 100vw, 1121px\" \/><\/a><\/p>\n<p>&nbsp;<\/p>\n<h2><span style=\"color: #0000ff;\"><strong>EVENTOS ENCERRADOS<\/strong><\/span><\/h2>\n<p>&nbsp;<\/p>\n<p><a href=\"http:\/\/blogs.ct.utfpr.edu.br\/deped\/wp-content\/uploads\/2015\/10\/Cartaz_divulga\u00e7\u00e3o_Semin\u00e1rio2.jpg\"><img decoding=\"async\" class=\"alignnone size-full wp-image-260\" src=\"http:\/\/blogs.ct.utfpr.edu.br\/deped\/wp-content\/uploads\/2015\/10\/Cartaz_divulga\u00e7\u00e3o_Semin\u00e1rio2.jpg\" alt=\"Cartaz_divulga\u00e7\u00e3o_Semin\u00e1rio\" width=\"960\" height=\"720\" srcset=\"https:\/\/utfpr-ct-static-content.s3.amazonaws.com\/utfpr.curitiba.br\/wp-content\/uploads\/sites\/68\/2015\/10\/Cartaz_divulga\u00e7\u00e3o_Semin\u00e1rio2.jpg 960w, https:\/\/utfpr-ct-static-content.s3.amazonaws.com\/utfpr.curitiba.br\/wp-content\/uploads\/sites\/68\/2015\/10\/Cartaz_divulga\u00e7\u00e3o_Semin\u00e1rio2-300x225.jpg 300w\" sizes=\"(max-width: 960px) 100vw, 960px\" \/><\/a><\/p>\n<p>&nbsp;<\/p>\n<p><a href=\"http:\/\/blogs.ct.utfpr.edu.br\/deped\/wp-content\/uploads\/2015\/10\/VI-SEMANA-DE-FORMA\u00c7\u00c3O-DOCENTE.jpg\"><img loading=\"lazy\" decoding=\"async\" class=\"alignnone wp-image-133 aligncenter\" src=\"http:\/\/blogs.ct.utfpr.edu.br\/deped\/wp-content\/uploads\/2015\/10\/VI-SEMANA-DE-FORMA\u00c7\u00c3O-DOCENTE.jpg\" alt=\"VI SEMANA DE FORMA\u00c7\u00c3O DOCENTE\" width=\"554\" height=\"415\" srcset=\"https:\/\/utfpr-ct-static-content.s3.amazonaws.com\/utfpr.curitiba.br\/wp-content\/uploads\/sites\/68\/2015\/10\/VI-SEMANA-DE-FORMA\u00c7\u00c3O-DOCENTE.jpg 960w, https:\/\/utfpr-ct-static-content.s3.amazonaws.com\/utfpr.curitiba.br\/wp-content\/uploads\/sites\/68\/2015\/10\/VI-SEMANA-DE-FORMA\u00c7\u00c3O-DOCENTE-300x225.jpg 300w\" sizes=\"(max-width: 554px) 100vw, 554px\" \/><\/a><\/p>\n<p>&nbsp;<\/p>\n<p style=\"text-align: justify;\">\u00a0A VI Semana de Forma\u00e7\u00e3o Docente da Universidade Tecnol\u00f3gica Federal do Paran\u00e1, c\u00e2mpus Curitiba, acontece de 15 a 19 de fevereiro de 2016, na Sede Centro. O evento \u00e9 uma organiza\u00e7\u00e3o conjunta da Diretoria de Gradua\u00e7\u00e3o e Educa\u00e7\u00e3o Profissional (DIRGRAD-CT) e do Departamento de Educa\u00e7\u00e3o (DEPED-CT).<\/p>\n<p>Acesse a\u00a0programa\u00e7\u00e3o geral do evento clicando\u00a0<a href=\"http:\/\/blogs.ct.utfpr.edu.br\/deped\/wp-content\/uploads\/2015\/10\/PROGRAMA-VI-SEMANA-UTFPR.pdf\">PROGRAMA VI SEMANA UTFPR<\/a><\/p>\n<p>Atente para a inclus\u00e3o do programa \u00a0para <a href=\"http:\/\/blogs.ct.utfpr.edu.br\/deped\/wp-content\/uploads\/2015\/10\/Oficina-28.pdf\">Oficina 28<\/a>.<\/p>\n<p>&nbsp;<\/p>\n","protected":false},"excerpt":{"rendered":"<p>EVENTOS ABERTOS &nbsp; EVENTOS ENCERRADOS &nbsp; &nbsp; &nbsp; \u00a0A VI Semana de Forma\u00e7\u00e3o Docente da Universidade Tecnol\u00f3gica Federal do Paran\u00e1,<\/p>\n","protected":false},"author":5,"featured_media":0,"parent":0,"menu_order":0,"comment_status":"closed","ping_status":"closed","template":"","meta":{"colormag_page_container_layout":"default_layout","colormag_page_sidebar_layout":"default_layout","footnotes":""},"class_list":["post-71","page","type-page","status-publish","hentry"],"_links":{"self":[{"href":"https:\/\/utfpr.curitiba.br\/deped\/index.php?rest_route=\/wp\/v2\/pages\/71","targetHints":{"allow":["GET"]}}],"collection":[{"href":"https:\/\/utfpr.curitiba.br\/deped\/index.php?rest_route=\/wp\/v2\/pages"}],"about":[{"href":"https:\/\/utfpr.curitiba.br\/deped\/index.php?rest_route=\/wp\/v2\/types\/page"}],"author":[{"embeddable":true,"href":"https:\/\/utfpr.curitiba.br\/deped\/index.php?rest_route=\/wp\/v2\/users\/5"}],"replies":[{"embeddable":true,"href":"https:\/\/utfpr.curitiba.br\/deped\/index.php?rest_route=%2Fwp%2Fv2%2Fcomments&post=71"}],"version-history":[{"count":13,"href":"https:\/\/utfpr.curitiba.br\/deped\/index.php?rest_route=\/wp\/v2\/pages\/71\/revisions"}],"predecessor-version":[{"id":316,"href":"https:\/\/utfpr.curitiba.br\/deped\/index.php?rest_route=\/wp\/v2\/pages\/71\/revisions\/316"}],"wp:attachment":[{"href":"https:\/\/utfpr.curitiba.br\/deped\/index.php?rest_route=%2Fwp%2Fv2%2Fmedia&parent=71"}],"curies":[{"name":"wp","href":"https:\/\/api.w.org\/{rel}","templated":true}]}}