{"id":40,"date":"2015-10-19T13:19:03","date_gmt":"2015-10-19T13:19:03","guid":{"rendered":"http:\/\/blogs.ct.utfpr.edu.br\/deped\/?page_id=40"},"modified":"2020-05-14T20:28:54","modified_gmt":"2020-05-14T20:28:54","slug":"noticias","status":"publish","type":"page","link":"https:\/\/utfpr.curitiba.br\/deped\/?page_id=40","title":{"rendered":"Not\u00edcias"},"content":{"rendered":"<p><a href=\"http:\/\/blogs.ct.utfpr.edu.br\/deped\/wp-content\/uploads\/2015\/10\/ERRO.png\"><img fetchpriority=\"high\" decoding=\"async\" class=\"alignnone size-full wp-image-44\" src=\"http:\/\/blogs.ct.utfpr.edu.br\/deped\/wp-content\/uploads\/2015\/10\/ERRO.png\" alt=\"ERRO\" width=\"622\" height=\"308\" srcset=\"https:\/\/utfpr-ct-static-content.s3.amazonaws.com\/utfpr.curitiba.br\/wp-content\/uploads\/sites\/68\/2015\/10\/ERRO.png 622w, https:\/\/utfpr-ct-static-content.s3.amazonaws.com\/utfpr.curitiba.br\/wp-content\/uploads\/sites\/68\/2015\/10\/ERRO-300x149.png 300w\" sizes=\"(max-width: 622px) 100vw, 622px\" \/><\/a><\/p>\n<p style=\"text-align: center;\">P\u00e1gina em cira\u00e7\u00e3o!<\/p>\n","protected":false},"excerpt":{"rendered":"<p>P\u00e1gina em cira\u00e7\u00e3o!<\/p>\n","protected":false},"author":5,"featured_media":0,"parent":0,"menu_order":0,"comment_status":"closed","ping_status":"closed","template":"","meta":{"colormag_page_container_layout":"default_layout","colormag_page_sidebar_layout":"default_layout","footnotes":""},"class_list":["post-40","page","type-page","status-publish","hentry"],"_links":{"self":[{"href":"https:\/\/utfpr.curitiba.br\/deped\/index.php?rest_route=\/wp\/v2\/pages\/40","targetHints":{"allow":["GET"]}}],"collection":[{"href":"https:\/\/utfpr.curitiba.br\/deped\/index.php?rest_route=\/wp\/v2\/pages"}],"about":[{"href":"https:\/\/utfpr.curitiba.br\/deped\/index.php?rest_route=\/wp\/v2\/types\/page"}],"author":[{"embeddable":true,"href":"https:\/\/utfpr.curitiba.br\/deped\/index.php?rest_route=\/wp\/v2\/users\/5"}],"replies":[{"embeddable":true,"href":"https:\/\/utfpr.curitiba.br\/deped\/index.php?rest_route=%2Fwp%2Fv2%2Fcomments&post=40"}],"version-history":[{"count":3,"href":"https:\/\/utfpr.curitiba.br\/deped\/index.php?rest_route=\/wp\/v2\/pages\/40\/revisions"}],"predecessor-version":[{"id":46,"href":"https:\/\/utfpr.curitiba.br\/deped\/index.php?rest_route=\/wp\/v2\/pages\/40\/revisions\/46"}],"wp:attachment":[{"href":"https:\/\/utfpr.curitiba.br\/deped\/index.php?rest_route=%2Fwp%2Fv2%2Fmedia&parent=40"}],"curies":[{"name":"wp","href":"https:\/\/api.w.org\/{rel}","templated":true}]}}