{"id":285,"date":"2016-05-16T17:26:28","date_gmt":"2016-05-16T17:26:28","guid":{"rendered":"http:\/\/blogs.ct.utfpr.edu.br\/deped\/?page_id=285"},"modified":"2020-05-14T20:29:03","modified_gmt":"2020-05-14T20:29:03","slug":"corpo-editorial","status":"publish","type":"page","link":"https:\/\/utfpr.curitiba.br\/deped\/?page_id=285","title":{"rendered":"Corpo Editorial"},"content":{"rendered":"<p><b>REVISTA TRANSMUTARE<\/b><\/p>\n<p><b>Acesso em: <\/b><a href=\"https:\/\/periodicos.utfpr.edu.br\/rtr\"><b>https:\/\/periodicos.utfpr.edu.br\/rtr<\/b><\/a><\/p>\n<p>&nbsp;<\/p>\n<p><b>Equipe Editorial<\/b><\/p>\n<p>&nbsp;<\/p>\n<p><b>Editor-Chefe<\/b><\/p>\n<ol>\n<li style=\"font-weight: 400;\"><span style=\"font-weight: 400;\">Dr. Os\u00e9ias Santos de Oliveira<\/span><span style=\"font-weight: 400;\">, Universidade Tecnol\u00f3gica Federal do Paran\u00e1, Curitiba, Paran\u00e1, Brasil<\/span><\/li>\n<\/ol>\n<p><b>Editora-Adjunta<\/b><\/p>\n<ol>\n<li style=\"font-weight: 400;\"><span style=\"font-weight: 400;\">Dra. Marielda Ferreira Pryjma<\/span><span style=\"font-weight: 400;\">, Universidade Tecnol\u00f3gica Federal do Paran\u00e1, Curitiba, Paran\u00e1, Brasil<\/span><\/li>\n<\/ol>\n<p><b>Conselho Editorial<\/b><\/p>\n<ol>\n<li style=\"font-weight: 400;\"><span style=\"font-weight: 400;\">Dra. Denise Rauta Buiar<\/span><span style=\"font-weight: 400;\">, Universidade Tecnol\u00f3gica Federal do Paran\u00e1, Curitiba, Paran\u00e1, Brasil<\/span><\/li>\n<li style=\"font-weight: 400;\"><span style=\"font-weight: 400;\">Dra. Fl\u00e1via Dias de Souza<\/span><span style=\"font-weight: 400;\">, Universidade Tecnol\u00f3gica Federal do Paran\u00e1, Curitiba, Paran\u00e1, Brasil<\/span><\/li>\n<li style=\"font-weight: 400;\"><span style=\"font-weight: 400;\">Dra. Maria S\u00edlvia Bacila Winkeler<\/span><span style=\"font-weight: 400;\">, Universidade Tecnol\u00f3gica Federal do Paran\u00e1, Curitiba, Paran\u00e1, Brasil<\/span><\/li>\n<li style=\"font-weight: 400;\"><span style=\"font-weight: 400;\">Msc. Roland Baschta J\u00fanior<\/span><span style=\"font-weight: 400;\">, Universidade Tecnol\u00f3gica Federal do Paran\u00e1, Curitiba, Paran\u00e1, Brasil<\/span><\/li>\n<\/ol>\n<p><b>Pareceristas<\/b><\/p>\n<ol>\n<li style=\"font-weight: 400;\"><span style=\"font-weight: 400;\">Dr. Adolfo Ign\u00e1cio Calder\u00f3n<\/span><span style=\"font-weight: 400;\">, Pontif\u00edcia Universidade Cat\u00f3lica de Campinas, Campinas, S\u00e3o Paulo, Brasil<\/span><\/li>\n<li style=\"font-weight: 400;\"><span style=\"font-weight: 400;\">Dr. Afr\u00e2nio Mendes Catani<\/span><span style=\"font-weight: 400;\">, Universidade de S\u00e3o Paulo, S\u00e3o Paulo, S\u00e3o Paulo, Brasil<\/span><\/li>\n<li style=\"font-weight: 400;\"><span style=\"font-weight: 400;\">Dr. Carlos Roberto Vianna<\/span><span style=\"font-weight: 400;\">, Universidade Federal Do Paran\u00e1, Curitiba, Paran\u00e1, Brasil<\/span><\/li>\n<li style=\"font-weight: 400;\"><span style=\"font-weight: 400;\">Dr. Emerson Rolkouski<\/span><span style=\"font-weight: 400;\">, Universidade Federal Do Paran\u00e1, Curitiba, Paran\u00e1, Brasil<\/span><\/li>\n<li style=\"font-weight: 400;\"><span style=\"font-weight: 400;\">Dr. Geraldo Teodoro Ernesto Mate<\/span><span style=\"font-weight: 400;\">, Universidade Pedag\u00f3gica de Mo\u00e7ambique, Maputo, Mo\u00e7ambique<\/span><\/li>\n<li style=\"font-weight: 400;\"><span style=\"font-weight: 400;\">Dr. Jo\u00e3o Ferreira De Oliveira<\/span><span style=\"font-weight: 400;\">, Universidade Federal de Goi\u00e1s, Goi\u00e2nia, Goi\u00e1s, Brasil<\/span><\/li>\n<li style=\"font-weight: 400;\"><span style=\"font-weight: 400;\">Dr. Jos\u00e9 Carlos Morgado<\/span><span style=\"font-weight: 400;\">, Instituto de Educa\u00e7\u00e3o Universidade do Minho Braga, Portugal<\/span><\/li>\n<li style=\"font-weight: 400;\"><span style=\"font-weight: 400;\">Dr. Jos\u00e9 Pereira Costa Tavares<\/span><span style=\"font-weight: 400;\">, Universidade de Aveiro, Aveiro, Portugal<\/span><\/li>\n<li style=\"font-weight: 400;\"><span style=\"font-weight: 400;\">Dr. Kilwangy Kya Kapitango-A-Samba<\/span><span style=\"font-weight: 400;\">, Universidade do Estado de Mato Grosso, Barra do Bugres, Mato Grosso, Brasil<\/span><\/li>\n<li style=\"font-weight: 400;\"><span style=\"font-weight: 400;\">Dr. Marcus Vinicius Santos Kucharski<\/span><span style=\"font-weight: 400;\">, Universidade Tecnol\u00f3gica Federal do Paran\u00e1, Curitiba, Paran\u00e1, Brasil<\/span><\/li>\n<li style=\"font-weight: 400;\"><span style=\"font-weight: 400;\">Dra. Clarice Zientarski<\/span><span style=\"font-weight: 400;\">, Universidade Federal do Cear\u00e1, Fortaleza, Cear\u00e1, Brasil<\/span><\/li>\n<li style=\"font-weight: 400;\"><span style=\"font-weight: 400;\">Dra. Cristina Mayor Ruiz<\/span><span style=\"font-weight: 400;\">, Universidad de Sevilla, Sevilla, Espanha<\/span><\/li>\n<li style=\"font-weight: 400;\"><span style=\"font-weight: 400;\">Dra. Denise Vaillant<\/span><span style=\"font-weight: 400;\">, Universidad ORT Uruguai, Montevideo, Uruguai<\/span><\/li>\n<li style=\"font-weight: 400;\"><span style=\"font-weight: 400;\">Dra. Ilma Passos Alencastro Veiga<\/span><span style=\"font-weight: 400;\">, Universidade de Bras\u00edlia, Bras\u00edlia, Distrito Federal, Brasil<\/span><\/li>\n<li style=\"font-weight: 400;\"><span style=\"font-weight: 400;\">Dra. Iolanda Bueno De Camargo Cortelazzo<\/span><span style=\"font-weight: 400;\">, Universidade Tecnol\u00f3gica Federal do Paran\u00e1, Curitiba, Paran\u00e1, Brasil<\/span><\/li>\n<li style=\"font-weight: 400;\"><span style=\"font-weight: 400;\">Dra. Iria Brzezinski<\/span><span style=\"font-weight: 400;\">, Pontif\u00edcia Universidade Cat\u00f3lica de Goi\u00e1s, Goi\u00e2nia, Goi\u00e1s, Brasil<\/span><\/li>\n<li style=\"font-weight: 400;\"><span style=\"font-weight: 400;\">Dra. Isabel Alarc\u00e3o<\/span><span style=\"font-weight: 400;\">, Universidade de Aveiro, Aveiro, Portugal<\/span><\/li>\n<li style=\"font-weight: 400;\"><span style=\"font-weight: 400;\">Dra. Jamile Cristina Ajub Bridi<\/span><span style=\"font-weight: 400;\">, Faculdade Cenecista de Campo Largo, Campo Largo, Paran\u00e1, Brasil<\/span><\/li>\n<li style=\"font-weight: 400;\"><span style=\"font-weight: 400;\">Dra. Joana Paulin Romanowski<\/span><span style=\"font-weight: 400;\">, Pontif\u00edcia Universidade Cat\u00f3lica do Paran\u00e1, Curitiba, Paran\u00e1, Brasil<\/span><\/li>\n<li style=\"font-weight: 400;\"><span style=\"font-weight: 400;\">Dra. Juliana Cristina Faggion Bergmann<\/span><span style=\"font-weight: 400;\">, Universidade Federal de Santa Catarina, Florianopolis, Santa Catarina, Brasil<\/span><\/li>\n<li style=\"font-weight: 400;\"><span style=\"font-weight: 400;\">Dra. K\u00e1tia Maria Da Cruz Ramos<\/span><span style=\"font-weight: 400;\">, Universidade Federal de Pernambuco, Recife, Pernambuco, Brasil<\/span><\/li>\n<li style=\"font-weight: 400;\"><span style=\"font-weight: 400;\">Dra. Liliana Soares Ferreira<\/span><span style=\"font-weight: 400;\">, Universidade Federal de Santa Maria, Santa Maria, Rio Grande do Sul, Brasil<\/span><\/li>\n<li style=\"font-weight: 400;\"><span style=\"font-weight: 400;\">Dra. M\u00e1rcia \u00c2ngela Da Silva Aguiar<\/span><span style=\"font-weight: 400;\">, Universidade Federal de Pernambuco, Recife, Pernambuco, Brasil<\/span><\/li>\n<li style=\"font-weight: 400;\"><span style=\"font-weight: 400;\">Dra. Maria Celi Chaves Vasconcelos<\/span><span style=\"font-weight: 400;\">, Universidade Cat\u00f3lica de Petr\u00f3polis, Petr\u00f3polis, Rio de Janeiro, Brasil<\/span><\/li>\n<li style=\"font-weight: 400;\"><span style=\"font-weight: 400;\">Dra. Maria Isabel Da Cunha<\/span><span style=\"font-weight: 400;\">, Universidade do Vale do Rio dos Sinos, S\u00e3o Leopoldo, Rio Grande do Sul, Brasil<\/span><\/li>\n<li style=\"font-weight: 400;\"><span style=\"font-weight: 400;\">Dra. Maria Isabel De Almeida<\/span><span style=\"font-weight: 400;\">, Universidade de S\u00e3o Paulo, S\u00e3o Paulo, S\u00e3o Paulo, Brasil<\/span><\/li>\n<li style=\"font-weight: 400;\"><span style=\"font-weight: 400;\">Dra. Marta Rejane Proen\u00e7a Filietaz<\/span><span style=\"font-weight: 400;\">, Universidade Tecnol\u00f3gica Federal do Paran\u00e1, Curitiba, Paran\u00e1, Brasil<\/span><\/li>\n<li style=\"font-weight: 400;\"><span style=\"font-weight: 400;\">Dra. Marynelma Camargo Garanhani<\/span><span style=\"font-weight: 400;\">, Universidade Federal Do Paran\u00e1, Curitiba, Paran\u00e1, Brasil<\/span><\/li>\n<li style=\"font-weight: 400;\"><span style=\"font-weight: 400;\">Dra. M\u00f3nica Coronado<\/span><span style=\"font-weight: 400;\">, Universidade Nacional de Cuyo, Mendonza, Argentina<\/span><\/li>\n<li style=\"font-weight: 400;\"><span style=\"font-weight: 400;\">Dra. Preciosa Teixeira Fernandes<\/span><span style=\"font-weight: 400;\">, Universidade do Porto, Porto, Portugal<\/span><\/li>\n<li style=\"font-weight: 400;\"><span style=\"font-weight: 400;\">Dra. Sheila Daniela Medeiros Dos Santos<\/span><span style=\"font-weight: 400;\">, Universidade Federal de Goi\u00e1s, Goi\u00e2nia, Goi\u00e1s, Brasil<\/span><\/li>\n<li style=\"font-weight: 400;\"><span style=\"font-weight: 400;\">Dra. Silvia Andreis Witkoski<\/span><span style=\"font-weight: 400;\">, Universidade Tecnol\u00f3gica Federal do Paran\u00e1, Curitiba, Paran\u00e1, Brasil<\/span><\/li>\n<li style=\"font-weight: 400;\"><span style=\"font-weight: 400;\">Dra. Stela Mith\u00e1 Duarte<\/span><span style=\"font-weight: 400;\">, Universidade Pedag\u00f3gica de Mo\u00e7ambique, Maputo, Mo\u00e7ambique<\/span><\/li>\n<li style=\"font-weight: 400;\"><span style=\"font-weight: 400;\">Dra. Susana Soares Tozetto<\/span><span style=\"font-weight: 400;\">, Universidade Estadual de Ponta Grossa, Ponta Grossa, Paran\u00e1, Brasil<\/span><\/li>\n<li style=\"font-weight: 400;\"><span style=\"font-weight: 400;\">Dra. Tania Araujo-Jorge<\/span><span style=\"font-weight: 400;\">, Funda\u00e7\u00e3o Oswaldo Cruz, Rio de Janeiro, Rio de Janeiro, Brasil<\/span><\/li>\n<li style=\"font-weight: 400;\"><span style=\"font-weight: 400;\">Dra. Valeska Fortes De Oliveira<\/span><span style=\"font-weight: 400;\">, Universidade Federal de Santa Maria, Santa Maria, Rio Grande do Sul, Brasil<\/span><\/li>\n<li style=\"font-weight: 400;\"><span style=\"font-weight: 400;\">Dra. Vania Maria De Oliveira Vieira<\/span><span style=\"font-weight: 400;\">, Universidade de Uberaba, Uberaba, Minas Gerais, Brasil<\/span><\/li>\n<li style=\"font-weight: 400;\"><span style=\"font-weight: 400;\">Msc. Neuci Schotten<\/span><span style=\"font-weight: 400;\">, Universidade Tecnol\u00f3gica Federal do Paran\u00e1, Curitiba, Paran\u00e1, Brasil<\/span><\/li>\n<li style=\"font-weight: 400;\"><span style=\"font-weight: 400;\">Msc. Rita De C\u00e1ssia Maestri<\/span><span style=\"font-weight: 400;\">, Universidade Tecnol\u00f3gica Federal do Paran\u00e1, Curitiba, Paran\u00e1, Brasil<\/span><\/li>\n<\/ol>\n","protected":false},"excerpt":{"rendered":"<p>REVISTA TRANSMUTARE Acesso em: https:\/\/periodicos.utfpr.edu.br\/rtr &nbsp; Equipe Editorial &nbsp; Editor-Chefe Dr. Os\u00e9ias Santos de Oliveira, Universidade Tecnol\u00f3gica Federal do Paran\u00e1,<\/p>\n","protected":false},"author":5,"featured_media":0,"parent":168,"menu_order":0,"comment_status":"closed","ping_status":"closed","template":"","meta":{"colormag_page_container_layout":"default_layout","colormag_page_sidebar_layout":"default_layout","footnotes":""},"class_list":["post-285","page","type-page","status-publish","hentry"],"_links":{"self":[{"href":"https:\/\/utfpr.curitiba.br\/deped\/index.php?rest_route=\/wp\/v2\/pages\/285","targetHints":{"allow":["GET"]}}],"collection":[{"href":"https:\/\/utfpr.curitiba.br\/deped\/index.php?rest_route=\/wp\/v2\/pages"}],"about":[{"href":"https:\/\/utfpr.curitiba.br\/deped\/index.php?rest_route=\/wp\/v2\/types\/page"}],"author":[{"embeddable":true,"href":"https:\/\/utfpr.curitiba.br\/deped\/index.php?rest_route=\/wp\/v2\/users\/5"}],"replies":[{"embeddable":true,"href":"https:\/\/utfpr.curitiba.br\/deped\/index.php?rest_route=%2Fwp%2Fv2%2Fcomments&post=285"}],"version-history":[{"count":2,"href":"https:\/\/utfpr.curitiba.br\/deped\/index.php?rest_route=\/wp\/v2\/pages\/285\/revisions"}],"predecessor-version":[{"id":294,"href":"https:\/\/utfpr.curitiba.br\/deped\/index.php?rest_route=\/wp\/v2\/pages\/285\/revisions\/294"}],"up":[{"embeddable":true,"href":"https:\/\/utfpr.curitiba.br\/deped\/index.php?rest_route=\/wp\/v2\/pages\/168"}],"wp:attachment":[{"href":"https:\/\/utfpr.curitiba.br\/deped\/index.php?rest_route=%2Fwp%2Fv2%2Fmedia&parent=285"}],"curies":[{"name":"wp","href":"https:\/\/api.w.org\/{rel}","templated":true}]}}