{"id":224,"date":"2016-03-22T18:44:32","date_gmt":"2016-03-22T18:44:32","guid":{"rendered":"http:\/\/blogs.ct.utfpr.edu.br\/deped\/?page_id=224"},"modified":"2020-05-14T20:29:03","modified_gmt":"2020-05-14T20:29:03","slug":"publicacoes","status":"publish","type":"page","link":"https:\/\/utfpr.curitiba.br\/deped\/?page_id=224","title":{"rendered":"Publica\u00e7\u00f5es"},"content":{"rendered":"<p>&nbsp;<\/p>\n<p><a href=\"http:\/\/blogs.ct.utfpr.edu.br\/deped\/wp-content\/uploads\/2016\/03\/piralize.png\"><img fetchpriority=\"high\" decoding=\"async\" class=\"alignnone  wp-image-279\" src=\"http:\/\/blogs.ct.utfpr.edu.br\/deped\/wp-content\/uploads\/2016\/03\/piralize-835x1024.png\" alt=\"piralize\" width=\"271\" height=\"333\" srcset=\"https:\/\/utfpr-ct-static-content.s3.amazonaws.com\/utfpr.curitiba.br\/wp-content\/uploads\/sites\/68\/2016\/03\/piralize-835x1024.png 835w, https:\/\/utfpr-ct-static-content.s3.amazonaws.com\/utfpr.curitiba.br\/wp-content\/uploads\/sites\/68\/2016\/03\/piralize-245x300.png 245w\" sizes=\"(max-width: 271px) 100vw, 271px\" \/><\/a><\/p>\n<p><span style=\"color: #000000;\">Introdu\u00e7\u00e3o \u00e0 Libras: l\u00edngua, hist\u00f3ria e cultura<\/span><\/p>\n<p><span style=\"color: #000000;\">Autora: S\u00edlvia Andreis-Witkoski<\/span><\/p>\n<p><span style=\"color: #000000;\">Curitiba: Editora UTFPR, 2016<\/span><\/p>\n<p>&nbsp;<\/p>\n<hr \/>\n<p><a href=\"http:\/\/blogs.ct.utfpr.edu.br\/deped\/wp-content\/uploads\/2016\/03\/Imagem9.png\"><\/p>\n<p><img decoding=\"async\" class=\"alignnone wp-image-247\" src=\"http:\/\/blogs.ct.utfpr.edu.br\/deped\/wp-content\/uploads\/2016\/03\/Imagem9.png\" alt=\"Imagem9\" width=\"267\" height=\"262\" srcset=\"https:\/\/utfpr-ct-static-content.s3.amazonaws.com\/utfpr.curitiba.br\/wp-content\/uploads\/sites\/68\/2016\/03\/Imagem9.png 1140w, https:\/\/utfpr-ct-static-content.s3.amazonaws.com\/utfpr.curitiba.br\/wp-content\/uploads\/sites\/68\/2016\/03\/Imagem9-300x294.png 300w, https:\/\/utfpr-ct-static-content.s3.amazonaws.com\/utfpr.curitiba.br\/wp-content\/uploads\/sites\/68\/2016\/03\/Imagem9-1024x1005.png 1024w\" sizes=\"(max-width: 267px) 100vw, 267px\" \/><\/a><\/p>\n<p style=\"text-align: left;\"><b>II Simp\u00f3sio Internacional sobre Desenvolvimento Profissional Docente<\/b><\/p>\n<p style=\"text-align: left;\">16 a 18 de novembro de 2015<\/p>\n<p style=\"text-align: left;\">Realiza\u00e7\u00e3o: DEPED-CT\/UTFPR<\/p>\n<p><img decoding=\"async\" class=\"wp-image-248 alignnone\" src=\"http:\/\/blogs.ct.utfpr.edu.br\/deped\/wp-content\/uploads\/2016\/03\/Imagem10.png\" alt=\"Imagem10\" width=\"267\" height=\"165\" srcset=\"https:\/\/utfpr-ct-static-content.s3.amazonaws.com\/utfpr.curitiba.br\/wp-content\/uploads\/sites\/68\/2016\/03\/Imagem10.png 762w, https:\/\/utfpr-ct-static-content.s3.amazonaws.com\/utfpr.curitiba.br\/wp-content\/uploads\/sites\/68\/2016\/03\/Imagem10-300x185.png 300w\" sizes=\"(max-width: 267px) 100vw, 267px\" \/><\/p>\n<p>&nbsp;<\/p>\n<p>&nbsp;<\/p>\n<p>&nbsp;<\/p>\n<hr \/>\n<p>&nbsp;<\/p>\n<p>&nbsp;<\/p>\n<p><img loading=\"lazy\" decoding=\"async\" class=\"alignnone wp-image-245\" src=\"http:\/\/blogs.ct.utfpr.edu.br\/deped\/wp-content\/uploads\/2016\/03\/Imagem7.png\" alt=\"Imagem7\" width=\"267\" height=\"268\" srcset=\"https:\/\/utfpr-ct-static-content.s3.amazonaws.com\/utfpr.curitiba.br\/wp-content\/uploads\/sites\/68\/2016\/03\/Imagem7.png 1122w, https:\/\/utfpr-ct-static-content.s3.amazonaws.com\/utfpr.curitiba.br\/wp-content\/uploads\/sites\/68\/2016\/03\/Imagem7-150x150.png 150w, https:\/\/utfpr-ct-static-content.s3.amazonaws.com\/utfpr.curitiba.br\/wp-content\/uploads\/sites\/68\/2016\/03\/Imagem7-300x300.png 300w, https:\/\/utfpr-ct-static-content.s3.amazonaws.com\/utfpr.curitiba.br\/wp-content\/uploads\/sites\/68\/2016\/03\/Imagem7-1021x1024.png 1021w\" sizes=\"(max-width: 267px) 100vw, 267px\" \/><\/p>\n<p><b>IV Congresso Internacional sobre Professorado Principiante e Inser\u00e7\u00e3o Profissional \u00e0 Doc\u00eancia<\/b><\/p>\n<p>18 a 21 de fevereiro de 2014<\/p>\n<p>Realiza\u00e7\u00e3o:<\/p>\n<p>DEPED-CT \/ UTFPR<\/p>\n<p>Grupo IDEA &#8211; US<\/p>\n<p><a href=\"http:\/\/blogs.ct.utfpr.edu.br\/deped\/wp-content\/uploads\/2016\/03\/Imagem8.png\"><img loading=\"lazy\" decoding=\"async\" class=\"alignnone wp-image-246\" src=\"http:\/\/blogs.ct.utfpr.edu.br\/deped\/wp-content\/uploads\/2016\/03\/Imagem8.png\" alt=\"Imagem8\" width=\"267\" height=\"194\" srcset=\"https:\/\/utfpr-ct-static-content.s3.amazonaws.com\/utfpr.curitiba.br\/wp-content\/uploads\/sites\/68\/2016\/03\/Imagem8.png 717w, https:\/\/utfpr-ct-static-content.s3.amazonaws.com\/utfpr.curitiba.br\/wp-content\/uploads\/sites\/68\/2016\/03\/Imagem8-300x218.png 300w\" sizes=\"(max-width: 267px) 100vw, 267px\" \/><\/a><\/p>\n<hr \/>\n<p>&nbsp;<\/p>\n<p><a href=\"http:\/\/blogs.ct.utfpr.edu.br\/deped\/wp-content\/uploads\/2016\/03\/Imagem5.png\"><img loading=\"lazy\" decoding=\"async\" class=\"alignnone wp-image-242\" src=\"http:\/\/blogs.ct.utfpr.edu.br\/deped\/wp-content\/uploads\/2016\/03\/Imagem5.png\" alt=\"Imagem5\" width=\"267\" height=\"265\" srcset=\"https:\/\/utfpr-ct-static-content.s3.amazonaws.com\/utfpr.curitiba.br\/wp-content\/uploads\/sites\/68\/2016\/03\/Imagem5.png 1134w, https:\/\/utfpr-ct-static-content.s3.amazonaws.com\/utfpr.curitiba.br\/wp-content\/uploads\/sites\/68\/2016\/03\/Imagem5-150x150.png 150w, https:\/\/utfpr-ct-static-content.s3.amazonaws.com\/utfpr.curitiba.br\/wp-content\/uploads\/sites\/68\/2016\/03\/Imagem5-300x298.png 300w, https:\/\/utfpr-ct-static-content.s3.amazonaws.com\/utfpr.curitiba.br\/wp-content\/uploads\/sites\/68\/2016\/03\/Imagem5-1024x1016.png 1024w\" sizes=\"(max-width: 267px) 100vw, 267px\" \/><\/a><\/p>\n<ul>\n<li>Desafios e trajet\u00f3rias para o desenvolvimento profissional docente<\/li>\n<li>V\u00e1rios autores<\/li>\n<li>Organizador: Marielda Pryjma<\/li>\n<li>Curitiba: Editora UTFPR, 2013<\/li>\n<li>ISBN: 978-85-7014-100-2<\/li>\n<li>Apoio: DEPED-CT\/UTFPR<a href=\"http:\/\/blogs.ct.utfpr.edu.br\/deped\/wp-content\/uploads\/2016\/03\/Imagem6.png\"><br \/>\n<img loading=\"lazy\" decoding=\"async\" class=\"alignnone wp-image-243\" src=\"http:\/\/blogs.ct.utfpr.edu.br\/deped\/wp-content\/uploads\/2016\/03\/Imagem6.png\" alt=\"Imagem6\" width=\"267\" height=\"239\" srcset=\"https:\/\/utfpr-ct-static-content.s3.amazonaws.com\/utfpr.curitiba.br\/wp-content\/uploads\/sites\/68\/2016\/03\/Imagem6.png 798w, https:\/\/utfpr-ct-static-content.s3.amazonaws.com\/utfpr.curitiba.br\/wp-content\/uploads\/sites\/68\/2016\/03\/Imagem6-300x268.png 300w\" sizes=\"(max-width: 267px) 100vw, 267px\" \/><\/a><\/li>\n<\/ul>\n<p>&nbsp;<\/p>\n<hr \/>\n<p>&nbsp;<\/p>\n<p><a href=\"http:\/\/blogs.ct.utfpr.edu.br\/deped\/wp-content\/uploads\/2016\/03\/Imagem4.png\"><br \/>\n<img loading=\"lazy\" decoding=\"async\" class=\"alignnone wp-image-241\" src=\"http:\/\/blogs.ct.utfpr.edu.br\/deped\/wp-content\/uploads\/2016\/03\/Imagem4.png\" alt=\"Imagem4\" width=\"267\" height=\"371\" srcset=\"https:\/\/utfpr-ct-static-content.s3.amazonaws.com\/utfpr.curitiba.br\/wp-content\/uploads\/sites\/68\/2016\/03\/Imagem4.png 759w, https:\/\/utfpr-ct-static-content.s3.amazonaws.com\/utfpr.curitiba.br\/wp-content\/uploads\/sites\/68\/2016\/03\/Imagem4-216x300.png 216w, https:\/\/utfpr-ct-static-content.s3.amazonaws.com\/utfpr.curitiba.br\/wp-content\/uploads\/sites\/68\/2016\/03\/Imagem4-737x1024.png 737w\" sizes=\"(max-width: 267px) 100vw, 267px\" \/><\/a><\/p>\n<ul>\n<li>Desafios e trajet\u00f3rias para o desenvolvimento profissional docente<\/li>\n<li>V\u00e1rios autores<\/li>\n<li>Organizador: Marielda Pryjma<\/li>\n<li>Curitiba: Editora UTFPR, 2013<\/li>\n<li>ISBN: 978-85-7014-100-2<\/li>\n<li>Apoio: DEPED-CT\/UTFPR<\/li>\n<\/ul>\n<p>&nbsp;<\/p>\n<hr \/>\n<p>&nbsp;<\/p>\n<p><a href=\"http:\/\/blogs.ct.utfpr.edu.br\/deped\/wp-content\/uploads\/2016\/03\/Imagem3.png\"><img loading=\"lazy\" decoding=\"async\" class=\"alignnone wp-image-240\" src=\"http:\/\/blogs.ct.utfpr.edu.br\/deped\/wp-content\/uploads\/2016\/03\/Imagem3.png\" alt=\"Imagem3\" width=\"267\" height=\"371\" srcset=\"https:\/\/utfpr-ct-static-content.s3.amazonaws.com\/utfpr.curitiba.br\/wp-content\/uploads\/sites\/68\/2016\/03\/Imagem3.png 812w, https:\/\/utfpr-ct-static-content.s3.amazonaws.com\/utfpr.curitiba.br\/wp-content\/uploads\/sites\/68\/2016\/03\/Imagem3-216x300.png 216w, https:\/\/utfpr-ct-static-content.s3.amazonaws.com\/utfpr.curitiba.br\/wp-content\/uploads\/sites\/68\/2016\/03\/Imagem3-738x1024.png 738w\" sizes=\"(max-width: 267px) 100vw, 267px\" \/><\/a><\/p>\n<ul>\n<li><b>Ensinando a ensinar: as quatro etapas de uma aprendizagem<\/b><\/li>\n<li>Autores\n<ul>\n<li>Denise Vaillant<\/li>\n<li>Carlos Marcelo<\/li>\n<\/ul>\n<\/li>\n<li>Curitiba: Editora UTFPR, 2012<\/li>\n<li>ISBN: 978-85-7014-097-5<\/li>\n<li>Apoio: DEPED-CT\/UTFPR<\/li>\n<\/ul>\n<p>&nbsp;<\/p>\n<hr \/>\n<p>&nbsp;<\/p>\n<p><a href=\"http:\/\/blogs.ct.utfpr.edu.br\/deped\/wp-content\/uploads\/2016\/03\/Imagem2.png\"><img loading=\"lazy\" decoding=\"async\" class=\"alignnone wp-image-237\" src=\"http:\/\/blogs.ct.utfpr.edu.br\/deped\/wp-content\/uploads\/2016\/03\/Imagem2.png\" alt=\"Imagem2\" width=\"267\" height=\"361\" srcset=\"https:\/\/utfpr-ct-static-content.s3.amazonaws.com\/utfpr.curitiba.br\/wp-content\/uploads\/sites\/68\/2016\/03\/Imagem2.png 834w, https:\/\/utfpr-ct-static-content.s3.amazonaws.com\/utfpr.curitiba.br\/wp-content\/uploads\/sites\/68\/2016\/03\/Imagem2-222x300.png 222w, https:\/\/utfpr-ct-static-content.s3.amazonaws.com\/utfpr.curitiba.br\/wp-content\/uploads\/sites\/68\/2016\/03\/Imagem2-758x1024.png 758w\" sizes=\"(max-width: 267px) 100vw, 267px\" \/><\/a><a href=\"http:\/\/blogs.ct.utfpr.edu.br\/deped\/wp-content\/uploads\/2016\/03\/Imagem1.png\"><br \/>\n<\/a><\/p>\n<ul>\n<li><b>Doc\u00eancia, Curr\u00edculo, Pol\u00edticas e Trabalho na Educa\u00e7\u00e3o Profissional. <\/b>Experi\u00eancias e reflex\u00f5es do PROEJA na UTFPR<\/li>\n<li>Organizadores:\n<ul>\n<li>Fl\u00e1via Dias Ribeiro<\/li>\n<li>Marielda Ferreira Pryjma<\/li>\n<li>Roland Baschta Junior<\/li>\n<\/ul>\n<\/li>\n<li>Tubar\u00e3o: Ed. Copiart, 2012<\/li>\n<li>ISBN: 978-85-99554-67-8<\/li>\n<\/ul>\n<hr \/>\n<p>&nbsp;<\/p>\n<p><a href=\"http:\/\/blogs.ct.utfpr.edu.br\/deped\/wp-content\/uploads\/2016\/03\/Imagem1.png\"><img loading=\"lazy\" decoding=\"async\" class=\"alignnone wp-image-228\" src=\"http:\/\/blogs.ct.utfpr.edu.br\/deped\/wp-content\/uploads\/2016\/03\/Imagem1.png\" alt=\"\" width=\"267\" height=\"366\" srcset=\"https:\/\/utfpr-ct-static-content.s3.amazonaws.com\/utfpr.curitiba.br\/wp-content\/uploads\/sites\/68\/2016\/03\/Imagem1.png 821w, https:\/\/utfpr-ct-static-content.s3.amazonaws.com\/utfpr.curitiba.br\/wp-content\/uploads\/sites\/68\/2016\/03\/Imagem1-219x300.png 219w, https:\/\/utfpr-ct-static-content.s3.amazonaws.com\/utfpr.curitiba.br\/wp-content\/uploads\/sites\/68\/2016\/03\/Imagem1-747x1024.png 747w\" sizes=\"(max-width: 267px) 100vw, 267px\" \/><\/a><\/p>\n<ul>\n<li><b>A forma\u00e7\u00e3o de professores para a educa\u00e7\u00e3o profissional: em debate as experi\u00eancias do PROEJA na UTFPR<\/b><\/li>\n<li>Organizadores\n<ul>\n<li>Roland Baschta Junior<\/li>\n<li>Marielda Ferreira Pryjma<\/li>\n<li>Herivelto Moreira<\/li>\n<\/ul>\n<\/li>\n<li>Curitiba: Midiograf II: 2011<\/li>\n<li>ISBN: 978-85-60591-55-8<\/li>\n<\/ul>\n","protected":false},"excerpt":{"rendered":"<p>&nbsp; Introdu\u00e7\u00e3o \u00e0 Libras: l\u00edngua, hist\u00f3ria e cultura Autora: S\u00edlvia Andreis-Witkoski Curitiba: Editora UTFPR, 2016 &nbsp; II Simp\u00f3sio Internacional sobre<\/p>\n","protected":false},"author":5,"featured_media":0,"parent":0,"menu_order":0,"comment_status":"closed","ping_status":"closed","template":"","meta":{"colormag_page_container_layout":"default_layout","colormag_page_sidebar_layout":"default_layout","footnotes":""},"class_list":["post-224","page","type-page","status-publish","hentry"],"_links":{"self":[{"href":"https:\/\/utfpr.curitiba.br\/deped\/index.php?rest_route=\/wp\/v2\/pages\/224","targetHints":{"allow":["GET"]}}],"collection":[{"href":"https:\/\/utfpr.curitiba.br\/deped\/index.php?rest_route=\/wp\/v2\/pages"}],"about":[{"href":"https:\/\/utfpr.curitiba.br\/deped\/index.php?rest_route=\/wp\/v2\/types\/page"}],"author":[{"embeddable":true,"href":"https:\/\/utfpr.curitiba.br\/deped\/index.php?rest_route=\/wp\/v2\/users\/5"}],"replies":[{"embeddable":true,"href":"https:\/\/utfpr.curitiba.br\/deped\/index.php?rest_route=%2Fwp%2Fv2%2Fcomments&post=224"}],"version-history":[{"count":11,"href":"https:\/\/utfpr.curitiba.br\/deped\/index.php?rest_route=\/wp\/v2\/pages\/224\/revisions"}],"predecessor-version":[{"id":280,"href":"https:\/\/utfpr.curitiba.br\/deped\/index.php?rest_route=\/wp\/v2\/pages\/224\/revisions\/280"}],"wp:attachment":[{"href":"https:\/\/utfpr.curitiba.br\/deped\/index.php?rest_route=%2Fwp%2Fv2%2Fmedia&parent=224"}],"curies":[{"name":"wp","href":"https:\/\/api.w.org\/{rel}","templated":true}]}}