{"id":196,"date":"2016-03-14T19:14:09","date_gmt":"2016-03-14T19:14:09","guid":{"rendered":"http:\/\/blogs.ct.utfpr.edu.br\/deped\/?page_id=196"},"modified":"2020-05-14T20:28:54","modified_gmt":"2020-05-14T20:28:54","slug":"insercao-a-docencia","status":"publish","type":"page","link":"https:\/\/utfpr.curitiba.br\/deped\/?page_id=196","title":{"rendered":"Inser\u00e7\u00e3o \u00e0 doc\u00eancia"},"content":{"rendered":"","protected":false},"excerpt":{"rendered":"","protected":false},"author":5,"featured_media":0,"parent":50,"menu_order":0,"comment_status":"closed","ping_status":"closed","template":"","meta":{"colormag_page_container_layout":"default_layout","colormag_page_sidebar_layout":"default_layout","footnotes":""},"class_list":["post-196","page","type-page","status-publish","hentry"],"_links":{"self":[{"href":"https:\/\/utfpr.curitiba.br\/deped\/index.php?rest_route=\/wp\/v2\/pages\/196","targetHints":{"allow":["GET"]}}],"collection":[{"href":"https:\/\/utfpr.curitiba.br\/deped\/index.php?rest_route=\/wp\/v2\/pages"}],"about":[{"href":"https:\/\/utfpr.curitiba.br\/deped\/index.php?rest_route=\/wp\/v2\/types\/page"}],"author":[{"embeddable":true,"href":"https:\/\/utfpr.curitiba.br\/deped\/index.php?rest_route=\/wp\/v2\/users\/5"}],"replies":[{"embeddable":true,"href":"https:\/\/utfpr.curitiba.br\/deped\/index.php?rest_route=%2Fwp%2Fv2%2Fcomments&post=196"}],"version-history":[{"count":1,"href":"https:\/\/utfpr.curitiba.br\/deped\/index.php?rest_route=\/wp\/v2\/pages\/196\/revisions"}],"predecessor-version":[{"id":197,"href":"https:\/\/utfpr.curitiba.br\/deped\/index.php?rest_route=\/wp\/v2\/pages\/196\/revisions\/197"}],"up":[{"embeddable":true,"href":"https:\/\/utfpr.curitiba.br\/deped\/index.php?rest_route=\/wp\/v2\/pages\/50"}],"wp:attachment":[{"href":"https:\/\/utfpr.curitiba.br\/deped\/index.php?rest_route=%2Fwp%2Fv2%2Fmedia&parent=196"}],"curies":[{"name":"wp","href":"https:\/\/api.w.org\/{rel}","templated":true}]}}