{"id":194,"date":"2016-03-14T19:13:38","date_gmt":"2016-03-14T19:13:38","guid":{"rendered":"http:\/\/blogs.ct.utfpr.edu.br\/deped\/?page_id=194"},"modified":"2020-05-14T20:28:54","modified_gmt":"2020-05-14T20:28:54","slug":"pde","status":"publish","type":"page","link":"https:\/\/utfpr.curitiba.br\/deped\/?page_id=194","title":{"rendered":"PDE"},"content":{"rendered":"<p style=\"text-align: center;\"><span style=\"color: #000000;\">A Lei Complementar n\u00ba 130, de 14 de julho de 2010, regulamenta o PDE no Paran\u00e1 como uma pol\u00edtica p\u00fablica de Estado que estabelece o di\u00e1logo entre os professores do ensino superior e os da educa\u00e7\u00e3o b\u00e1sica, por meio de atividades te\u00f3rico-pr\u00e1ticas orientadas, tendo como resultado a produ\u00e7\u00e3o de conhecimento e mudan\u00e7as expressivas na pr\u00e1tica escolar da escola p\u00fablica paranaense.\u00a0Intenciona-se com o PDE oportunizar aos docentes da\u00a0\u00a0rede p\u00fablica estadual subs\u00eddios te\u00f3rico-metodol\u00f3gicos para a amplia\u00e7\u00e3o de a\u00e7\u00f5es educacionais sistematizadas, e que resultem no redimensionamento de sua pr\u00e1tica pedag\u00f3gica, bem como da comunidade a que pertence.\u00a0\u00a0\u00a0\u00a0\u00a0\u00a0\u00a0\u00a0\u00a0\u00a0\u00a0\u00a0\u00a0\u00a0\u00a0\u00a0\u00a0\u00a0\u00a0\u00a0\u00a0\u00a0\u00a0\u00a0\u00a0\u00a0\u00a0\u00a0\u00a0\u00a0\u00a0\u00a0\u00a0\u00a0\u00a0 \u00a0<\/span><\/p>\n<p><span style=\"color: #000000;\"> A UTFPR \u00e9 uma das universidades p\u00fablicas que orienta o processo de forma\u00e7\u00e3o do professor PDE do Paran\u00e1 ofertando cursos, encontros formativos e orienta\u00e7\u00f5es no \u00e2mbito da pesquisa da pr\u00e1tica pedag\u00f3gica, no encaminhamento das a\u00e7\u00f5es no ambiente virtual e na elabora\u00e7\u00e3o do trabalho final dos estudantes.<\/span><\/p>\n","protected":false},"excerpt":{"rendered":"<p>A Lei Complementar n\u00ba 130, de 14 de julho de 2010, regulamenta o PDE no Paran\u00e1 como uma pol\u00edtica p\u00fablica<\/p>\n","protected":false},"author":5,"featured_media":0,"parent":50,"menu_order":0,"comment_status":"closed","ping_status":"closed","template":"","meta":{"colormag_page_container_layout":"default_layout","colormag_page_sidebar_layout":"default_layout","footnotes":""},"class_list":["post-194","page","type-page","status-publish","hentry"],"_links":{"self":[{"href":"https:\/\/utfpr.curitiba.br\/deped\/index.php?rest_route=\/wp\/v2\/pages\/194","targetHints":{"allow":["GET"]}}],"collection":[{"href":"https:\/\/utfpr.curitiba.br\/deped\/index.php?rest_route=\/wp\/v2\/pages"}],"about":[{"href":"https:\/\/utfpr.curitiba.br\/deped\/index.php?rest_route=\/wp\/v2\/types\/page"}],"author":[{"embeddable":true,"href":"https:\/\/utfpr.curitiba.br\/deped\/index.php?rest_route=\/wp\/v2\/users\/5"}],"replies":[{"embeddable":true,"href":"https:\/\/utfpr.curitiba.br\/deped\/index.php?rest_route=%2Fwp%2Fv2%2Fcomments&post=194"}],"version-history":[{"count":3,"href":"https:\/\/utfpr.curitiba.br\/deped\/index.php?rest_route=\/wp\/v2\/pages\/194\/revisions"}],"predecessor-version":[{"id":254,"href":"https:\/\/utfpr.curitiba.br\/deped\/index.php?rest_route=\/wp\/v2\/pages\/194\/revisions\/254"}],"up":[{"embeddable":true,"href":"https:\/\/utfpr.curitiba.br\/deped\/index.php?rest_route=\/wp\/v2\/pages\/50"}],"wp:attachment":[{"href":"https:\/\/utfpr.curitiba.br\/deped\/index.php?rest_route=%2Fwp%2Fv2%2Fmedia&parent=194"}],"curies":[{"name":"wp","href":"https:\/\/api.w.org\/{rel}","templated":true}]}}