{"id":180,"date":"2016-03-14T19:08:17","date_gmt":"2016-03-14T19:08:17","guid":{"rendered":"http:\/\/blogs.ct.utfpr.edu.br\/deped\/?page_id=180"},"modified":"2020-05-14T20:29:03","modified_gmt":"2020-05-14T20:29:03","slug":"equidade","status":"publish","type":"page","link":"https:\/\/utfpr.curitiba.br\/deped\/?page_id=180","title":{"rendered":"Equidade"},"content":{"rendered":"<p style=\"text-align: center;\"><strong>Projeto Equidade<\/strong><\/p>\n<p style=\"text-align: justify;\">Desde o segundo semestre de 2015 a UTFPR foi convidada pela Secretaria Municipal de Educa\u00e7\u00e3o de Curitiba a participar do Projeto Equidade adotando uma escola. As escolas que participam do projeto foram avaliadas pela SME e possuem necessidades diversas n\u00e3o s\u00f3 na \u00e1rea espec\u00edfica da educa\u00e7\u00e3o, mas tamb\u00e9m nos aspectos estruturais dos pr\u00e9dios, no envolvimento com a comunidade e com o processo educativo dos estudantes, dentre outros aspectos.<\/p>\n<p style=\"text-align: justify;\">Desde ent\u00e3o o Departamento de Educa\u00e7\u00e3o &#8211; DEPED vem dialogando com a coordena\u00e7\u00e3o do Projeto Equidade da SME e de acordo com as aspira\u00e7\u00f5es de amplia\u00e7\u00e3o do Campus Curitiba, intencionou-se adotar uma escola que fosse pr\u00f3xima \u00e0 sede Neoville. A SME sugeriu a Escola Nossa Senhora da Luz dos Pinhais, dirigida pela Professora Margarete Ribeiro.\u00a0Ainda em 2015, a Professora Maria Silvia Bacila Winkeler (DEPED-CT) realizou uma visita a fim de iniciar do di\u00e1logo com a escola, conhecer as necessidades e estabelecer parcerias.<\/p>\n<p style=\"text-align: justify;\">No m\u00eas de fevereiro de 2016, durante a Semana de Forma\u00e7\u00e3o Docente da UTFPR, foram ofertadas duas oficinas dirigidas pela Professora Maria Silvia aos professores da UTFPR que optassem em participar do referido projeto. A diretora e a vic-diretora participaram trazendo a realidade vivenciada em seu cotidiano escolar, permitindo aos professores da universidade maior compreens\u00e3o do projeto e das necessidades da escola em quest\u00e3o.<\/p>\n<p style=\"text-align: justify;\">No dia 14 de mar\u00e7o as professoras Marielda Pryjma (DEPED) , Flavia Dias de Souza (DEPED), Edna (DAMAT) e Lindamir (PPGTE), juntamente com a Professora Maria Silvia participaram de uma visita \u00e0 Escola Nossa Senhora da Luz dos Pinhais com o objetivo de aproximar os professores da universidade aos professores da escola e dar a possibilidade de ambos falar e ouvir suas demandas, pra ent\u00e3o, delinearmos alguns projetos.<\/p>\n<p style=\"text-align: justify;\">Foi poss\u00edvel observar algumas demandas: a necessidade de trabalhar com a diversidade; a possibilidade de desenvolver um projeto de leitura envolvendo agentes comunit\u00e1rios; h\u00e1 demandas muito espec\u00edficas para a \u00e1rea de informatiza\u00e7\u00e3o da escola, especialmente na secretaria; desenvolver projetos de planejamento colaborativo e seu registro em ambientes de acesso e consulta; oficinas envolvendo a participa\u00e7\u00e3o de pais e estudantes. Ainda h\u00e1 a demanda da participa\u00e7\u00e3o de projetos com m\u00fasica e teatro.<\/p>\n<p style=\"text-align: justify;\">O projeto encontra-se em andamento e as a\u00e7\u00f5es devem ser ampliadas com o envolvimento de mais professores.<\/p>\n<p style=\"text-align: justify;\">Alguns registros em imagens:<\/p>\n<p style=\"text-align: justify;\"><a href=\"http:\/\/blogs.ct.utfpr.edu.br\/deped\/wp-content\/uploads\/2016\/03\/Projeto-Equidade.jpg\"><img fetchpriority=\"high\" decoding=\"async\" class=\"wp-image-268 aligncenter\" src=\"http:\/\/blogs.ct.utfpr.edu.br\/deped\/wp-content\/uploads\/2016\/03\/Projeto-Equidade.jpg\" alt=\"Projeto Equidade\" width=\"567\" height=\"425\" srcset=\"https:\/\/utfpr-ct-static-content.s3.amazonaws.com\/utfpr.curitiba.br\/wp-content\/uploads\/sites\/68\/2016\/03\/Projeto-Equidade.jpg 960w, https:\/\/utfpr-ct-static-content.s3.amazonaws.com\/utfpr.curitiba.br\/wp-content\/uploads\/sites\/68\/2016\/03\/Projeto-Equidade-300x225.jpg 300w\" sizes=\"(max-width: 567px) 100vw, 567px\" \/><\/a><\/p>\n<p>&nbsp;<\/p>\n","protected":false},"excerpt":{"rendered":"<p>Projeto Equidade Desde o segundo semestre de 2015 a UTFPR foi convidada pela Secretaria Municipal de Educa\u00e7\u00e3o de Curitiba a<\/p>\n","protected":false},"author":5,"featured_media":0,"parent":177,"menu_order":0,"comment_status":"closed","ping_status":"closed","template":"","meta":{"colormag_page_container_layout":"default_layout","colormag_page_sidebar_layout":"default_layout","footnotes":""},"class_list":["post-180","page","type-page","status-publish","hentry"],"_links":{"self":[{"href":"https:\/\/utfpr.curitiba.br\/deped\/index.php?rest_route=\/wp\/v2\/pages\/180","targetHints":{"allow":["GET"]}}],"collection":[{"href":"https:\/\/utfpr.curitiba.br\/deped\/index.php?rest_route=\/wp\/v2\/pages"}],"about":[{"href":"https:\/\/utfpr.curitiba.br\/deped\/index.php?rest_route=\/wp\/v2\/types\/page"}],"author":[{"embeddable":true,"href":"https:\/\/utfpr.curitiba.br\/deped\/index.php?rest_route=\/wp\/v2\/users\/5"}],"replies":[{"embeddable":true,"href":"https:\/\/utfpr.curitiba.br\/deped\/index.php?rest_route=%2Fwp%2Fv2%2Fcomments&post=180"}],"version-history":[{"count":4,"href":"https:\/\/utfpr.curitiba.br\/deped\/index.php?rest_route=\/wp\/v2\/pages\/180\/revisions"}],"predecessor-version":[{"id":270,"href":"https:\/\/utfpr.curitiba.br\/deped\/index.php?rest_route=\/wp\/v2\/pages\/180\/revisions\/270"}],"up":[{"embeddable":true,"href":"https:\/\/utfpr.curitiba.br\/deped\/index.php?rest_route=\/wp\/v2\/pages\/177"}],"wp:attachment":[{"href":"https:\/\/utfpr.curitiba.br\/deped\/index.php?rest_route=%2Fwp%2Fv2%2Fmedia&parent=180"}],"curies":[{"name":"wp","href":"https:\/\/api.w.org\/{rel}","templated":true}]}}