{"id":164,"date":"2016-03-14T18:51:26","date_gmt":"2016-03-14T18:51:26","guid":{"rendered":"http:\/\/blogs.ct.utfpr.edu.br\/deped\/?page_id=164"},"modified":"2020-05-14T20:28:54","modified_gmt":"2020-05-14T20:28:54","slug":"revista-transmutare","status":"publish","type":"page","link":"https:\/\/utfpr.curitiba.br\/deped\/?page_id=164","title":{"rendered":"F\u00f3rum Licenciaturas"},"content":{"rendered":"<p style=\"text-align: center;\">Com o intuito de aprimorar a articula\u00e7\u00e3o entre as licenciaturas e a proposi\u00e7\u00e3o de propostas de trabalho compartilhadas, \u00e0 luz das \u201cDiretrizes Curriculares Nacionais para a forma\u00e7\u00e3o inicial em n\u00edvel superior (licenciaturas, forma\u00e7\u00e3o pedag\u00f3gica e segunda licenciatura) e para a forma\u00e7\u00e3o continuada\u201d, publicada na Resolu\u00e7\u00e3o N<sup>o<\/sup> 2, de 01 de julho de 2015, na dire\u00e7\u00e3o do fortalecimento da identidade dos cursos e melhoria dos processos formativos para a doc\u00eancia, professores do Departamento de Educa\u00e7\u00e3o \u2013 DEPED, coordenadores de curso de Licenciatura e representantes dos n\u00facleos docentes estruturantes \u2013 NDE propuseram a constitui\u00e7\u00e3o de um <strong><em>F\u00f3rum Permanente das Licenciaturas na UTFPR Curitiba<\/em><\/strong>, com in\u00edcio em maio de 2016.<\/p>\n<p style=\"text-align: center;\">O f\u00f3rum est\u00e1 vinculado \u00e0s a\u00e7\u00f5es do DEPED, sendo composto, inicialmente por: professores e pedagogos do departamento interessados no tema, coordenadores de curso das licenciaturas e professores representantes dos NDE nas licenciaturas.<\/p>\n<p style=\"text-align: center;\">A proposta \u00e9 de que ocorram reuni\u00f5es mensais para discuss\u00e3o de necessidades e anseios das licenciaturas, bem como para proposi\u00e7\u00e3o de pautas de interesse coletivo, sempre numa perspectiva colaborativa. Eventualmente ocorrer\u00e3o reuni\u00f5es com maior frequ\u00eancia, dependendo das pautas estabelecidas. O f\u00f3rum \u00e9 aberto \u00e0 participa\u00e7\u00e3o de todo o corpo docente das licenciaturas e demais interessados.<\/p>\n<p style=\"text-align: center;\">\n<p style=\"text-align: center;\"><strong>Um breve hist\u00f3rico: das origens da proposta do f\u00f3rum<\/strong><\/p>\n<p style=\"text-align: center;\">A proposta de cria\u00e7\u00e3o do F\u00f3rum das Licenciaturas da UTFPR Curitiba vem sendo desencadeada por um conjunto de a\u00e7\u00f5es compartilhadas por todos os envolvidos. Dentre esse conjunto de a\u00e7\u00f5es destacam-se:<\/p>\n<ul>\n<li style=\"text-align: left;\">A realiza\u00e7\u00e3o\u00a0das \u201cSemanas de Forma\u00e7\u00e3o Docente\u201d\u00a0desde\u00a02010. Em 2016 realizou-se a VI Semana de Forma\u00e7\u00e3o Docente, na qual se destaca a proposi\u00e7\u00e3o de duas oficinas especificamente destinadas \u00e0s licenciaturas com os temas: diretrizes curriculares para a forma\u00e7\u00e3o docente e est\u00e1gio supervisionado nas licenciaturas;<\/li>\n<li style=\"text-align: left;\">Envolvimento dos professores do DEPED nos Colegiados e NDEs\u00a0das Licenciaturas, desde o in\u00edcio dos cursos;<\/li>\n<li style=\"text-align: left;\">Constitui\u00e7\u00e3o de Portaria da Dire\u00e7\u00e3o do C\u00e2mpus para estudo e implanta\u00e7\u00e3o de N\u00facleo Comum de Disciplinas Pedag\u00f3gicas nas Licenciaturas durante o primeiro semestre de 2015;<\/li>\n<li style=\"text-align: left;\">Participa\u00e7\u00e3o em f\u00f3runs de discuss\u00e3o como ANFOPE \u2013 Associa\u00e7\u00e3o Nacional pela Forma\u00e7\u00e3o dos Profissionais da Educa\u00e7\u00e3o, ANPAE \u2013 Associa\u00e7\u00e3o Nacional de Pol\u00edtica e Administra\u00e7\u00e3o da Educa\u00e7\u00e3o e outros f\u00f3runs regionais, bem como discuss\u00e3o com representantes dessas associa\u00e7\u00f5es;<\/li>\n<li style=\"text-align: left;\">Grupo de Trabalho sobre as Diretrizes Curriculares Nacionais durante o II Simp\u00f3sio Internacional sobre Desenvolvimento Profissional Docente, em novembro de 2015.<\/li>\n<\/ul>\n","protected":false},"excerpt":{"rendered":"<p>Com o intuito de aprimorar a articula\u00e7\u00e3o entre as licenciaturas e a proposi\u00e7\u00e3o de propostas de trabalho compartilhadas, \u00e0 luz<\/p>\n","protected":false},"author":5,"featured_media":0,"parent":0,"menu_order":0,"comment_status":"closed","ping_status":"closed","template":"","meta":{"colormag_page_container_layout":"default_layout","colormag_page_sidebar_layout":"default_layout","footnotes":""},"class_list":["post-164","page","type-page","status-publish","hentry"],"_links":{"self":[{"href":"https:\/\/utfpr.curitiba.br\/deped\/index.php?rest_route=\/wp\/v2\/pages\/164","targetHints":{"allow":["GET"]}}],"collection":[{"href":"https:\/\/utfpr.curitiba.br\/deped\/index.php?rest_route=\/wp\/v2\/pages"}],"about":[{"href":"https:\/\/utfpr.curitiba.br\/deped\/index.php?rest_route=\/wp\/v2\/types\/page"}],"author":[{"embeddable":true,"href":"https:\/\/utfpr.curitiba.br\/deped\/index.php?rest_route=\/wp\/v2\/users\/5"}],"replies":[{"embeddable":true,"href":"https:\/\/utfpr.curitiba.br\/deped\/index.php?rest_route=%2Fwp%2Fv2%2Fcomments&post=164"}],"version-history":[{"count":5,"href":"https:\/\/utfpr.curitiba.br\/deped\/index.php?rest_route=\/wp\/v2\/pages\/164\/revisions"}],"predecessor-version":[{"id":298,"href":"https:\/\/utfpr.curitiba.br\/deped\/index.php?rest_route=\/wp\/v2\/pages\/164\/revisions\/298"}],"wp:attachment":[{"href":"https:\/\/utfpr.curitiba.br\/deped\/index.php?rest_route=%2Fwp%2Fv2%2Fmedia&parent=164"}],"curies":[{"name":"wp","href":"https:\/\/api.w.org\/{rel}","templated":true}]}}