{"id":13,"date":"2015-10-13T11:42:43","date_gmt":"2015-10-13T11:42:43","guid":{"rendered":"http:\/\/blogs.ct.utfpr.edu.br\/deped\/?page_id=13"},"modified":"2020-05-14T20:42:09","modified_gmt":"2020-05-14T20:42:09","slug":"departamento-de-educacao-deped-campus-curitiba","status":"publish","type":"page","link":"https:\/\/utfpr.curitiba.br\/deped\/","title":{"rendered":""},"content":{"rendered":"\n<p>[metaslider id=84]<\/p>\n\n\n\n<p>O Departamento de Educa\u00e7\u00e3o \u00e9 respons\u00e1vel pelo assessoramento da DIGRAD no desenvolvimento da gest\u00e3o pedag\u00f3gica (docente e discente) no C\u00e2mpus Curitiba da UTFPR, al\u00e9m de atuar nas disciplinas espec\u00edficas de forma\u00e7\u00e3o pedag\u00f3gica nos Cursos de Licenciatura e em programas de forma\u00e7\u00e3o e desenvolvimento profissional docente.<\/p>\n\n\n\n<p>Para o exerc\u00edcio de suas compet\u00eancias, o DEPED conta com:<\/p>\n\n\n\n<ul class=\"wp-block-list\"><li>Chefia do Departamento de Educa\u00e7\u00e3o.<\/li><li>Conselho Departamental.<\/li><li>N\u00facleo de Ensino \u2013 NUENS.<\/li><\/ul>\n\n\n\n<figure class=\"wp-block-image size-large\"><img fetchpriority=\"high\" decoding=\"async\" width=\"636\" height=\"1022\" src=\"https:\/\/utfpr-ct-static-content.s3.amazonaws.com\/utfpr.curitiba.br\/wp-content\/uploads\/sites\/68\/2020\/05\/deped11.jpg\" alt=\"\" class=\"wp-image-322\" srcset=\"https:\/\/utfpr-ct-static-content.s3.amazonaws.com\/utfpr.curitiba.br\/wp-content\/uploads\/sites\/68\/2020\/05\/deped11.jpg 636w, https:\/\/utfpr-ct-static-content.s3.amazonaws.com\/utfpr.curitiba.br\/wp-content\/uploads\/sites\/68\/2020\/05\/deped11-187x300.jpg 187w\" sizes=\"(max-width: 636px) 100vw, 636px\" \/><\/figure>\n","protected":false},"excerpt":{"rendered":"<p>[metaslider id=84] O Departamento de Educa\u00e7\u00e3o \u00e9 respons\u00e1vel pelo assessoramento da DIGRAD no desenvolvimento da gest\u00e3o pedag\u00f3gica (docente e discente)<\/p>\n","protected":false},"author":5,"featured_media":0,"parent":0,"menu_order":0,"comment_status":"closed","ping_status":"open","template":"","meta":{"colormag_page_container_layout":"default_layout","colormag_page_sidebar_layout":"default_layout","footnotes":""},"class_list":["post-13","page","type-page","status-publish","hentry"],"_links":{"self":[{"href":"https:\/\/utfpr.curitiba.br\/deped\/index.php?rest_route=\/wp\/v2\/pages\/13","targetHints":{"allow":["GET"]}}],"collection":[{"href":"https:\/\/utfpr.curitiba.br\/deped\/index.php?rest_route=\/wp\/v2\/pages"}],"about":[{"href":"https:\/\/utfpr.curitiba.br\/deped\/index.php?rest_route=\/wp\/v2\/types\/page"}],"author":[{"embeddable":true,"href":"https:\/\/utfpr.curitiba.br\/deped\/index.php?rest_route=\/wp\/v2\/users\/5"}],"replies":[{"embeddable":true,"href":"https:\/\/utfpr.curitiba.br\/deped\/index.php?rest_route=%2Fwp%2Fv2%2Fcomments&post=13"}],"version-history":[{"count":14,"href":"https:\/\/utfpr.curitiba.br\/deped\/index.php?rest_route=\/wp\/v2\/pages\/13\/revisions"}],"predecessor-version":[{"id":323,"href":"https:\/\/utfpr.curitiba.br\/deped\/index.php?rest_route=\/wp\/v2\/pages\/13\/revisions\/323"}],"wp:attachment":[{"href":"https:\/\/utfpr.curitiba.br\/deped\/index.php?rest_route=%2Fwp%2Fv2%2Fmedia&parent=13"}],"curies":[{"name":"wp","href":"https:\/\/api.w.org\/{rel}","templated":true}]}}