{"id":5734,"date":"2026-03-06T16:50:04","date_gmt":"2026-03-06T19:50:04","guid":{"rendered":"https:\/\/utfpr.curitiba.br\/damec\/?page_id=5734"},"modified":"2026-03-09T12:31:33","modified_gmt":"2026-03-09T15:31:33","slug":"relatorios","status":"publish","type":"page","link":"https:\/\/utfpr.curitiba.br\/damec\/?page_id=5734","title":{"rendered":"Relat\u00f3rios"},"content":{"rendered":"\t\t<div data-elementor-type=\"wp-page\" data-elementor-id=\"5734\" class=\"elementor elementor-5734\">\n\t\t\t\t\t\t<section class=\"elementor-section elementor-top-section elementor-element elementor-element-2d31e41 elementor-section-boxed elementor-section-height-default elementor-section-height-default\" data-id=\"2d31e41\" data-element_type=\"section\" data-e-type=\"section\">\n\t\t\t\t\t\t<div class=\"elementor-container elementor-column-gap-default\">\n\t\t\t\t\t<div class=\"elementor-column elementor-col-100 elementor-top-column elementor-element elementor-element-374d6a0\" data-id=\"374d6a0\" data-element_type=\"column\" data-e-type=\"column\">\n\t\t\t<div class=\"elementor-widget-wrap elementor-element-populated\">\n\t\t\t\t\t\t<div class=\"elementor-element elementor-element-69618fc elementor-widget elementor-widget-hfe-breadcrumbs-widget\" data-id=\"69618fc\" data-element_type=\"widget\" data-e-type=\"widget\" data-widget_type=\"hfe-breadcrumbs-widget.default\">\n\t\t\t\t<div class=\"elementor-widget-container\">\n\t\t\t\t\t<nav aria-label=\"Breadcrumb\"><ul class=\"hfe-breadcrumbs hfe-breadcrumbs-show-home\"><li class=\"hfe-breadcrumbs-item hfe-breadcrumbs-first\"><span class=\"hfe-breadcrumbs-home-icon\"><i aria-hidden=\"true\" class=\"fas fa-home\"><\/i><\/span><a href=\"https:\/\/utfpr.curitiba.br\/damec\"><span class=\"hfe-breadcrumbs-text\">Home<\/span><\/a><\/li><\/ul><\/nav>\t\t\t\t<\/div>\n\t\t\t\t<\/div>\n\t\t\t\t\t<\/div>\n\t\t<\/div>\n\t\t\t\t\t<\/div>\n\t\t<\/section>\n\t\t\t\t<section class=\"elementor-section elementor-top-section elementor-element elementor-element-e2a3320 elementor-section-boxed elementor-section-height-default elementor-section-height-default\" data-id=\"e2a3320\" data-element_type=\"section\" data-e-type=\"section\">\n\t\t\t\t\t\t<div class=\"elementor-container elementor-column-gap-default\">\n\t\t\t\t\t<div class=\"elementor-column elementor-col-100 elementor-top-column elementor-element elementor-element-7a771a3\" data-id=\"7a771a3\" data-element_type=\"column\" data-e-type=\"column\">\n\t\t\t<div class=\"elementor-widget-wrap elementor-element-populated\">\n\t\t\t\t\t\t<div class=\"elementor-element elementor-element-5505c4d elementor-widget elementor-widget-heading\" data-id=\"5505c4d\" data-element_type=\"widget\" data-e-type=\"widget\" data-widget_type=\"heading.default\">\n\t\t\t\t<div class=\"elementor-widget-container\">\n\t\t\t\t\t<h2 class=\"elementor-heading-title elementor-size-default\"><b>Aluno<\/b><\/h2>\t\t\t\t<\/div>\n\t\t\t\t<\/div>\n\t\t\t\t<div class=\"elementor-element elementor-element-b38e76a elementor-widget elementor-widget-spacer\" data-id=\"b38e76a\" data-element_type=\"widget\" data-e-type=\"widget\" data-widget_type=\"spacer.default\">\n\t\t\t\t<div class=\"elementor-widget-container\">\n\t\t\t\t\t\t\t<div class=\"elementor-spacer\">\n\t\t\t<div class=\"elementor-spacer-inner\"><\/div>\n\t\t<\/div>\n\t\t\t\t\t\t<\/div>\n\t\t\t\t<\/div>\n\t\t\t\t\t<\/div>\n\t\t<\/div>\n\t\t\t\t\t<\/div>\n\t\t<\/section>\n\t\t\t\t<section class=\"elementor-section elementor-top-section elementor-element elementor-element-4710ab4 elementor-section-boxed elementor-section-height-default elementor-section-height-default\" data-id=\"4710ab4\" data-element_type=\"section\" data-e-type=\"section\">\n\t\t\t\t\t\t<div class=\"elementor-container elementor-column-gap-default\">\n\t\t\t\t\t<div class=\"elementor-column elementor-col-20 elementor-top-column elementor-element elementor-element-c566769\" data-id=\"c566769\" data-element_type=\"column\" data-e-type=\"column\">\n\t\t\t<div class=\"elementor-widget-wrap elementor-element-populated\">\n\t\t\t\t\t\t<div class=\"elementor-element elementor-element-f655bcf elementor-align-center elementor-widget elementor-widget-button\" data-id=\"f655bcf\" data-element_type=\"widget\" data-e-type=\"widget\" data-widget_type=\"button.default\">\n\t\t\t\t<div class=\"elementor-widget-container\">\n\t\t\t\t\t\t\t\t\t<div class=\"elementor-button-wrapper\">\n\t\t\t\t\t<a class=\"elementor-button elementor-button-link elementor-size-sm\" href=\"https:\/\/utfpr.curitiba.br\/damec\/?page_id=5702\">\n\t\t\t\t\t\t<span class=\"elementor-button-content-wrapper\">\n\t\t\t\t\t\t\t\t\t<span class=\"elementor-button-text\">Aluno<\/span>\n\t\t\t\t\t<\/span>\n\t\t\t\t\t<\/a>\n\t\t\t\t<\/div>\n\t\t\t\t\t\t\t\t<\/div>\n\t\t\t\t<\/div>\n\t\t\t\t\t<\/div>\n\t\t<\/div>\n\t\t\t\t<div class=\"elementor-column elementor-col-20 elementor-top-column elementor-element elementor-element-d82ce23\" data-id=\"d82ce23\" data-element_type=\"column\" data-e-type=\"column\">\n\t\t\t<div class=\"elementor-widget-wrap elementor-element-populated\">\n\t\t\t\t\t\t<div class=\"elementor-element elementor-element-362096b elementor-align-center elementor-widget elementor-widget-button\" data-id=\"362096b\" data-element_type=\"widget\" data-e-type=\"widget\" data-widget_type=\"button.default\">\n\t\t\t\t<div class=\"elementor-widget-container\">\n\t\t\t\t\t\t\t\t\t<div class=\"elementor-button-wrapper\">\n\t\t\t\t\t<a class=\"elementor-button elementor-button-link elementor-size-sm\" href=\"https:\/\/utfpr.curitiba.br\/damec\/?page_id=5731\">\n\t\t\t\t\t\t<span class=\"elementor-button-content-wrapper\">\n\t\t\t\t\t\t\t\t\t<span class=\"elementor-button-text\">In\u00edcio do est\u00e1gio<\/span>\n\t\t\t\t\t<\/span>\n\t\t\t\t\t<\/a>\n\t\t\t\t<\/div>\n\t\t\t\t\t\t\t\t<\/div>\n\t\t\t\t<\/div>\n\t\t\t\t\t<\/div>\n\t\t<\/div>\n\t\t\t\t<div class=\"elementor-column elementor-col-20 elementor-top-column elementor-element elementor-element-dcdcc7f\" data-id=\"dcdcc7f\" data-element_type=\"column\" data-e-type=\"column\">\n\t\t\t<div class=\"elementor-widget-wrap elementor-element-populated\">\n\t\t\t\t\t\t<div class=\"elementor-element elementor-element-6339a92 elementor-align-center elementor-widget elementor-widget-button\" data-id=\"6339a92\" data-element_type=\"widget\" data-e-type=\"widget\" data-widget_type=\"button.default\">\n\t\t\t\t<div class=\"elementor-widget-container\">\n\t\t\t\t\t\t\t\t\t<div class=\"elementor-button-wrapper\">\n\t\t\t\t\t<a class=\"elementor-button elementor-button-link elementor-size-sm\" href=\"https:\/\/utfpr.curitiba.br\/damec\/?page_id=5732\">\n\t\t\t\t\t\t<span class=\"elementor-button-content-wrapper\">\n\t\t\t\t\t\t\t\t\t<span class=\"elementor-button-text\">Durante o est\u00e1gio<\/span>\n\t\t\t\t\t<\/span>\n\t\t\t\t\t<\/a>\n\t\t\t\t<\/div>\n\t\t\t\t\t\t\t\t<\/div>\n\t\t\t\t<\/div>\n\t\t\t\t\t<\/div>\n\t\t<\/div>\n\t\t\t\t<div class=\"elementor-column elementor-col-20 elementor-top-column elementor-element elementor-element-80b9024\" data-id=\"80b9024\" data-element_type=\"column\" data-e-type=\"column\">\n\t\t\t<div class=\"elementor-widget-wrap elementor-element-populated\">\n\t\t\t\t\t\t<div class=\"elementor-element elementor-element-096bb16 elementor-align-center elementor-widget elementor-widget-button\" data-id=\"096bb16\" data-element_type=\"widget\" data-e-type=\"widget\" data-widget_type=\"button.default\">\n\t\t\t\t<div class=\"elementor-widget-container\">\n\t\t\t\t\t\t\t\t\t<div class=\"elementor-button-wrapper\">\n\t\t\t\t\t<a class=\"elementor-button elementor-button-link elementor-size-sm\" href=\"https:\/\/utfpr.curitiba.br\/damec\/?page_id=5733\">\n\t\t\t\t\t\t<span class=\"elementor-button-content-wrapper\">\n\t\t\t\t\t\t\t\t\t<span class=\"elementor-button-text\">Rescis\u00e3o\/prorroga\u00e7\u00e3o<\/span>\n\t\t\t\t\t<\/span>\n\t\t\t\t\t<\/a>\n\t\t\t\t<\/div>\n\t\t\t\t\t\t\t\t<\/div>\n\t\t\t\t<\/div>\n\t\t\t\t\t<\/div>\n\t\t<\/div>\n\t\t\t\t<div class=\"elementor-column elementor-col-20 elementor-top-column elementor-element elementor-element-14aa3ad\" data-id=\"14aa3ad\" data-element_type=\"column\" data-e-type=\"column\">\n\t\t\t<div class=\"elementor-widget-wrap elementor-element-populated\">\n\t\t\t\t\t\t<div class=\"elementor-element elementor-element-398a8c6 elementor-align-center elementor-widget elementor-widget-button\" data-id=\"398a8c6\" data-element_type=\"widget\" data-e-type=\"widget\" data-widget_type=\"button.default\">\n\t\t\t\t<div class=\"elementor-widget-container\">\n\t\t\t\t\t\t\t\t\t<div class=\"elementor-button-wrapper\">\n\t\t\t\t\t<a class=\"elementor-button elementor-button-link elementor-size-sm\" href=\"https:\/\/utfpr.curitiba.br\/damec\/?page_id=5734\">\n\t\t\t\t\t\t<span class=\"elementor-button-content-wrapper\">\n\t\t\t\t\t\t\t\t\t<span class=\"elementor-button-text\">Relat\u00f3rios<\/span>\n\t\t\t\t\t<\/span>\n\t\t\t\t\t<\/a>\n\t\t\t\t<\/div>\n\t\t\t\t\t\t\t\t<\/div>\n\t\t\t\t<\/div>\n\t\t\t\t\t<\/div>\n\t\t<\/div>\n\t\t\t\t\t<\/div>\n\t\t<\/section>\n\t\t\t\t<section class=\"elementor-section elementor-top-section elementor-element elementor-element-af350a7 elementor-section-boxed elementor-section-height-default elementor-section-height-default\" data-id=\"af350a7\" data-element_type=\"section\" data-e-type=\"section\">\n\t\t\t\t\t\t<div class=\"elementor-container elementor-column-gap-default\">\n\t\t\t\t\t<div class=\"elementor-column elementor-col-100 elementor-top-column elementor-element elementor-element-3c72c1e\" data-id=\"3c72c1e\" data-element_type=\"column\" data-e-type=\"column\">\n\t\t\t<div class=\"elementor-widget-wrap elementor-element-populated\">\n\t\t\t\t\t\t<div class=\"elementor-element elementor-element-d94f4b1 elementor-widget-divider--view-line elementor-widget elementor-widget-divider\" data-id=\"d94f4b1\" data-element_type=\"widget\" data-e-type=\"widget\" data-widget_type=\"divider.default\">\n\t\t\t\t<div class=\"elementor-widget-container\">\n\t\t\t\t\t\t\t<div class=\"elementor-divider\">\n\t\t\t<span class=\"elementor-divider-separator\">\n\t\t\t\t\t\t<\/span>\n\t\t<\/div>\n\t\t\t\t\t\t<\/div>\n\t\t\t\t<\/div>\n\t\t\t\t<div class=\"elementor-element elementor-element-ee57c37 elementor-widget elementor-widget-heading\" data-id=\"ee57c37\" data-element_type=\"widget\" data-e-type=\"widget\" data-widget_type=\"heading.default\">\n\t\t\t\t<div class=\"elementor-widget-container\">\n\t\t\t\t\t<h2 class=\"elementor-heading-title elementor-size-default\"><b>Relat\u00f3rios<\/b><\/h2>\t\t\t\t<\/div>\n\t\t\t\t<\/div>\n\t\t\t\t\t<\/div>\n\t\t<\/div>\n\t\t\t\t\t<\/div>\n\t\t<\/section>\n\t\t\t\t<section class=\"elementor-section elementor-top-section elementor-element elementor-element-a41643f elementor-section-boxed elementor-section-height-default elementor-section-height-default\" data-id=\"a41643f\" data-element_type=\"section\" data-e-type=\"section\">\n\t\t\t\t\t\t<div class=\"elementor-container elementor-column-gap-default\">\n\t\t\t\t\t<div class=\"elementor-column elementor-col-100 elementor-top-column elementor-element elementor-element-076a3db\" data-id=\"076a3db\" data-element_type=\"column\" data-e-type=\"column\">\n\t\t\t<div class=\"elementor-widget-wrap elementor-element-populated\">\n\t\t\t\t\t\t<div class=\"elementor-element elementor-element-a2ba4ef elementor-widget elementor-widget-spacer\" data-id=\"a2ba4ef\" data-element_type=\"widget\" data-e-type=\"widget\" data-widget_type=\"spacer.default\">\n\t\t\t\t<div class=\"elementor-widget-container\">\n\t\t\t\t\t\t\t<div class=\"elementor-spacer\">\n\t\t\t<div class=\"elementor-spacer-inner\"><\/div>\n\t\t<\/div>\n\t\t\t\t\t\t<\/div>\n\t\t\t\t<\/div>\n\t\t\t\t<div class=\"elementor-element elementor-element-74d6681 elementor-widget elementor-widget-text-editor\" data-id=\"74d6681\" data-element_type=\"widget\" data-e-type=\"widget\" data-widget_type=\"text-editor.default\">\n\t\t\t\t<div class=\"elementor-widget-container\">\n\t\t\t\t\t\t\t\t\t<p class=\"CDt4Ke zfr3Q\" dir=\"ltr\"><em><strong>1- Qual periodicidade, quem faz e como?<\/strong><\/em><\/p><p class=\"CDt4Ke zfr3Q\" dir=\"ltr\">R: O aluno faz o relat\u00f3rio (parcial e\/ou final) e o mesmo deve assinar, junto com supervisor. <strong>Envie para orientador<\/strong>, que deve anexar no processo do aluno via SEI. Vide quadro abaixo. Periodicidade: a cada 6 meses do in\u00edcio do seu est\u00e1gio.<\/p><p class=\"CDt4Ke zfr3Q\" dir=\"ltr\"><em><strong>2- Existe modelo de relat\u00f3rio parcial e de visita t\u00e9cnica?<\/strong><\/em><\/p><p class=\"CDt4Ke zfr3Q\" dir=\"ltr\">R: Claro, baixe <span class=\" aw5Odc\"><a class=\"XqQF9c\" href=\"http:\/\/www.google.com\/url?q=http%3A%2F%2Fportal.utfpr.edu.br%2Festagios&amp;sa=D&amp;sntz=1&amp;usg=AOvVaw0QATHwuZh3K4IkAKknAv8x\" target=\"_blank\" rel=\"noopener\">aqui neste site<\/a><\/span><\/p><p class=\"CDt4Ke zfr3Q\" dir=\"ltr\"><em><strong>3- Como est\u00e3o sendo realizadas as visitas t\u00e9cnicas em per\u00edodo de pandemia?<\/strong><\/em><\/p><p class=\"CDt4Ke zfr3Q\" dir=\"ltr\">R: realizado \u00e0 dist\u00e2ncia, pode ser por meio de e-mail, telefone, videoconfer\u00eancia ou seja, pode ser feita de forma indireta.<\/p><p class=\"CDt4Ke zfr3Q\" dir=\"ltr\"><em><strong>3- Existe algum modelo de relat\u00f3rio final?<\/strong><\/em><\/p><p class=\"CDt4Ke zfr3Q\" dir=\"ltr\">R: Sim, <span class=\" aw5Odc\"><a class=\"XqQF9c\" href=\"https:\/\/drive.google.com\/file\/d\/1OWVnG_FwMH4bYZrVau7u1WMY_gdZm3Y3\/view?usp=sharing\" target=\"_blank\" rel=\"noopener\">baixe aqui<\/a><\/span><\/p><p class=\"CDt4Ke zfr3Q\" dir=\"ltr\"><strong>4- Qual o formato de arquivo devo enviar?<\/strong><\/p><p class=\"CDt4Ke zfr3Q\" dir=\"ltr\">R: Em formato jpg (at\u00e9 2Mb cada uma). A imagem para ficar boa na tela do SEI tem que tem resolu\u00e7\u00e3o <strong>800 x 1132 (largura x altura) Pixels<\/strong>. Aproximadamente 65% do padr\u00e3o A4 (1240&#215;1754 pixels).<\/p><p class=\"CDt4Ke zfr3Q\" dir=\"ltr\">-Para modificarem a resolu\u00e7\u00e3o podem utilizar um site para modificar a resolu\u00e7\u00e3o: <span class=\" aw5Odc\"><a class=\"XqQF9c\" href=\"http:\/\/www.google.com\/url?q=http%3A%2F%2Fconvert-my-image.com%2FImageConverter_Pt&amp;sa=D&amp;sntz=1&amp;usg=AOvVaw3yHuoq7-B5Xc3WiXve1FK3\" target=\"_blank\" rel=\"noopener\">http:\/\/convert-my-image.com\/ImageConverter_Pt <\/a><\/span><\/p><p class=\"CDt4Ke zfr3Q\" dir=\"ltr\">-Outro site bom que permite modificar a luminosidade no documento e redimensionar: <span class=\" aw5Odc\"><a class=\"XqQF9c\" href=\"https:\/\/www.google.com\/url?q=https%3A%2F%2Fwww.fotor.com%2Fpt%2F&amp;sa=D&amp;sntz=1&amp;usg=AOvVaw2U7uNsUX3FJsvsVJRsA-cV\" target=\"_blank\" rel=\"noopener\">https:\/\/www.fotor.com\/pt\/<\/a><\/span> .<\/p><p class=\"CDt4Ke zfr3Q\" dir=\"ltr\">-Ou fazer o Download do programa gratuito <em><strong>PicPick<\/strong><\/em>, o qual faz uma boa altera\u00e7\u00e3o na resolu\u00e7\u00e3o sem estragar a imagem. <span class=\" aw5Odc\"><a class=\"XqQF9c\" href=\"https:\/\/www.google.com\/url?q=https%3A%2F%2Fpicpick.app%2Fpt%2F&amp;sa=D&amp;sntz=1&amp;usg=AOvVaw05gkALBZPVGI43ytwMoyn6\" target=\"_blank\" rel=\"noopener\">https:\/\/picpick.app\/pt\/<\/a><\/span> . O programa PicPick tamb\u00e9m j\u00e1 salva o documento no formato JPG ou PNG, aceito pelo SEI.<\/p><p class=\"CDt4Ke zfr3Q\" dir=\"ltr\">O nome dos arquivos devem ser digitados da seguinte forma: <em><strong> Relparc_nome_do_aluno.jpg , Relsup_nome_do_aluno.jpg)<\/strong><\/em><\/p><p class=\"CDt4Ke zfr3Q\" dir=\"ltr\"><em><strong>O relat\u00f3rio final <\/strong><\/em>deve ser enviado<em><strong> em pdf.<\/strong><\/em><\/p><p class=\"CDt4Ke zfr3Q\" dir=\"ltr\"><em>Caso o arquivo possua <\/em><em><strong>mais de 1 pagina,<\/strong><\/em><em> numerar no final do nome do aluno<\/em><em><strong> (Ex: Relparc_nome_do_aluno1.jpg, Realparc_nome_do_aluno2.jpg)<\/strong><\/em><\/p><p class=\"CDt4Ke zfr3Q\" dir=\"ltr\">Os arquivos devem ser enviados ao <strong>prof. orientador<\/strong><\/p><p class=\"CDt4Ke zfr3Q\" dir=\"ltr\"><em><strong>5- A entrega do relat\u00f3rio de est\u00e1gio parcial, relat\u00f3rio de supervis\u00e3o \u00e9 obrigat\u00f3ria para est\u00e1gios na modalidade n\u00e3o obrigat\u00f3rio e obrigat\u00f3rio?<\/strong><\/em><\/p><p class=\"CDt4Ke zfr3Q\" dir=\"ltr\">R: Sim, baseado na LEI FEDERAL dos est\u00e1gios 11788 de 2008. Voc\u00ea pode visualizar a LEi <span class=\" aw5Odc\"><a class=\"XqQF9c\" href=\"http:\/\/www.google.com\/url?q=http%3A%2F%2Fwww.planalto.gov.br%2Fccivil_03%2F_ato2007-2010%2F2008%2Flei%2Fl11788.htm&amp;sa=D&amp;sntz=1&amp;usg=AOvVaw1elfYq-H8rZfZfEQ5jtsst\" target=\"_blank\" rel=\"noopener\">aqui.<\/a><\/span> Tamb\u00e9m \u00e9 obrigat\u00f3rio baseado no Regulamento de Est\u00e1gios da UTFPR, que voc\u00ea pode ler <span class=\" aw5Odc\"><a class=\"XqQF9c\" href=\"https:\/\/www.google.com\/url?q=https%3A%2F%2Fsei.utfpr.edu.br%2Fsei%2Fpublicacoes%2Fcontrolador_publicacoes.php%3Facao%3Dpublicacao_visualizar%26id_documento%3D1608522%26id_orgao_publicacao%3D0&amp;sa=D&amp;sntz=1&amp;usg=AOvVaw17iW7_NWjoSetuTZCC1dlG\" target=\"_blank\" rel=\"noopener\">aqui.<\/a><\/span><\/p><p class=\"CDt4Ke zfr3Q\" dir=\"ltr\"><strong>6-O relat\u00f3rio interno da Volvo vale como relat\u00f3rio parcial de est\u00e1gio e de supervis\u00e3o?<\/strong><\/p><p class=\"CDt4Ke zfr3Q\" dir=\"ltr\">R: Sim, o relat\u00f3rio da VOLVO interno valer\u00e1 pelos relat\u00f3rios de supervis\u00e3o e parcial do estagi\u00e1rio (os dois) no caso de est\u00e1gio n\u00e3o obrigat\u00f3rio e obrigat\u00f3rio. Este deve ser encaminhados ao <strong>orientador<\/strong> (no formato imagem) , que anexar\u00e1 e assinar\u00e1 no SEI. Lembrando que para os casos de est\u00e1gio obrigat\u00f3rio, o aluno dever\u00e1 apresentar ao orientador o relat\u00f3rio final, e o prof. o de visita, no qual ambos ser\u00e3o anexados ao processo SEI do aluno.<\/p>\t\t\t\t\t\t\t\t<\/div>\n\t\t\t\t<\/div>\n\t\t\t\t\t<\/div>\n\t\t<\/div>\n\t\t\t\t\t<\/div>\n\t\t<\/section>\n\t\t\t\t<section class=\"elementor-section elementor-top-section elementor-element elementor-element-303f0d2 elementor-section-boxed elementor-section-height-default elementor-section-height-default\" data-id=\"303f0d2\" data-element_type=\"section\" data-e-type=\"section\">\n\t\t\t\t\t\t<div class=\"elementor-container elementor-column-gap-default\">\n\t\t\t\t\t<div class=\"elementor-column elementor-col-100 elementor-top-column elementor-element elementor-element-8f8ddee\" data-id=\"8f8ddee\" data-element_type=\"column\" data-e-type=\"column\">\n\t\t\t<div class=\"elementor-widget-wrap elementor-element-populated\">\n\t\t\t\t\t\t<div class=\"elementor-element elementor-element-23ecc8e elementor-widget elementor-widget-spacer\" data-id=\"23ecc8e\" data-element_type=\"widget\" data-e-type=\"widget\" data-widget_type=\"spacer.default\">\n\t\t\t\t<div class=\"elementor-widget-container\">\n\t\t\t\t\t\t\t<div class=\"elementor-spacer\">\n\t\t\t<div class=\"elementor-spacer-inner\"><\/div>\n\t\t<\/div>\n\t\t\t\t\t\t<\/div>\n\t\t\t\t<\/div>\n\t\t\t\t<div class=\"elementor-element elementor-element-6d0542e elementor-widget elementor-widget-image\" data-id=\"6d0542e\" data-element_type=\"widget\" data-e-type=\"widget\" data-widget_type=\"image.default\">\n\t\t\t\t<div class=\"elementor-widget-container\">\n\t\t\t\t\t\t\t\t\t\t\t\t\t\t\t<img fetchpriority=\"high\" decoding=\"async\" width=\"819\" height=\"651\" src=\"https:\/\/utfpr-ct-static-content.s3.amazonaws.com\/utfpr.curitiba.br\/wp-content\/uploads\/sites\/67\/2026\/03\/unnamed.png\" class=\"attachment-large size-large wp-image-5772\" alt=\"\" srcset=\"https:\/\/utfpr-ct-static-content.s3.amazonaws.com\/utfpr.curitiba.br\/wp-content\/uploads\/sites\/67\/2026\/03\/unnamed.png 819w, https:\/\/utfpr-ct-static-content.s3.amazonaws.com\/utfpr.curitiba.br\/wp-content\/uploads\/sites\/67\/2026\/03\/unnamed-300x238.png 300w, https:\/\/utfpr-ct-static-content.s3.amazonaws.com\/utfpr.curitiba.br\/wp-content\/uploads\/sites\/67\/2026\/03\/unnamed-768x610.png 768w\" sizes=\"(max-width: 819px) 100vw, 819px\" \/>\t\t\t\t\t\t\t\t\t\t\t\t\t\t\t<\/div>\n\t\t\t\t<\/div>\n\t\t\t\t\t<\/div>\n\t\t<\/div>\n\t\t\t\t\t<\/div>\n\t\t<\/section>\n\t\t\t\t<section class=\"elementor-section elementor-top-section elementor-element elementor-element-545c2a1 elementor-section-boxed elementor-section-height-default elementor-section-height-default\" data-id=\"545c2a1\" data-element_type=\"section\" data-e-type=\"section\">\n\t\t\t\t\t\t<div class=\"elementor-container elementor-column-gap-default\">\n\t\t\t\t\t<div class=\"elementor-column elementor-col-100 elementor-top-column elementor-element elementor-element-919595d\" data-id=\"919595d\" data-element_type=\"column\" data-e-type=\"column\">\n\t\t\t<div class=\"elementor-widget-wrap\">\n\t\t\t\t\t\t\t<\/div>\n\t\t<\/div>\n\t\t\t\t\t<\/div>\n\t\t<\/section>\n\t\t\t\t<\/div>\n\t\t","protected":false},"excerpt":{"rendered":"<p>Home Aluno Aluno In\u00edcio do est\u00e1gio Durante o est\u00e1gio Rescis\u00e3o\/prorroga\u00e7\u00e3o Relat\u00f3rios Relat\u00f3rios 1- Qual periodicidade, quem faz e como? R:<\/p>\n","protected":false},"author":384,"featured_media":0,"parent":0,"menu_order":0,"comment_status":"closed","ping_status":"closed","template":"","meta":{"colormag_page_container_layout":"default_layout","colormag_page_sidebar_layout":"default_layout","footnotes":""},"class_list":["post-5734","page","type-page","status-publish","hentry"],"_links":{"self":[{"href":"https:\/\/utfpr.curitiba.br\/damec\/index.php?rest_route=\/wp\/v2\/pages\/5734","targetHints":{"allow":["GET"]}}],"collection":[{"href":"https:\/\/utfpr.curitiba.br\/damec\/index.php?rest_route=\/wp\/v2\/pages"}],"about":[{"href":"https:\/\/utfpr.curitiba.br\/damec\/index.php?rest_route=\/wp\/v2\/types\/page"}],"author":[{"embeddable":true,"href":"https:\/\/utfpr.curitiba.br\/damec\/index.php?rest_route=\/wp\/v2\/users\/384"}],"replies":[{"embeddable":true,"href":"https:\/\/utfpr.curitiba.br\/damec\/index.php?rest_route=%2Fwp%2Fv2%2Fcomments&post=5734"}],"version-history":[{"count":19,"href":"https:\/\/utfpr.curitiba.br\/damec\/index.php?rest_route=\/wp\/v2\/pages\/5734\/revisions"}],"predecessor-version":[{"id":5850,"href":"https:\/\/utfpr.curitiba.br\/damec\/index.php?rest_route=\/wp\/v2\/pages\/5734\/revisions\/5850"}],"wp:attachment":[{"href":"https:\/\/utfpr.curitiba.br\/damec\/index.php?rest_route=%2Fwp%2Fv2%2Fmedia&parent=5734"}],"curies":[{"name":"wp","href":"https:\/\/api.w.org\/{rel}","templated":true}]}}