{"id":5731,"date":"2026-03-06T16:48:22","date_gmt":"2026-03-06T19:48:22","guid":{"rendered":"https:\/\/utfpr.curitiba.br\/damec\/?page_id=5731"},"modified":"2026-03-09T12:35:24","modified_gmt":"2026-03-09T15:35:24","slug":"inicio-do-estagio","status":"publish","type":"page","link":"https:\/\/utfpr.curitiba.br\/damec\/?page_id=5731","title":{"rendered":"In\u00edcio do Est\u00e1gio"},"content":{"rendered":"\t\t<div data-elementor-type=\"wp-page\" data-elementor-id=\"5731\" class=\"elementor elementor-5731\">\n\t\t\t\t\t\t<section class=\"elementor-section elementor-top-section elementor-element elementor-element-466e8c0 elementor-section-boxed elementor-section-height-default elementor-section-height-default\" data-id=\"466e8c0\" data-element_type=\"section\" data-e-type=\"section\">\n\t\t\t\t\t\t<div class=\"elementor-container elementor-column-gap-default\">\n\t\t\t\t\t<div class=\"elementor-column elementor-col-100 elementor-top-column elementor-element elementor-element-b4dad9a\" data-id=\"b4dad9a\" data-element_type=\"column\" data-e-type=\"column\">\n\t\t\t<div class=\"elementor-widget-wrap elementor-element-populated\">\n\t\t\t\t\t\t<div class=\"elementor-element elementor-element-691708a elementor-widget elementor-widget-hfe-breadcrumbs-widget\" data-id=\"691708a\" data-element_type=\"widget\" data-e-type=\"widget\" data-widget_type=\"hfe-breadcrumbs-widget.default\">\n\t\t\t\t<div class=\"elementor-widget-container\">\n\t\t\t\t\t<nav aria-label=\"Breadcrumb\"><ul class=\"hfe-breadcrumbs hfe-breadcrumbs-show-home\"><li class=\"hfe-breadcrumbs-item hfe-breadcrumbs-first\"><span class=\"hfe-breadcrumbs-home-icon\"><i aria-hidden=\"true\" class=\"fas fa-home\"><\/i><\/span><a href=\"https:\/\/utfpr.curitiba.br\/damec\"><span class=\"hfe-breadcrumbs-text\">Home<\/span><\/a><\/li><\/ul><\/nav>\t\t\t\t<\/div>\n\t\t\t\t<\/div>\n\t\t\t\t\t<\/div>\n\t\t<\/div>\n\t\t\t\t\t<\/div>\n\t\t<\/section>\n\t\t\t\t<section class=\"elementor-section elementor-top-section elementor-element elementor-element-0ffc785 elementor-section-boxed elementor-section-height-default elementor-section-height-default\" data-id=\"0ffc785\" data-element_type=\"section\" data-e-type=\"section\">\n\t\t\t\t\t\t<div class=\"elementor-container elementor-column-gap-default\">\n\t\t\t\t\t<div class=\"elementor-column elementor-col-100 elementor-top-column elementor-element elementor-element-9c0628f\" data-id=\"9c0628f\" data-element_type=\"column\" data-e-type=\"column\">\n\t\t\t<div class=\"elementor-widget-wrap elementor-element-populated\">\n\t\t\t\t\t\t<div class=\"elementor-element elementor-element-19feba7 elementor-widget elementor-widget-heading\" data-id=\"19feba7\" data-element_type=\"widget\" data-e-type=\"widget\" data-widget_type=\"heading.default\">\n\t\t\t\t<div class=\"elementor-widget-container\">\n\t\t\t\t\t<h2 class=\"elementor-heading-title elementor-size-default\"><b>Aluno<\/b><\/h2>\t\t\t\t<\/div>\n\t\t\t\t<\/div>\n\t\t\t\t<div class=\"elementor-element elementor-element-bbee179 elementor-widget elementor-widget-spacer\" data-id=\"bbee179\" data-element_type=\"widget\" data-e-type=\"widget\" data-widget_type=\"spacer.default\">\n\t\t\t\t<div class=\"elementor-widget-container\">\n\t\t\t\t\t\t\t<div class=\"elementor-spacer\">\n\t\t\t<div class=\"elementor-spacer-inner\"><\/div>\n\t\t<\/div>\n\t\t\t\t\t\t<\/div>\n\t\t\t\t<\/div>\n\t\t\t\t\t<\/div>\n\t\t<\/div>\n\t\t\t\t\t<\/div>\n\t\t<\/section>\n\t\t\t\t<section class=\"elementor-section elementor-top-section elementor-element elementor-element-45cb84d elementor-section-boxed elementor-section-height-default elementor-section-height-default\" data-id=\"45cb84d\" data-element_type=\"section\" data-e-type=\"section\">\n\t\t\t\t\t\t<div class=\"elementor-container elementor-column-gap-default\">\n\t\t\t\t\t<div class=\"elementor-column elementor-col-20 elementor-top-column elementor-element elementor-element-d5da33a\" data-id=\"d5da33a\" data-element_type=\"column\" data-e-type=\"column\">\n\t\t\t<div class=\"elementor-widget-wrap elementor-element-populated\">\n\t\t\t\t\t\t<div class=\"elementor-element elementor-element-c07ae1b elementor-align-center elementor-widget elementor-widget-button\" data-id=\"c07ae1b\" data-element_type=\"widget\" data-e-type=\"widget\" data-widget_type=\"button.default\">\n\t\t\t\t<div class=\"elementor-widget-container\">\n\t\t\t\t\t\t\t\t\t<div class=\"elementor-button-wrapper\">\n\t\t\t\t\t<a class=\"elementor-button elementor-button-link elementor-size-sm\" href=\"https:\/\/utfpr.curitiba.br\/damec\/?page_id=5702\">\n\t\t\t\t\t\t<span class=\"elementor-button-content-wrapper\">\n\t\t\t\t\t\t\t\t\t<span class=\"elementor-button-text\">Aluno<\/span>\n\t\t\t\t\t<\/span>\n\t\t\t\t\t<\/a>\n\t\t\t\t<\/div>\n\t\t\t\t\t\t\t\t<\/div>\n\t\t\t\t<\/div>\n\t\t\t\t\t<\/div>\n\t\t<\/div>\n\t\t\t\t<div class=\"elementor-column elementor-col-20 elementor-top-column elementor-element elementor-element-a7e08d5\" data-id=\"a7e08d5\" data-element_type=\"column\" data-e-type=\"column\">\n\t\t\t<div class=\"elementor-widget-wrap elementor-element-populated\">\n\t\t\t\t\t\t<div class=\"elementor-element elementor-element-3c74d87 elementor-align-center elementor-widget elementor-widget-button\" data-id=\"3c74d87\" data-element_type=\"widget\" data-e-type=\"widget\" data-widget_type=\"button.default\">\n\t\t\t\t<div class=\"elementor-widget-container\">\n\t\t\t\t\t\t\t\t\t<div class=\"elementor-button-wrapper\">\n\t\t\t\t\t<a class=\"elementor-button elementor-button-link elementor-size-sm\" href=\"https:\/\/utfpr.curitiba.br\/damec\/?page_id=5731\">\n\t\t\t\t\t\t<span class=\"elementor-button-content-wrapper\">\n\t\t\t\t\t\t\t\t\t<span class=\"elementor-button-text\">In\u00edcio do est\u00e1gio<\/span>\n\t\t\t\t\t<\/span>\n\t\t\t\t\t<\/a>\n\t\t\t\t<\/div>\n\t\t\t\t\t\t\t\t<\/div>\n\t\t\t\t<\/div>\n\t\t\t\t\t<\/div>\n\t\t<\/div>\n\t\t\t\t<div class=\"elementor-column elementor-col-20 elementor-top-column elementor-element elementor-element-e4ab3b7\" data-id=\"e4ab3b7\" data-element_type=\"column\" data-e-type=\"column\">\n\t\t\t<div class=\"elementor-widget-wrap elementor-element-populated\">\n\t\t\t\t\t\t<div class=\"elementor-element elementor-element-7c4f38a elementor-align-center elementor-widget elementor-widget-button\" data-id=\"7c4f38a\" data-element_type=\"widget\" data-e-type=\"widget\" data-widget_type=\"button.default\">\n\t\t\t\t<div class=\"elementor-widget-container\">\n\t\t\t\t\t\t\t\t\t<div class=\"elementor-button-wrapper\">\n\t\t\t\t\t<a class=\"elementor-button elementor-button-link elementor-size-sm\" href=\"https:\/\/utfpr.curitiba.br\/damec\/?page_id=5732\">\n\t\t\t\t\t\t<span class=\"elementor-button-content-wrapper\">\n\t\t\t\t\t\t\t\t\t<span class=\"elementor-button-text\">Durante o est\u00e1gio<\/span>\n\t\t\t\t\t<\/span>\n\t\t\t\t\t<\/a>\n\t\t\t\t<\/div>\n\t\t\t\t\t\t\t\t<\/div>\n\t\t\t\t<\/div>\n\t\t\t\t\t<\/div>\n\t\t<\/div>\n\t\t\t\t<div class=\"elementor-column elementor-col-20 elementor-top-column elementor-element elementor-element-faa0f1d\" data-id=\"faa0f1d\" data-element_type=\"column\" data-e-type=\"column\">\n\t\t\t<div class=\"elementor-widget-wrap elementor-element-populated\">\n\t\t\t\t\t\t<div class=\"elementor-element elementor-element-a6a790a elementor-align-center elementor-widget elementor-widget-button\" data-id=\"a6a790a\" data-element_type=\"widget\" data-e-type=\"widget\" data-widget_type=\"button.default\">\n\t\t\t\t<div class=\"elementor-widget-container\">\n\t\t\t\t\t\t\t\t\t<div class=\"elementor-button-wrapper\">\n\t\t\t\t\t<a class=\"elementor-button elementor-button-link elementor-size-sm\" href=\"https:\/\/utfpr.curitiba.br\/damec\/?page_id=5733\">\n\t\t\t\t\t\t<span class=\"elementor-button-content-wrapper\">\n\t\t\t\t\t\t\t\t\t<span class=\"elementor-button-text\">Rescis\u00e3o\/prorroga\u00e7\u00e3o<\/span>\n\t\t\t\t\t<\/span>\n\t\t\t\t\t<\/a>\n\t\t\t\t<\/div>\n\t\t\t\t\t\t\t\t<\/div>\n\t\t\t\t<\/div>\n\t\t\t\t\t<\/div>\n\t\t<\/div>\n\t\t\t\t<div class=\"elementor-column elementor-col-20 elementor-top-column elementor-element elementor-element-ef9ce2f\" data-id=\"ef9ce2f\" data-element_type=\"column\" data-e-type=\"column\">\n\t\t\t<div class=\"elementor-widget-wrap elementor-element-populated\">\n\t\t\t\t\t\t<div class=\"elementor-element elementor-element-0e4ffe2 elementor-align-center elementor-widget elementor-widget-button\" data-id=\"0e4ffe2\" data-element_type=\"widget\" data-e-type=\"widget\" data-widget_type=\"button.default\">\n\t\t\t\t<div class=\"elementor-widget-container\">\n\t\t\t\t\t\t\t\t\t<div class=\"elementor-button-wrapper\">\n\t\t\t\t\t<a class=\"elementor-button elementor-button-link elementor-size-sm\" href=\"https:\/\/utfpr.curitiba.br\/damec\/?page_id=5734\">\n\t\t\t\t\t\t<span class=\"elementor-button-content-wrapper\">\n\t\t\t\t\t\t\t\t\t<span class=\"elementor-button-text\">Relat\u00f3rios<\/span>\n\t\t\t\t\t<\/span>\n\t\t\t\t\t<\/a>\n\t\t\t\t<\/div>\n\t\t\t\t\t\t\t\t<\/div>\n\t\t\t\t<\/div>\n\t\t\t\t\t<\/div>\n\t\t<\/div>\n\t\t\t\t\t<\/div>\n\t\t<\/section>\n\t\t\t\t<section class=\"elementor-section elementor-top-section elementor-element elementor-element-120e13b elementor-section-boxed elementor-section-height-default elementor-section-height-default\" data-id=\"120e13b\" data-element_type=\"section\" data-e-type=\"section\">\n\t\t\t\t\t\t<div class=\"elementor-container elementor-column-gap-default\">\n\t\t\t\t\t<div class=\"elementor-column elementor-col-100 elementor-top-column elementor-element elementor-element-65bfb57\" data-id=\"65bfb57\" data-element_type=\"column\" data-e-type=\"column\">\n\t\t\t<div class=\"elementor-widget-wrap elementor-element-populated\">\n\t\t\t\t\t\t<div class=\"elementor-element elementor-element-d54566b elementor-widget-divider--view-line elementor-widget elementor-widget-divider\" data-id=\"d54566b\" data-element_type=\"widget\" data-e-type=\"widget\" data-widget_type=\"divider.default\">\n\t\t\t\t<div class=\"elementor-widget-container\">\n\t\t\t\t\t\t\t<div class=\"elementor-divider\">\n\t\t\t<span class=\"elementor-divider-separator\">\n\t\t\t\t\t\t<\/span>\n\t\t<\/div>\n\t\t\t\t\t\t<\/div>\n\t\t\t\t<\/div>\n\t\t\t\t<div class=\"elementor-element elementor-element-434a238 elementor-widget elementor-widget-heading\" data-id=\"434a238\" data-element_type=\"widget\" data-e-type=\"widget\" data-widget_type=\"heading.default\">\n\t\t\t\t<div class=\"elementor-widget-container\">\n\t\t\t\t\t<h2 class=\"elementor-heading-title elementor-size-default\"><b>In\u00edcio do est\u00e1gio<\/b><\/h2>\t\t\t\t<\/div>\n\t\t\t\t<\/div>\n\t\t\t\t\t<\/div>\n\t\t<\/div>\n\t\t\t\t\t<\/div>\n\t\t<\/section>\n\t\t\t\t<section class=\"elementor-section elementor-top-section elementor-element elementor-element-1365a65 elementor-section-boxed elementor-section-height-default elementor-section-height-default\" data-id=\"1365a65\" data-element_type=\"section\" data-e-type=\"section\">\n\t\t\t\t\t\t<div class=\"elementor-container elementor-column-gap-default\">\n\t\t\t\t\t<div class=\"elementor-column elementor-col-100 elementor-top-column elementor-element elementor-element-d69099a\" data-id=\"d69099a\" data-element_type=\"column\" data-e-type=\"column\">\n\t\t\t<div class=\"elementor-widget-wrap elementor-element-populated\">\n\t\t\t\t\t\t<div class=\"elementor-element elementor-element-64c3162 elementor-widget elementor-widget-spacer\" data-id=\"64c3162\" data-element_type=\"widget\" data-e-type=\"widget\" data-widget_type=\"spacer.default\">\n\t\t\t\t<div class=\"elementor-widget-container\">\n\t\t\t\t\t\t\t<div class=\"elementor-spacer\">\n\t\t\t<div class=\"elementor-spacer-inner\"><\/div>\n\t\t<\/div>\n\t\t\t\t\t\t<\/div>\n\t\t\t\t<\/div>\n\t\t\t\t<div class=\"elementor-element elementor-element-613099a elementor-widget elementor-widget-text-editor\" data-id=\"613099a\" data-element_type=\"widget\" data-e-type=\"widget\" data-widget_type=\"text-editor.default\">\n\t\t\t\t<div class=\"elementor-widget-container\">\n\t\t\t\t\t\t\t\t\t<p class=\"CDt4Ke zfr3Q\" dir=\"ltr\"><em><strong>1- Qual a diferen\u00e7a entre termo aditivo e termo de compromisso?<\/strong><\/em><\/p><p class=\"CDt4Ke zfr3Q\" dir=\"ltr\">R: Termo de compromisso \u00e9 aquele que a empresa vai emitir no in\u00edcio do seu est\u00e1gio. Termo aditivo \u00e9 qualquer mudan\u00e7a feita ap\u00f3s o in\u00edcio do est\u00e1gio, seja ela de hor\u00e1rio, posterga\u00e7\u00e3o de tempo de est\u00e1gio, mudan\u00e7a de setor.<\/p><p class=\"CDt4Ke zfr3Q\" dir=\"ltr\"><em><strong>2- Qual a dura\u00e7\u00e3o m\u00e1xima do est\u00e1gio?<\/strong><\/em><\/p><p class=\"CDt4Ke zfr3Q\" dir=\"ltr\">R: 2 (Dois) anos no m\u00e1ximo, consecutivos ou n\u00e3o, na empresa<\/p><p class=\"CDt4Ke zfr3Q\" dir=\"ltr\"><em><strong>3- Qual a carga hor\u00e1ria que eu posso fazer?<\/strong><\/em><\/p><p class=\"CDt4Ke zfr3Q\" dir=\"ltr\">R: 6 horas di\u00e1rias, totalizando no m\u00e1ximo 30 horas semanais.<\/p><p class=\"CDt4Ke zfr3Q\" dir=\"ltr\"><em><strong>4- A partir de qual per\u00edodo posso fazer est\u00e1gio obrigat\u00f3rio na eng. mec\u00e2nica?<\/strong><\/em><\/p><p class=\"CDt4Ke zfr3Q\" dir=\"ltr\">R: A partir do sexto per\u00edodo no sistema, bem como ter sido aprovado nas disciplinas Fundamentos de seguran\u00e7a de Engenharia do Trabalho, Metrologia Mec\u00e2nica, Ensaio de Materiais e Sistemas de Gest\u00e3o da Qualidade.<\/p><p class=\"CDt4Ke zfr3Q\" dir=\"ltr\"><em><strong>5- Quando devo enviar o plano de trabalho mais o termo de compromisso (ou aditivo)?<\/strong><\/em><\/p><p class=\"CDt4Ke zfr3Q\" dir=\"ltr\">R: Prazo m\u00ednimo de 10 (dez) dias antes do in\u00edcio do est\u00e1gio.<\/p><p class=\"CDt4Ke zfr3Q\" dir=\"ltr\"><em><strong>6- Em que formato enviar o arquivo ao PRAE? \u00c9 obrigat\u00f3rio o envio desta forma.<\/strong><\/em><\/p><p class=\"CDt4Ke zfr3Q\" dir=\"ltr\">R: Em formato jpg (at\u00e9 2Mb cada uma). A imagem para ficar boa na tela do SEI tem que tem resolu\u00e7\u00e3o <strong>800 x 1132 (largura x altura) Pixels<\/strong>. Aproximadamente 65% do padr\u00e3o A4 (1240&#215;1754 pixels).<\/p><p class=\"CDt4Ke zfr3Q\" dir=\"ltr\">Para modificarem a resolu\u00e7\u00e3o podem utilizar um site para modificar a resolu\u00e7\u00e3o: <span class=\" aw5Odc\"><a class=\"XqQF9c\" href=\"http:\/\/www.google.com\/url?q=http%3A%2F%2Fconvert-my-image.com%2FImageConverter_Pt&amp;sa=D&amp;sntz=1&amp;usg=AOvVaw3yHuoq7-B5Xc3WiXve1FK3\" target=\"_blank\" rel=\"noopener\">http:\/\/convert-my-image.com\/ImageConverter_Pt <\/a><\/span><\/p><p class=\"CDt4Ke zfr3Q\" dir=\"ltr\">Outro site bom que permite modificar a luminosidade no documento e redimensionar: <span class=\" aw5Odc\"><a class=\"XqQF9c\" href=\"https:\/\/www.google.com\/url?q=https%3A%2F%2Fwww.fotor.com%2Fpt%2F&amp;sa=D&amp;sntz=1&amp;usg=AOvVaw2U7uNsUX3FJsvsVJRsA-cV\" target=\"_blank\" rel=\"noopener\">https:\/\/www.fotor.com\/pt\/<\/a><\/span> .<\/p><p class=\"CDt4Ke zfr3Q\" dir=\"ltr\">Ou fazer o Download do programa gratuito <em><strong>PicPick<\/strong><\/em>, o qual faz uma boa altera\u00e7\u00e3o na resolu\u00e7\u00e3o sem estragar a imagem. <span class=\" aw5Odc\"><a class=\"XqQF9c\" href=\"https:\/\/www.google.com\/url?q=https%3A%2F%2Fpicpick.app%2Fpt%2F&amp;sa=D&amp;sntz=1&amp;usg=AOvVaw05gkALBZPVGI43ytwMoyn6\" target=\"_blank\" rel=\"noopener\">https:\/\/picpick.app\/pt\/<\/a><\/span><\/p><p class=\"CDt4Ke zfr3Q\" dir=\"ltr\">O programa PicPick tamb\u00e9m j\u00e1 salva o documento no formato JPG ou PNG, aceito pelo SEI.<\/p><p class=\"CDt4Ke zfr3Q\" dir=\"ltr\">O nome dos arquivos devem ser digitados da seguinte forma: <em><strong> Plano_nome_do_aluno.jpg , Termo_nome_do_aluno.jpg ou Aditivo_nome_do_aluno.jpg <\/strong><\/em><\/p><p class=\"CDt4Ke zfr3Q\" dir=\"ltr\">Caso o arquivo possua <strong>mais de 1 pagina<\/strong>, numerar no final do nome do aluno<em><strong> (Ex: Plano_nome_do_aluno1.jpg, Plano_nome_do_aluno2.jpg)<\/strong><\/em><\/p><p class=\"CDt4Ke zfr3Q\" dir=\"ltr\">Enviar os arquivos para o PRAE da eng. mec\u00e2nica respons\u00e1vel por sua turma. E-mail: <strong>estagioem-ct@utfpr.edu.br<\/strong><\/p><p class=\"CDt4Ke zfr3Q\" dir=\"ltr\"><em><strong>7- Qual professor orientador escolher?<\/strong><\/em><\/p><p class=\"CDt4Ke zfr3Q\" dir=\"ltr\">R: O aluno deve enviar um e-mail ao professor que escolher e verificar sua disponibilidade em orient\u00e1-lo. A <em><strong>Lista completa de Professores do DAMEC e seus e-mails <\/strong><\/em>voc\u00ea baixa <span class=\" aw5Odc\"><a class=\"XqQF9c\" href=\"http:\/\/www.google.com\/url?q=http%3A%2F%2Fportal.utfpr.edu.br%2Fcursos%2Fcoordenacoes%2Fgraduacao%2Fcuritiba%2Fct-engenharia-mecanica%2Fdocumentos%2Flista-de-emails.pdf%2F%40%40download%2Ffile%2FLista%2520de%2520emails.pdf&amp;sa=D&amp;sntz=1&amp;usg=AOvVaw2hENljtdqTyn3GzK0ePCvS\" target=\"_blank\" rel=\"noopener\">aqui.<\/a><\/span><\/p><p class=\"CDt4Ke zfr3Q\" dir=\"ltr\"><strong>8- <\/strong><strong>Eu estou cursando a disciplina <\/strong><strong>pr\u00e9-requisito para o est\u00e1gio curricular obrigat\u00f3rio ness<\/strong><strong>e semestre, ent\u00e3o eu posso j\u00e1 fazer o est\u00e1gio obrigat\u00f3rio?<\/strong><\/p><p class=\"CDt4Ke zfr3Q\" dir=\"ltr\">R: N\u00e3o. Deve conclu\u00ed-la<\/p><p class=\"CDt4Ke zfr3Q\" dir=\"ltr\"><strong>9-<\/strong><strong>Depois que eu f<\/strong><strong>izer um<\/strong><strong>\u00a0termo aditivo para transformar est\u00e1gio de n\u00e3o obrigat\u00f3rio para obrigat\u00f3rio, as horas j\u00e1 trabalhadas no n\u00e3o obrigat<\/strong><strong>\u00f3rio<\/strong><strong>\u00a0valer\u00e3o? ou apenas as horas a partir do termo aditivo?<\/strong><\/p><p class=\"CDt4Ke zfr3Q\" dir=\"ltr\">R: Apenas a partir do aditivo<\/p>\t\t\t\t\t\t\t\t<\/div>\n\t\t\t\t<\/div>\n\t\t\t\t\t<\/div>\n\t\t<\/div>\n\t\t\t\t\t<\/div>\n\t\t<\/section>\n\t\t\t\t<\/div>\n\t\t","protected":false},"excerpt":{"rendered":"<p>Home Aluno Aluno In\u00edcio do est\u00e1gio Durante o est\u00e1gio Rescis\u00e3o\/prorroga\u00e7\u00e3o Relat\u00f3rios In\u00edcio do est\u00e1gio 1- Qual a diferen\u00e7a entre termo<\/p>\n","protected":false},"author":384,"featured_media":0,"parent":0,"menu_order":0,"comment_status":"closed","ping_status":"closed","template":"","meta":{"colormag_page_container_layout":"default_layout","colormag_page_sidebar_layout":"default_layout","footnotes":""},"class_list":["post-5731","page","type-page","status-publish","hentry"],"_links":{"self":[{"href":"https:\/\/utfpr.curitiba.br\/damec\/index.php?rest_route=\/wp\/v2\/pages\/5731","targetHints":{"allow":["GET"]}}],"collection":[{"href":"https:\/\/utfpr.curitiba.br\/damec\/index.php?rest_route=\/wp\/v2\/pages"}],"about":[{"href":"https:\/\/utfpr.curitiba.br\/damec\/index.php?rest_route=\/wp\/v2\/types\/page"}],"author":[{"embeddable":true,"href":"https:\/\/utfpr.curitiba.br\/damec\/index.php?rest_route=\/wp\/v2\/users\/384"}],"replies":[{"embeddable":true,"href":"https:\/\/utfpr.curitiba.br\/damec\/index.php?rest_route=%2Fwp%2Fv2%2Fcomments&post=5731"}],"version-history":[{"count":19,"href":"https:\/\/utfpr.curitiba.br\/damec\/index.php?rest_route=\/wp\/v2\/pages\/5731\/revisions"}],"predecessor-version":[{"id":5859,"href":"https:\/\/utfpr.curitiba.br\/damec\/index.php?rest_route=\/wp\/v2\/pages\/5731\/revisions\/5859"}],"wp:attachment":[{"href":"https:\/\/utfpr.curitiba.br\/damec\/index.php?rest_route=%2Fwp%2Fv2%2Fmedia&parent=5731"}],"curies":[{"name":"wp","href":"https:\/\/api.w.org\/{rel}","templated":true}]}}