{"id":5647,"date":"2026-02-05T10:53:01","date_gmt":"2026-02-05T13:53:01","guid":{"rendered":"https:\/\/utfpr.curitiba.br\/damec\/?page_id=5647"},"modified":"2026-02-09T18:45:07","modified_gmt":"2026-02-09T21:45:07","slug":"profa-dra-geocris-rodrigues-dos-santos","status":"publish","type":"page","link":"https:\/\/utfpr.curitiba.br\/damec\/?page_id=5647","title":{"rendered":"Profa. Dra. Geocris Rodrigues dos Santos"},"content":{"rendered":"\t\t<div data-elementor-type=\"wp-page\" data-elementor-id=\"5647\" class=\"elementor elementor-5647\">\n\t\t\t\t\t\t<section class=\"elementor-section elementor-top-section elementor-element elementor-element-0ba6720 elementor-section-boxed elementor-section-height-default elementor-section-height-default\" data-id=\"0ba6720\" data-element_type=\"section\" data-e-type=\"section\">\n\t\t\t\t\t\t<div class=\"elementor-container elementor-column-gap-default\">\n\t\t\t\t\t<div class=\"elementor-column elementor-col-100 elementor-top-column elementor-element elementor-element-52c6503\" data-id=\"52c6503\" data-element_type=\"column\" data-e-type=\"column\">\n\t\t\t<div class=\"elementor-widget-wrap elementor-element-populated\">\n\t\t\t\t\t\t<div class=\"elementor-element elementor-element-f2bf572 elementor-widget elementor-widget-hfe-breadcrumbs-widget\" data-id=\"f2bf572\" data-element_type=\"widget\" data-e-type=\"widget\" data-widget_type=\"hfe-breadcrumbs-widget.default\">\n\t\t\t\t<div class=\"elementor-widget-container\">\n\t\t\t\t\t<nav aria-label=\"Breadcrumb\"><ul class=\"hfe-breadcrumbs hfe-breadcrumbs-show-home\"><li class=\"hfe-breadcrumbs-item hfe-breadcrumbs-first\"><span class=\"hfe-breadcrumbs-home-icon\"><i aria-hidden=\"true\" class=\"fas fa-home\"><\/i><\/span><a href=\"https:\/\/utfpr.curitiba.br\/damec\"><span class=\"hfe-breadcrumbs-text\">Home<\/span><\/a><\/li><\/ul><\/nav>\t\t\t\t<\/div>\n\t\t\t\t<\/div>\n\t\t\t\t<div class=\"elementor-element elementor-element-2d6327a elementor-widget elementor-widget-heading\" data-id=\"2d6327a\" data-element_type=\"widget\" data-e-type=\"widget\" data-widget_type=\"heading.default\">\n\t\t\t\t<div class=\"elementor-widget-container\">\n\t\t\t\t\t<h2 class=\"elementor-heading-title elementor-size-default\">Profa. Dra. Geocris Rodrigues dos Santos<\/h2>\t\t\t\t<\/div>\n\t\t\t\t<\/div>\n\t\t\t\t\t<\/div>\n\t\t<\/div>\n\t\t\t\t\t<\/div>\n\t\t<\/section>\n\t\t\t\t<section class=\"elementor-section elementor-top-section elementor-element elementor-element-07ccc92 elementor-section-boxed elementor-section-height-default elementor-section-height-default\" data-id=\"07ccc92\" data-element_type=\"section\" data-e-type=\"section\">\n\t\t\t\t\t\t<div class=\"elementor-container elementor-column-gap-default\">\n\t\t\t\t\t<div class=\"elementor-column elementor-col-50 elementor-top-column elementor-element elementor-element-8c832ba\" data-id=\"8c832ba\" data-element_type=\"column\" data-e-type=\"column\">\n\t\t\t<div class=\"elementor-widget-wrap elementor-element-populated\">\n\t\t\t\t\t\t<div class=\"elementor-element elementor-element-d7acaed elementor-widget elementor-widget-image\" data-id=\"d7acaed\" data-element_type=\"widget\" data-e-type=\"widget\" data-widget_type=\"image.default\">\n\t\t\t\t<div class=\"elementor-widget-container\">\n\t\t\t\t\t\t\t\t\t\t\t\t\t\t\t<img decoding=\"async\" width=\"150\" height=\"150\" src=\"https:\/\/utfpr-ct-static-content.s3.amazonaws.com\/utfpr.curitiba.br\/wp-content\/uploads\/sites\/67\/2026\/02\/profgeocrisrodriguesdossantos-150x150.jpg\" class=\"attachment-thumbnail size-thumbnail wp-image-5656\" alt=\"\" \/>\t\t\t\t\t\t\t\t\t\t\t\t\t\t\t<\/div>\n\t\t\t\t<\/div>\n\t\t\t\t\t<\/div>\n\t\t<\/div>\n\t\t\t\t<div class=\"elementor-column elementor-col-50 elementor-top-column elementor-element elementor-element-7050dcb\" data-id=\"7050dcb\" data-element_type=\"column\" data-e-type=\"column\">\n\t\t\t<div class=\"elementor-widget-wrap elementor-element-populated\">\n\t\t\t\t\t\t<div class=\"elementor-element elementor-element-a863e36 elementor-widget elementor-widget-button\" data-id=\"a863e36\" data-element_type=\"widget\" data-e-type=\"widget\" data-widget_type=\"button.default\">\n\t\t\t\t<div class=\"elementor-widget-container\">\n\t\t\t\t\t\t\t\t\t<div class=\"elementor-button-wrapper\">\n\t\t\t\t\t<a class=\"elementor-button elementor-button-link elementor-size-sm\" href=\"http:\/\/lattes.cnpq.br\/2466041074193362\">\n\t\t\t\t\t\t<span class=\"elementor-button-content-wrapper\">\n\t\t\t\t\t\t\t\t\t<span class=\"elementor-button-text\">Curr\u00edculo Lattes<\/span>\n\t\t\t\t\t<\/span>\n\t\t\t\t\t<\/a>\n\t\t\t\t<\/div>\n\t\t\t\t\t\t\t\t<\/div>\n\t\t\t\t<\/div>\n\t\t\t\t\t<\/div>\n\t\t<\/div>\n\t\t\t\t\t<\/div>\n\t\t<\/section>\n\t\t\t\t<section class=\"elementor-section elementor-top-section elementor-element elementor-element-8ec281a elementor-section-boxed elementor-section-height-default elementor-section-height-default\" data-id=\"8ec281a\" data-element_type=\"section\" data-e-type=\"section\">\n\t\t\t\t\t\t<div class=\"elementor-container elementor-column-gap-default\">\n\t\t\t\t\t<div class=\"elementor-column elementor-col-100 elementor-top-column elementor-element elementor-element-3f5f59d\" data-id=\"3f5f59d\" data-element_type=\"column\" data-e-type=\"column\">\n\t\t\t<div class=\"elementor-widget-wrap elementor-element-populated\">\n\t\t\t\t\t\t<div class=\"elementor-element elementor-element-6406c1c elementor-widget elementor-widget-text-editor\" data-id=\"6406c1c\" data-element_type=\"widget\" data-e-type=\"widget\" data-widget_type=\"text-editor.default\">\n\t\t\t\t<div class=\"elementor-widget-container\">\n\t\t\t\t\t\t\t\t\t<p>Geocris Rodrigues dos Santos \u00e9 Professora Adjunta da Universidade Tecnol\u00f3gica Federal do Paran\u00e1. Possui doutorado pela UFSCar em Desenvolvimento Tecnol\u00f3gico, com dep\u00f3sito de patente com \u00eanfase na sustentabilidade. Foi s\u00f3cia fundadora de uma spin off com projeto PIPE &#8211; FAPESP Fase 1 e Fase 2, com capta\u00e7\u00e3o de recursos. Possui 6 anos de experi\u00eancia como gestora da Incubadora de Inova\u00e7\u00f5es da UTFPR Pato Branco, certificando a incubadora CERNE 1. Realizou capta\u00e7\u00e3o de recursos para certifica\u00e7\u00e3o CERNE 2. Participou ativamente da Rede Paranaense de Incubadoras e Aceleradoras de Empreendimentos Inovadores (REINOVA). Ainda como gestora da Incubadora foi selecionada para participar da 4 Rodada do Programa de Incuba\u00e7\u00e3o e Acelera\u00e7\u00e3o de Impacto, promovido pela ANPROTEC, durante o per\u00edodo de 2018 a 2019, cujo objetivo \u00e9 promover empreendimentos com elevado impacto ambiental e social no Brasil. Organizou v\u00e1rias palestras, treinamentos e projetos de extens\u00e3o com o foco em empreendedorismo e inova\u00e7\u00e3o. Foi s\u00f3cia investidora e uma empresa incubada. Em 2023 e 2024 foi coordenadora do N\u00facleo de Sa\u00fade e Meio Ambiente (NUSMA) da UTFPR Pato Branco. Orientou projetos de pesquisas em ACV, sistemas de gest\u00e3o, impacto do empreendedorismo e inova\u00e7\u00e3o na gradua\u00e7\u00e3o e p\u00f3s gradua\u00e7\u00e3o. Atualmente faz parte do grupo de pesquisa GYRO.<\/p>\t\t\t\t\t\t\t\t<\/div>\n\t\t\t\t<\/div>\n\t\t\t\t\t<\/div>\n\t\t<\/div>\n\t\t\t\t\t<\/div>\n\t\t<\/section>\n\t\t\t\t<\/div>\n\t\t","protected":false},"excerpt":{"rendered":"<p>Home Profa. Dra. Geocris Rodrigues dos Santos Curr\u00edculo Lattes Geocris Rodrigues dos Santos \u00e9 Professora Adjunta da Universidade Tecnol\u00f3gica Federal<\/p>\n","protected":false},"author":384,"featured_media":0,"parent":0,"menu_order":0,"comment_status":"closed","ping_status":"closed","template":"","meta":{"colormag_page_container_layout":"default_layout","colormag_page_sidebar_layout":"default_layout","footnotes":""},"class_list":["post-5647","page","type-page","status-publish","hentry"],"_links":{"self":[{"href":"https:\/\/utfpr.curitiba.br\/damec\/index.php?rest_route=\/wp\/v2\/pages\/5647","targetHints":{"allow":["GET"]}}],"collection":[{"href":"https:\/\/utfpr.curitiba.br\/damec\/index.php?rest_route=\/wp\/v2\/pages"}],"about":[{"href":"https:\/\/utfpr.curitiba.br\/damec\/index.php?rest_route=\/wp\/v2\/types\/page"}],"author":[{"embeddable":true,"href":"https:\/\/utfpr.curitiba.br\/damec\/index.php?rest_route=\/wp\/v2\/users\/384"}],"replies":[{"embeddable":true,"href":"https:\/\/utfpr.curitiba.br\/damec\/index.php?rest_route=%2Fwp%2Fv2%2Fcomments&post=5647"}],"version-history":[{"count":13,"href":"https:\/\/utfpr.curitiba.br\/damec\/index.php?rest_route=\/wp\/v2\/pages\/5647\/revisions"}],"predecessor-version":[{"id":5668,"href":"https:\/\/utfpr.curitiba.br\/damec\/index.php?rest_route=\/wp\/v2\/pages\/5647\/revisions\/5668"}],"wp:attachment":[{"href":"https:\/\/utfpr.curitiba.br\/damec\/index.php?rest_route=%2Fwp%2Fv2%2Fmedia&parent=5647"}],"curies":[{"name":"wp","href":"https:\/\/api.w.org\/{rel}","templated":true}]}}