{"id":4887,"date":"2025-10-13T16:43:58","date_gmt":"2025-10-13T19:43:58","guid":{"rendered":"https:\/\/utfpr.curitiba.br\/damec\/?page_id=4887"},"modified":"2025-10-20T17:38:12","modified_gmt":"2025-10-20T20:38:12","slug":"em-006-laboratorio-de-tratamentos-termicos","status":"publish","type":"page","link":"https:\/\/utfpr.curitiba.br\/damec\/?page_id=4887","title":{"rendered":"EM 006 &#8211; Laborat\u00f3rio de Tratamentos t\u00e9rmicos"},"content":{"rendered":"\t\t<div data-elementor-type=\"wp-page\" data-elementor-id=\"4887\" class=\"elementor elementor-4887\">\n\t\t\t\t\t\t<section class=\"elementor-section elementor-top-section elementor-element elementor-element-9fbd641 elementor-section-boxed elementor-section-height-default elementor-section-height-default\" data-id=\"9fbd641\" data-element_type=\"section\" data-e-type=\"section\">\n\t\t\t\t\t\t<div class=\"elementor-container elementor-column-gap-default\">\n\t\t\t\t\t<div class=\"elementor-column elementor-col-100 elementor-top-column elementor-element elementor-element-8bea99c\" data-id=\"8bea99c\" data-element_type=\"column\" data-e-type=\"column\">\n\t\t\t<div class=\"elementor-widget-wrap elementor-element-populated\">\n\t\t\t\t\t\t<div class=\"elementor-element elementor-element-678cb8e elementor-widget elementor-widget-hfe-breadcrumbs-widget\" data-id=\"678cb8e\" data-element_type=\"widget\" data-e-type=\"widget\" data-widget_type=\"hfe-breadcrumbs-widget.default\">\n\t\t\t\t<div class=\"elementor-widget-container\">\n\t\t\t\t\t<nav aria-label=\"Breadcrumb\"><ul class=\"hfe-breadcrumbs hfe-breadcrumbs-show-home\"><li class=\"hfe-breadcrumbs-item hfe-breadcrumbs-first\"><span class=\"hfe-breadcrumbs-home-icon\"><i aria-hidden=\"true\" class=\"fas fa-home\"><\/i><\/span><a href=\"https:\/\/utfpr.curitiba.br\/damec\"><span class=\"hfe-breadcrumbs-text\">Home<\/span><\/a><\/li><\/ul><\/nav>\t\t\t\t<\/div>\n\t\t\t\t<\/div>\n\t\t\t\t<div class=\"elementor-element elementor-element-93f8c0d elementor-widget elementor-widget-heading\" data-id=\"93f8c0d\" data-element_type=\"widget\" data-e-type=\"widget\" data-widget_type=\"heading.default\">\n\t\t\t\t<div class=\"elementor-widget-container\">\n\t\t\t\t\t<h2 class=\"elementor-heading-title elementor-size-default\">EM 006 - Laborat\u00f3rio de Tratamentos\nt\u00e9rmicos<\/h2>\t\t\t\t<\/div>\n\t\t\t\t<\/div>\n\t\t\t\t<div class=\"elementor-element elementor-element-baa27e9 elementor-widget elementor-widget-spacer\" data-id=\"baa27e9\" data-element_type=\"widget\" data-e-type=\"widget\" data-widget_type=\"spacer.default\">\n\t\t\t\t<div class=\"elementor-widget-container\">\n\t\t\t\t\t\t\t<div class=\"elementor-spacer\">\n\t\t\t<div class=\"elementor-spacer-inner\"><\/div>\n\t\t<\/div>\n\t\t\t\t\t\t<\/div>\n\t\t\t\t<\/div>\n\t\t\t\t\t<\/div>\n\t\t<\/div>\n\t\t\t\t\t<\/div>\n\t\t<\/section>\n\t\t\t\t<section class=\"elementor-section elementor-top-section elementor-element elementor-element-ac13695 elementor-section-boxed elementor-section-height-default elementor-section-height-default\" data-id=\"ac13695\" data-element_type=\"section\" data-e-type=\"section\">\n\t\t\t\t\t\t<div class=\"elementor-container elementor-column-gap-default\">\n\t\t\t\t\t<div class=\"elementor-column elementor-col-66 elementor-top-column elementor-element elementor-element-1788c9b\" data-id=\"1788c9b\" data-element_type=\"column\" data-e-type=\"column\">\n\t\t\t<div class=\"elementor-widget-wrap elementor-element-populated\">\n\t\t\t\t\t\t<div class=\"elementor-element elementor-element-56c35af elementor-widget elementor-widget-text-editor\" data-id=\"56c35af\" data-element_type=\"widget\" data-e-type=\"widget\" data-widget_type=\"text-editor.default\">\n\t\t\t\t<div class=\"elementor-widget-container\">\n\t\t\t\t\t\t\t\t\t<p>Respons\u00e1vel: <a href=\"https:\/\/utfpr.curitiba.br\/damec\/?page_id=2162\">Profa. Dra. Marjorie Benegra\u00a0<strong>(L\u00edder)<\/strong><\/a><\/p>\t\t\t\t\t\t\t\t<\/div>\n\t\t\t\t<\/div>\n\t\t\t\t\t<\/div>\n\t\t<\/div>\n\t\t\t\t<div class=\"elementor-column elementor-col-33 elementor-top-column elementor-element elementor-element-feda5b0\" data-id=\"feda5b0\" data-element_type=\"column\" data-e-type=\"column\">\n\t\t\t<div class=\"elementor-widget-wrap\">\n\t\t\t\t\t\t\t<\/div>\n\t\t<\/div>\n\t\t\t\t\t<\/div>\n\t\t<\/section>\n\t\t\t\t<\/div>\n\t\t","protected":false},"excerpt":{"rendered":"<p>Home EM 006 &#8211; Laborat\u00f3rio de Tratamentos t\u00e9rmicos Respons\u00e1vel: Profa. Dra. Marjorie Benegra\u00a0(L\u00edder)<\/p>\n","protected":false},"author":384,"featured_media":0,"parent":0,"menu_order":0,"comment_status":"closed","ping_status":"closed","template":"","meta":{"colormag_page_container_layout":"default_layout","colormag_page_sidebar_layout":"default_layout","footnotes":""},"class_list":["post-4887","page","type-page","status-publish","hentry"],"_links":{"self":[{"href":"https:\/\/utfpr.curitiba.br\/damec\/index.php?rest_route=\/wp\/v2\/pages\/4887","targetHints":{"allow":["GET"]}}],"collection":[{"href":"https:\/\/utfpr.curitiba.br\/damec\/index.php?rest_route=\/wp\/v2\/pages"}],"about":[{"href":"https:\/\/utfpr.curitiba.br\/damec\/index.php?rest_route=\/wp\/v2\/types\/page"}],"author":[{"embeddable":true,"href":"https:\/\/utfpr.curitiba.br\/damec\/index.php?rest_route=\/wp\/v2\/users\/384"}],"replies":[{"embeddable":true,"href":"https:\/\/utfpr.curitiba.br\/damec\/index.php?rest_route=%2Fwp%2Fv2%2Fcomments&post=4887"}],"version-history":[{"count":7,"href":"https:\/\/utfpr.curitiba.br\/damec\/index.php?rest_route=\/wp\/v2\/pages\/4887\/revisions"}],"predecessor-version":[{"id":5320,"href":"https:\/\/utfpr.curitiba.br\/damec\/index.php?rest_route=\/wp\/v2\/pages\/4887\/revisions\/5320"}],"wp:attachment":[{"href":"https:\/\/utfpr.curitiba.br\/damec\/index.php?rest_route=%2Fwp%2Fv2%2Fmedia&parent=4887"}],"curies":[{"name":"wp","href":"https:\/\/api.w.org\/{rel}","templated":true}]}}