{"id":4882,"date":"2025-10-13T16:42:50","date_gmt":"2025-10-13T19:42:50","guid":{"rendered":"https:\/\/utfpr.curitiba.br\/damec\/?page_id=4882"},"modified":"2025-10-20T17:37:02","modified_gmt":"2025-10-20T20:37:02","slug":"em-005-laboratorio-de-ensaios-mecanicos","status":"publish","type":"page","link":"https:\/\/utfpr.curitiba.br\/damec\/?page_id=4882","title":{"rendered":"EM 005 &#8211; Laborat\u00f3rio de Ensaios Mec\u00e2nicos"},"content":{"rendered":"\t\t<div data-elementor-type=\"wp-page\" data-elementor-id=\"4882\" class=\"elementor elementor-4882\">\n\t\t\t\t\t\t<section class=\"elementor-section elementor-top-section elementor-element elementor-element-53c744a elementor-section-boxed elementor-section-height-default elementor-section-height-default\" data-id=\"53c744a\" data-element_type=\"section\" data-e-type=\"section\">\n\t\t\t\t\t\t<div class=\"elementor-container elementor-column-gap-default\">\n\t\t\t\t\t<div class=\"elementor-column elementor-col-100 elementor-top-column elementor-element elementor-element-7d7bcc0\" data-id=\"7d7bcc0\" data-element_type=\"column\" data-e-type=\"column\">\n\t\t\t<div class=\"elementor-widget-wrap elementor-element-populated\">\n\t\t\t\t\t\t<div class=\"elementor-element elementor-element-60417fa elementor-widget elementor-widget-hfe-breadcrumbs-widget\" data-id=\"60417fa\" data-element_type=\"widget\" data-e-type=\"widget\" data-widget_type=\"hfe-breadcrumbs-widget.default\">\n\t\t\t\t<div class=\"elementor-widget-container\">\n\t\t\t\t\t<nav aria-label=\"Breadcrumb\"><ul class=\"hfe-breadcrumbs hfe-breadcrumbs-show-home\"><li class=\"hfe-breadcrumbs-item hfe-breadcrumbs-first\"><span class=\"hfe-breadcrumbs-home-icon\"><i aria-hidden=\"true\" class=\"fas fa-home\"><\/i><\/span><a href=\"https:\/\/utfpr.curitiba.br\/damec\"><span class=\"hfe-breadcrumbs-text\">Home<\/span><\/a><\/li><\/ul><\/nav>\t\t\t\t<\/div>\n\t\t\t\t<\/div>\n\t\t\t\t<div class=\"elementor-element elementor-element-92bb6e7 elementor-widget elementor-widget-heading\" data-id=\"92bb6e7\" data-element_type=\"widget\" data-e-type=\"widget\" data-widget_type=\"heading.default\">\n\t\t\t\t<div class=\"elementor-widget-container\">\n\t\t\t\t\t<h2 class=\"elementor-heading-title elementor-size-default\">EM 005 - Laborat\u00f3rio de Ensaios Mec\u00e2nicos<\/h2>\t\t\t\t<\/div>\n\t\t\t\t<\/div>\n\t\t\t\t<div class=\"elementor-element elementor-element-f640480 elementor-widget elementor-widget-spacer\" data-id=\"f640480\" data-element_type=\"widget\" data-e-type=\"widget\" data-widget_type=\"spacer.default\">\n\t\t\t\t<div class=\"elementor-widget-container\">\n\t\t\t\t\t\t\t<div class=\"elementor-spacer\">\n\t\t\t<div class=\"elementor-spacer-inner\"><\/div>\n\t\t<\/div>\n\t\t\t\t\t\t<\/div>\n\t\t\t\t<\/div>\n\t\t\t\t\t<\/div>\n\t\t<\/div>\n\t\t\t\t\t<\/div>\n\t\t<\/section>\n\t\t\t\t<section class=\"elementor-section elementor-top-section elementor-element elementor-element-0dd2710 elementor-section-boxed elementor-section-height-default elementor-section-height-default\" data-id=\"0dd2710\" data-element_type=\"section\" data-e-type=\"section\">\n\t\t\t\t\t\t<div class=\"elementor-container elementor-column-gap-default\">\n\t\t\t\t\t<div class=\"elementor-column elementor-col-66 elementor-top-column elementor-element elementor-element-8b6b2cb\" data-id=\"8b6b2cb\" data-element_type=\"column\" data-e-type=\"column\">\n\t\t\t<div class=\"elementor-widget-wrap elementor-element-populated\">\n\t\t\t\t\t\t<div class=\"elementor-element elementor-element-3bf080b elementor-widget elementor-widget-text-editor\" data-id=\"3bf080b\" data-element_type=\"widget\" data-e-type=\"widget\" data-widget_type=\"text-editor.default\">\n\t\t\t\t<div class=\"elementor-widget-container\">\n\t\t\t\t\t\t\t\t\t<p>Respons\u00e1vel: <a href=\"https:\/\/utfpr.curitiba.br\/damec\/?page_id=2709\">Prof. Dr. Ricardo Fernando dos Reis<\/a><\/p>\t\t\t\t\t\t\t\t<\/div>\n\t\t\t\t<\/div>\n\t\t\t\t<div class=\"elementor-element elementor-element-f5c8f0e elementor-widget elementor-widget-spacer\" data-id=\"f5c8f0e\" data-element_type=\"widget\" data-e-type=\"widget\" data-widget_type=\"spacer.default\">\n\t\t\t\t<div class=\"elementor-widget-container\">\n\t\t\t\t\t\t\t<div class=\"elementor-spacer\">\n\t\t\t<div class=\"elementor-spacer-inner\"><\/div>\n\t\t<\/div>\n\t\t\t\t\t\t<\/div>\n\t\t\t\t<\/div>\n\t\t\t\t<div class=\"elementor-element elementor-element-05f6990 elementor-widget elementor-widget-heading\" data-id=\"05f6990\" data-element_type=\"widget\" data-e-type=\"widget\" data-widget_type=\"heading.default\">\n\t\t\t\t<div class=\"elementor-widget-container\">\n\t\t\t\t\t<h4 class=\"elementor-heading-title elementor-size-default\"><b>Objetivo e finalidade<\/b><\/h4>\t\t\t\t<\/div>\n\t\t\t\t<\/div>\n\t\t\t\t<div class=\"elementor-element elementor-element-14cda43 elementor-widget elementor-widget-text-editor\" data-id=\"14cda43\" data-element_type=\"widget\" data-e-type=\"widget\" data-widget_type=\"text-editor.default\">\n\t\t\t\t<div class=\"elementor-widget-container\">\n\t\t\t\t\t\t\t\t\t<p>O LEM se destina a desenvolver atividades de ensino, pesquisa e presta\u00e7\u00e3o de servi\u00e7os na \u00e1rea de Ci\u00eancia e Engenharia de Materiais.<br \/>A realiza\u00e7\u00e3o de experimentos de laborat\u00f3rio desenvolvidos no LEM permite conhecer as caracter\u00edsticas do material e desta forma possibilitar um projeto adequado para um produto e \/ ou um elemento de m\u00e1quina. O comportamento mec\u00e2nico de um material reflete a rela\u00e7\u00e3o entre a sua resposta ou deforma\u00e7\u00e3o a uma solicita\u00e7\u00e3o mec\u00e2nica que esteja sendo aplicada. Dentre os fatores a serem considerados incluem-se a natureza da carga aplicada e a dura\u00e7\u00e3o de sua aplica\u00e7\u00e3o, bem como as condi\u00e7\u00f5es ambientais.<br \/>Os equipamentos do LEM t\u00eam sido utilizados no desenvolvimento de atividades de pesquisa dos alunos e dos professores do Programa de P\u00f3s-Gradua\u00e7\u00e3o em Engenharia Mec\u00e2nica e de Materiais (PPGEM) e de outros projetos da Institui\u00e7\u00e3o que envolva a necessidade de caracteriza\u00e7\u00e3o mec\u00e2nica de materiais.<br \/>Al\u00e9m da clientela interna, os equipamentos do Laborat\u00f3rio tamb\u00e9m s\u00e3o empregados em presta\u00e7\u00e3o de servi\u00e7os para diversas empresas, podendo destacar entre elas Volvo, Robert Bosch, Electrolux, Renault e CNH.<\/p>\t\t\t\t\t\t\t\t<\/div>\n\t\t\t\t<\/div>\n\t\t\t\t<div class=\"elementor-element elementor-element-b35e1c5 elementor-widget elementor-widget-spacer\" data-id=\"b35e1c5\" data-element_type=\"widget\" data-e-type=\"widget\" data-widget_type=\"spacer.default\">\n\t\t\t\t<div class=\"elementor-widget-container\">\n\t\t\t\t\t\t\t<div class=\"elementor-spacer\">\n\t\t\t<div class=\"elementor-spacer-inner\"><\/div>\n\t\t<\/div>\n\t\t\t\t\t\t<\/div>\n\t\t\t\t<\/div>\n\t\t\t\t<div class=\"elementor-element elementor-element-0449073 elementor-widget elementor-widget-heading\" data-id=\"0449073\" data-element_type=\"widget\" data-e-type=\"widget\" data-widget_type=\"heading.default\">\n\t\t\t\t<div class=\"elementor-widget-container\">\n\t\t\t\t\t<h4 class=\"elementor-heading-title elementor-size-default\"><b>Equipamento<\/b><\/h4>\t\t\t\t<\/div>\n\t\t\t\t<\/div>\n\t\t\t\t<div class=\"elementor-element elementor-element-f369cc7 elementor-widget elementor-widget-text-editor\" data-id=\"f369cc7\" data-element_type=\"widget\" data-e-type=\"widget\" data-widget_type=\"text-editor.default\">\n\t\t\t\t<div class=\"elementor-widget-container\">\n\t\t\t\t\t\t\t\t\t<p>M\u00e1quina universal de ensaios mec\u00e2nicos MTS 810;<br \/>M\u00e1quina de ensaios mec\u00e2nicos EMIC DL 1000;<br \/>Dur\u00f4metro Vickers e Brinell, WPM;<br \/>Dur\u00f4metro Rockwell, Wilson;<br \/>Dur\u00f4metro Brinell, Rockwell, Vickers, Emco Test;<br \/>Microdur\u00f4metro Vickers, Shimadzu. e CNH.<\/p>\t\t\t\t\t\t\t\t<\/div>\n\t\t\t\t<\/div>\n\t\t\t\t\t<\/div>\n\t\t<\/div>\n\t\t\t\t<div class=\"elementor-column elementor-col-33 elementor-top-column elementor-element elementor-element-c7df3d8\" data-id=\"c7df3d8\" data-element_type=\"column\" data-e-type=\"column\">\n\t\t\t<div class=\"elementor-widget-wrap\">\n\t\t\t\t\t\t\t<\/div>\n\t\t<\/div>\n\t\t\t\t\t<\/div>\n\t\t<\/section>\n\t\t\t\t<\/div>\n\t\t","protected":false},"excerpt":{"rendered":"<p>Home EM 005 &#8211; Laborat\u00f3rio de Ensaios Mec\u00e2nicos Respons\u00e1vel: Prof. Dr. Ricardo Fernando dos Reis Objetivo e finalidade O LEM<\/p>\n","protected":false},"author":384,"featured_media":0,"parent":0,"menu_order":0,"comment_status":"closed","ping_status":"closed","template":"","meta":{"colormag_page_container_layout":"default_layout","colormag_page_sidebar_layout":"default_layout","footnotes":""},"class_list":["post-4882","page","type-page","status-publish","hentry"],"_links":{"self":[{"href":"https:\/\/utfpr.curitiba.br\/damec\/index.php?rest_route=\/wp\/v2\/pages\/4882","targetHints":{"allow":["GET"]}}],"collection":[{"href":"https:\/\/utfpr.curitiba.br\/damec\/index.php?rest_route=\/wp\/v2\/pages"}],"about":[{"href":"https:\/\/utfpr.curitiba.br\/damec\/index.php?rest_route=\/wp\/v2\/types\/page"}],"author":[{"embeddable":true,"href":"https:\/\/utfpr.curitiba.br\/damec\/index.php?rest_route=\/wp\/v2\/users\/384"}],"replies":[{"embeddable":true,"href":"https:\/\/utfpr.curitiba.br\/damec\/index.php?rest_route=%2Fwp%2Fv2%2Fcomments&post=4882"}],"version-history":[{"count":10,"href":"https:\/\/utfpr.curitiba.br\/damec\/index.php?rest_route=\/wp\/v2\/pages\/4882\/revisions"}],"predecessor-version":[{"id":5317,"href":"https:\/\/utfpr.curitiba.br\/damec\/index.php?rest_route=\/wp\/v2\/pages\/4882\/revisions\/5317"}],"wp:attachment":[{"href":"https:\/\/utfpr.curitiba.br\/damec\/index.php?rest_route=%2Fwp%2Fv2%2Fmedia&parent=4882"}],"curies":[{"name":"wp","href":"https:\/\/api.w.org\/{rel}","templated":true}]}}