{"id":4856,"date":"2025-10-13T16:36:27","date_gmt":"2025-10-13T19:36:27","guid":{"rendered":"https:\/\/utfpr.curitiba.br\/damec\/?page_id=4856"},"modified":"2025-10-20T17:28:20","modified_gmt":"2025-10-20T20:28:20","slug":"ek-209-laboratorio-de-metalografia","status":"publish","type":"page","link":"https:\/\/utfpr.curitiba.br\/damec\/?page_id=4856","title":{"rendered":"EK 209 &#8211; Laborat\u00f3rio de Metalografia"},"content":{"rendered":"\t\t<div data-elementor-type=\"wp-page\" data-elementor-id=\"4856\" class=\"elementor elementor-4856\">\n\t\t\t\t\t\t<section class=\"elementor-section elementor-top-section elementor-element elementor-element-1631600 elementor-section-boxed elementor-section-height-default elementor-section-height-default\" data-id=\"1631600\" data-element_type=\"section\" data-e-type=\"section\">\n\t\t\t\t\t\t<div class=\"elementor-container elementor-column-gap-default\">\n\t\t\t\t\t<div class=\"elementor-column elementor-col-100 elementor-top-column elementor-element elementor-element-a1358ea\" data-id=\"a1358ea\" data-element_type=\"column\" data-e-type=\"column\">\n\t\t\t<div class=\"elementor-widget-wrap elementor-element-populated\">\n\t\t\t\t\t\t<div class=\"elementor-element elementor-element-3414b62 elementor-widget elementor-widget-hfe-breadcrumbs-widget\" data-id=\"3414b62\" data-element_type=\"widget\" data-e-type=\"widget\" data-widget_type=\"hfe-breadcrumbs-widget.default\">\n\t\t\t\t<div class=\"elementor-widget-container\">\n\t\t\t\t\t<nav aria-label=\"Breadcrumb\"><ul class=\"hfe-breadcrumbs hfe-breadcrumbs-show-home\"><li class=\"hfe-breadcrumbs-item hfe-breadcrumbs-first\"><span class=\"hfe-breadcrumbs-home-icon\"><i aria-hidden=\"true\" class=\"fas fa-home\"><\/i><\/span><a href=\"https:\/\/utfpr.curitiba.br\/damec\"><span class=\"hfe-breadcrumbs-text\">Home<\/span><\/a><\/li><\/ul><\/nav>\t\t\t\t<\/div>\n\t\t\t\t<\/div>\n\t\t\t\t<div class=\"elementor-element elementor-element-222fe32 elementor-widget elementor-widget-heading\" data-id=\"222fe32\" data-element_type=\"widget\" data-e-type=\"widget\" data-widget_type=\"heading.default\">\n\t\t\t\t<div class=\"elementor-widget-container\">\n\t\t\t\t\t<h2 class=\"elementor-heading-title elementor-size-default\">EK 209 - Laborat\u00f3rio de Metalografia<\/h2>\t\t\t\t<\/div>\n\t\t\t\t<\/div>\n\t\t\t\t<div class=\"elementor-element elementor-element-d2fd818 elementor-widget elementor-widget-spacer\" data-id=\"d2fd818\" data-element_type=\"widget\" data-e-type=\"widget\" data-widget_type=\"spacer.default\">\n\t\t\t\t<div class=\"elementor-widget-container\">\n\t\t\t\t\t\t\t<div class=\"elementor-spacer\">\n\t\t\t<div class=\"elementor-spacer-inner\"><\/div>\n\t\t<\/div>\n\t\t\t\t\t\t<\/div>\n\t\t\t\t<\/div>\n\t\t\t\t\t<\/div>\n\t\t<\/div>\n\t\t\t\t\t<\/div>\n\t\t<\/section>\n\t\t\t\t<section class=\"elementor-section elementor-top-section elementor-element elementor-element-77ca97e elementor-section-boxed elementor-section-height-default elementor-section-height-default\" data-id=\"77ca97e\" data-element_type=\"section\" data-e-type=\"section\">\n\t\t\t\t\t\t<div class=\"elementor-container elementor-column-gap-default\">\n\t\t\t\t\t<div class=\"elementor-column elementor-col-66 elementor-top-column elementor-element elementor-element-cd6b091\" data-id=\"cd6b091\" data-element_type=\"column\" data-e-type=\"column\">\n\t\t\t<div class=\"elementor-widget-wrap elementor-element-populated\">\n\t\t\t\t\t\t<div class=\"elementor-element elementor-element-e7b08c2 elementor-widget elementor-widget-text-editor\" data-id=\"e7b08c2\" data-element_type=\"widget\" data-e-type=\"widget\" data-widget_type=\"text-editor.default\">\n\t\t\t\t<div class=\"elementor-widget-container\">\n\t\t\t\t\t\t\t\t\t<p>Respons\u00e1vel: <a href=\"https:\/\/utfpr.curitiba.br\/damec\/?page_id=2729\">Prof. Dr. Rodrigo Lupinacci Villanova\u00a0<strong>(Diretor Ajunto de Gradua\u00e7\u00e3o e Educa\u00e7\u00e3o Profissional)<\/strong><\/a><\/p>\t\t\t\t\t\t\t\t<\/div>\n\t\t\t\t<\/div>\n\t\t\t\t<div class=\"elementor-element elementor-element-773b348 elementor-widget elementor-widget-spacer\" data-id=\"773b348\" data-element_type=\"widget\" data-e-type=\"widget\" data-widget_type=\"spacer.default\">\n\t\t\t\t<div class=\"elementor-widget-container\">\n\t\t\t\t\t\t\t<div class=\"elementor-spacer\">\n\t\t\t<div class=\"elementor-spacer-inner\"><\/div>\n\t\t<\/div>\n\t\t\t\t\t\t<\/div>\n\t\t\t\t<\/div>\n\t\t\t\t<div class=\"elementor-element elementor-element-ae26c12 elementor-widget elementor-widget-heading\" data-id=\"ae26c12\" data-element_type=\"widget\" data-e-type=\"widget\" data-widget_type=\"heading.default\">\n\t\t\t\t<div class=\"elementor-widget-container\">\n\t\t\t\t\t<h4 class=\"elementor-heading-title elementor-size-default\"><b>Objetivo e finalidade<\/b><\/h4>\t\t\t\t<\/div>\n\t\t\t\t<\/div>\n\t\t\t\t<div class=\"elementor-element elementor-element-651625b elementor-widget elementor-widget-text-editor\" data-id=\"651625b\" data-element_type=\"widget\" data-e-type=\"widget\" data-widget_type=\"text-editor.default\">\n\t\t\t\t<div class=\"elementor-widget-container\">\n\t\t\t\t\t\t\t\t\t<p>Prepara\u00e7\u00e3o de amostras para an\u00e1lise metalogr\u00e1fica.<br \/>Aulas pr\u00e1ticas das disciplinas do grupo de materiais e apoio \u00e0 pesquisa<\/p>\t\t\t\t\t\t\t\t<\/div>\n\t\t\t\t<\/div>\n\t\t\t\t<div class=\"elementor-element elementor-element-45f9253 elementor-widget elementor-widget-spacer\" data-id=\"45f9253\" data-element_type=\"widget\" data-e-type=\"widget\" data-widget_type=\"spacer.default\">\n\t\t\t\t<div class=\"elementor-widget-container\">\n\t\t\t\t\t\t\t<div class=\"elementor-spacer\">\n\t\t\t<div class=\"elementor-spacer-inner\"><\/div>\n\t\t<\/div>\n\t\t\t\t\t\t<\/div>\n\t\t\t\t<\/div>\n\t\t\t\t<div class=\"elementor-element elementor-element-42cb7ba elementor-widget elementor-widget-heading\" data-id=\"42cb7ba\" data-element_type=\"widget\" data-e-type=\"widget\" data-widget_type=\"heading.default\">\n\t\t\t\t<div class=\"elementor-widget-container\">\n\t\t\t\t\t<h4 class=\"elementor-heading-title elementor-size-default\"><b>Equipamentos<\/b><\/h4>\t\t\t\t<\/div>\n\t\t\t\t<\/div>\n\t\t\t\t<div class=\"elementor-element elementor-element-8bedb3c elementor-widget elementor-widget-text-editor\" data-id=\"8bedb3c\" data-element_type=\"widget\" data-e-type=\"widget\" data-widget_type=\"text-editor.default\">\n\t\t\t\t<div class=\"elementor-widget-container\">\n\t\t\t\t\t\t\t\t\t<p>Cortadeiras, embutidoras, lixadeiras, politrizes, capela para ataque qu\u00edmico.<\/p>\t\t\t\t\t\t\t\t<\/div>\n\t\t\t\t<\/div>\n\t\t\t\t\t<\/div>\n\t\t<\/div>\n\t\t\t\t<div class=\"elementor-column elementor-col-33 elementor-top-column elementor-element elementor-element-f4a0fda\" data-id=\"f4a0fda\" data-element_type=\"column\" data-e-type=\"column\">\n\t\t\t<div class=\"elementor-widget-wrap\">\n\t\t\t\t\t\t\t<\/div>\n\t\t<\/div>\n\t\t\t\t\t<\/div>\n\t\t<\/section>\n\t\t\t\t<\/div>\n\t\t","protected":false},"excerpt":{"rendered":"<p>Home EK 209 &#8211; Laborat\u00f3rio de Metalografia Respons\u00e1vel: Prof. Dr. Rodrigo Lupinacci Villanova\u00a0(Diretor Ajunto de Gradua\u00e7\u00e3o e Educa\u00e7\u00e3o Profissional) Objetivo<\/p>\n","protected":false},"author":384,"featured_media":0,"parent":0,"menu_order":0,"comment_status":"closed","ping_status":"closed","template":"","meta":{"colormag_page_container_layout":"default_layout","colormag_page_sidebar_layout":"default_layout","footnotes":""},"class_list":["post-4856","page","type-page","status-publish","hentry"],"_links":{"self":[{"href":"https:\/\/utfpr.curitiba.br\/damec\/index.php?rest_route=\/wp\/v2\/pages\/4856","targetHints":{"allow":["GET"]}}],"collection":[{"href":"https:\/\/utfpr.curitiba.br\/damec\/index.php?rest_route=\/wp\/v2\/pages"}],"about":[{"href":"https:\/\/utfpr.curitiba.br\/damec\/index.php?rest_route=\/wp\/v2\/types\/page"}],"author":[{"embeddable":true,"href":"https:\/\/utfpr.curitiba.br\/damec\/index.php?rest_route=\/wp\/v2\/users\/384"}],"replies":[{"embeddable":true,"href":"https:\/\/utfpr.curitiba.br\/damec\/index.php?rest_route=%2Fwp%2Fv2%2Fcomments&post=4856"}],"version-history":[{"count":13,"href":"https:\/\/utfpr.curitiba.br\/damec\/index.php?rest_route=\/wp\/v2\/pages\/4856\/revisions"}],"predecessor-version":[{"id":5299,"href":"https:\/\/utfpr.curitiba.br\/damec\/index.php?rest_route=\/wp\/v2\/pages\/4856\/revisions\/5299"}],"wp:attachment":[{"href":"https:\/\/utfpr.curitiba.br\/damec\/index.php?rest_route=%2Fwp%2Fv2%2Fmedia&parent=4856"}],"curies":[{"name":"wp","href":"https:\/\/api.w.org\/{rel}","templated":true}]}}