{"id":4721,"date":"2025-10-13T15:49:46","date_gmt":"2025-10-13T18:49:46","guid":{"rendered":"https:\/\/utfpr.curitiba.br\/damec\/?page_id=4721"},"modified":"2025-10-22T11:53:04","modified_gmt":"2025-10-22T14:53:04","slug":"em-203-laboratorio-de-acustica","status":"publish","type":"page","link":"https:\/\/utfpr.curitiba.br\/damec\/?page_id=4721","title":{"rendered":"EM 203 &#8211; Laborat\u00f3rio de Ac\u00fastica"},"content":{"rendered":"\t\t<div data-elementor-type=\"wp-page\" data-elementor-id=\"4721\" class=\"elementor elementor-4721\">\n\t\t\t\t\t\t<section class=\"elementor-section elementor-top-section elementor-element elementor-element-6802071 elementor-section-boxed elementor-section-height-default elementor-section-height-default\" data-id=\"6802071\" data-element_type=\"section\" data-e-type=\"section\">\n\t\t\t\t\t\t<div class=\"elementor-container elementor-column-gap-default\">\n\t\t\t\t\t<div class=\"elementor-column elementor-col-100 elementor-top-column elementor-element elementor-element-534655f\" data-id=\"534655f\" data-element_type=\"column\" data-e-type=\"column\">\n\t\t\t<div class=\"elementor-widget-wrap elementor-element-populated\">\n\t\t\t\t\t\t<div class=\"elementor-element elementor-element-5026d9b elementor-widget elementor-widget-hfe-breadcrumbs-widget\" data-id=\"5026d9b\" data-element_type=\"widget\" data-e-type=\"widget\" data-widget_type=\"hfe-breadcrumbs-widget.default\">\n\t\t\t\t<div class=\"elementor-widget-container\">\n\t\t\t\t\t<nav aria-label=\"Breadcrumb\"><ul class=\"hfe-breadcrumbs hfe-breadcrumbs-show-home\"><li class=\"hfe-breadcrumbs-item hfe-breadcrumbs-first\"><span class=\"hfe-breadcrumbs-home-icon\"><i aria-hidden=\"true\" class=\"fas fa-home\"><\/i><\/span><a href=\"https:\/\/utfpr.curitiba.br\/damec\"><span class=\"hfe-breadcrumbs-text\">Home<\/span><\/a><\/li><\/ul><\/nav>\t\t\t\t<\/div>\n\t\t\t\t<\/div>\n\t\t\t\t<div class=\"elementor-element elementor-element-412d1d9 elementor-widget elementor-widget-heading\" data-id=\"412d1d9\" data-element_type=\"widget\" data-e-type=\"widget\" data-widget_type=\"heading.default\">\n\t\t\t\t<div class=\"elementor-widget-container\">\n\t\t\t\t\t<h2 class=\"elementor-heading-title elementor-size-default\">EM 203 - Laborat\u00f3rio de Ac\u00fastica\n<\/h2>\t\t\t\t<\/div>\n\t\t\t\t<\/div>\n\t\t\t\t<div class=\"elementor-element elementor-element-42084aa elementor-widget elementor-widget-spacer\" data-id=\"42084aa\" data-element_type=\"widget\" data-e-type=\"widget\" data-widget_type=\"spacer.default\">\n\t\t\t\t<div class=\"elementor-widget-container\">\n\t\t\t\t\t\t\t<div class=\"elementor-spacer\">\n\t\t\t<div class=\"elementor-spacer-inner\"><\/div>\n\t\t<\/div>\n\t\t\t\t\t\t<\/div>\n\t\t\t\t<\/div>\n\t\t\t\t\t<\/div>\n\t\t<\/div>\n\t\t\t\t\t<\/div>\n\t\t<\/section>\n\t\t\t\t<section class=\"elementor-section elementor-top-section elementor-element elementor-element-cc8e906 elementor-section-boxed elementor-section-height-default elementor-section-height-default\" data-id=\"cc8e906\" data-element_type=\"section\" data-e-type=\"section\">\n\t\t\t\t\t\t<div class=\"elementor-container elementor-column-gap-default\">\n\t\t\t\t\t<div class=\"elementor-column elementor-col-66 elementor-top-column elementor-element elementor-element-a1a8937\" data-id=\"a1a8937\" data-element_type=\"column\" data-e-type=\"column\">\n\t\t\t<div class=\"elementor-widget-wrap elementor-element-populated\">\n\t\t\t\t\t\t<div class=\"elementor-element elementor-element-cc43c39 elementor-widget elementor-widget-text-editor\" data-id=\"cc43c39\" data-element_type=\"widget\" data-e-type=\"widget\" data-widget_type=\"text-editor.default\">\n\t\t\t\t<div class=\"elementor-widget-container\">\n\t\t\t\t\t\t\t\t\t<p>Respons\u00e1vel: <a href=\"https:\/\/utfpr.curitiba.br\/damec\/?page_id=2741\">Prof. Me. Samuel Soares Ansay\u00a0<strong>(Coordenador da Engenharia Mec\u00e2nica)<\/strong><\/a><\/p>\t\t\t\t\t\t\t\t<\/div>\n\t\t\t\t<\/div>\n\t\t\t\t<div class=\"elementor-element elementor-element-bc2e3d1 elementor-widget elementor-widget-spacer\" data-id=\"bc2e3d1\" data-element_type=\"widget\" data-e-type=\"widget\" data-widget_type=\"spacer.default\">\n\t\t\t\t<div class=\"elementor-widget-container\">\n\t\t\t\t\t\t\t<div class=\"elementor-spacer\">\n\t\t\t<div class=\"elementor-spacer-inner\"><\/div>\n\t\t<\/div>\n\t\t\t\t\t\t<\/div>\n\t\t\t\t<\/div>\n\t\t\t\t<div class=\"elementor-element elementor-element-5cee747 elementor-widget elementor-widget-heading\" data-id=\"5cee747\" data-element_type=\"widget\" data-e-type=\"widget\" data-widget_type=\"heading.default\">\n\t\t\t\t<div class=\"elementor-widget-container\">\n\t\t\t\t\t<h4 class=\"elementor-heading-title elementor-size-default\"><b>Objetivo e finalidade<\/b><\/h4>\t\t\t\t<\/div>\n\t\t\t\t<\/div>\n\t\t\t\t<div class=\"elementor-element elementor-element-eaaba01 elementor-widget elementor-widget-text-editor\" data-id=\"eaaba01\" data-element_type=\"widget\" data-e-type=\"widget\" data-widget_type=\"text-editor.default\">\n\t\t\t\t<div class=\"elementor-widget-container\">\n\t\t\t\t\t\t\t\t\t<p>Medi\u00e7\u00f5es ac\u00fasticas realizadas no laborat\u00f3rio e medi\u00e7\u00f5es ac\u00fasticas realizadas fora do laborat\u00f3rio usando equipamentos do laborat\u00f3rio. <br \/>Medi\u00e7\u00f5es de tempo de reverbera\u00e7\u00e3o RT60;<br \/>Medi\u00e7\u00f5es de isolamento ac\u00fastico;<br \/>Medi\u00e7\u00f5es de par\u00e2metros ac\u00fasticos de audit\u00f3rios, salas de aula, e teatros;<br \/>Medi\u00e7\u00f5es de pot\u00eancia ac\u00fastica de M\u00e1quinas e equipamentos, no laborat\u00f3rio e in situ;<br \/>Medi\u00e7\u00f5es de intensidade ac\u00fastica, no laborat\u00f3rio e in situ;<br \/>Medi\u00e7\u00e3o de coeficiente de absor\u00e7\u00e3o de pain\u00e9is ac\u00fasticos e superf\u00edcies ac\u00fasticas;<br \/>Medi\u00e7\u00f5es de n\u00edvel de press\u00e3o sonora e ru\u00eddo;<br \/>Medi\u00e7\u00e3o de ru\u00eddo ambiental e industrial;<br \/>Medi\u00e7\u00e3o de ru\u00eddo ocupacional;<\/p>\t\t\t\t\t\t\t\t<\/div>\n\t\t\t\t<\/div>\n\t\t\t\t<div class=\"elementor-element elementor-element-8b8be0d elementor-widget elementor-widget-spacer\" data-id=\"8b8be0d\" data-element_type=\"widget\" data-e-type=\"widget\" data-widget_type=\"spacer.default\">\n\t\t\t\t<div class=\"elementor-widget-container\">\n\t\t\t\t\t\t\t<div class=\"elementor-spacer\">\n\t\t\t<div class=\"elementor-spacer-inner\"><\/div>\n\t\t<\/div>\n\t\t\t\t\t\t<\/div>\n\t\t\t\t<\/div>\n\t\t\t\t<div class=\"elementor-element elementor-element-e958f89 elementor-widget elementor-widget-heading\" data-id=\"e958f89\" data-element_type=\"widget\" data-e-type=\"widget\" data-widget_type=\"heading.default\">\n\t\t\t\t<div class=\"elementor-widget-container\">\n\t\t\t\t\t<h4 class=\"elementor-heading-title elementor-size-default\"><b>Equipamento<\/b><\/h4>\t\t\t\t<\/div>\n\t\t\t\t<\/div>\n\t\t\t\t<div class=\"elementor-element elementor-element-b0196c1 elementor-widget elementor-widget-text-editor\" data-id=\"b0196c1\" data-element_type=\"widget\" data-e-type=\"widget\" data-widget_type=\"text-editor.default\">\n\t\t\t\t<div class=\"elementor-widget-container\">\n\t\t\t\t\t\t\t\t\t<p>Medidor de n\u00edvel de press\u00e3o sonora &#8211; decibelimetro;<br \/>Sonda de medi\u00e7\u00e3o de intensidade sonora;<br \/>Interface USB de 4 canais para analise de sinais;<br \/>Uma fonte sonora omnidirevional dodecahedrica com amplificador acoplado;<br \/>Softwares de analise de sinal, medi\u00e7\u00e3o de r\u00edido, determina\u00e7\u00e3o de pot\u00eancia ac\u00fastica e de par\u00e2metros ac\u00fasticos de ambientes;<\/p>\t\t\t\t\t\t\t\t<\/div>\n\t\t\t\t<\/div>\n\t\t\t\t\t<\/div>\n\t\t<\/div>\n\t\t\t\t<div class=\"elementor-column elementor-col-33 elementor-top-column elementor-element elementor-element-fd7924d\" data-id=\"fd7924d\" data-element_type=\"column\" data-e-type=\"column\">\n\t\t\t<div class=\"elementor-widget-wrap\">\n\t\t\t\t\t\t\t<\/div>\n\t\t<\/div>\n\t\t\t\t\t<\/div>\n\t\t<\/section>\n\t\t\t\t<\/div>\n\t\t","protected":false},"excerpt":{"rendered":"<p>Home EM 203 &#8211; Laborat\u00f3rio de Ac\u00fastica Respons\u00e1vel: Prof. Me. Samuel Soares Ansay\u00a0(Coordenador da Engenharia Mec\u00e2nica) Objetivo e finalidade Medi\u00e7\u00f5es<\/p>\n","protected":false},"author":384,"featured_media":0,"parent":0,"menu_order":0,"comment_status":"closed","ping_status":"closed","template":"","meta":{"colormag_page_container_layout":"default_layout","colormag_page_sidebar_layout":"default_layout","footnotes":""},"class_list":["post-4721","page","type-page","status-publish","hentry"],"_links":{"self":[{"href":"https:\/\/utfpr.curitiba.br\/damec\/index.php?rest_route=\/wp\/v2\/pages\/4721","targetHints":{"allow":["GET"]}}],"collection":[{"href":"https:\/\/utfpr.curitiba.br\/damec\/index.php?rest_route=\/wp\/v2\/pages"}],"about":[{"href":"https:\/\/utfpr.curitiba.br\/damec\/index.php?rest_route=\/wp\/v2\/types\/page"}],"author":[{"embeddable":true,"href":"https:\/\/utfpr.curitiba.br\/damec\/index.php?rest_route=\/wp\/v2\/users\/384"}],"replies":[{"embeddable":true,"href":"https:\/\/utfpr.curitiba.br\/damec\/index.php?rest_route=%2Fwp%2Fv2%2Fcomments&post=4721"}],"version-history":[{"count":7,"href":"https:\/\/utfpr.curitiba.br\/damec\/index.php?rest_route=\/wp\/v2\/pages\/4721\/revisions"}],"predecessor-version":[{"id":5432,"href":"https:\/\/utfpr.curitiba.br\/damec\/index.php?rest_route=\/wp\/v2\/pages\/4721\/revisions\/5432"}],"wp:attachment":[{"href":"https:\/\/utfpr.curitiba.br\/damec\/index.php?rest_route=%2Fwp%2Fv2%2Fmedia&parent=4721"}],"curies":[{"name":"wp","href":"https:\/\/api.w.org\/{rel}","templated":true}]}}