{"id":4173,"date":"2025-10-02T14:52:54","date_gmt":"2025-10-02T17:52:54","guid":{"rendered":"https:\/\/utfpr.curitiba.br\/damec\/?page_id=4173"},"modified":"2025-10-02T17:49:21","modified_gmt":"2025-10-02T20:49:21","slug":"engenharia-mecanica-e-de-materiais","status":"publish","type":"page","link":"https:\/\/utfpr.curitiba.br\/damec\/?page_id=4173","title":{"rendered":"Engenharia Mec\u00e2nica e de Materiais"},"content":{"rendered":"\t\t<div data-elementor-type=\"wp-page\" data-elementor-id=\"4173\" class=\"elementor elementor-4173\">\n\t\t\t\t\t\t<section class=\"elementor-section elementor-top-section elementor-element elementor-element-d37d5f9 elementor-section-boxed elementor-section-height-default elementor-section-height-default\" data-id=\"d37d5f9\" data-element_type=\"section\" data-e-type=\"section\">\n\t\t\t\t\t\t<div class=\"elementor-container elementor-column-gap-default\">\n\t\t\t\t\t<div class=\"elementor-column elementor-col-100 elementor-top-column elementor-element elementor-element-96adc42\" data-id=\"96adc42\" data-element_type=\"column\" data-e-type=\"column\">\n\t\t\t<div class=\"elementor-widget-wrap elementor-element-populated\">\n\t\t\t\t\t\t<div class=\"elementor-element elementor-element-0bacf09 elementor-widget elementor-widget-hfe-breadcrumbs-widget\" data-id=\"0bacf09\" data-element_type=\"widget\" data-e-type=\"widget\" data-widget_type=\"hfe-breadcrumbs-widget.default\">\n\t\t\t\t<div class=\"elementor-widget-container\">\n\t\t\t\t\t<nav aria-label=\"Breadcrumb\"><ul class=\"hfe-breadcrumbs hfe-breadcrumbs-show-home\"><li class=\"hfe-breadcrumbs-item hfe-breadcrumbs-first\"><span class=\"hfe-breadcrumbs-home-icon\"><i aria-hidden=\"true\" class=\"fas fa-home\"><\/i><\/span><a href=\"https:\/\/utfpr.curitiba.br\/damec\"><span class=\"hfe-breadcrumbs-text\">Home<\/span><\/a><\/li><\/ul><\/nav>\t\t\t\t<\/div>\n\t\t\t\t<\/div>\n\t\t\t\t<div class=\"elementor-element elementor-element-4ae50f2 elementor-widget elementor-widget-heading\" data-id=\"4ae50f2\" data-element_type=\"widget\" data-e-type=\"widget\" data-widget_type=\"heading.default\">\n\t\t\t\t<div class=\"elementor-widget-container\">\n\t\t\t\t\t<h2 class=\"elementor-heading-title elementor-size-default\"><b>Programa de P\u00f3s-Gradua\u00e7\u00e3o em Engenharia Mec\u00e2nica e de Materiais<\/b><\/h2>\t\t\t\t<\/div>\n\t\t\t\t<\/div>\n\t\t\t\t<div class=\"elementor-element elementor-element-77590b5 elementor-widget elementor-widget-spacer\" data-id=\"77590b5\" data-element_type=\"widget\" data-e-type=\"widget\" data-widget_type=\"spacer.default\">\n\t\t\t\t<div class=\"elementor-widget-container\">\n\t\t\t\t\t\t\t<div class=\"elementor-spacer\">\n\t\t\t<div class=\"elementor-spacer-inner\"><\/div>\n\t\t<\/div>\n\t\t\t\t\t\t<\/div>\n\t\t\t\t<\/div>\n\t\t\t\t<div class=\"elementor-element elementor-element-fafbb80 elementor-widget elementor-widget-heading\" data-id=\"fafbb80\" data-element_type=\"widget\" data-e-type=\"widget\" data-widget_type=\"heading.default\">\n\t\t\t\t<div class=\"elementor-widget-container\">\n\t\t\t\t\t<h4 class=\"elementor-heading-title elementor-size-default\"><b>Objetivo do programa<\/b><\/h4>\t\t\t\t<\/div>\n\t\t\t\t<\/div>\n\t\t\t\t<div class=\"elementor-element elementor-element-062bd39 elementor-widget elementor-widget-text-editor\" data-id=\"062bd39\" data-element_type=\"widget\" data-e-type=\"widget\" data-widget_type=\"text-editor.default\">\n\t\t\t\t<div class=\"elementor-widget-container\">\n\t\t\t\t\t\t\t\t\t<p>Capacitar profissionais para a aplica\u00e7\u00e3o de conhecimentos na execu\u00e7\u00e3o de atividades de pesquisa cientifica e de desenvolvimento visando a solu\u00e7\u00e3o de problemas ou a proposi\u00e7\u00e3o de inova\u00e7\u00f5es tecnologias para atender demandas da sociedade e do mercado de trabalho;<\/p><p>Definir, propor, coordenar e executar projetos de pesquisa e desenvolvimento tecnol\u00f3gico nas suas linhas de atua\u00e7\u00e3o, visando atender demandas espec\u00edficas para o desenvolvimento internacional, nacional, regional e\/ou local.<\/p>\t\t\t\t\t\t\t\t<\/div>\n\t\t\t\t<\/div>\n\t\t\t\t<div class=\"elementor-element elementor-element-a6a1777 elementor-widget elementor-widget-spacer\" data-id=\"a6a1777\" data-element_type=\"widget\" data-e-type=\"widget\" data-widget_type=\"spacer.default\">\n\t\t\t\t<div class=\"elementor-widget-container\">\n\t\t\t\t\t\t\t<div class=\"elementor-spacer\">\n\t\t\t<div class=\"elementor-spacer-inner\"><\/div>\n\t\t<\/div>\n\t\t\t\t\t\t<\/div>\n\t\t\t\t<\/div>\n\t\t\t\t<div class=\"elementor-element elementor-element-0a04741 elementor-widget elementor-widget-heading\" data-id=\"0a04741\" data-element_type=\"widget\" data-e-type=\"widget\" data-widget_type=\"heading.default\">\n\t\t\t\t<div class=\"elementor-widget-container\">\n\t\t\t\t\t<h4 class=\"elementor-heading-title elementor-size-default\"><b>\u00c1reas de Concentra\u00e7\u00e3o e Linhas de Pesquisa<\/b><\/h4>\t\t\t\t<\/div>\n\t\t\t\t<\/div>\n\t\t\t\t<div class=\"elementor-element elementor-element-c432d90 elementor-widget elementor-widget-text-editor\" data-id=\"c432d90\" data-element_type=\"widget\" data-e-type=\"widget\" data-widget_type=\"text-editor.default\">\n\t\t\t\t<div class=\"elementor-widget-container\">\n\t\t\t\t\t\t\t\t\t<p><strong>Engenharia de Manufatura:<\/strong> <a href=\"https:\/\/www.utfpr.edu.br\/cursos\/coordenacoes\/stricto-sensu\/ppgem-ct\/sobre\/desenvolvimento-integrado\">Desenvolvimento Integrado de Produto<\/a> e <a href=\"https:\/\/www.utfpr.edu.br\/cursos\/coordenacoes\/stricto-sensu\/ppgem-ct\/sobre\/otimizacao-de-processos-de-fabricacao\">Otimiza\u00e7\u00e3o de Fabrica\u00e7\u00e3o<\/a><br \/><strong>Engenharia de Materiais:<\/strong> <a href=\"https:\/\/www.utfpr.edu.br\/cursos\/coordenacoes\/stricto-sensu\/ppgem-ct\/sobre\/caracterizacao-de-materiais\">Caracteriza\u00e7\u00e3o de Materiais<\/a> e <a href=\"https:\/\/www.utfpr.edu.br\/cursos\/coordenacoes\/stricto-sensu\/ppgem-ct\/sobre\/processamento-de-materiais\">Processamento de Materiais<\/a><br \/><strong>Engenharia T\u00e9rmica:<\/strong> <a href=\"https:\/\/www.utfpr.edu.br\/cursos\/coordenacoes\/stricto-sensu\/ppgem-ct\/sobre\/analise-e-modelagem-de-processos-e-sistemas-termicos-1\">An\u00e1lise e Modelagem de Processos e Sistemas T\u00e9rmicos<\/a>, <a href=\"https:\/\/www.utfpr.edu.br\/cursos\/coordenacoes\/stricto-sensu\/ppgem-ct\/sobre\/mecanica-dos-fluidos\">Mec\u00e2nica dos Fluidos<\/a><br \/><strong>Mec\u00e2nica dos S\u00f3lidos:<\/strong> <a href=\"https:\/\/www.utfpr.edu.br\/cursos\/coordenacoes\/stricto-sensu\/ppgem-ct\/sobre\/mecanica-dos-solidos-computacional\">Mec\u00e2nica dos S\u00f3lidos Computacional<\/a><\/p>\t\t\t\t\t\t\t\t<\/div>\n\t\t\t\t<\/div>\n\t\t\t\t<div class=\"elementor-element elementor-element-adbace6 elementor-widget elementor-widget-spacer\" data-id=\"adbace6\" data-element_type=\"widget\" data-e-type=\"widget\" data-widget_type=\"spacer.default\">\n\t\t\t\t<div class=\"elementor-widget-container\">\n\t\t\t\t\t\t\t<div class=\"elementor-spacer\">\n\t\t\t<div class=\"elementor-spacer-inner\"><\/div>\n\t\t<\/div>\n\t\t\t\t\t\t<\/div>\n\t\t\t\t<\/div>\n\t\t\t\t\t<\/div>\n\t\t<\/div>\n\t\t\t\t\t<\/div>\n\t\t<\/section>\n\t\t\t\t<section class=\"elementor-section elementor-top-section elementor-element elementor-element-e2d5e00 elementor-section-boxed elementor-section-height-default elementor-section-height-default\" data-id=\"e2d5e00\" data-element_type=\"section\" data-e-type=\"section\">\n\t\t\t\t\t\t<div class=\"elementor-container elementor-column-gap-default\">\n\t\t\t\t\t<div class=\"elementor-column elementor-col-100 elementor-top-column elementor-element elementor-element-7b8c25e\" data-id=\"7b8c25e\" data-element_type=\"column\" data-e-type=\"column\">\n\t\t\t<div class=\"elementor-widget-wrap elementor-element-populated\">\n\t\t\t\t\t\t<div class=\"elementor-element elementor-element-8f2b1f6 elementor-widget elementor-widget-heading\" data-id=\"8f2b1f6\" data-element_type=\"widget\" data-e-type=\"widget\" data-widget_type=\"heading.default\">\n\t\t\t\t<div class=\"elementor-widget-container\">\n\t\t\t\t\t<h2 class=\"elementor-heading-title elementor-size-default\"><b>Coordena\u00e7\u00e3o<\/b><\/h2>\t\t\t\t<\/div>\n\t\t\t\t<\/div>\n\t\t\t\t<div class=\"elementor-element elementor-element-9b992ea elementor-widget elementor-widget-text-editor\" data-id=\"9b992ea\" data-element_type=\"widget\" data-e-type=\"widget\" data-widget_type=\"text-editor.default\">\n\t\t\t\t<div class=\"elementor-widget-container\">\n\t\t\t\t\t\t\t\t\t<p><a href=\"https:\/\/utfpr.curitiba.br\/damec\/?page_id=2382\"><strong><span class=\"\">Prof. Giuseppe Pintaude (Coordenador)<br \/><\/span><\/strong><\/a><a href=\"https:\/\/utfpr.curitiba.br\/damec\/?page_id=2634\"><strong><span class=\"\">Prof.\u00a0 Milton Luiz Polli (Vice-Coordenador)<\/span><\/strong><\/a><\/p>\t\t\t\t\t\t\t\t<\/div>\n\t\t\t\t<\/div>\n\t\t\t\t<div class=\"elementor-element elementor-element-4f9c80b elementor-widget elementor-widget-text-editor\" data-id=\"4f9c80b\" data-element_type=\"widget\" data-e-type=\"widget\" data-widget_type=\"text-editor.default\">\n\t\t\t\t<div class=\"elementor-widget-container\">\n\t\t\t\t\t\t\t\t\t<p><a href=\"mailto:ppgem-ct@utfpr.edu.br (Coordena%C3%A7%C3%A3o)\" rel=\"noopener noreferrer\">ppgem-ct@utfpr.edu.br<\/a><\/p>\t\t\t\t\t\t\t\t<\/div>\n\t\t\t\t<\/div>\n\t\t\t\t\t<\/div>\n\t\t<\/div>\n\t\t\t\t\t<\/div>\n\t\t<\/section>\n\t\t\t\t<section class=\"elementor-section elementor-top-section elementor-element elementor-element-597080d elementor-section-boxed elementor-section-height-default elementor-section-height-default\" data-id=\"597080d\" data-element_type=\"section\" data-e-type=\"section\">\n\t\t\t\t\t\t<div class=\"elementor-container elementor-column-gap-default\">\n\t\t\t\t\t<div class=\"elementor-column elementor-col-100 elementor-top-column elementor-element elementor-element-1845767\" data-id=\"1845767\" data-element_type=\"column\" data-e-type=\"column\">\n\t\t\t<div class=\"elementor-widget-wrap elementor-element-populated\">\n\t\t\t\t\t\t<div class=\"elementor-element elementor-element-ffd79ad elementor-widget elementor-widget-text-editor\" data-id=\"ffd79ad\" data-element_type=\"widget\" data-e-type=\"widget\" data-widget_type=\"text-editor.default\">\n\t\t\t\t<div class=\"elementor-widget-container\">\n\t\t\t\t\t\t\t\t\t<p><strong><span style=\"text-decoration: underline\"><a href=\"https:\/\/www.utfpr.edu.br\/estrutura\/pesquisa-e-pos-graduacao\/dirppg\/curitiba#secretaria-geralstricto-sensuecoville\">Secretaria Geral Stricto Sensu Ecoville<\/a><\/span><\/strong><\/p>\t\t\t\t\t\t\t\t<\/div>\n\t\t\t\t<\/div>\n\t\t\t\t\t<\/div>\n\t\t<\/div>\n\t\t\t\t\t<\/div>\n\t\t<\/section>\n\t\t\t\t<section class=\"elementor-section elementor-top-section elementor-element elementor-element-551bde8 elementor-section-boxed elementor-section-height-default elementor-section-height-default\" data-id=\"551bde8\" data-element_type=\"section\" data-e-type=\"section\">\n\t\t\t\t\t\t<div class=\"elementor-container elementor-column-gap-default\">\n\t\t\t\t\t<div class=\"elementor-column elementor-col-100 elementor-top-column elementor-element elementor-element-34dbbb4\" data-id=\"34dbbb4\" data-element_type=\"column\" data-e-type=\"column\">\n\t\t\t<div class=\"elementor-widget-wrap\">\n\t\t\t\t\t\t\t<\/div>\n\t\t<\/div>\n\t\t\t\t\t<\/div>\n\t\t<\/section>\n\t\t\t\t<\/div>\n\t\t","protected":false},"excerpt":{"rendered":"<p>Home Programa de P\u00f3s-Gradua\u00e7\u00e3o em Engenharia Mec\u00e2nica e de Materiais Objetivo do programa Capacitar profissionais para a aplica\u00e7\u00e3o de conhecimentos<\/p>\n","protected":false},"author":384,"featured_media":0,"parent":0,"menu_order":0,"comment_status":"closed","ping_status":"closed","template":"","meta":{"colormag_page_container_layout":"default_layout","colormag_page_sidebar_layout":"default_layout","footnotes":""},"class_list":["post-4173","page","type-page","status-publish","hentry"],"_links":{"self":[{"href":"https:\/\/utfpr.curitiba.br\/damec\/index.php?rest_route=\/wp\/v2\/pages\/4173","targetHints":{"allow":["GET"]}}],"collection":[{"href":"https:\/\/utfpr.curitiba.br\/damec\/index.php?rest_route=\/wp\/v2\/pages"}],"about":[{"href":"https:\/\/utfpr.curitiba.br\/damec\/index.php?rest_route=\/wp\/v2\/types\/page"}],"author":[{"embeddable":true,"href":"https:\/\/utfpr.curitiba.br\/damec\/index.php?rest_route=\/wp\/v2\/users\/384"}],"replies":[{"embeddable":true,"href":"https:\/\/utfpr.curitiba.br\/damec\/index.php?rest_route=%2Fwp%2Fv2%2Fcomments&post=4173"}],"version-history":[{"count":22,"href":"https:\/\/utfpr.curitiba.br\/damec\/index.php?rest_route=\/wp\/v2\/pages\/4173\/revisions"}],"predecessor-version":[{"id":4407,"href":"https:\/\/utfpr.curitiba.br\/damec\/index.php?rest_route=\/wp\/v2\/pages\/4173\/revisions\/4407"}],"wp:attachment":[{"href":"https:\/\/utfpr.curitiba.br\/damec\/index.php?rest_route=%2Fwp%2Fv2%2Fmedia&parent=4173"}],"curies":[{"name":"wp","href":"https:\/\/api.w.org\/{rel}","templated":true}]}}