{"id":4106,"date":"2025-09-25T17:01:45","date_gmt":"2025-09-25T20:01:45","guid":{"rendered":"https:\/\/utfpr.curitiba.br\/damec\/?page_id=4106"},"modified":"2026-03-10T15:09:30","modified_gmt":"2026-03-10T18:09:30","slug":"professores-2","status":"publish","type":"page","link":"https:\/\/utfpr.curitiba.br\/damec\/?page_id=4106","title":{"rendered":"Professores"},"content":{"rendered":"\t\t<div data-elementor-type=\"wp-page\" data-elementor-id=\"4106\" class=\"elementor elementor-4106\">\n\t\t\t\t\t\t<section class=\"elementor-section elementor-top-section elementor-element elementor-element-4bc4151 elementor-section-boxed elementor-section-height-default elementor-section-height-default\" data-id=\"4bc4151\" data-element_type=\"section\" data-e-type=\"section\">\n\t\t\t\t\t\t<div class=\"elementor-container elementor-column-gap-default\">\n\t\t\t\t\t<div class=\"elementor-column elementor-col-100 elementor-top-column elementor-element elementor-element-c061a7d\" data-id=\"c061a7d\" data-element_type=\"column\" data-e-type=\"column\">\n\t\t\t<div class=\"elementor-widget-wrap elementor-element-populated\">\n\t\t\t\t\t\t<div class=\"elementor-element elementor-element-ee63d21 elementor-widget elementor-widget-hfe-breadcrumbs-widget\" data-id=\"ee63d21\" data-element_type=\"widget\" data-e-type=\"widget\" data-widget_type=\"hfe-breadcrumbs-widget.default\">\n\t\t\t\t<div class=\"elementor-widget-container\">\n\t\t\t\t\t<nav aria-label=\"Breadcrumb\"><ul class=\"hfe-breadcrumbs hfe-breadcrumbs-show-home\"><li class=\"hfe-breadcrumbs-item hfe-breadcrumbs-first\"><span class=\"hfe-breadcrumbs-home-icon\"><i aria-hidden=\"true\" class=\"fas fa-home\"><\/i><\/span><a href=\"https:\/\/utfpr.curitiba.br\/damec\"><span class=\"hfe-breadcrumbs-text\">Home<\/span><\/a><\/li><\/ul><\/nav>\t\t\t\t<\/div>\n\t\t\t\t<\/div>\n\t\t\t\t<div class=\"elementor-element elementor-element-151a281 elementor-widget elementor-widget-heading\" data-id=\"151a281\" data-element_type=\"widget\" data-e-type=\"widget\" data-widget_type=\"heading.default\">\n\t\t\t\t<div class=\"elementor-widget-container\">\n\t\t\t\t\t<h2 class=\"elementor-heading-title elementor-size-default\"><b>Professores<\/b><\/h2>\t\t\t\t<\/div>\n\t\t\t\t<\/div>\n\t\t\t\t\t<\/div>\n\t\t<\/div>\n\t\t\t\t\t<\/div>\n\t\t<\/section>\n\t\t\t\t<section class=\"elementor-section elementor-top-section elementor-element elementor-element-ce6c9c2 elementor-section-boxed elementor-section-height-default elementor-section-height-default\" data-id=\"ce6c9c2\" data-element_type=\"section\" data-e-type=\"section\">\n\t\t\t\t\t\t<div class=\"elementor-container elementor-column-gap-default\">\n\t\t\t\t\t<div class=\"elementor-column elementor-col-20 elementor-top-column elementor-element elementor-element-8538574\" data-id=\"8538574\" data-element_type=\"column\" data-e-type=\"column\">\n\t\t\t<div class=\"elementor-widget-wrap elementor-element-populated\">\n\t\t\t\t\t\t<div class=\"elementor-element elementor-element-5c6ef9a elementor-widget elementor-widget-button\" data-id=\"5c6ef9a\" data-element_type=\"widget\" data-e-type=\"widget\" data-widget_type=\"button.default\">\n\t\t\t\t<div class=\"elementor-widget-container\">\n\t\t\t\t\t\t\t\t\t<div class=\"elementor-button-wrapper\">\n\t\t\t\t\t<a class=\"elementor-button elementor-button-link elementor-size-sm\" href=\"https:\/\/utfpr.curitiba.br\/damec\/?page_id=5547\">\n\t\t\t\t\t\t<span class=\"elementor-button-content-wrapper\">\n\t\t\t\t\t\t\t\t\t<span class=\"elementor-button-text\">Ex-docentes<\/span>\n\t\t\t\t\t<\/span>\n\t\t\t\t\t<\/a>\n\t\t\t\t<\/div>\n\t\t\t\t\t\t\t\t<\/div>\n\t\t\t\t<\/div>\n\t\t\t\t\t<\/div>\n\t\t<\/div>\n\t\t\t\t<div class=\"elementor-column elementor-col-20 elementor-top-column elementor-element elementor-element-30cf745\" data-id=\"30cf745\" data-element_type=\"column\" data-e-type=\"column\">\n\t\t\t<div class=\"elementor-widget-wrap elementor-element-populated\">\n\t\t\t\t\t\t<div class=\"elementor-element elementor-element-cfb7e53 elementor-widget elementor-widget-button\" data-id=\"cfb7e53\" data-element_type=\"widget\" data-e-type=\"widget\" data-widget_type=\"button.default\">\n\t\t\t\t<div class=\"elementor-widget-container\">\n\t\t\t\t\t\t\t\t\t<div class=\"elementor-button-wrapper\">\n\t\t\t\t\t<a class=\"elementor-button elementor-button-link elementor-size-sm\" href=\"https:\/\/utfpr.curitiba.br\/damec\/?page_id=5894\">\n\t\t\t\t\t\t<span class=\"elementor-button-content-wrapper\">\n\t\t\t\t\t\t\t\t\t<span class=\"elementor-button-text\">Ex-colaboradores<\/span>\n\t\t\t\t\t<\/span>\n\t\t\t\t\t<\/a>\n\t\t\t\t<\/div>\n\t\t\t\t\t\t\t\t<\/div>\n\t\t\t\t<\/div>\n\t\t\t\t\t<\/div>\n\t\t<\/div>\n\t\t\t\t<div class=\"elementor-column elementor-col-20 elementor-top-column elementor-element elementor-element-22b0a9e\" data-id=\"22b0a9e\" data-element_type=\"column\" data-e-type=\"column\">\n\t\t\t<div class=\"elementor-widget-wrap\">\n\t\t\t\t\t\t\t<\/div>\n\t\t<\/div>\n\t\t\t\t<div class=\"elementor-column elementor-col-20 elementor-top-column elementor-element elementor-element-8de0098\" data-id=\"8de0098\" data-element_type=\"column\" data-e-type=\"column\">\n\t\t\t<div class=\"elementor-widget-wrap\">\n\t\t\t\t\t\t\t<\/div>\n\t\t<\/div>\n\t\t\t\t<div class=\"elementor-column elementor-col-20 elementor-top-column elementor-element elementor-element-c9bc01a\" data-id=\"c9bc01a\" data-element_type=\"column\" data-e-type=\"column\">\n\t\t\t<div class=\"elementor-widget-wrap\">\n\t\t\t\t\t\t\t<\/div>\n\t\t<\/div>\n\t\t\t\t\t<\/div>\n\t\t<\/section>\n\t\t\t\t<section class=\"elementor-section elementor-top-section elementor-element elementor-element-af5ae12 elementor-section-boxed elementor-section-height-default elementor-section-height-default\" data-id=\"af5ae12\" data-element_type=\"section\" data-e-type=\"section\">\n\t\t\t\t\t\t<div class=\"elementor-container elementor-column-gap-default\">\n\t\t\t\t\t<div class=\"elementor-column elementor-col-100 elementor-top-column elementor-element elementor-element-e5e2b00\" data-id=\"e5e2b00\" data-element_type=\"column\" data-e-type=\"column\">\n\t\t\t<div class=\"elementor-widget-wrap\">\n\t\t\t\t\t\t\t<\/div>\n\t\t<\/div>\n\t\t\t\t\t<\/div>\n\t\t<\/section>\n\t\t\t\t<section class=\"elementor-section elementor-top-section elementor-element elementor-element-5e22dea elementor-section-boxed elementor-section-height-default elementor-section-height-default\" data-id=\"5e22dea\" data-element_type=\"section\" data-e-type=\"section\">\n\t\t\t\t\t\t<div class=\"elementor-container elementor-column-gap-default\">\n\t\t\t\t\t<div class=\"elementor-column elementor-col-100 elementor-top-column elementor-element elementor-element-e31bd6f\" data-id=\"e31bd6f\" data-element_type=\"column\" data-e-type=\"column\">\n\t\t\t<div class=\"elementor-widget-wrap elementor-element-populated\">\n\t\t\t\t\t\t<div class=\"elementor-element elementor-element-735df57 elementor-tabs-view-horizontal elementor-widget elementor-widget-tabs\" data-id=\"735df57\" data-element_type=\"widget\" data-e-type=\"widget\" data-widget_type=\"tabs.default\">\n\t\t\t\t<div class=\"elementor-widget-container\">\n\t\t\t\t\t\t\t<div class=\"elementor-tabs\">\n\t\t\t<div class=\"elementor-tabs-wrapper\" role=\"tablist\" >\n\t\t\t\t\t\t\t\t\t<div id=\"elementor-tab-title-1201\" class=\"elementor-tab-title elementor-tab-desktop-title\" aria-selected=\"true\" data-tab=\"1\" role=\"tab\" tabindex=\"0\" aria-controls=\"elementor-tab-content-1201\" aria-expanded=\"false\">Comum<\/div>\n\t\t\t\t\t\t\t\t\t<div id=\"elementor-tab-title-1202\" class=\"elementor-tab-title elementor-tab-desktop-title\" aria-selected=\"false\" data-tab=\"2\" role=\"tab\" tabindex=\"-1\" aria-controls=\"elementor-tab-content-1202\" aria-expanded=\"false\">Automa\u00e7\u00e3o<\/div>\n\t\t\t\t\t\t\t\t\t<div id=\"elementor-tab-title-1203\" class=\"elementor-tab-title elementor-tab-desktop-title\" aria-selected=\"false\" data-tab=\"3\" role=\"tab\" tabindex=\"-1\" aria-controls=\"elementor-tab-content-1203\" aria-expanded=\"false\">Estrutural<\/div>\n\t\t\t\t\t\t\t\t\t<div id=\"elementor-tab-title-1204\" class=\"elementor-tab-title elementor-tab-desktop-title\" aria-selected=\"false\" data-tab=\"4\" role=\"tab\" tabindex=\"-1\" aria-controls=\"elementor-tab-content-1204\" aria-expanded=\"false\">Fabrica\u00e7\u00e3o<\/div>\n\t\t\t\t\t\t\t\t\t<div id=\"elementor-tab-title-1205\" class=\"elementor-tab-title elementor-tab-desktop-title\" aria-selected=\"false\" data-tab=\"5\" role=\"tab\" tabindex=\"-1\" aria-controls=\"elementor-tab-content-1205\" aria-expanded=\"false\">Materiais<\/div>\n\t\t\t\t\t\t\t\t\t<div id=\"elementor-tab-title-1206\" class=\"elementor-tab-title elementor-tab-desktop-title\" aria-selected=\"false\" data-tab=\"6\" role=\"tab\" tabindex=\"-1\" aria-controls=\"elementor-tab-content-1206\" aria-expanded=\"false\">Metrologia<\/div>\n\t\t\t\t\t\t\t\t\t<div id=\"elementor-tab-title-1207\" class=\"elementor-tab-title elementor-tab-desktop-title\" aria-selected=\"false\" data-tab=\"7\" role=\"tab\" tabindex=\"-1\" aria-controls=\"elementor-tab-content-1207\" aria-expanded=\"false\">Produ\u00e7\u00e3o<\/div>\n\t\t\t\t\t\t\t\t\t<div id=\"elementor-tab-title-1208\" class=\"elementor-tab-title elementor-tab-desktop-title\" aria-selected=\"false\" data-tab=\"8\" role=\"tab\" tabindex=\"-1\" aria-controls=\"elementor-tab-content-1208\" aria-expanded=\"false\">Projetos<\/div>\n\t\t\t\t\t\t\t\t\t<div id=\"elementor-tab-title-1209\" class=\"elementor-tab-title elementor-tab-desktop-title\" aria-selected=\"false\" data-tab=\"9\" role=\"tab\" tabindex=\"-1\" aria-controls=\"elementor-tab-content-1209\" aria-expanded=\"false\">T\u00e9rmica<\/div>\n\t\t\t\t\t\t\t<\/div>\n\t\t\t<div class=\"elementor-tabs-content-wrapper\" role=\"tablist\" aria-orientation=\"vertical\">\n\t\t\t\t\t\t\t\t\t<div class=\"elementor-tab-title elementor-tab-mobile-title\" aria-selected=\"true\" data-tab=\"1\" role=\"tab\" tabindex=\"0\" aria-controls=\"elementor-tab-content-1201\" aria-expanded=\"false\">Comum<\/div>\n\t\t\t\t\t<div id=\"elementor-tab-content-1201\" class=\"elementor-tab-content elementor-clearfix\" data-tab=\"1\" role=\"tabpanel\" aria-labelledby=\"elementor-tab-title-1201\" tabindex=\"0\" hidden=\"false\"><p><a href=\"https:\/\/utfpr.curitiba.br\/damec\/?page_id=5647\">Profa. Dra. Geocris Rodrigues dos Santos<\/a><\/p><\/div>\n\t\t\t\t\t\t\t\t\t<div class=\"elementor-tab-title elementor-tab-mobile-title\" aria-selected=\"false\" data-tab=\"2\" role=\"tab\" tabindex=\"-1\" aria-controls=\"elementor-tab-content-1202\" aria-expanded=\"false\">Automa\u00e7\u00e3o<\/div>\n\t\t\t\t\t<div id=\"elementor-tab-content-1202\" class=\"elementor-tab-content elementor-clearfix\" data-tab=\"2\" role=\"tabpanel\" aria-labelledby=\"elementor-tab-title-1202\" tabindex=\"0\" hidden=\"hidden\"><p><a href=\"https:\/\/utfpr.curitiba.br\/damec\/?page_id=2455\">Prof. Dr. Leandro Magat\u00e3o<\/a><\/p><p><a href=\"https:\/\/utfpr.curitiba.br\/damec\/?page_id=2498\">Prof. Dr. Luis Paulo Laus<\/a><\/p><p><a href=\"https:\/\/utfpr.curitiba.br\/damec\/?page_id=2508\">Prof. Dr. Luiz Carlos de Abreu Rodrigues<\/a><\/p><p><a href=\"https:\/\/utfpr.curitiba.br\/damec\/?page_id=2565\">Prof. Dr. M\u00e1rcio Alvez Sodr\u00e9 de Souza <strong>(Vice-Coordenador do Curso de Eng. Mecatr\u00f4nica)<\/strong><\/a><\/p><p><a href=\"https:\/\/utfpr.curitiba.br\/damec\/?page_id=2195\">Prof. Dr. Ruy Somei Nakayama <strong>(L\u00edder)<\/strong><\/a><\/p><p><a href=\"https:\/\/utfpr.curitiba.br\/damec\/?page_id=2750\">Prof. Dr. Sidney Carlos Gasoto<\/a><\/p><\/div>\n\t\t\t\t\t\t\t\t\t<div class=\"elementor-tab-title elementor-tab-mobile-title\" aria-selected=\"false\" data-tab=\"3\" role=\"tab\" tabindex=\"-1\" aria-controls=\"elementor-tab-content-1203\" aria-expanded=\"false\">Estrutural<\/div>\n\t\t\t\t\t<div id=\"elementor-tab-content-1203\" class=\"elementor-tab-content elementor-clearfix\" data-tab=\"3\" role=\"tabpanel\" aria-labelledby=\"elementor-tab-title-1203\" tabindex=\"0\" hidden=\"hidden\"><p><a href=\"https:\/\/utfpr.curitiba.br\/damec\/?page_id=2142\">Profa. Dra. Ana Paula Carvalho da Silva Ferreira <strong>(L\u00edder)<\/strong><\/a><\/p><p><a href=\"https:\/\/utfpr.curitiba.br\/damec\/?page_id=2264\">Prof. Dr. Carlos Henrique Da Silva<\/a><\/p><p><a href=\"https:\/\/utfpr.curitiba.br\/damec\/?page_id=2292\">Prof. Dr. Claudio Roberto Avila Da Silva Junior<\/a><\/p><p><a href=\"https:\/\/utfpr.curitiba.br\/damec\/?page_id=2317\">Prof. Dr. Claudio Tavares da Silva<\/a><\/p><p><a href=\"https:\/\/utfpr.curitiba.br\/damec\/?page_id=2357\">Prof. Dr. Eduardo Gregorio Olienick Filho<\/a><\/p><p><a href=\"https:\/\/utfpr.curitiba.br\/damec\/?page_id=2800\">Prof. Dr. \u00canio Henrique Pires da Silva<\/a><\/p><p><a href=\"https:\/\/utfpr.curitiba.br\/damec\/?page_id=2388\">Prof. Dr. Hilbeth Parente Azikri de Deus<\/a><\/p><p><a href=\"https:\/\/utfpr.curitiba.br\/damec\/?page_id=2486\">Prof. Dr. Luciano Zart Olanyk<\/a><\/p><p><a href=\"https:\/\/utfpr.curitiba.br\/damec\/?page_id=2521\">Prof. Me. Marcelo Maldaner<\/a><\/p><p><a href=\"https:\/\/utfpr.curitiba.br\/damec\/?page_id=2540\">Prof. Dr. Marcio Henrique de Avelar Gomes<\/a><\/p><p><a href=\"https:\/\/utfpr.curitiba.br\/damec\/?page_id=2574\">Prof. Dr. Marco Antonio Luersen<\/a><\/p><p><a href=\"https:\/\/utfpr.curitiba.br\/damec\/?page_id=2673\">Prof. Dr. Nilson Barbieri<\/a><\/p><p><a href=\"https:\/\/utfpr.curitiba.br\/damec\/?page_id=2741\">Prof. Me. Samuel Soares Ansay <strong>(Coordenador da Engenharia Mec\u00e2nica)<\/strong><\/a><\/p><\/div>\n\t\t\t\t\t\t\t\t\t<div class=\"elementor-tab-title elementor-tab-mobile-title\" aria-selected=\"false\" data-tab=\"4\" role=\"tab\" tabindex=\"-1\" aria-controls=\"elementor-tab-content-1204\" aria-expanded=\"false\">Fabrica\u00e7\u00e3o<\/div>\n\t\t\t\t\t<div id=\"elementor-tab-content-1204\" class=\"elementor-tab-content elementor-clearfix\" data-tab=\"4\" role=\"tabpanel\" aria-labelledby=\"elementor-tab-title-1204\" tabindex=\"0\" hidden=\"hidden\"><p><a href=\"https:\/\/utfpr.curitiba.br\/damec\/?page_id=2132\">Prof. Dr. Aloisio Jos\u00e9 Schuitek<\/a><\/p><p><a href=\"https:\/\/utfpr.curitiba.br\/damec\/?page_id=5602\">Prof. Dr. Bruno Bellini Medeiros <strong>(L\u00edder)<\/strong><\/a><\/p><p><a href=\"https:\/\/utfpr.curitiba.br\/damec\/?page_id=2341\">Prof. Dr. Daniel Hioki<\/a><\/p><p><a href=\"https:\/\/utfpr.curitiba.br\/damec\/?page_id=2369\">Prof. Dr. Fabio Martins<\/a><\/p><p><a href=\"https:\/\/utfpr.curitiba.br\/damec\/?page_id=2622\">Prof. Esp. Maro Rog\u00e9r Gu\u00e9rios<\/a><\/p><p><a href=\"https:\/\/utfpr.curitiba.br\/damec\/?page_id=2634\">Prof. Dr. Milton Luiz Polli<\/a><\/p><p><a href=\"https:\/\/utfpr.curitiba.br\/damec\/?page_id=2648\">Prof. Dr. Miraldo Matuichuk<\/a><\/p><p><a href=\"https:\/\/utfpr.curitiba.br\/damec\/?page_id=2667\">Prof. Dr. Neri Volpato<\/a><\/p><p><a href=\"https:\/\/utfpr.curitiba.br\/damec\/?page_id=2691\">Prof. Dr. Paulo Andr\u00e9 de Camargo Beltr\u00e3o<\/a><\/p><p><a href=\"https:\/\/utfpr.curitiba.br\/damec\/?page_id=2190\">Prof. Me. Pedro Luiz Fiad do Amaral<\/a><\/p><\/div>\n\t\t\t\t\t\t\t\t\t<div class=\"elementor-tab-title elementor-tab-mobile-title\" aria-selected=\"false\" data-tab=\"5\" role=\"tab\" tabindex=\"-1\" aria-controls=\"elementor-tab-content-1205\" aria-expanded=\"false\">Materiais<\/div>\n\t\t\t\t\t<div id=\"elementor-tab-content-1205\" class=\"elementor-tab-content elementor-clearfix\" data-tab=\"5\" role=\"tabpanel\" aria-labelledby=\"elementor-tab-title-1205\" tabindex=\"0\" hidden=\"hidden\"><p><a href=\"https:\/\/utfpr.curitiba.br\/damec\/?page_id=2363\">Prof. Dr. Euclides Alexandre Bernardelli<\/a><\/p><p><a href=\"https:\/\/utfpr.curitiba.br\/damec\/?page_id=2382\">Prof. Dr. Giuseppe Pintaude <strong>(Coordenador do PPGEM)<\/strong><\/a><\/p><p><a href=\"https:\/\/utfpr.curitiba.br\/damec\/?page_id=2444\">Prof. Dr. Julio Cesar Klein das Neves<\/a><\/p><p><a href=\"https:\/\/utfpr.curitiba.br\/damec\/?page_id=2455\">Prof. Dr. Lucas Freitas Berti<\/a><\/p><p><a href=\"https:\/\/utfpr.curitiba.br\/damec\/?page_id=2533\">Profa. Dra. M\u00e1rcia Silva de Ara\u00fajo<\/a><\/p><p><a href=\"https:\/\/utfpr.curitiba.br\/damec\/?page_id=2553\">Prof. Dr. M\u00e1rcio Mafra<\/a><\/p><p><a href=\"https:\/\/utfpr.curitiba.br\/damec\/?page_id=2587\">Prof. Dr. Marcos Fl\u00e1vio de Oliveira Schiefler Filho<\/a><\/p><p><a href=\"https:\/\/utfpr.curitiba.br\/damec\/?page_id=2162\">Profa. Dra. Marjorie Benegra <strong>(L\u00edder)<\/strong><\/a><\/p><p><a href=\"https:\/\/utfpr.curitiba.br\/damec\/?page_id=2700\">Prof. Dr. Paulo Cesar Borges<\/a><\/p><p><a href=\"https:\/\/utfpr.curitiba.br\/damec\/?page_id=2709\">Prof. Dr. Ricardo Fernando dos Reis<\/a><\/p><p><a href=\"https:\/\/utfpr.curitiba.br\/damec\/?page_id=2729\">Prof. Dr. Rodrigo Lupinacci Villanova <strong>(Diretor Ajunto de Gradua\u00e7\u00e3o e Educa\u00e7\u00e3o Profissional)<\/strong><\/a><\/p><\/div>\n\t\t\t\t\t\t\t\t\t<div class=\"elementor-tab-title elementor-tab-mobile-title\" aria-selected=\"false\" data-tab=\"6\" role=\"tab\" tabindex=\"-1\" aria-controls=\"elementor-tab-content-1206\" aria-expanded=\"false\">Metrologia<\/div>\n\t\t\t\t\t<div id=\"elementor-tab-content-1206\" class=\"elementor-tab-content elementor-clearfix\" data-tab=\"6\" role=\"tabpanel\" aria-labelledby=\"elementor-tab-title-1206\" tabindex=\"0\" hidden=\"hidden\"><p><a href=\"https:\/\/utfpr.curitiba.br\/damec\/?page_id=2271\">Profa. Dra. Cassia Maria Lie Ugaya<\/a><\/p><p><a href=\"https:\/\/utfpr.curitiba.br\/damec\/?page_id=2400\">Prof. Me. Jo\u00e3o Carlos Roso<\/a><\/p><p><a href=\"https:\/\/utfpr.curitiba.br\/damec\/?page_id=2406\">Prof. Me. Jo\u00e3o Vicente Falleiro Salgado<\/a><\/p><p><a href=\"https:\/\/utfpr.curitiba.br\/damec\/?page_id=2597\">Prof. Dr. Marcos Roberto Rodacoski<\/a><\/p><p><a href=\"https:\/\/utfpr.curitiba.br\/damec\/?page_id=2204\">Prof. Dr. Walter Luis Mikos <strong>(L\u00edder)<\/strong><\/a><\/p><\/div>\n\t\t\t\t\t\t\t\t\t<div class=\"elementor-tab-title elementor-tab-mobile-title\" aria-selected=\"false\" data-tab=\"7\" role=\"tab\" tabindex=\"-1\" aria-controls=\"elementor-tab-content-1207\" aria-expanded=\"false\">Produ\u00e7\u00e3o<\/div>\n\t\t\t\t\t<div id=\"elementor-tab-content-1207\" class=\"elementor-tab-content elementor-clearfix\" data-tab=\"7\" role=\"tabpanel\" aria-labelledby=\"elementor-tab-title-1207\" tabindex=\"0\" hidden=\"hidden\"><p><a href=\"https:\/\/utfpr.curitiba.br\/damec\/?page_id=2108\">Prof. Me. Adriano Araujo de Lima<\/a><\/p><p><a href=\"https:\/\/utfpr.curitiba.br\/damec\/?page_id=2332\">Profa. Dra. Cleina Yayoe Okoshi <strong>(Coordenadora de Engenharia de Produ\u00e7\u00e3o)<\/strong><\/a><\/p><p><a href=\"https:\/\/utfpr.curitiba.br\/damec\/?page_id=2778\">Prof. Dr. Jean Marc Stephane Lafay<\/a><\/p><p><a href=\"https:\/\/utfpr.curitiba.br\/damec\/?page_id=2415\">Prof. Dr. Jorge Luiz de Sa Riechi<\/a><\/p><p><a href=\"https:\/\/utfpr.curitiba.br\/damec\/?page_id=2184\">Prof. Me. Osvaldo Verussa Junior <strong>(L\u00edder)<\/strong><\/a><\/p><p><a href=\"https:\/\/utfpr.curitiba.br\/damec\/?page_id=2756\">Prof. Dr. Silvestre Labiak Junior<\/a><\/p><p><a href=\"https:\/\/utfpr.curitiba.br\/damec\/?page_id=2787\">Prof. Dr. Tiago Rodrigues Weller<\/a><\/p><\/div>\n\t\t\t\t\t\t\t\t\t<div class=\"elementor-tab-title elementor-tab-mobile-title\" aria-selected=\"false\" data-tab=\"8\" role=\"tab\" tabindex=\"-1\" aria-controls=\"elementor-tab-content-1208\" aria-expanded=\"false\">Projetos<\/div>\n\t\t\t\t\t<div id=\"elementor-tab-content-1208\" class=\"elementor-tab-content elementor-clearfix\" data-tab=\"8\" role=\"tabpanel\" aria-labelledby=\"elementor-tab-title-1208\" tabindex=\"0\" hidden=\"hidden\"><p><a href=\"https:\/\/utfpr.curitiba.br\/damec\/?page_id=2240\">Prof. Me. Antonio Kozlik Junior<\/a><\/p><p><a href=\"https:\/\/utfpr.curitiba.br\/damec\/?page_id=2246\">Profa. Dra. Carla Cristina Amodio Estorilio<\/a><\/p><p><a href=\"https:\/\/utfpr.curitiba.br\/damec\/?page_id=2255\">Prof. Dr. Carlos Cziulik<\/a><\/p><p><a href=\"https:\/\/utfpr.curitiba.br\/damec\/?page_id=2351\">Prof. Me. David. Kretschek<\/a><\/p><p><a href=\"https:\/\/utfpr.curitiba.br\/damec\/?page_id=2394\">Prof. Me. Irapuan Santos<\/a><\/p><p><a href=\"https:\/\/utfpr.curitiba.br\/damec\/?page_id=2438\">Prof. Dr. Josmael Roberto Kampa<\/a><\/p><p><a href=\"https:\/\/utfpr.curitiba.br\/damec\/?page_id=2516\">Prof. Dr. La\u00e9rcio Javarez J\u00fanior <strong>(Chefe do Departamento de Mec\u00e2nica)<\/strong><\/a><\/p><p><a href=\"https:\/\/utfpr.curitiba.br\/damec\/?page_id=2156\">Prof. Dr. Marco Aurelio de Carvalho <strong>(L\u00edder)<\/strong><\/a><\/p><p><a href=\"https:\/\/utfpr.curitiba.br\/damec\/?page_id=2609\">Profa. Ma. Maria das Gra\u00e7as Contim Garcia<\/a><\/p><p><a href=\"https:\/\/utfpr.curitiba.br\/damec\/?page_id=2682\">Prof. Me. Nilton Luiz Cararo<\/a><\/p><\/div>\n\t\t\t\t\t\t\t\t\t<div class=\"elementor-tab-title elementor-tab-mobile-title\" aria-selected=\"false\" data-tab=\"9\" role=\"tab\" tabindex=\"-1\" aria-controls=\"elementor-tab-content-1209\" aria-expanded=\"false\">T\u00e9rmica<\/div>\n\t\t\t\t\t<div id=\"elementor-tab-content-1209\" class=\"elementor-tab-content elementor-clearfix\" data-tab=\"9\" role=\"tabpanel\" aria-labelledby=\"elementor-tab-title-1209\" tabindex=\"0\" hidden=\"hidden\"><p><a href=\"https:\/\/utfpr.curitiba.br\/damec\/?page_id=2099\">Prof. Dr. Admilson Teixeira Franco<\/a><\/p><p><a href=\"https:\/\/utfpr.curitiba.br\/damec\/?page_id=2286\">Prof. Dr. Cezar Otaviano Ribeiro Negr\u00e3o<\/a><\/p><p><a href=\"https:\/\/utfpr.curitiba.br\/damec\/?page_id=2150\">Prof. Dr. Eduardo Matos Germer<\/a><\/p><p><a href=\"https:\/\/utfpr.curitiba.br\/damec\/?page_id=2915\">Prof. Dr. Henrique Stel de Azevedo<\/a><\/p><p><a href=\"https:\/\/utfpr.curitiba.br\/damec\/?page_id=2432\">Prof. Dr. Jos\u00e9 Antonio Andr\u00e9s Vel\u00e1squez Alegre<\/a><\/p><p><a href=\"https:\/\/utfpr.curitiba.br\/damec\/?page_id=2480\">Prof. Dr. Luciano Fernando dos Santos Rossi<\/a><\/p><p><a href=\"https:\/\/utfpr.curitiba.br\/damec\/?page_id=2654\">Prof. Dr. Mois\u00e9s Alves Marcelino Neto <strong>(L\u00edder)<\/strong><\/a><\/p><p><a href=\"https:\/\/utfpr.curitiba.br\/damec\/?page_id=2720\">Prof. Dr. Rigoberto Eleazar Melgarejo Morales<\/a><\/p><p><a href=\"https:\/\/utfpr.curitiba.br\/damec\/?page_id=2735\">Prof. Dr. Rodrigo Schlischting<\/a><\/p><p><a href=\"https:\/\/utfpr.curitiba.br\/damec\/?page_id=2765\">Prof. Dr. Silvio Luiz de Mello Junqueira<\/a><\/p><\/div>\n\t\t\t\t\t\t\t<\/div>\n\t\t<\/div>\n\t\t\t\t\t\t<\/div>\n\t\t\t\t<\/div>\n\t\t\t\t\t<\/div>\n\t\t<\/div>\n\t\t\t\t\t<\/div>\n\t\t<\/section>\n\t\t\t\t<section class=\"elementor-section elementor-top-section elementor-element elementor-element-0430214 elementor-section-boxed elementor-section-height-default elementor-section-height-default\" data-id=\"0430214\" data-element_type=\"section\" data-e-type=\"section\">\n\t\t\t\t\t\t<div class=\"elementor-container elementor-column-gap-default\">\n\t\t\t\t\t<div class=\"elementor-column elementor-col-100 elementor-top-column elementor-element elementor-element-f6f27ca\" data-id=\"f6f27ca\" data-element_type=\"column\" data-e-type=\"column\">\n\t\t\t<div class=\"elementor-widget-wrap\">\n\t\t\t\t\t\t\t<\/div>\n\t\t<\/div>\n\t\t\t\t\t<\/div>\n\t\t<\/section>\n\t\t\t\t<\/div>\n\t\t","protected":false},"excerpt":{"rendered":"<p>Home Professores Ex-docentes Ex-colaboradores Comum Automa\u00e7\u00e3o Estrutural Fabrica\u00e7\u00e3o Materiais Metrologia Produ\u00e7\u00e3o Projetos T\u00e9rmica Comum Profa. Dra. Geocris Rodrigues dos Santos<\/p>\n","protected":false},"author":384,"featured_media":0,"parent":0,"menu_order":0,"comment_status":"closed","ping_status":"closed","template":"","meta":{"colormag_page_container_layout":"default_layout","colormag_page_sidebar_layout":"default_layout","footnotes":""},"class_list":["post-4106","page","type-page","status-publish","hentry"],"_links":{"self":[{"href":"https:\/\/utfpr.curitiba.br\/damec\/index.php?rest_route=\/wp\/v2\/pages\/4106","targetHints":{"allow":["GET"]}}],"collection":[{"href":"https:\/\/utfpr.curitiba.br\/damec\/index.php?rest_route=\/wp\/v2\/pages"}],"about":[{"href":"https:\/\/utfpr.curitiba.br\/damec\/index.php?rest_route=\/wp\/v2\/types\/page"}],"author":[{"embeddable":true,"href":"https:\/\/utfpr.curitiba.br\/damec\/index.php?rest_route=\/wp\/v2\/users\/384"}],"replies":[{"embeddable":true,"href":"https:\/\/utfpr.curitiba.br\/damec\/index.php?rest_route=%2Fwp%2Fv2%2Fcomments&post=4106"}],"version-history":[{"count":52,"href":"https:\/\/utfpr.curitiba.br\/damec\/index.php?rest_route=\/wp\/v2\/pages\/4106\/revisions"}],"predecessor-version":[{"id":5901,"href":"https:\/\/utfpr.curitiba.br\/damec\/index.php?rest_route=\/wp\/v2\/pages\/4106\/revisions\/5901"}],"wp:attachment":[{"href":"https:\/\/utfpr.curitiba.br\/damec\/index.php?rest_route=%2Fwp%2Fv2%2Fmedia&parent=4106"}],"curies":[{"name":"wp","href":"https:\/\/api.w.org\/{rel}","templated":true}]}}