{"id":4014,"date":"2025-09-25T14:40:51","date_gmt":"2025-09-25T17:40:51","guid":{"rendered":"https:\/\/utfpr.curitiba.br\/damec\/?page_id=4014"},"modified":"2025-10-16T16:01:38","modified_gmt":"2025-10-16T19:01:38","slug":"laboratorios","status":"publish","type":"page","link":"https:\/\/utfpr.curitiba.br\/damec\/?page_id=4014","title":{"rendered":"Laborat\u00f3rios"},"content":{"rendered":"\t\t<div data-elementor-type=\"wp-page\" data-elementor-id=\"4014\" class=\"elementor elementor-4014\">\n\t\t\t\t\t\t<section class=\"elementor-section elementor-top-section elementor-element elementor-element-80bd847 elementor-section-boxed elementor-section-height-default elementor-section-height-default\" data-id=\"80bd847\" data-element_type=\"section\" data-e-type=\"section\">\n\t\t\t\t\t\t<div class=\"elementor-container elementor-column-gap-default\">\n\t\t\t\t\t<div class=\"elementor-column elementor-col-100 elementor-top-column elementor-element elementor-element-64a9bca\" data-id=\"64a9bca\" data-element_type=\"column\" data-e-type=\"column\">\n\t\t\t<div class=\"elementor-widget-wrap elementor-element-populated\">\n\t\t\t\t\t\t<div class=\"elementor-element elementor-element-157429b elementor-widget elementor-widget-hfe-breadcrumbs-widget\" data-id=\"157429b\" data-element_type=\"widget\" data-e-type=\"widget\" data-widget_type=\"hfe-breadcrumbs-widget.default\">\n\t\t\t\t<div class=\"elementor-widget-container\">\n\t\t\t\t\t<nav aria-label=\"Breadcrumb\"><ul class=\"hfe-breadcrumbs hfe-breadcrumbs-show-home\"><li class=\"hfe-breadcrumbs-item hfe-breadcrumbs-first\"><span class=\"hfe-breadcrumbs-home-icon\"><i aria-hidden=\"true\" class=\"fas fa-home\"><\/i><\/span><a href=\"https:\/\/utfpr.curitiba.br\/damec\"><span class=\"hfe-breadcrumbs-text\">Home<\/span><\/a><\/li><\/ul><\/nav>\t\t\t\t<\/div>\n\t\t\t\t<\/div>\n\t\t\t\t<div class=\"elementor-element elementor-element-e5974d8 elementor-widget elementor-widget-heading\" data-id=\"e5974d8\" data-element_type=\"widget\" data-e-type=\"widget\" data-widget_type=\"heading.default\">\n\t\t\t\t<div class=\"elementor-widget-container\">\n\t\t\t\t\t<h2 class=\"elementor-heading-title elementor-size-default\"><b>Laborat\u00f3rios<\/b><\/h2>\t\t\t\t<\/div>\n\t\t\t\t<\/div>\n\t\t\t\t\t<\/div>\n\t\t<\/div>\n\t\t\t\t\t<\/div>\n\t\t<\/section>\n\t\t\t\t<section class=\"elementor-section elementor-top-section elementor-element elementor-element-33b8f8e elementor-section-full_width elementor-section-height-default elementor-section-height-default\" data-id=\"33b8f8e\" data-element_type=\"section\" data-e-type=\"section\">\n\t\t\t\t\t\t<div class=\"elementor-container elementor-column-gap-default\">\n\t\t\t\t\t<div class=\"elementor-column elementor-col-100 elementor-top-column elementor-element elementor-element-1a2ab22\" data-id=\"1a2ab22\" data-element_type=\"column\" data-e-type=\"column\">\n\t\t\t<div class=\"elementor-widget-wrap elementor-element-populated\">\n\t\t\t\t\t\t<div class=\"elementor-element elementor-element-6f08df7 elementor-tabs-view-horizontal elementor-widget elementor-widget-tabs\" data-id=\"6f08df7\" data-element_type=\"widget\" data-e-type=\"widget\" data-widget_type=\"tabs.default\">\n\t\t\t\t<div class=\"elementor-widget-container\">\n\t\t\t\t\t\t\t<div class=\"elementor-tabs\">\n\t\t\t<div class=\"elementor-tabs-wrapper\" role=\"tablist\" >\n\t\t\t\t\t\t\t\t\t<div id=\"elementor-tab-title-1161\" class=\"elementor-tab-title elementor-tab-desktop-title\" aria-selected=\"true\" data-tab=\"1\" role=\"tab\" tabindex=\"0\" aria-controls=\"elementor-tab-content-1161\" aria-expanded=\"false\">Automa\u00e7\u00e3o<\/div>\n\t\t\t\t\t\t\t\t\t<div id=\"elementor-tab-title-1162\" class=\"elementor-tab-title elementor-tab-desktop-title\" aria-selected=\"false\" data-tab=\"2\" role=\"tab\" tabindex=\"-1\" aria-controls=\"elementor-tab-content-1162\" aria-expanded=\"false\">Estrutural<\/div>\n\t\t\t\t\t\t\t\t\t<div id=\"elementor-tab-title-1163\" class=\"elementor-tab-title elementor-tab-desktop-title\" aria-selected=\"false\" data-tab=\"3\" role=\"tab\" tabindex=\"-1\" aria-controls=\"elementor-tab-content-1163\" aria-expanded=\"false\">Fabrica\u00e7\u00e3o<\/div>\n\t\t\t\t\t\t\t\t\t<div id=\"elementor-tab-title-1164\" class=\"elementor-tab-title elementor-tab-desktop-title\" aria-selected=\"false\" data-tab=\"4\" role=\"tab\" tabindex=\"-1\" aria-controls=\"elementor-tab-content-1164\" aria-expanded=\"false\">Materiais<\/div>\n\t\t\t\t\t\t\t\t\t<div id=\"elementor-tab-title-1165\" class=\"elementor-tab-title elementor-tab-desktop-title\" aria-selected=\"false\" data-tab=\"5\" role=\"tab\" tabindex=\"-1\" aria-controls=\"elementor-tab-content-1165\" aria-expanded=\"false\">Metrologia<\/div>\n\t\t\t\t\t\t\t\t\t<div id=\"elementor-tab-title-1166\" class=\"elementor-tab-title elementor-tab-desktop-title\" aria-selected=\"false\" data-tab=\"6\" role=\"tab\" tabindex=\"-1\" aria-controls=\"elementor-tab-content-1166\" aria-expanded=\"false\">Produ\u00e7\u00e3o<\/div>\n\t\t\t\t\t\t\t\t\t<div id=\"elementor-tab-title-1167\" class=\"elementor-tab-title elementor-tab-desktop-title\" aria-selected=\"false\" data-tab=\"7\" role=\"tab\" tabindex=\"-1\" aria-controls=\"elementor-tab-content-1167\" aria-expanded=\"false\">Projetos<\/div>\n\t\t\t\t\t\t\t\t\t<div id=\"elementor-tab-title-1168\" class=\"elementor-tab-title elementor-tab-desktop-title\" aria-selected=\"false\" data-tab=\"8\" role=\"tab\" tabindex=\"-1\" aria-controls=\"elementor-tab-content-1168\" aria-expanded=\"false\">T\u00e9rmica<\/div>\n\t\t\t\t\t\t\t<\/div>\n\t\t\t<div class=\"elementor-tabs-content-wrapper\" role=\"tablist\" aria-orientation=\"vertical\">\n\t\t\t\t\t\t\t\t\t<div class=\"elementor-tab-title elementor-tab-mobile-title\" aria-selected=\"true\" data-tab=\"1\" role=\"tab\" tabindex=\"0\" aria-controls=\"elementor-tab-content-1161\" aria-expanded=\"false\">Automa\u00e7\u00e3o<\/div>\n\t\t\t\t\t<div id=\"elementor-tab-content-1161\" class=\"elementor-tab-content elementor-clearfix\" data-tab=\"1\" role=\"tabpanel\" aria-labelledby=\"elementor-tab-title-1161\" tabindex=\"0\" hidden=\"false\"><p><a style=\"font-size: 16px\" href=\"https:\/\/utfpr.curitiba.br\/damec\/?page_id=4622\" target=\"_blank\" rel=\"noopener\">EK 001 &#8211; Laborat\u00f3rio Tecnologia Assistiva<\/a><br \/><a href=\"https:\/\/utfpr.curitiba.br\/damec\/?page_id=4627\" target=\"_blank\" rel=\"noopener\">EK 002 &#8211; Laborat\u00f3rio de Automa\u00e7\u00e3o e Integra\u00e7\u00e3o<\/a>\u00a0<br \/><a href=\"https:\/\/utfpr.curitiba.br\/damec\/?page_id=4633\" target=\"_blank\" rel=\"noopener\">EK 003 &#8211; Laborat\u00f3rio Simula\u00e7\u00e3o<\/a><br \/><a href=\"https:\/\/utfpr.curitiba.br\/damec\/?page_id=4641\" target=\"_blank\" rel=\"noopener\">EK 004 &#8211; Laborat\u00f3rio de acionamentos industriais\u00a0<\/a><br \/><a href=\"https:\/\/utfpr.curitiba.br\/damec\/?page_id=4649\" target=\"_blank\" rel=\"noopener\">EK 005 &#8211; Laborat\u00f3rio de Automa\u00e7\u00e3o e Prot\u00f3tipos\u00a0<\/a><br \/><a href=\"https:\/\/utfpr.curitiba.br\/damec\/?page_id=4657\" target=\"_blank\" rel=\"noopener\">EK 018 &#8211; Laborat\u00f3rio Sistema Flex. Manufatura<\/a><br \/><a href=\"https:\/\/utfpr.curitiba.br\/damec\/?page_id=4665\" target=\"_blank\" rel=\"noopener\">EK 019 &#8211; Laborat\u00f3rio Rob\u00f3tica<\/a><br \/><a href=\"https:\/\/utfpr.curitiba.br\/damec\/?page_id=4673\" target=\"_blank\" rel=\"noopener\">EK 308 &#8211; Laborat\u00f3rio de Automa\u00e7\u00e3o e Sistemas\u00a0<\/a><br \/><a href=\"https:\/\/utfpr.curitiba.br\/damec\/?page_id=4678\" target=\"_blank\" rel=\"noopener\">EK 309 &#8211; Laborat\u00f3rio de Otimiza\u00e7\u00e3o da Manufatura<\/a><\/p><\/div>\n\t\t\t\t\t\t\t\t\t<div class=\"elementor-tab-title elementor-tab-mobile-title\" aria-selected=\"false\" data-tab=\"2\" role=\"tab\" tabindex=\"-1\" aria-controls=\"elementor-tab-content-1162\" aria-expanded=\"false\">Estrutural<\/div>\n\t\t\t\t\t<div id=\"elementor-tab-content-1162\" class=\"elementor-tab-content elementor-clearfix\" data-tab=\"2\" role=\"tabpanel\" aria-labelledby=\"elementor-tab-title-1162\" tabindex=\"0\" hidden=\"hidden\"><p><a href=\"https:\/\/utfpr.curitiba.br\/damec\/?page_id=4687\" target=\"_blank\" rel=\"noopener\">EK 011 &#8211; Laborat\u00f3rio de Superf\u00edcies de Contato &#8211; LASC 3\u00a0<\/a><br \/><a href=\"https:\/\/utfpr.curitiba.br\/damec\/?page_id=4692\" target=\"_blank\" rel=\"noopener\">EK 103 &#8211; Laborat\u00f3rio de E-Sports e Simuladores<\/a><br \/><a href=\"https:\/\/utfpr.curitiba.br\/damec\/?page_id=4698\" target=\"_blank\" rel=\"noopener\">EM 007 &#8211; Laborat\u00f3rio de Superf\u00edcies e Contato &#8211; LASC 2\u00a0<\/a><br \/><a href=\"https:\/\/utfpr.curitiba.br\/damec\/?page_id=4703\" target=\"_blank\" rel=\"noopener\">EM 105 &#8211; Laborat\u00f3rio de CAE<\/a><br \/><a href=\"https:\/\/utfpr.curitiba.br\/damec\/?page_id=4708\" target=\"_blank\" rel=\"noopener\">EM 201 &#8211; Laborat\u00f3rio de Vibra\u00e7\u00f5es<\/a>\u00a0<br \/><a href=\"https:\/\/utfpr.curitiba.br\/damec\/?page_id=4713\" target=\"_blank\" rel=\"noopener\">EM 202 &#8211; Laborat\u00f3rio de Pesquisa em Eng. Mec\u00e2nica &#8211; Nupem<\/a><br \/><a href=\"https:\/\/utfpr.curitiba.br\/damec\/?page_id=4721\" target=\"_blank\" rel=\"noopener\">EM 203 &#8211; Laborat\u00f3rio de Ac\u00fastica<\/a><br \/><a href=\"https:\/\/utfpr.curitiba.br\/damec\/?page_id=4730\" target=\"_blank\" rel=\"noopener\">EM 204 &#8211; Laborat\u00f3rio de Elementos de M\u00e1quinas e de Mecanismos\u00a0<\/a><br \/><a href=\"https:\/\/utfpr.curitiba.br\/damec\/?page_id=4738\" target=\"_blank\" rel=\"noopener\">EM 301 &#8211; Laborat\u00f3rio Nucleo de Mec\u00e2nica Aplicada e Te\u00f3rica &#8211; NUMAT\u00a0<\/a><br \/><a href=\"https:\/\/utfpr.curitiba.br\/damec\/?page_id=4746\" target=\"_blank\" rel=\"noopener\">EM 308 &#8211; Laborat\u00f3rio de Mec\u00e2nica Estrutural\u00a0<\/a><\/p><\/div>\n\t\t\t\t\t\t\t\t\t<div class=\"elementor-tab-title elementor-tab-mobile-title\" aria-selected=\"false\" data-tab=\"3\" role=\"tab\" tabindex=\"-1\" aria-controls=\"elementor-tab-content-1163\" aria-expanded=\"false\">Fabrica\u00e7\u00e3o<\/div>\n\t\t\t\t\t<div id=\"elementor-tab-content-1163\" class=\"elementor-tab-content elementor-clearfix\" data-tab=\"3\" role=\"tabpanel\" aria-labelledby=\"elementor-tab-title-1163\" tabindex=\"0\" hidden=\"hidden\"><p><a href=\"https:\/\/utfpr.curitiba.br\/damec\/?page_id=4754\" target=\"_blank\" rel=\"noopener\">EK 009 &#8211; Laborat\u00f3rio de aprendizagem por projetos<\/a><br \/><a href=\"https:\/\/utfpr.curitiba.br\/damec\/?page_id=4759\" target=\"_blank\" rel=\"noopener\">EK 012 &#8211; Laborat\u00f3rio de Usinagem Abrasivas e N\u00e3o-Convencionais<\/a><br \/>EK 013 &#8211;\u00a0<a href=\"https:\/\/utfpr.curitiba.br\/damec\/?page_id=4591\" target=\"_blank\" rel=\"noopener\">Laborat\u00f3rio de Fundamentos de Usinagem (LAFUS)\u00a0<\/a><br \/><a href=\"https:\/\/utfpr.curitiba.br\/damec\/?page_id=4777\" target=\"_blank\" rel=\"noopener\">EK 014 &#8211; Laboratorio de Usinagem\u00a0<\/a><br \/><a href=\"https:\/\/utfpr.curitiba.br\/damec\/?page_id=4785\" target=\"_blank\" rel=\"noopener\">EK 015 &#8211; Laborat\u00f3rio CNC\u00a0<\/a><br \/><a href=\"https:\/\/utfpr.curitiba.br\/damec\/?page_id=4609\" target=\"_blank\" rel=\"noopener\">EK 016 &#8211; Laborat\u00f3rio CAD\/CAM\u00a0<\/a><br \/><a href=\"https:\/\/utfpr.curitiba.br\/damec\/?page_id=4796\" target=\"_blank\" rel=\"noopener\">EK 017 &#8211; Laborat\u00f3rio De Pesquisa Em Usinagem<\/a><br \/><a href=\"https:\/\/utfpr.curitiba.br\/damec\/?page_id=4801\" target=\"_blank\" rel=\"noopener\">EL 003 &#8211; Laborat\u00f3rio de Pesquisa em Soldagem<\/a>\u00a0<br \/><a href=\"https:\/\/utfpr.curitiba.br\/damec\/?page_id=4810\" target=\"_blank\" rel=\"noopener\">EL 004 &#8211; Laborat\u00f3rio de Soldagem\u00a0<\/a><br \/><a href=\"https:\/\/utfpr.curitiba.br\/damec\/?page_id=4818\" target=\"_blank\" rel=\"noopener\">EM 001 &#8211; Laborat\u00f3rio de Inje\u00e7\u00e3o<\/a>\u00a0<br \/><a href=\"https:\/\/utfpr.curitiba.br\/damec\/?page_id=4823\" target=\"_blank\" rel=\"noopener\">EM 002 &#8211; Laborat\u00f3rio de Manufatura Aditiva<\/a><\/p><\/div>\n\t\t\t\t\t\t\t\t\t<div class=\"elementor-tab-title elementor-tab-mobile-title\" aria-selected=\"false\" data-tab=\"4\" role=\"tab\" tabindex=\"-1\" aria-controls=\"elementor-tab-content-1164\" aria-expanded=\"false\">Materiais<\/div>\n\t\t\t\t\t<div id=\"elementor-tab-content-1164\" class=\"elementor-tab-content elementor-clearfix\" data-tab=\"4\" role=\"tabpanel\" aria-labelledby=\"elementor-tab-title-1164\" tabindex=\"0\" hidden=\"hidden\"><p><a style=\"font-size: 16px\" href=\"https:\/\/utfpr.curitiba.br\/damec\/?page_id=4832\" target=\"_blank\" rel=\"noopener\">EK 006 &#8211; Laborat\u00f3rio de Projetos de Extens\u00e3o<\/a>\u00a0<br \/><a href=\"https:\/\/utfpr.curitiba.br\/damec\/?page_id=4837\" target=\"_blank\" rel=\"noopener\">EK 206 &#8211; Laborat\u00f3rio de Ensaios N\u00e3o Destrutivos<\/a><br \/><a href=\"https:\/\/utfpr.curitiba.br\/damec\/?page_id=4843\" target=\"_blank\" rel=\"noopener\">EK 207 &#8211; Laborat\u00f3rio de Superf\u00edcies e Contato &#8211; LASC 1<\/a>\u00a0<br \/><a href=\"https:\/\/utfpr.curitiba.br\/damec\/?page_id=4851\" target=\"_blank\" rel=\"noopener\">EK 208 &#8211; Laborat\u00f3rio de Microscopia<\/a><br \/><a href=\"https:\/\/utfpr.curitiba.br\/damec\/?page_id=4856\" target=\"_blank\" rel=\"noopener\">EK 209 &#8211; Laborat\u00f3rio de Metalografia<\/a><br \/><a href=\"https:\/\/utfpr.curitiba.br\/damec\/?page_id=4862\" target=\"_blank\" rel=\"noopener\">EK 209 (interno) &#8211; Laborat\u00f3rio de Biomateriais<\/a><br \/><a href=\"https:\/\/utfpr.curitiba.br\/damec\/?page_id=4867\" target=\"_blank\" rel=\"noopener\">EK 210 &#8211; Laborat\u00f3rio de Corros\u00e3o &#8211; LabCorr<\/a><br \/><a href=\"https:\/\/utfpr.curitiba.br\/damec\/?page_id=4872\" target=\"_blank\" rel=\"noopener\">EL 002 &#8211; Laborat\u00f3rio de Metalurgia do P\u00f3 e Conforma\u00e7\u00e3o<\/a><br \/><a href=\"https:\/\/utfpr.curitiba.br\/damec\/?page_id=4877\" target=\"_blank\" rel=\"noopener\">EM 004 &#8211; Laborat\u00f3rio de Plasma\u00a0<\/a><br \/><a href=\"https:\/\/utfpr.curitiba.br\/damec\/?page_id=4882\" target=\"_blank\" rel=\"noopener\">EM 005 &#8211; Laborat\u00f3rio de Ensaios Mec\u00e2nicos<\/a><br \/><a href=\"https:\/\/utfpr.curitiba.br\/damec\/?page_id=4887\" target=\"_blank\" rel=\"noopener\">EM 006 &#8211; Laborat\u00f3rio de Tratamentos t\u00e9rmicos<\/a><br \/><a href=\"https:\/\/utfpr.curitiba.br\/damec\/?page_id=4892\" target=\"_blank\" rel=\"noopener\">CD 003 &#8211; Centro Multiusu\u00e1rio de Caracteriza\u00e7\u00e3o de Materiais<\/a><\/p><\/div>\n\t\t\t\t\t\t\t\t\t<div class=\"elementor-tab-title elementor-tab-mobile-title\" aria-selected=\"false\" data-tab=\"5\" role=\"tab\" tabindex=\"-1\" aria-controls=\"elementor-tab-content-1165\" aria-expanded=\"false\">Metrologia<\/div>\n\t\t\t\t\t<div id=\"elementor-tab-content-1165\" class=\"elementor-tab-content elementor-clearfix\" data-tab=\"5\" role=\"tabpanel\" aria-labelledby=\"elementor-tab-title-1165\" tabindex=\"0\" hidden=\"hidden\"><p><a style=\"font-size: 16px\" href=\"https:\/\/utfpr.curitiba.br\/damec\/?page_id=4900\" target=\"_blank\" rel=\"noopener\">EK 020a &#8211; Laborat\u00f3rio de Medi\u00e7\u00e3o por Coordenadas<\/a>\u00a0<br \/><a href=\"https:\/\/utfpr.curitiba.br\/damec\/?page_id=4905\" target=\"_blank\" rel=\"noopener\">EK 305 &#8211; Laborat\u00f3rio de Metrologia e Qualidade 2<\/a><br \/><a href=\"https:\/\/utfpr.curitiba.br\/damec\/?page_id=4911\" target=\"_blank\" rel=\"noopener\">EK 306 &#8211; Laborat\u00f3rio de Metrologia e Qualidade 1<\/a>\u00a0<br \/><a href=\"https:\/\/utfpr.curitiba.br\/damec\/?page_id=4919\" target=\"_blank\" rel=\"noopener\">EM 306 &#8211; Laborat\u00f3rio Centro de Avalia\u00e7\u00e3o da Sutentabilidade do Ciclo de Vida GYRO<\/a><\/p><\/div>\n\t\t\t\t\t\t\t\t\t<div class=\"elementor-tab-title elementor-tab-mobile-title\" aria-selected=\"false\" data-tab=\"6\" role=\"tab\" tabindex=\"-1\" aria-controls=\"elementor-tab-content-1166\" aria-expanded=\"false\">Produ\u00e7\u00e3o<\/div>\n\t\t\t\t\t<div id=\"elementor-tab-content-1166\" class=\"elementor-tab-content elementor-clearfix\" data-tab=\"6\" role=\"tabpanel\" aria-labelledby=\"elementor-tab-title-1166\" tabindex=\"0\" hidden=\"hidden\"><p><a href=\"https:\/\/utfpr.curitiba.br\/damec\/?page_id=4928\">EK 302 &#8211; Laborat\u00f3rio de Produ\u00e7\u00e3o 01\u00a0<\/a><br \/><a href=\"https:\/\/utfpr.curitiba.br\/damec\/?page_id=4933\">EK 303 &#8211; Laborat\u00f3rio de Produ\u00e7\u00e3o 02<\/a><\/p><\/div>\n\t\t\t\t\t\t\t\t\t<div class=\"elementor-tab-title elementor-tab-mobile-title\" aria-selected=\"false\" data-tab=\"7\" role=\"tab\" tabindex=\"-1\" aria-controls=\"elementor-tab-content-1167\" aria-expanded=\"false\">Projetos<\/div>\n\t\t\t\t\t<div id=\"elementor-tab-content-1167\" class=\"elementor-tab-content elementor-clearfix\" data-tab=\"7\" role=\"tabpanel\" aria-labelledby=\"elementor-tab-title-1167\" tabindex=\"0\" hidden=\"hidden\"><p><a href=\"https:\/\/utfpr.curitiba.br\/damec\/?page_id=4943\">EK 010 &#8211; Laborat\u00f3rio do projeto Minibaja<\/a><br \/><a href=\"https:\/\/utfpr.curitiba.br\/damec\/?page_id=4948\">EM 101 &#8211; Laborat\u00f3rio NUFER &#8211; N\u00facleo de Manufatura<\/a><br \/><a href=\"https:\/\/utfpr.curitiba.br\/damec\/?page_id=4954\">EM 103 &#8211; Laborat\u00f3rio de Desenho<\/a><br \/><a href=\"https:\/\/utfpr.curitiba.br\/damec\/?page_id=4959\">EM 106 &#8211; Laborat\u00f3rio de Projetos &#8211; CAD e Simula\u00e7\u00e3o\/An\u00e1lise Num\u00e9rica<\/a><br \/><a href=\"https:\/\/utfpr.curitiba.br\/damec\/?page_id=4964\">EM 205 &#8211; Laborat\u00f3rio de Prot\u00f3tipos &#8211; PROTO<\/a><br \/><a href=\"https:\/\/utfpr.curitiba.br\/damec\/?page_id=4969\">EM 207 &#8211; Laborat\u00f3rio de Simula\u00e7\u00e3o FSI\u00a0<\/a><br \/><a href=\"https:\/\/utfpr.curitiba.br\/damec\/?page_id=4974\">EM 307 &#8211; Laborat\u00f3rio de Desenvolvimento de Solu\u00e7\u00f5es e Produtos &#8211; LEGIO<\/a><\/p><\/div>\n\t\t\t\t\t\t\t\t\t<div class=\"elementor-tab-title elementor-tab-mobile-title\" aria-selected=\"false\" data-tab=\"8\" role=\"tab\" tabindex=\"-1\" aria-controls=\"elementor-tab-content-1168\" aria-expanded=\"false\">T\u00e9rmica<\/div>\n\t\t\t\t\t<div id=\"elementor-tab-content-1168\" class=\"elementor-tab-content elementor-clearfix\" data-tab=\"8\" role=\"tabpanel\" aria-labelledby=\"elementor-tab-title-1168\" tabindex=\"0\" hidden=\"hidden\"><p><a href=\"https:\/\/utfpr.curitiba.br\/damec\/?page_id=4985\">EK 020b &#8211; Laborat\u00f3rio de Medi\u00e7\u00e3o por Coordenadas<\/a><br \/><a href=\"https:\/\/utfpr.curitiba.br\/damec\/?page_id=4991\">EL 001 &#8211; Laborat\u00f3rio de Combust\u00e3o e Motores T\u00e9rmicos<\/a><br \/><a href=\"https:\/\/utfpr.curitiba.br\/damec\/?page_id=4996\">EL 005 &#8211; Laborat\u00f3rio de Ci\u00eancias T\u00e9rmicas<\/a><br \/><a href=\"https:\/\/utfpr.curitiba.br\/damec\/?page_id=5002\">EN 001 &#8211; Ti &#8211; Tecnologia Da Informa\u00e7\u00e3o<\/a><br \/><a href=\"https:\/\/utfpr.curitiba.br\/damec\/?page_id=5007\">EN 003 &#8211; Multlab &#8211; Laborat\u00f3rio De Escoamento Multif\u00e1sico<\/a><br \/><a href=\"https:\/\/utfpr.curitiba.br\/damec\/?page_id=5012\">EN 004 &#8211; Lafe &#8211; Laborat\u00f3rio De Fluidos Estruturados\u00a0<\/a><br \/><a href=\"https:\/\/utfpr.curitiba.br\/damec\/?page_id=5017\">EN 005 &#8211; Oficina Mec\u00e2nica<\/a><br \/><a href=\"https:\/\/utfpr.curitiba.br\/damec\/?page_id=5022\">EN 104 &#8211; Laborat\u00f3rio de Reometria<\/a><br \/><a href=\"https:\/\/utfpr.curitiba.br\/damec\/?page_id=5027\">EN 105 &#8211; Plataforma De Inspe\u00e7\u00e3o\u00a0<\/a><br \/><a href=\"https:\/\/utfpr.curitiba.br\/damec\/?page_id=5032\">EM 200 &#8211; Lacaf &#8211; Laborat\u00f3rio De Caracteriza\u00e7\u00e3o De Fluidos<\/a><br \/><a href=\"https:\/\/utfpr.curitiba.br\/damec\/?page_id=5037\">EN 202 &#8211; Laborat\u00f3rio de Escoamentos Bif\u00e1sico\u00a0<\/a><br \/><a href=\"https:\/\/utfpr.curitiba.br\/damec\/?page_id=5042\">EN 203 &#8211; Lainst &#8211; Laborat\u00f3rio De Instrumenta\u00e7\u00e3o<\/a><br \/><a href=\"https:\/\/utfpr.curitiba.br\/damec\/?page_id=5197\">EN 204 &#8211; Laborat\u00f3rio de Escoamento de Fluidos N\u00e3o Newtonianos<\/a><br \/><a href=\"https:\/\/utfpr.curitiba.br\/damec\/?page_id=5047\">EN 205 &#8211; Laborat\u00f3rio de Garantia de Escoamento<\/a>\u00a0<br \/><a href=\"https:\/\/utfpr.curitiba.br\/damec\/?page_id=5052\">EN 207 &#8211; Laborat\u00f3rio de Meios Porosos<\/a><br \/><a href=\"https:\/\/utfpr.curitiba.br\/damec\/?page_id=5057\">EN 208 &#8211; Late &#8211; Laborat\u00f3rio Da Torre De Ensaios<\/a><br \/><a href=\"https:\/\/utfpr.curitiba.br\/damec\/?page_id=5062\">EN 209 &#8211; Plataforma De Inspe\u00e7\u00e3o 1<\/a><\/p><\/div>\n\t\t\t\t\t\t\t<\/div>\n\t\t<\/div>\n\t\t\t\t\t\t<\/div>\n\t\t\t\t<\/div>\n\t\t\t\t\t<\/div>\n\t\t<\/div>\n\t\t\t\t\t<\/div>\n\t\t<\/section>\n\t\t\t\t<\/div>\n\t\t","protected":false},"excerpt":{"rendered":"<p>Home Laborat\u00f3rios Automa\u00e7\u00e3o Estrutural Fabrica\u00e7\u00e3o Materiais Metrologia Produ\u00e7\u00e3o Projetos T\u00e9rmica Automa\u00e7\u00e3o EK 001 &#8211; Laborat\u00f3rio Tecnologia AssistivaEK 002 &#8211; Laborat\u00f3rio<\/p>\n","protected":false},"author":384,"featured_media":0,"parent":0,"menu_order":0,"comment_status":"closed","ping_status":"closed","template":"","meta":{"colormag_page_container_layout":"default_layout","colormag_page_sidebar_layout":"default_layout","footnotes":""},"class_list":["post-4014","page","type-page","status-publish","hentry"],"_links":{"self":[{"href":"https:\/\/utfpr.curitiba.br\/damec\/index.php?rest_route=\/wp\/v2\/pages\/4014","targetHints":{"allow":["GET"]}}],"collection":[{"href":"https:\/\/utfpr.curitiba.br\/damec\/index.php?rest_route=\/wp\/v2\/pages"}],"about":[{"href":"https:\/\/utfpr.curitiba.br\/damec\/index.php?rest_route=\/wp\/v2\/types\/page"}],"author":[{"embeddable":true,"href":"https:\/\/utfpr.curitiba.br\/damec\/index.php?rest_route=\/wp\/v2\/users\/384"}],"replies":[{"embeddable":true,"href":"https:\/\/utfpr.curitiba.br\/damec\/index.php?rest_route=%2Fwp%2Fv2%2Fcomments&post=4014"}],"version-history":[{"count":97,"href":"https:\/\/utfpr.curitiba.br\/damec\/index.php?rest_route=\/wp\/v2\/pages\/4014\/revisions"}],"predecessor-version":[{"id":5204,"href":"https:\/\/utfpr.curitiba.br\/damec\/index.php?rest_route=\/wp\/v2\/pages\/4014\/revisions\/5204"}],"wp:attachment":[{"href":"https:\/\/utfpr.curitiba.br\/damec\/index.php?rest_route=%2Fwp%2Fv2%2Fmedia&parent=4014"}],"curies":[{"name":"wp","href":"https:\/\/api.w.org\/{rel}","templated":true}]}}